{"id":9919,"date":"2021-09-25T14:08:49","date_gmt":"2021-09-25T12:08:49","guid":{"rendered":"https:\/\/dentisteshop.lt\/produktas\/nano-b-gold-and-bamboo-charcoal-toothbrush\/"},"modified":"2024-01-02T14:33:15","modified_gmt":"2024-01-02T12:33:15","slug":"nano-b-gold-and-bamboo-charcoal-toothbrush","status":"publish","type":"product","link":"https:\/\/dentisteshop.lt\/en\/produktas\/nano-b-gold-and-bamboo-charcoal-toothbrush\/","title":{"rendered":"NANO-B GOLD AND BAMBOO CHARCOAL TOOTHBRUSH"},"content":{"rendered":"<p>Antibacterial protection \u2013 gold and charcoal impregnated bristles inhibit bacteria growth on the toothbrush and protect your oral health.<\/p>\n<p>The unique shape of the bristles allows for reaching between the teeth and in other hard-to-reach places.<\/p>\n<p>Each toothbrush comes with a handy travel case.<\/p>\n<p><strong>The toothbrush colour is selected randomly.<\/strong><\/p>\n<p>&nbsp;<\/p>\n","protected":false},"excerpt":{"rendered":"<p>Antibacterial protection \u2013 gold and charcoal impregnated bristles inhibit bacteria growth on the toothbrush and protect your oral health. The unique shape of the bristles allows for reaching between the teeth and in other hard-to-reach places. Each toothbrush comes with a handy travel case. The toothbrush colour is selected randomly. &nbsp;<\/p>\n","protected":false},"featured_media":8462,"template":"","meta":{"inline_featured_image":false},"product_brand":[],"product_cat":[175],"product_tag":[],"class_list":{"0":"post-9919","1":"product","2":"type-product","3":"status-publish","4":"has-post-thumbnail","6":"product_cat-toothbrushes","8":"first","9":"outofstock","10":"shipping-taxable","11":"purchasable","12":"product-type-simple"},"yoast_head":"<!-- This site is optimized with the Yoast SEO plugin v27.3 - https:\/\/yoast.com\/product\/yoast-seo-wordpress\/ -->\n<title>NANO-B GOLD AND BAMBOO CHARCOAL TOOTHBRUSH - Dentiste<\/title>\n<meta name=\"robots\" content=\"index, follow, max-snippet:-1, max-image-preview:large, max-video-preview:-1\" \/>\n<link rel=\"canonical\" href=\"https:\/\/dentisteshop.lt\/produktas\/nano-b-gold-and-bamboo-charcoal-toothbrush\/\" \/>\n<meta property=\"og:locale\" content=\"en_US\" \/>\n<meta property=\"og:type\" content=\"article\" \/>\n<meta property=\"og:title\" content=\"NANO-B GOLD AND BAMBOO CHARCOAL TOOTHBRUSH - Dentiste\" \/>\n<meta property=\"og:description\" content=\"Antibacterial protection \u2013 gold and charcoal impregnated bristles inhibit bacteria growth on the toothbrush and protect your oral health. The unique shape of the bristles allows for reaching between the teeth and in other hard-to-reach places. Each toothbrush comes with a handy travel case. The toothbrush colour is selected randomly. &nbsp;\" \/>\n<meta property=\"og:url\" content=\"https:\/\/dentisteshop.lt\/produktas\/nano-b-gold-and-bamboo-charcoal-toothbrush\/\" \/>\n<meta property=\"og:site_name\" content=\"Dentiste\" \/>\n<meta property=\"article:publisher\" content=\"https:\/\/www.facebook.com\/DentisteLituanie\" \/>\n<meta property=\"article:modified_time\" content=\"2024-01-02T12:33:15+00:00\" \/>\n<meta name=\"twitter:card\" content=\"summary_large_image\" \/>\n<script type=\"application\/ld+json\" class=\"yoast-schema-graph\">{\"@context\":\"https:\\\/\\\/schema.org\",\"@graph\":[{\"@type\":\"WebPage\",\"@id\":\"https:\\\/\\\/dentisteshop.lt\\\/produktas\\\/nano-b-gold-and-bamboo-charcoal-toothbrush\\\/\",\"url\":\"https:\\\/\\\/dentisteshop.lt\\\/produktas\\\/nano-b-gold-and-bamboo-charcoal-toothbrush\\\/\",\"name\":\"NANO-B GOLD AND BAMBOO CHARCOAL TOOTHBRUSH - Dentiste\",\"isPartOf\":{\"@id\":\"https:\\\/\\\/dentisteshop.lt\\\/#website\"},\"primaryImageOfPage\":{\"@id\":\"https:\\\/\\\/dentisteshop.lt\\\/produktas\\\/nano-b-gold-and-bamboo-charcoal-toothbrush\\\/#primaryimage\"},\"image\":{\"@id\":\"https:\\\/\\\/dentisteshop.lt\\\/produktas\\\/nano-b-gold-and-bamboo-charcoal-toothbrush\\\/#primaryimage\"},\"thumbnailUrl\":\"\\\/wp-content\\\/uploads\\\/2022\\\/09\\\/8-pack-gold.jpg\",\"datePublished\":\"2021-09-25T12:08:49+00:00\",\"dateModified\":\"2024-01-02T12:33:15+00:00\",\"breadcrumb\":{\"@id\":\"https:\\\/\\\/dentisteshop.lt\\\/produktas\\\/nano-b-gold-and-bamboo-charcoal-toothbrush\\\/#breadcrumb\"},\"inLanguage\":\"en-US\",\"potentialAction\":[{\"@type\":\"ReadAction\",\"target\":[\"https:\\\/\\\/dentisteshop.lt\\\/produktas\\\/nano-b-gold-and-bamboo-charcoal-toothbrush\\\/\"]}]},{\"@type\":\"ImageObject\",\"inLanguage\":\"en-US\",\"@id\":\"https:\\\/\\\/dentisteshop.lt\\\/produktas\\\/nano-b-gold-and-bamboo-charcoal-toothbrush\\\/#primaryimage\",\"url\":\"\\\/wp-content\\\/uploads\\\/2022\\\/09\\\/8-pack-gold.jpg\",\"contentUrl\":\"\\\/wp-content\\\/uploads\\\/2022\\\/09\\\/8-pack-gold.jpg\",\"width\":1500,\"height\":1500},{\"@type\":\"BreadcrumbList\",\"@id\":\"https:\\\/\\\/dentisteshop.lt\\\/produktas\\\/nano-b-gold-and-bamboo-charcoal-toothbrush\\\/#breadcrumb\",\"itemListElement\":[{\"@type\":\"ListItem\",\"position\":1,\"name\":\"Home\",\"item\":\"https:\\\/\\\/dentisteshop.lt\\\/\"},{\"@type\":\"ListItem\",\"position\":2,\"name\":\"Shop\",\"item\":\"https:\\\/\\\/dentisteshop.lt\\\/en\\\/shop\\\/\"},{\"@type\":\"ListItem\",\"position\":3,\"name\":\"NANO-B GOLD AND BAMBOO CHARCOAL TOOTHBRUSH\"}]},{\"@type\":\"WebSite\",\"@id\":\"https:\\\/\\\/dentisteshop.lt\\\/#website\",\"url\":\"https:\\\/\\\/dentisteshop.lt\\\/\",\"name\":\"Dentiste\",\"description\":\"Burnos prie\u017ei\u016bros priemon\u0117s internetu\",\"publisher\":{\"@id\":\"https:\\\/\\\/dentisteshop.lt\\\/#organization\"},\"potentialAction\":[{\"@type\":\"SearchAction\",\"target\":{\"@type\":\"EntryPoint\",\"urlTemplate\":\"https:\\\/\\\/dentisteshop.lt\\\/?s={search_term_string}\"},\"query-input\":{\"@type\":\"PropertyValueSpecification\",\"valueRequired\":true,\"valueName\":\"search_term_string\"}}],\"inLanguage\":\"en-US\"},{\"@type\":\"Organization\",\"@id\":\"https:\\\/\\\/dentisteshop.lt\\\/#organization\",\"name\":\"Dentiste\",\"url\":\"https:\\\/\\\/dentisteshop.lt\\\/\",\"logo\":{\"@type\":\"ImageObject\",\"inLanguage\":\"en-US\",\"@id\":\"https:\\\/\\\/dentisteshop.lt\\\/#\\\/schema\\\/logo\\\/image\\\/\",\"url\":\"https:\\\/\\\/dentisteshop.lt\\\/wp-content\\\/uploads\\\/2022\\\/09\\\/New-Project-2.png\",\"contentUrl\":\"https:\\\/\\\/dentisteshop.lt\\\/wp-content\\\/uploads\\\/2022\\\/09\\\/New-Project-2.png\",\"width\":703,\"height\":134,\"caption\":\"Dentiste\"},\"image\":{\"@id\":\"https:\\\/\\\/dentisteshop.lt\\\/#\\\/schema\\\/logo\\\/image\\\/\"},\"sameAs\":[\"https:\\\/\\\/www.facebook.com\\\/DentisteLituanie\",\"https:\\\/\\\/www.instagram.com\\\/klinika_dentiste\\\/\"]}]}<\/script>\n<!-- \/ Yoast SEO plugin. -->","yoast_head_json":{"title":"NANO-B GOLD AND BAMBOO CHARCOAL TOOTHBRUSH - Dentiste","robots":{"index":"index","follow":"follow","max-snippet":"max-snippet:-1","max-image-preview":"max-image-preview:large","max-video-preview":"max-video-preview:-1"},"canonical":"https:\/\/dentisteshop.lt\/produktas\/nano-b-gold-and-bamboo-charcoal-toothbrush\/","og_locale":"en_US","og_type":"article","og_title":"NANO-B GOLD AND BAMBOO CHARCOAL TOOTHBRUSH - Dentiste","og_description":"Antibacterial protection \u2013 gold and charcoal impregnated bristles inhibit bacteria growth on the toothbrush and protect your oral health. The unique shape of the bristles allows for reaching between the teeth and in other hard-to-reach places. Each toothbrush comes with a handy travel case. The toothbrush colour is selected randomly. &nbsp;","og_url":"https:\/\/dentisteshop.lt\/produktas\/nano-b-gold-and-bamboo-charcoal-toothbrush\/","og_site_name":"Dentiste","article_publisher":"https:\/\/www.facebook.com\/DentisteLituanie","article_modified_time":"2024-01-02T12:33:15+00:00","twitter_card":"summary_large_image","schema":{"@context":"https:\/\/schema.org","@graph":[{"@type":"WebPage","@id":"https:\/\/dentisteshop.lt\/produktas\/nano-b-gold-and-bamboo-charcoal-toothbrush\/","url":"https:\/\/dentisteshop.lt\/produktas\/nano-b-gold-and-bamboo-charcoal-toothbrush\/","name":"NANO-B GOLD AND BAMBOO CHARCOAL TOOTHBRUSH - Dentiste","isPartOf":{"@id":"https:\/\/dentisteshop.lt\/#website"},"primaryImageOfPage":{"@id":"https:\/\/dentisteshop.lt\/produktas\/nano-b-gold-and-bamboo-charcoal-toothbrush\/#primaryimage"},"image":{"@id":"https:\/\/dentisteshop.lt\/produktas\/nano-b-gold-and-bamboo-charcoal-toothbrush\/#primaryimage"},"thumbnailUrl":"\/wp-content\/uploads\/2022\/09\/8-pack-gold.jpg","datePublished":"2021-09-25T12:08:49+00:00","dateModified":"2024-01-02T12:33:15+00:00","breadcrumb":{"@id":"https:\/\/dentisteshop.lt\/produktas\/nano-b-gold-and-bamboo-charcoal-toothbrush\/#breadcrumb"},"inLanguage":"en-US","potentialAction":[{"@type":"ReadAction","target":["https:\/\/dentisteshop.lt\/produktas\/nano-b-gold-and-bamboo-charcoal-toothbrush\/"]}]},{"@type":"ImageObject","inLanguage":"en-US","@id":"https:\/\/dentisteshop.lt\/produktas\/nano-b-gold-and-bamboo-charcoal-toothbrush\/#primaryimage","url":"\/wp-content\/uploads\/2022\/09\/8-pack-gold.jpg","contentUrl":"\/wp-content\/uploads\/2022\/09\/8-pack-gold.jpg","width":1500,"height":1500},{"@type":"BreadcrumbList","@id":"https:\/\/dentisteshop.lt\/produktas\/nano-b-gold-and-bamboo-charcoal-toothbrush\/#breadcrumb","itemListElement":[{"@type":"ListItem","position":1,"name":"Home","item":"https:\/\/dentisteshop.lt\/"},{"@type":"ListItem","position":2,"name":"Shop","item":"https:\/\/dentisteshop.lt\/en\/shop\/"},{"@type":"ListItem","position":3,"name":"NANO-B GOLD AND BAMBOO CHARCOAL TOOTHBRUSH"}]},{"@type":"WebSite","@id":"https:\/\/dentisteshop.lt\/#website","url":"https:\/\/dentisteshop.lt\/","name":"Dentiste","description":"Burnos prie\u017ei\u016bros priemon\u0117s internetu","publisher":{"@id":"https:\/\/dentisteshop.lt\/#organization"},"potentialAction":[{"@type":"SearchAction","target":{"@type":"EntryPoint","urlTemplate":"https:\/\/dentisteshop.lt\/?s={search_term_string}"},"query-input":{"@type":"PropertyValueSpecification","valueRequired":true,"valueName":"search_term_string"}}],"inLanguage":"en-US"},{"@type":"Organization","@id":"https:\/\/dentisteshop.lt\/#organization","name":"Dentiste","url":"https:\/\/dentisteshop.lt\/","logo":{"@type":"ImageObject","inLanguage":"en-US","@id":"https:\/\/dentisteshop.lt\/#\/schema\/logo\/image\/","url":"https:\/\/dentisteshop.lt\/wp-content\/uploads\/2022\/09\/New-Project-2.png","contentUrl":"https:\/\/dentisteshop.lt\/wp-content\/uploads\/2022\/09\/New-Project-2.png","width":703,"height":134,"caption":"Dentiste"},"image":{"@id":"https:\/\/dentisteshop.lt\/#\/schema\/logo\/image\/"},"sameAs":["https:\/\/www.facebook.com\/DentisteLituanie","https:\/\/www.instagram.com\/klinika_dentiste\/"]}]}},"_links":{"self":[{"href":"https:\/\/dentisteshop.lt\/en\/wp-json\/wp\/v2\/product\/9919","targetHints":{"allow":["GET"]}}],"collection":[{"href":"https:\/\/dentisteshop.lt\/en\/wp-json\/wp\/v2\/product"}],"about":[{"href":"https:\/\/dentisteshop.lt\/en\/wp-json\/wp\/v2\/types\/product"}],"wp:featuredmedia":[{"embeddable":true,"href":"https:\/\/dentisteshop.lt\/en\/wp-json\/wp\/v2\/media\/8462"}],"wp:attachment":[{"href":"https:\/\/dentisteshop.lt\/en\/wp-json\/wp\/v2\/media?parent=9919"}],"wp:term":[{"taxonomy":"product_brand","embeddable":true,"href":"https:\/\/dentisteshop.lt\/en\/wp-json\/wp\/v2\/product_brand?post=9919"},{"taxonomy":"product_cat","embeddable":true,"href":"https:\/\/dentisteshop.lt\/en\/wp-json\/wp\/v2\/product_cat?post=9919"},{"taxonomy":"product_tag","embeddable":true,"href":"https:\/\/dentisteshop.lt\/en\/wp-json\/wp\/v2\/product_tag?post=9919"}],"curies":[{"name":"wp","href":"https:\/\/api.w.org\/{rel}","templated":true}]}}