{"id":9914,"date":"2021-08-09T16:09:28","date_gmt":"2021-08-09T16:09:28","guid":{"rendered":"https:\/\/dentisteshop.lt\/produktas\/red-seal-baking-soda-toothpaste\/"},"modified":"2026-01-12T22:11:34","modified_gmt":"2026-01-12T20:11:34","slug":"red-seal-baking-soda-toothpaste","status":"publish","type":"product","link":"https:\/\/dentisteshop.lt\/en\/produktas\/red-seal-baking-soda-toothpaste\/","title":{"rendered":"RED SEAL BAKING SODA TOOTHPASTE"},"content":{"rendered":"<p class=\"p1\"><i>Whitening toothpaste with baking soda for dental plague and pigmentation.<\/i><\/p>\n<p class=\"p1\">Baking soda breaks down into tiny particles that penetrate crevices in the teeth enamel. It removes left over food and old stains and helps to neutralise acids in the mouth.<span class=\"Apple-converted-space\"> <\/span><\/p>\n<p class=\"p2\"><span class=\"s1\">Powerful mint flavour for mouth freshness.<\/span><\/p>\n<p class=\"p1\">Contains calcium carbonate that polishes the teeth and makes them whiter.<\/p>\n<p class=\"p2\"><span class=\"s1\">Fluoride-free.<\/span><\/p>\n","protected":false},"excerpt":{"rendered":"<p>Whitening toothpaste with baking soda for dental plague and pigmentation. Baking soda breaks down into tiny particles that penetrate crevices in the teeth enamel. It removes left over food and old stains and helps to neutralise acids in the mouth. Powerful mint flavour for mouth freshness. Contains calcium carbonate that polishes the teeth and makes [&hellip;]<\/p>\n","protected":false},"featured_media":8357,"template":"","meta":{"inline_featured_image":false},"product_brand":[],"product_cat":[180],"product_tag":[],"class_list":{"0":"post-9914","1":"product","2":"type-product","3":"status-publish","4":"has-post-thumbnail","6":"product_cat-toothpastes","8":"first","9":"outofstock","10":"shipping-taxable","11":"purchasable","12":"product-type-simple"},"yoast_head":"<!-- This site is optimized with the Yoast SEO plugin v27.3 - https:\/\/yoast.com\/product\/yoast-seo-wordpress\/ -->\n<title>RED SEAL BAKING SODA TOOTHPASTE - Dentiste<\/title>\n<meta name=\"robots\" content=\"index, follow, max-snippet:-1, max-image-preview:large, max-video-preview:-1\" \/>\n<link rel=\"canonical\" href=\"https:\/\/dentisteshop.lt\/en\/produktas\/red-seal-baking-soda-toothpaste\/\" \/>\n<meta property=\"og:locale\" content=\"en_US\" \/>\n<meta property=\"og:type\" content=\"article\" \/>\n<meta property=\"og:title\" content=\"RED SEAL BAKING SODA TOOTHPASTE - Dentiste\" \/>\n<meta property=\"og:description\" content=\"Whitening toothpaste with baking soda for dental plague and pigmentation. Baking soda breaks down into tiny particles that penetrate crevices in the teeth enamel. It removes left over food and old stains and helps to neutralise acids in the mouth. Powerful mint flavour for mouth freshness. Contains calcium carbonate that polishes the teeth and makes [&hellip;]\" \/>\n<meta property=\"og:url\" content=\"https:\/\/dentisteshop.lt\/en\/produktas\/red-seal-baking-soda-toothpaste\/\" \/>\n<meta property=\"og:site_name\" content=\"Dentiste\" \/>\n<meta property=\"article:publisher\" content=\"https:\/\/www.facebook.com\/DentisteLituanie\" \/>\n<meta property=\"article:modified_time\" content=\"2026-01-12T20:11:34+00:00\" \/>\n<meta property=\"og:image\" content=\"https:\/\/dentisteshop.lt\/wp-content\/uploads\/2022\/09\/Screenshot-2021-12-27-at-14.29.14.png\" \/>\n\t<meta property=\"og:image:width\" content=\"1272\" \/>\n\t<meta property=\"og:image:height\" content=\"986\" \/>\n\t<meta property=\"og:image:type\" content=\"image\/png\" \/>\n<meta name=\"twitter:card\" content=\"summary_large_image\" \/>\n<script type=\"application\/ld+json\" class=\"yoast-schema-graph\">{\"@context\":\"https:\\\/\\\/schema.org\",\"@graph\":[{\"@type\":\"WebPage\",\"@id\":\"https:\\\/\\\/dentisteshop.lt\\\/en\\\/produktas\\\/red-seal-baking-soda-toothpaste\\\/\",\"url\":\"https:\\\/\\\/dentisteshop.lt\\\/en\\\/produktas\\\/red-seal-baking-soda-toothpaste\\\/\",\"name\":\"RED SEAL BAKING SODA TOOTHPASTE - Dentiste\",\"isPartOf\":{\"@id\":\"https:\\\/\\\/dentisteshop.lt\\\/#website\"},\"primaryImageOfPage\":{\"@id\":\"https:\\\/\\\/dentisteshop.lt\\\/en\\\/produktas\\\/red-seal-baking-soda-toothpaste\\\/#primaryimage\"},\"image\":{\"@id\":\"https:\\\/\\\/dentisteshop.lt\\\/en\\\/produktas\\\/red-seal-baking-soda-toothpaste\\\/#primaryimage\"},\"thumbnailUrl\":\"\\\/wp-content\\\/uploads\\\/2022\\\/09\\\/Screenshot-2021-12-27-at-14.29.14.png\",\"datePublished\":\"2021-08-09T16:09:28+00:00\",\"dateModified\":\"2026-01-12T20:11:34+00:00\",\"breadcrumb\":{\"@id\":\"https:\\\/\\\/dentisteshop.lt\\\/en\\\/produktas\\\/red-seal-baking-soda-toothpaste\\\/#breadcrumb\"},\"inLanguage\":\"en-US\",\"potentialAction\":[{\"@type\":\"ReadAction\",\"target\":[\"https:\\\/\\\/dentisteshop.lt\\\/en\\\/produktas\\\/red-seal-baking-soda-toothpaste\\\/\"]}]},{\"@type\":\"ImageObject\",\"inLanguage\":\"en-US\",\"@id\":\"https:\\\/\\\/dentisteshop.lt\\\/en\\\/produktas\\\/red-seal-baking-soda-toothpaste\\\/#primaryimage\",\"url\":\"\\\/wp-content\\\/uploads\\\/2022\\\/09\\\/Screenshot-2021-12-27-at-14.29.14.png\",\"contentUrl\":\"\\\/wp-content\\\/uploads\\\/2022\\\/09\\\/Screenshot-2021-12-27-at-14.29.14.png\",\"width\":1272,\"height\":986},{\"@type\":\"BreadcrumbList\",\"@id\":\"https:\\\/\\\/dentisteshop.lt\\\/en\\\/produktas\\\/red-seal-baking-soda-toothpaste\\\/#breadcrumb\",\"itemListElement\":[{\"@type\":\"ListItem\",\"position\":1,\"name\":\"Home\",\"item\":\"https:\\\/\\\/dentisteshop.lt\\\/\"},{\"@type\":\"ListItem\",\"position\":2,\"name\":\"Shop\",\"item\":\"https:\\\/\\\/dentisteshop.lt\\\/en\\\/shop\\\/\"},{\"@type\":\"ListItem\",\"position\":3,\"name\":\"RED SEAL BAKING SODA TOOTHPASTE\"}]},{\"@type\":\"WebSite\",\"@id\":\"https:\\\/\\\/dentisteshop.lt\\\/#website\",\"url\":\"https:\\\/\\\/dentisteshop.lt\\\/\",\"name\":\"Dentiste\",\"description\":\"Burnos prie\u017ei\u016bros priemon\u0117s internetu\",\"publisher\":{\"@id\":\"https:\\\/\\\/dentisteshop.lt\\\/#organization\"},\"potentialAction\":[{\"@type\":\"SearchAction\",\"target\":{\"@type\":\"EntryPoint\",\"urlTemplate\":\"https:\\\/\\\/dentisteshop.lt\\\/?s={search_term_string}\"},\"query-input\":{\"@type\":\"PropertyValueSpecification\",\"valueRequired\":true,\"valueName\":\"search_term_string\"}}],\"inLanguage\":\"en-US\"},{\"@type\":\"Organization\",\"@id\":\"https:\\\/\\\/dentisteshop.lt\\\/#organization\",\"name\":\"Dentiste\",\"url\":\"https:\\\/\\\/dentisteshop.lt\\\/\",\"logo\":{\"@type\":\"ImageObject\",\"inLanguage\":\"en-US\",\"@id\":\"https:\\\/\\\/dentisteshop.lt\\\/#\\\/schema\\\/logo\\\/image\\\/\",\"url\":\"https:\\\/\\\/dentisteshop.lt\\\/wp-content\\\/uploads\\\/2022\\\/09\\\/New-Project-2.png\",\"contentUrl\":\"https:\\\/\\\/dentisteshop.lt\\\/wp-content\\\/uploads\\\/2022\\\/09\\\/New-Project-2.png\",\"width\":703,\"height\":134,\"caption\":\"Dentiste\"},\"image\":{\"@id\":\"https:\\\/\\\/dentisteshop.lt\\\/#\\\/schema\\\/logo\\\/image\\\/\"},\"sameAs\":[\"https:\\\/\\\/www.facebook.com\\\/DentisteLituanie\",\"https:\\\/\\\/www.instagram.com\\\/klinika_dentiste\\\/\"]}]}<\/script>\n<!-- \/ Yoast SEO plugin. -->","yoast_head_json":{"title":"RED SEAL BAKING SODA TOOTHPASTE - Dentiste","robots":{"index":"index","follow":"follow","max-snippet":"max-snippet:-1","max-image-preview":"max-image-preview:large","max-video-preview":"max-video-preview:-1"},"canonical":"https:\/\/dentisteshop.lt\/en\/produktas\/red-seal-baking-soda-toothpaste\/","og_locale":"en_US","og_type":"article","og_title":"RED SEAL BAKING SODA TOOTHPASTE - Dentiste","og_description":"Whitening toothpaste with baking soda for dental plague and pigmentation. Baking soda breaks down into tiny particles that penetrate crevices in the teeth enamel. It removes left over food and old stains and helps to neutralise acids in the mouth. Powerful mint flavour for mouth freshness. Contains calcium carbonate that polishes the teeth and makes [&hellip;]","og_url":"https:\/\/dentisteshop.lt\/en\/produktas\/red-seal-baking-soda-toothpaste\/","og_site_name":"Dentiste","article_publisher":"https:\/\/www.facebook.com\/DentisteLituanie","article_modified_time":"2026-01-12T20:11:34+00:00","og_image":[{"width":1272,"height":986,"url":"https:\/\/dentisteshop.lt\/wp-content\/uploads\/2022\/09\/Screenshot-2021-12-27-at-14.29.14.png","type":"image\/png"}],"twitter_card":"summary_large_image","schema":{"@context":"https:\/\/schema.org","@graph":[{"@type":"WebPage","@id":"https:\/\/dentisteshop.lt\/en\/produktas\/red-seal-baking-soda-toothpaste\/","url":"https:\/\/dentisteshop.lt\/en\/produktas\/red-seal-baking-soda-toothpaste\/","name":"RED SEAL BAKING SODA TOOTHPASTE - Dentiste","isPartOf":{"@id":"https:\/\/dentisteshop.lt\/#website"},"primaryImageOfPage":{"@id":"https:\/\/dentisteshop.lt\/en\/produktas\/red-seal-baking-soda-toothpaste\/#primaryimage"},"image":{"@id":"https:\/\/dentisteshop.lt\/en\/produktas\/red-seal-baking-soda-toothpaste\/#primaryimage"},"thumbnailUrl":"\/wp-content\/uploads\/2022\/09\/Screenshot-2021-12-27-at-14.29.14.png","datePublished":"2021-08-09T16:09:28+00:00","dateModified":"2026-01-12T20:11:34+00:00","breadcrumb":{"@id":"https:\/\/dentisteshop.lt\/en\/produktas\/red-seal-baking-soda-toothpaste\/#breadcrumb"},"inLanguage":"en-US","potentialAction":[{"@type":"ReadAction","target":["https:\/\/dentisteshop.lt\/en\/produktas\/red-seal-baking-soda-toothpaste\/"]}]},{"@type":"ImageObject","inLanguage":"en-US","@id":"https:\/\/dentisteshop.lt\/en\/produktas\/red-seal-baking-soda-toothpaste\/#primaryimage","url":"\/wp-content\/uploads\/2022\/09\/Screenshot-2021-12-27-at-14.29.14.png","contentUrl":"\/wp-content\/uploads\/2022\/09\/Screenshot-2021-12-27-at-14.29.14.png","width":1272,"height":986},{"@type":"BreadcrumbList","@id":"https:\/\/dentisteshop.lt\/en\/produktas\/red-seal-baking-soda-toothpaste\/#breadcrumb","itemListElement":[{"@type":"ListItem","position":1,"name":"Home","item":"https:\/\/dentisteshop.lt\/"},{"@type":"ListItem","position":2,"name":"Shop","item":"https:\/\/dentisteshop.lt\/en\/shop\/"},{"@type":"ListItem","position":3,"name":"RED SEAL BAKING SODA TOOTHPASTE"}]},{"@type":"WebSite","@id":"https:\/\/dentisteshop.lt\/#website","url":"https:\/\/dentisteshop.lt\/","name":"Dentiste","description":"Burnos prie\u017ei\u016bros priemon\u0117s internetu","publisher":{"@id":"https:\/\/dentisteshop.lt\/#organization"},"potentialAction":[{"@type":"SearchAction","target":{"@type":"EntryPoint","urlTemplate":"https:\/\/dentisteshop.lt\/?s={search_term_string}"},"query-input":{"@type":"PropertyValueSpecification","valueRequired":true,"valueName":"search_term_string"}}],"inLanguage":"en-US"},{"@type":"Organization","@id":"https:\/\/dentisteshop.lt\/#organization","name":"Dentiste","url":"https:\/\/dentisteshop.lt\/","logo":{"@type":"ImageObject","inLanguage":"en-US","@id":"https:\/\/dentisteshop.lt\/#\/schema\/logo\/image\/","url":"https:\/\/dentisteshop.lt\/wp-content\/uploads\/2022\/09\/New-Project-2.png","contentUrl":"https:\/\/dentisteshop.lt\/wp-content\/uploads\/2022\/09\/New-Project-2.png","width":703,"height":134,"caption":"Dentiste"},"image":{"@id":"https:\/\/dentisteshop.lt\/#\/schema\/logo\/image\/"},"sameAs":["https:\/\/www.facebook.com\/DentisteLituanie","https:\/\/www.instagram.com\/klinika_dentiste\/"]}]}},"_links":{"self":[{"href":"https:\/\/dentisteshop.lt\/en\/wp-json\/wp\/v2\/product\/9914","targetHints":{"allow":["GET"]}}],"collection":[{"href":"https:\/\/dentisteshop.lt\/en\/wp-json\/wp\/v2\/product"}],"about":[{"href":"https:\/\/dentisteshop.lt\/en\/wp-json\/wp\/v2\/types\/product"}],"wp:featuredmedia":[{"embeddable":true,"href":"https:\/\/dentisteshop.lt\/en\/wp-json\/wp\/v2\/media\/8357"}],"wp:attachment":[{"href":"https:\/\/dentisteshop.lt\/en\/wp-json\/wp\/v2\/media?parent=9914"}],"wp:term":[{"taxonomy":"product_brand","embeddable":true,"href":"https:\/\/dentisteshop.lt\/en\/wp-json\/wp\/v2\/product_brand?post=9914"},{"taxonomy":"product_cat","embeddable":true,"href":"https:\/\/dentisteshop.lt\/en\/wp-json\/wp\/v2\/product_cat?post=9914"},{"taxonomy":"product_tag","embeddable":true,"href":"https:\/\/dentisteshop.lt\/en\/wp-json\/wp\/v2\/product_tag?post=9914"}],"curies":[{"name":"wp","href":"https:\/\/api.w.org\/{rel}","templated":true}]}}