{"id":9913,"date":"2021-08-09T16:10:17","date_gmt":"2021-08-09T14:10:17","guid":{"rendered":"https:\/\/dentisteshop.lt\/produktas\/dr-lhotka-dental-oil-oil-for-the-gums\/"},"modified":"2021-08-09T16:10:17","modified_gmt":"2021-08-09T14:10:17","slug":"dr-lhotka-dental-oil-oil-for-the-gums","status":"publish","type":"product","link":"https:\/\/dentisteshop.lt\/en\/produktas\/dr-lhotka-dental-oil-oil-for-the-gums\/","title":{"rendered":"DR. LHOTKA DENTAL OIL \u2013 OIL FOR THE GUMS"},"content":{"rendered":"<p class=\"p1\"><span class=\"s1\">High quality oil for the gums is made from organic<\/span> lemon<span class=\"s1\"><b>,<\/b><\/span>lemongrass<span class=\"s1\"><b>,<\/b><\/span><b> <\/b>thyme<span class=\"s1\"><b>,<\/b><\/span><b> <\/b>clove<span class=\"s1\"><b>,<\/b><\/span><b> <\/b><span class=\"s1\">rose<b>,<\/b><\/span><b> <\/b>coriander <span class=\"s1\"><b>,<\/b><\/span><b> <\/b>thyme and cinnamon<span class=\"s1\"><b> <\/b><\/span>essential oils<span class=\"s1\"><b>.<\/b> This highly concentrated mixture has been developed to fight the problems of the gums, such as inflamed gums, bleeding gums, periodontitis and bad breath. The natural oil has disinfectant properties and stops the development of harmful bacteria.<\/span><\/p>\n","protected":false},"excerpt":{"rendered":"<p>High quality oil for the gums is made from organic lemon,lemongrass, thyme, clove, rose, coriander , thyme and cinnamon essential oils. This highly concentrated mixture has been developed to fight the problems of the gums, such as inflamed gums, bleeding gums, periodontitis and bad breath. The natural oil has disinfectant properties and stops the development [&hellip;]<\/p>\n","protected":false},"featured_media":8376,"template":"","meta":{"inline_featured_image":false},"product_brand":[],"product_cat":[178],"product_tag":[],"class_list":{"0":"post-9913","1":"product","2":"type-product","3":"status-publish","4":"has-post-thumbnail","6":"product_cat-mouthwashes","8":"first","9":"outofstock","10":"shipping-taxable","11":"purchasable","12":"product-type-simple"},"yoast_head":"<!-- This site is optimized with the Yoast SEO plugin v27.3 - https:\/\/yoast.com\/product\/yoast-seo-wordpress\/ -->\n<title>DR. LHOTKA DENTAL OIL \u2013 OIL FOR THE GUMS - Dentiste<\/title>\n<meta name=\"robots\" content=\"index, follow, max-snippet:-1, max-image-preview:large, max-video-preview:-1\" \/>\n<link rel=\"canonical\" href=\"https:\/\/dentisteshop.lt\/produktas\/dr-lhotka-dental-oil-oil-for-the-gums\/\" \/>\n<meta property=\"og:locale\" content=\"en_US\" \/>\n<meta property=\"og:type\" content=\"article\" \/>\n<meta property=\"og:title\" content=\"DR. LHOTKA DENTAL OIL \u2013 OIL FOR THE GUMS - Dentiste\" \/>\n<meta property=\"og:description\" content=\"High quality oil for the gums is made from organic lemon,lemongrass, thyme, clove, rose, coriander , thyme and cinnamon essential oils. This highly concentrated mixture has been developed to fight the problems of the gums, such as inflamed gums, bleeding gums, periodontitis and bad breath. The natural oil has disinfectant properties and stops the development [&hellip;]\" \/>\n<meta property=\"og:url\" content=\"https:\/\/dentisteshop.lt\/produktas\/dr-lhotka-dental-oil-oil-for-the-gums\/\" \/>\n<meta property=\"og:site_name\" content=\"Dentiste\" \/>\n<meta property=\"article:publisher\" content=\"https:\/\/www.facebook.com\/DentisteLituanie\" \/>\n<meta name=\"twitter:card\" content=\"summary_large_image\" \/>\n<script type=\"application\/ld+json\" class=\"yoast-schema-graph\">{\"@context\":\"https:\\\/\\\/schema.org\",\"@graph\":[{\"@type\":\"WebPage\",\"@id\":\"https:\\\/\\\/dentisteshop.lt\\\/produktas\\\/dr-lhotka-dental-oil-oil-for-the-gums\\\/\",\"url\":\"https:\\\/\\\/dentisteshop.lt\\\/produktas\\\/dr-lhotka-dental-oil-oil-for-the-gums\\\/\",\"name\":\"DR. LHOTKA DENTAL OIL \u2013 OIL FOR THE GUMS - Dentiste\",\"isPartOf\":{\"@id\":\"https:\\\/\\\/dentisteshop.lt\\\/#website\"},\"primaryImageOfPage\":{\"@id\":\"https:\\\/\\\/dentisteshop.lt\\\/produktas\\\/dr-lhotka-dental-oil-oil-for-the-gums\\\/#primaryimage\"},\"image\":{\"@id\":\"https:\\\/\\\/dentisteshop.lt\\\/produktas\\\/dr-lhotka-dental-oil-oil-for-the-gums\\\/#primaryimage\"},\"thumbnailUrl\":\"\\\/wp-content\\\/uploads\\\/2022\\\/09\\\/L7_3325_1200x.jpg\",\"datePublished\":\"2021-08-09T14:10:17+00:00\",\"breadcrumb\":{\"@id\":\"https:\\\/\\\/dentisteshop.lt\\\/produktas\\\/dr-lhotka-dental-oil-oil-for-the-gums\\\/#breadcrumb\"},\"inLanguage\":\"en-US\",\"potentialAction\":[{\"@type\":\"ReadAction\",\"target\":[\"https:\\\/\\\/dentisteshop.lt\\\/produktas\\\/dr-lhotka-dental-oil-oil-for-the-gums\\\/\"]}]},{\"@type\":\"ImageObject\",\"inLanguage\":\"en-US\",\"@id\":\"https:\\\/\\\/dentisteshop.lt\\\/produktas\\\/dr-lhotka-dental-oil-oil-for-the-gums\\\/#primaryimage\",\"url\":\"\\\/wp-content\\\/uploads\\\/2022\\\/09\\\/L7_3325_1200x.jpg\",\"contentUrl\":\"\\\/wp-content\\\/uploads\\\/2022\\\/09\\\/L7_3325_1200x.jpg\",\"width\":1200,\"height\":1799},{\"@type\":\"BreadcrumbList\",\"@id\":\"https:\\\/\\\/dentisteshop.lt\\\/produktas\\\/dr-lhotka-dental-oil-oil-for-the-gums\\\/#breadcrumb\",\"itemListElement\":[{\"@type\":\"ListItem\",\"position\":1,\"name\":\"Home\",\"item\":\"https:\\\/\\\/dentisteshop.lt\\\/\"},{\"@type\":\"ListItem\",\"position\":2,\"name\":\"Shop\",\"item\":\"https:\\\/\\\/dentisteshop.lt\\\/en\\\/shop\\\/\"},{\"@type\":\"ListItem\",\"position\":3,\"name\":\"DR. LHOTKA DENTAL OIL \u2013 OIL FOR THE GUMS\"}]},{\"@type\":\"WebSite\",\"@id\":\"https:\\\/\\\/dentisteshop.lt\\\/#website\",\"url\":\"https:\\\/\\\/dentisteshop.lt\\\/\",\"name\":\"Dentiste\",\"description\":\"Burnos prie\u017ei\u016bros priemon\u0117s internetu\",\"publisher\":{\"@id\":\"https:\\\/\\\/dentisteshop.lt\\\/#organization\"},\"potentialAction\":[{\"@type\":\"SearchAction\",\"target\":{\"@type\":\"EntryPoint\",\"urlTemplate\":\"https:\\\/\\\/dentisteshop.lt\\\/?s={search_term_string}\"},\"query-input\":{\"@type\":\"PropertyValueSpecification\",\"valueRequired\":true,\"valueName\":\"search_term_string\"}}],\"inLanguage\":\"en-US\"},{\"@type\":\"Organization\",\"@id\":\"https:\\\/\\\/dentisteshop.lt\\\/#organization\",\"name\":\"Dentiste\",\"url\":\"https:\\\/\\\/dentisteshop.lt\\\/\",\"logo\":{\"@type\":\"ImageObject\",\"inLanguage\":\"en-US\",\"@id\":\"https:\\\/\\\/dentisteshop.lt\\\/#\\\/schema\\\/logo\\\/image\\\/\",\"url\":\"https:\\\/\\\/dentisteshop.lt\\\/wp-content\\\/uploads\\\/2022\\\/09\\\/New-Project-2.png\",\"contentUrl\":\"https:\\\/\\\/dentisteshop.lt\\\/wp-content\\\/uploads\\\/2022\\\/09\\\/New-Project-2.png\",\"width\":703,\"height\":134,\"caption\":\"Dentiste\"},\"image\":{\"@id\":\"https:\\\/\\\/dentisteshop.lt\\\/#\\\/schema\\\/logo\\\/image\\\/\"},\"sameAs\":[\"https:\\\/\\\/www.facebook.com\\\/DentisteLituanie\",\"https:\\\/\\\/www.instagram.com\\\/klinika_dentiste\\\/\"]}]}<\/script>\n<!-- \/ Yoast SEO plugin. -->","yoast_head_json":{"title":"DR. LHOTKA DENTAL OIL \u2013 OIL FOR THE GUMS - Dentiste","robots":{"index":"index","follow":"follow","max-snippet":"max-snippet:-1","max-image-preview":"max-image-preview:large","max-video-preview":"max-video-preview:-1"},"canonical":"https:\/\/dentisteshop.lt\/produktas\/dr-lhotka-dental-oil-oil-for-the-gums\/","og_locale":"en_US","og_type":"article","og_title":"DR. LHOTKA DENTAL OIL \u2013 OIL FOR THE GUMS - Dentiste","og_description":"High quality oil for the gums is made from organic lemon,lemongrass, thyme, clove, rose, coriander , thyme and cinnamon essential oils. This highly concentrated mixture has been developed to fight the problems of the gums, such as inflamed gums, bleeding gums, periodontitis and bad breath. The natural oil has disinfectant properties and stops the development [&hellip;]","og_url":"https:\/\/dentisteshop.lt\/produktas\/dr-lhotka-dental-oil-oil-for-the-gums\/","og_site_name":"Dentiste","article_publisher":"https:\/\/www.facebook.com\/DentisteLituanie","twitter_card":"summary_large_image","schema":{"@context":"https:\/\/schema.org","@graph":[{"@type":"WebPage","@id":"https:\/\/dentisteshop.lt\/produktas\/dr-lhotka-dental-oil-oil-for-the-gums\/","url":"https:\/\/dentisteshop.lt\/produktas\/dr-lhotka-dental-oil-oil-for-the-gums\/","name":"DR. LHOTKA DENTAL OIL \u2013 OIL FOR THE GUMS - Dentiste","isPartOf":{"@id":"https:\/\/dentisteshop.lt\/#website"},"primaryImageOfPage":{"@id":"https:\/\/dentisteshop.lt\/produktas\/dr-lhotka-dental-oil-oil-for-the-gums\/#primaryimage"},"image":{"@id":"https:\/\/dentisteshop.lt\/produktas\/dr-lhotka-dental-oil-oil-for-the-gums\/#primaryimage"},"thumbnailUrl":"\/wp-content\/uploads\/2022\/09\/L7_3325_1200x.jpg","datePublished":"2021-08-09T14:10:17+00:00","breadcrumb":{"@id":"https:\/\/dentisteshop.lt\/produktas\/dr-lhotka-dental-oil-oil-for-the-gums\/#breadcrumb"},"inLanguage":"en-US","potentialAction":[{"@type":"ReadAction","target":["https:\/\/dentisteshop.lt\/produktas\/dr-lhotka-dental-oil-oil-for-the-gums\/"]}]},{"@type":"ImageObject","inLanguage":"en-US","@id":"https:\/\/dentisteshop.lt\/produktas\/dr-lhotka-dental-oil-oil-for-the-gums\/#primaryimage","url":"\/wp-content\/uploads\/2022\/09\/L7_3325_1200x.jpg","contentUrl":"\/wp-content\/uploads\/2022\/09\/L7_3325_1200x.jpg","width":1200,"height":1799},{"@type":"BreadcrumbList","@id":"https:\/\/dentisteshop.lt\/produktas\/dr-lhotka-dental-oil-oil-for-the-gums\/#breadcrumb","itemListElement":[{"@type":"ListItem","position":1,"name":"Home","item":"https:\/\/dentisteshop.lt\/"},{"@type":"ListItem","position":2,"name":"Shop","item":"https:\/\/dentisteshop.lt\/en\/shop\/"},{"@type":"ListItem","position":3,"name":"DR. LHOTKA DENTAL OIL \u2013 OIL FOR THE GUMS"}]},{"@type":"WebSite","@id":"https:\/\/dentisteshop.lt\/#website","url":"https:\/\/dentisteshop.lt\/","name":"Dentiste","description":"Burnos prie\u017ei\u016bros priemon\u0117s internetu","publisher":{"@id":"https:\/\/dentisteshop.lt\/#organization"},"potentialAction":[{"@type":"SearchAction","target":{"@type":"EntryPoint","urlTemplate":"https:\/\/dentisteshop.lt\/?s={search_term_string}"},"query-input":{"@type":"PropertyValueSpecification","valueRequired":true,"valueName":"search_term_string"}}],"inLanguage":"en-US"},{"@type":"Organization","@id":"https:\/\/dentisteshop.lt\/#organization","name":"Dentiste","url":"https:\/\/dentisteshop.lt\/","logo":{"@type":"ImageObject","inLanguage":"en-US","@id":"https:\/\/dentisteshop.lt\/#\/schema\/logo\/image\/","url":"https:\/\/dentisteshop.lt\/wp-content\/uploads\/2022\/09\/New-Project-2.png","contentUrl":"https:\/\/dentisteshop.lt\/wp-content\/uploads\/2022\/09\/New-Project-2.png","width":703,"height":134,"caption":"Dentiste"},"image":{"@id":"https:\/\/dentisteshop.lt\/#\/schema\/logo\/image\/"},"sameAs":["https:\/\/www.facebook.com\/DentisteLituanie","https:\/\/www.instagram.com\/klinika_dentiste\/"]}]}},"_links":{"self":[{"href":"https:\/\/dentisteshop.lt\/en\/wp-json\/wp\/v2\/product\/9913","targetHints":{"allow":["GET"]}}],"collection":[{"href":"https:\/\/dentisteshop.lt\/en\/wp-json\/wp\/v2\/product"}],"about":[{"href":"https:\/\/dentisteshop.lt\/en\/wp-json\/wp\/v2\/types\/product"}],"wp:featuredmedia":[{"embeddable":true,"href":"https:\/\/dentisteshop.lt\/en\/wp-json\/wp\/v2\/media\/8376"}],"wp:attachment":[{"href":"https:\/\/dentisteshop.lt\/en\/wp-json\/wp\/v2\/media?parent=9913"}],"wp:term":[{"taxonomy":"product_brand","embeddable":true,"href":"https:\/\/dentisteshop.lt\/en\/wp-json\/wp\/v2\/product_brand?post=9913"},{"taxonomy":"product_cat","embeddable":true,"href":"https:\/\/dentisteshop.lt\/en\/wp-json\/wp\/v2\/product_cat?post=9913"},{"taxonomy":"product_tag","embeddable":true,"href":"https:\/\/dentisteshop.lt\/en\/wp-json\/wp\/v2\/product_tag?post=9913"}],"curies":[{"name":"wp","href":"https:\/\/api.w.org\/{rel}","templated":true}]}}