{"id":9906,"date":"2021-08-09T16:04:47","date_gmt":"2021-08-09T14:04:47","guid":{"rendered":"https:\/\/dentisteshop.lt\/produktas\/curasept-perio-mouthwash\/"},"modified":"2026-01-12T22:11:30","modified_gmt":"2026-01-12T20:11:30","slug":"curasept-perio-mouthwash","status":"publish","type":"product","link":"https:\/\/dentisteshop.lt\/en\/produktas\/curasept-perio-mouthwash\/","title":{"rendered":"CURASEPT PERIO MOUTHWASH"},"content":{"rendered":"<p class=\"p1\">Curaspet Perio mouthwash with 0.12% chlorhexidine, PVP \/ VA polymer and hyaluronic acid. Ideal for use after perio-plastic, regenerative and other periodontal surgeries. Also after professional oral hygiene procedures, for gingivitis and periodontitis. It is balanced to support wound healing processes as it helps them heal quicker and protects from bacteria. The mouthwash is alcohol-free and causes no irritation to the oral mucosa. To take 10ml undiluted product twice a day every day, or as instructed by your dentist.<\/p>\n","protected":false},"excerpt":{"rendered":"<p>Curaspet Perio mouthwash with 0.12% chlorhexidine, PVP \/ VA polymer and hyaluronic acid. Ideal for use after perio-plastic, regenerative and other periodontal surgeries. Also after professional oral hygiene procedures, for gingivitis and periodontitis. It is balanced to support wound healing processes as it helps them heal quicker and protects from bacteria. The mouthwash is alcohol-free [&hellip;]<\/p>\n","protected":false},"featured_media":8308,"template":"","meta":{"inline_featured_image":false},"product_brand":[],"product_cat":[178],"product_tag":[],"class_list":{"0":"post-9906","1":"product","2":"type-product","3":"status-publish","4":"has-post-thumbnail","6":"product_cat-mouthwashes","8":"first","9":"instock","10":"shipping-taxable","11":"purchasable","12":"product-type-simple"},"yoast_head":"<!-- This site is optimized with the Yoast SEO plugin v27.4 - https:\/\/yoast.com\/product\/yoast-seo-wordpress\/ -->\n<title>CURASEPT PERIO MOUTHWASH - Dentiste<\/title>\n<meta name=\"robots\" content=\"index, follow, max-snippet:-1, max-image-preview:large, max-video-preview:-1\" \/>\n<link rel=\"canonical\" href=\"https:\/\/dentisteshop.lt\/en\/produktas\/curasept-perio-mouthwash\/\" \/>\n<meta property=\"og:locale\" content=\"en_US\" \/>\n<meta property=\"og:type\" content=\"article\" \/>\n<meta property=\"og:title\" content=\"CURASEPT PERIO MOUTHWASH - Dentiste\" \/>\n<meta property=\"og:description\" content=\"Curaspet Perio mouthwash with 0.12% chlorhexidine, PVP \/ VA polymer and hyaluronic acid. Ideal for use after perio-plastic, regenerative and other periodontal surgeries. Also after professional oral hygiene procedures, for gingivitis and periodontitis. It is balanced to support wound healing processes as it helps them heal quicker and protects from bacteria. The mouthwash is alcohol-free [&hellip;]\" \/>\n<meta property=\"og:url\" content=\"https:\/\/dentisteshop.lt\/en\/produktas\/curasept-perio-mouthwash\/\" \/>\n<meta property=\"og:site_name\" content=\"Dentiste\" \/>\n<meta property=\"article:publisher\" content=\"https:\/\/www.facebook.com\/DentisteLituanie\" \/>\n<meta property=\"article:modified_time\" content=\"2026-01-12T20:11:30+00:00\" \/>\n<meta property=\"og:image\" content=\"https:\/\/dentisteshop.lt\/wp-content\/uploads\/2022\/09\/Curasept-Perio-burnos-skalavimo-skystis.jpg\" \/>\n\t<meta property=\"og:image:width\" content=\"1000\" \/>\n\t<meta property=\"og:image:height\" content=\"1000\" \/>\n\t<meta property=\"og:image:type\" content=\"image\/jpeg\" \/>\n<meta name=\"twitter:card\" content=\"summary_large_image\" \/>\n<script type=\"application\/ld+json\" class=\"yoast-schema-graph\">{\"@context\":\"https:\\\/\\\/schema.org\",\"@graph\":[{\"@type\":\"WebPage\",\"@id\":\"https:\\\/\\\/dentisteshop.lt\\\/en\\\/produktas\\\/curasept-perio-mouthwash\\\/\",\"url\":\"https:\\\/\\\/dentisteshop.lt\\\/en\\\/produktas\\\/curasept-perio-mouthwash\\\/\",\"name\":\"CURASEPT PERIO MOUTHWASH - Dentiste\",\"isPartOf\":{\"@id\":\"https:\\\/\\\/dentisteshop.lt\\\/#website\"},\"primaryImageOfPage\":{\"@id\":\"https:\\\/\\\/dentisteshop.lt\\\/en\\\/produktas\\\/curasept-perio-mouthwash\\\/#primaryimage\"},\"image\":{\"@id\":\"https:\\\/\\\/dentisteshop.lt\\\/en\\\/produktas\\\/curasept-perio-mouthwash\\\/#primaryimage\"},\"thumbnailUrl\":\"\\\/wp-content\\\/uploads\\\/2022\\\/09\\\/Curasept-Perio-burnos-skalavimo-skystis.jpg\",\"datePublished\":\"2021-08-09T14:04:47+00:00\",\"dateModified\":\"2026-01-12T20:11:30+00:00\",\"breadcrumb\":{\"@id\":\"https:\\\/\\\/dentisteshop.lt\\\/en\\\/produktas\\\/curasept-perio-mouthwash\\\/#breadcrumb\"},\"inLanguage\":\"en-US\",\"potentialAction\":[{\"@type\":\"ReadAction\",\"target\":[\"https:\\\/\\\/dentisteshop.lt\\\/en\\\/produktas\\\/curasept-perio-mouthwash\\\/\"]}]},{\"@type\":\"ImageObject\",\"inLanguage\":\"en-US\",\"@id\":\"https:\\\/\\\/dentisteshop.lt\\\/en\\\/produktas\\\/curasept-perio-mouthwash\\\/#primaryimage\",\"url\":\"\\\/wp-content\\\/uploads\\\/2022\\\/09\\\/Curasept-Perio-burnos-skalavimo-skystis.jpg\",\"contentUrl\":\"\\\/wp-content\\\/uploads\\\/2022\\\/09\\\/Curasept-Perio-burnos-skalavimo-skystis.jpg\",\"width\":1000,\"height\":1000},{\"@type\":\"BreadcrumbList\",\"@id\":\"https:\\\/\\\/dentisteshop.lt\\\/en\\\/produktas\\\/curasept-perio-mouthwash\\\/#breadcrumb\",\"itemListElement\":[{\"@type\":\"ListItem\",\"position\":1,\"name\":\"Home\",\"item\":\"https:\\\/\\\/dentisteshop.lt\\\/\"},{\"@type\":\"ListItem\",\"position\":2,\"name\":\"Shop\",\"item\":\"https:\\\/\\\/dentisteshop.lt\\\/en\\\/shop\\\/\"},{\"@type\":\"ListItem\",\"position\":3,\"name\":\"CURASEPT PERIO MOUTHWASH\"}]},{\"@type\":\"WebSite\",\"@id\":\"https:\\\/\\\/dentisteshop.lt\\\/#website\",\"url\":\"https:\\\/\\\/dentisteshop.lt\\\/\",\"name\":\"Dentiste\",\"description\":\"Burnos prie\u017ei\u016bros priemon\u0117s internetu\",\"publisher\":{\"@id\":\"https:\\\/\\\/dentisteshop.lt\\\/#organization\"},\"potentialAction\":[{\"@type\":\"SearchAction\",\"target\":{\"@type\":\"EntryPoint\",\"urlTemplate\":\"https:\\\/\\\/dentisteshop.lt\\\/?s={search_term_string}\"},\"query-input\":{\"@type\":\"PropertyValueSpecification\",\"valueRequired\":true,\"valueName\":\"search_term_string\"}}],\"inLanguage\":\"en-US\"},{\"@type\":\"Organization\",\"@id\":\"https:\\\/\\\/dentisteshop.lt\\\/#organization\",\"name\":\"Dentiste\",\"url\":\"https:\\\/\\\/dentisteshop.lt\\\/\",\"logo\":{\"@type\":\"ImageObject\",\"inLanguage\":\"en-US\",\"@id\":\"https:\\\/\\\/dentisteshop.lt\\\/#\\\/schema\\\/logo\\\/image\\\/\",\"url\":\"https:\\\/\\\/dentisteshop.lt\\\/wp-content\\\/uploads\\\/2022\\\/09\\\/New-Project-2.png\",\"contentUrl\":\"https:\\\/\\\/dentisteshop.lt\\\/wp-content\\\/uploads\\\/2022\\\/09\\\/New-Project-2.png\",\"width\":703,\"height\":134,\"caption\":\"Dentiste\"},\"image\":{\"@id\":\"https:\\\/\\\/dentisteshop.lt\\\/#\\\/schema\\\/logo\\\/image\\\/\"},\"sameAs\":[\"https:\\\/\\\/www.facebook.com\\\/DentisteLituanie\",\"https:\\\/\\\/www.instagram.com\\\/klinika_dentiste\\\/\"]}]}<\/script>\n<!-- \/ Yoast SEO plugin. -->","yoast_head_json":{"title":"CURASEPT PERIO MOUTHWASH - Dentiste","robots":{"index":"index","follow":"follow","max-snippet":"max-snippet:-1","max-image-preview":"max-image-preview:large","max-video-preview":"max-video-preview:-1"},"canonical":"https:\/\/dentisteshop.lt\/en\/produktas\/curasept-perio-mouthwash\/","og_locale":"en_US","og_type":"article","og_title":"CURASEPT PERIO MOUTHWASH - Dentiste","og_description":"Curaspet Perio mouthwash with 0.12% chlorhexidine, PVP \/ VA polymer and hyaluronic acid. Ideal for use after perio-plastic, regenerative and other periodontal surgeries. Also after professional oral hygiene procedures, for gingivitis and periodontitis. It is balanced to support wound healing processes as it helps them heal quicker and protects from bacteria. The mouthwash is alcohol-free [&hellip;]","og_url":"https:\/\/dentisteshop.lt\/en\/produktas\/curasept-perio-mouthwash\/","og_site_name":"Dentiste","article_publisher":"https:\/\/www.facebook.com\/DentisteLituanie","article_modified_time":"2026-01-12T20:11:30+00:00","og_image":[{"width":1000,"height":1000,"url":"https:\/\/dentisteshop.lt\/wp-content\/uploads\/2022\/09\/Curasept-Perio-burnos-skalavimo-skystis.jpg","type":"image\/jpeg"}],"twitter_card":"summary_large_image","schema":{"@context":"https:\/\/schema.org","@graph":[{"@type":"WebPage","@id":"https:\/\/dentisteshop.lt\/en\/produktas\/curasept-perio-mouthwash\/","url":"https:\/\/dentisteshop.lt\/en\/produktas\/curasept-perio-mouthwash\/","name":"CURASEPT PERIO MOUTHWASH - Dentiste","isPartOf":{"@id":"https:\/\/dentisteshop.lt\/#website"},"primaryImageOfPage":{"@id":"https:\/\/dentisteshop.lt\/en\/produktas\/curasept-perio-mouthwash\/#primaryimage"},"image":{"@id":"https:\/\/dentisteshop.lt\/en\/produktas\/curasept-perio-mouthwash\/#primaryimage"},"thumbnailUrl":"\/wp-content\/uploads\/2022\/09\/Curasept-Perio-burnos-skalavimo-skystis.jpg","datePublished":"2021-08-09T14:04:47+00:00","dateModified":"2026-01-12T20:11:30+00:00","breadcrumb":{"@id":"https:\/\/dentisteshop.lt\/en\/produktas\/curasept-perio-mouthwash\/#breadcrumb"},"inLanguage":"en-US","potentialAction":[{"@type":"ReadAction","target":["https:\/\/dentisteshop.lt\/en\/produktas\/curasept-perio-mouthwash\/"]}]},{"@type":"ImageObject","inLanguage":"en-US","@id":"https:\/\/dentisteshop.lt\/en\/produktas\/curasept-perio-mouthwash\/#primaryimage","url":"\/wp-content\/uploads\/2022\/09\/Curasept-Perio-burnos-skalavimo-skystis.jpg","contentUrl":"\/wp-content\/uploads\/2022\/09\/Curasept-Perio-burnos-skalavimo-skystis.jpg","width":1000,"height":1000},{"@type":"BreadcrumbList","@id":"https:\/\/dentisteshop.lt\/en\/produktas\/curasept-perio-mouthwash\/#breadcrumb","itemListElement":[{"@type":"ListItem","position":1,"name":"Home","item":"https:\/\/dentisteshop.lt\/"},{"@type":"ListItem","position":2,"name":"Shop","item":"https:\/\/dentisteshop.lt\/en\/shop\/"},{"@type":"ListItem","position":3,"name":"CURASEPT PERIO MOUTHWASH"}]},{"@type":"WebSite","@id":"https:\/\/dentisteshop.lt\/#website","url":"https:\/\/dentisteshop.lt\/","name":"Dentiste","description":"Burnos prie\u017ei\u016bros priemon\u0117s internetu","publisher":{"@id":"https:\/\/dentisteshop.lt\/#organization"},"potentialAction":[{"@type":"SearchAction","target":{"@type":"EntryPoint","urlTemplate":"https:\/\/dentisteshop.lt\/?s={search_term_string}"},"query-input":{"@type":"PropertyValueSpecification","valueRequired":true,"valueName":"search_term_string"}}],"inLanguage":"en-US"},{"@type":"Organization","@id":"https:\/\/dentisteshop.lt\/#organization","name":"Dentiste","url":"https:\/\/dentisteshop.lt\/","logo":{"@type":"ImageObject","inLanguage":"en-US","@id":"https:\/\/dentisteshop.lt\/#\/schema\/logo\/image\/","url":"https:\/\/dentisteshop.lt\/wp-content\/uploads\/2022\/09\/New-Project-2.png","contentUrl":"https:\/\/dentisteshop.lt\/wp-content\/uploads\/2022\/09\/New-Project-2.png","width":703,"height":134,"caption":"Dentiste"},"image":{"@id":"https:\/\/dentisteshop.lt\/#\/schema\/logo\/image\/"},"sameAs":["https:\/\/www.facebook.com\/DentisteLituanie","https:\/\/www.instagram.com\/klinika_dentiste\/"]}]}},"_links":{"self":[{"href":"https:\/\/dentisteshop.lt\/en\/wp-json\/wp\/v2\/product\/9906","targetHints":{"allow":["GET"]}}],"collection":[{"href":"https:\/\/dentisteshop.lt\/en\/wp-json\/wp\/v2\/product"}],"about":[{"href":"https:\/\/dentisteshop.lt\/en\/wp-json\/wp\/v2\/types\/product"}],"wp:featuredmedia":[{"embeddable":true,"href":"https:\/\/dentisteshop.lt\/en\/wp-json\/wp\/v2\/media\/8308"}],"wp:attachment":[{"href":"https:\/\/dentisteshop.lt\/en\/wp-json\/wp\/v2\/media?parent=9906"}],"wp:term":[{"taxonomy":"product_brand","embeddable":true,"href":"https:\/\/dentisteshop.lt\/en\/wp-json\/wp\/v2\/product_brand?post=9906"},{"taxonomy":"product_cat","embeddable":true,"href":"https:\/\/dentisteshop.lt\/en\/wp-json\/wp\/v2\/product_cat?post=9906"},{"taxonomy":"product_tag","embeddable":true,"href":"https:\/\/dentisteshop.lt\/en\/wp-json\/wp\/v2\/product_tag?post=9906"}],"curies":[{"name":"wp","href":"https:\/\/api.w.org\/{rel}","templated":true}]}}