{"id":9905,"date":"2021-08-09T16:09:43","date_gmt":"2021-08-09T14:09:43","guid":{"rendered":"https:\/\/dentisteshop.lt\/produktas\/curaprox-single-tuft-toothbrush-cs-1006\/"},"modified":"2026-01-12T22:11:35","modified_gmt":"2026-01-12T20:11:35","slug":"curaprox-single-tuft-toothbrush-cs-1006","status":"publish","type":"product","link":"https:\/\/dentisteshop.lt\/en\/produktas\/curaprox-single-tuft-toothbrush-cs-1006\/","title":{"rendered":"CURAPROX SINGLE-TUFT TOOTHBRUSH CS 1006"},"content":{"rendered":"<p class=\"p1\"><span class=\"s1\">Curaprox single-tuft toothbrush is precise and gentle. Excellent control of plague on every tooth. It is convenient for reaching fissures of the teeth and problem areas near implants and orthodontic appliances. It is ideal for &#8220;Solo&#8221; method &#8211; when teeth are cleaned one after another. Particularly recommended for braces and implants or simply for excellent dental care. The colour of the toothbrush is selected randomly.<\/span><\/p>\n<p><strong>The toothbrush colour is selected randomly.<\/strong><\/p>\n","protected":false},"excerpt":{"rendered":"<p>Curaprox single-tuft toothbrush is precise and gentle. Excellent control of plague on every tooth. It is convenient for reaching fissures of the teeth and problem areas near implants and orthodontic appliances. It is ideal for &#8220;Solo&#8221; method &#8211; when teeth are cleaned one after another. Particularly recommended for braces and implants or simply for excellent [&hellip;]<\/p>\n","protected":false},"featured_media":8363,"template":"","meta":{"inline_featured_image":false},"product_brand":[],"product_cat":[175],"product_tag":[],"class_list":{"0":"post-9905","1":"product","2":"type-product","3":"status-publish","4":"has-post-thumbnail","6":"product_cat-toothbrushes","8":"first","9":"outofstock","10":"shipping-taxable","11":"purchasable","12":"product-type-simple"},"yoast_head":"<!-- This site is optimized with the Yoast SEO plugin v27.3 - https:\/\/yoast.com\/product\/yoast-seo-wordpress\/ -->\n<title>CURAPROX SINGLE-TUFT TOOTHBRUSH CS 1006 - Dentiste<\/title>\n<meta name=\"robots\" content=\"index, follow, max-snippet:-1, max-image-preview:large, max-video-preview:-1\" \/>\n<link rel=\"canonical\" href=\"https:\/\/dentisteshop.lt\/en\/produktas\/curaprox-single-tuft-toothbrush-cs-1006\/\" \/>\n<meta property=\"og:locale\" content=\"en_US\" \/>\n<meta property=\"og:type\" content=\"article\" \/>\n<meta property=\"og:title\" content=\"CURAPROX SINGLE-TUFT TOOTHBRUSH CS 1006 - Dentiste\" \/>\n<meta property=\"og:description\" content=\"Curaprox single-tuft toothbrush is precise and gentle. Excellent control of plague on every tooth. It is convenient for reaching fissures of the teeth and problem areas near implants and orthodontic appliances. It is ideal for &#8220;Solo&#8221; method &#8211; when teeth are cleaned one after another. Particularly recommended for braces and implants or simply for excellent [&hellip;]\" \/>\n<meta property=\"og:url\" content=\"https:\/\/dentisteshop.lt\/en\/produktas\/curaprox-single-tuft-toothbrush-cs-1006\/\" \/>\n<meta property=\"og:site_name\" content=\"Dentiste\" \/>\n<meta property=\"article:publisher\" content=\"https:\/\/www.facebook.com\/DentisteLituanie\" \/>\n<meta property=\"article:modified_time\" content=\"2026-01-12T20:11:35+00:00\" \/>\n<meta property=\"og:image\" content=\"https:\/\/dentisteshop.lt\/wp-content\/uploads\/2022\/09\/Vieno-danties-sepetelis-Curaprox-SC-1006-3.jpg\" \/>\n\t<meta property=\"og:image:width\" content=\"1000\" \/>\n\t<meta property=\"og:image:height\" content=\"1000\" \/>\n\t<meta property=\"og:image:type\" content=\"image\/jpeg\" \/>\n<meta name=\"twitter:card\" content=\"summary_large_image\" \/>\n<script type=\"application\/ld+json\" class=\"yoast-schema-graph\">{\"@context\":\"https:\\\/\\\/schema.org\",\"@graph\":[{\"@type\":\"WebPage\",\"@id\":\"https:\\\/\\\/dentisteshop.lt\\\/en\\\/produktas\\\/curaprox-single-tuft-toothbrush-cs-1006\\\/\",\"url\":\"https:\\\/\\\/dentisteshop.lt\\\/en\\\/produktas\\\/curaprox-single-tuft-toothbrush-cs-1006\\\/\",\"name\":\"CURAPROX SINGLE-TUFT TOOTHBRUSH CS 1006 - Dentiste\",\"isPartOf\":{\"@id\":\"https:\\\/\\\/dentisteshop.lt\\\/#website\"},\"primaryImageOfPage\":{\"@id\":\"https:\\\/\\\/dentisteshop.lt\\\/en\\\/produktas\\\/curaprox-single-tuft-toothbrush-cs-1006\\\/#primaryimage\"},\"image\":{\"@id\":\"https:\\\/\\\/dentisteshop.lt\\\/en\\\/produktas\\\/curaprox-single-tuft-toothbrush-cs-1006\\\/#primaryimage\"},\"thumbnailUrl\":\"\\\/wp-content\\\/uploads\\\/2022\\\/09\\\/Vieno-danties-sepetelis-Curaprox-SC-1006-3.jpg\",\"datePublished\":\"2021-08-09T14:09:43+00:00\",\"dateModified\":\"2026-01-12T20:11:35+00:00\",\"breadcrumb\":{\"@id\":\"https:\\\/\\\/dentisteshop.lt\\\/en\\\/produktas\\\/curaprox-single-tuft-toothbrush-cs-1006\\\/#breadcrumb\"},\"inLanguage\":\"en-US\",\"potentialAction\":[{\"@type\":\"ReadAction\",\"target\":[\"https:\\\/\\\/dentisteshop.lt\\\/en\\\/produktas\\\/curaprox-single-tuft-toothbrush-cs-1006\\\/\"]}]},{\"@type\":\"ImageObject\",\"inLanguage\":\"en-US\",\"@id\":\"https:\\\/\\\/dentisteshop.lt\\\/en\\\/produktas\\\/curaprox-single-tuft-toothbrush-cs-1006\\\/#primaryimage\",\"url\":\"\\\/wp-content\\\/uploads\\\/2022\\\/09\\\/Vieno-danties-sepetelis-Curaprox-SC-1006-3.jpg\",\"contentUrl\":\"\\\/wp-content\\\/uploads\\\/2022\\\/09\\\/Vieno-danties-sepetelis-Curaprox-SC-1006-3.jpg\",\"width\":1000,\"height\":1000},{\"@type\":\"BreadcrumbList\",\"@id\":\"https:\\\/\\\/dentisteshop.lt\\\/en\\\/produktas\\\/curaprox-single-tuft-toothbrush-cs-1006\\\/#breadcrumb\",\"itemListElement\":[{\"@type\":\"ListItem\",\"position\":1,\"name\":\"Home\",\"item\":\"https:\\\/\\\/dentisteshop.lt\\\/\"},{\"@type\":\"ListItem\",\"position\":2,\"name\":\"Shop\",\"item\":\"https:\\\/\\\/dentisteshop.lt\\\/en\\\/shop\\\/\"},{\"@type\":\"ListItem\",\"position\":3,\"name\":\"CURAPROX SINGLE-TUFT TOOTHBRUSH CS 1006\"}]},{\"@type\":\"WebSite\",\"@id\":\"https:\\\/\\\/dentisteshop.lt\\\/#website\",\"url\":\"https:\\\/\\\/dentisteshop.lt\\\/\",\"name\":\"Dentiste\",\"description\":\"Burnos prie\u017ei\u016bros priemon\u0117s internetu\",\"publisher\":{\"@id\":\"https:\\\/\\\/dentisteshop.lt\\\/#organization\"},\"potentialAction\":[{\"@type\":\"SearchAction\",\"target\":{\"@type\":\"EntryPoint\",\"urlTemplate\":\"https:\\\/\\\/dentisteshop.lt\\\/?s={search_term_string}\"},\"query-input\":{\"@type\":\"PropertyValueSpecification\",\"valueRequired\":true,\"valueName\":\"search_term_string\"}}],\"inLanguage\":\"en-US\"},{\"@type\":\"Organization\",\"@id\":\"https:\\\/\\\/dentisteshop.lt\\\/#organization\",\"name\":\"Dentiste\",\"url\":\"https:\\\/\\\/dentisteshop.lt\\\/\",\"logo\":{\"@type\":\"ImageObject\",\"inLanguage\":\"en-US\",\"@id\":\"https:\\\/\\\/dentisteshop.lt\\\/#\\\/schema\\\/logo\\\/image\\\/\",\"url\":\"https:\\\/\\\/dentisteshop.lt\\\/wp-content\\\/uploads\\\/2022\\\/09\\\/New-Project-2.png\",\"contentUrl\":\"https:\\\/\\\/dentisteshop.lt\\\/wp-content\\\/uploads\\\/2022\\\/09\\\/New-Project-2.png\",\"width\":703,\"height\":134,\"caption\":\"Dentiste\"},\"image\":{\"@id\":\"https:\\\/\\\/dentisteshop.lt\\\/#\\\/schema\\\/logo\\\/image\\\/\"},\"sameAs\":[\"https:\\\/\\\/www.facebook.com\\\/DentisteLituanie\",\"https:\\\/\\\/www.instagram.com\\\/klinika_dentiste\\\/\"]}]}<\/script>\n<!-- \/ Yoast SEO plugin. -->","yoast_head_json":{"title":"CURAPROX SINGLE-TUFT TOOTHBRUSH CS 1006 - Dentiste","robots":{"index":"index","follow":"follow","max-snippet":"max-snippet:-1","max-image-preview":"max-image-preview:large","max-video-preview":"max-video-preview:-1"},"canonical":"https:\/\/dentisteshop.lt\/en\/produktas\/curaprox-single-tuft-toothbrush-cs-1006\/","og_locale":"en_US","og_type":"article","og_title":"CURAPROX SINGLE-TUFT TOOTHBRUSH CS 1006 - Dentiste","og_description":"Curaprox single-tuft toothbrush is precise and gentle. Excellent control of plague on every tooth. It is convenient for reaching fissures of the teeth and problem areas near implants and orthodontic appliances. It is ideal for &#8220;Solo&#8221; method &#8211; when teeth are cleaned one after another. Particularly recommended for braces and implants or simply for excellent [&hellip;]","og_url":"https:\/\/dentisteshop.lt\/en\/produktas\/curaprox-single-tuft-toothbrush-cs-1006\/","og_site_name":"Dentiste","article_publisher":"https:\/\/www.facebook.com\/DentisteLituanie","article_modified_time":"2026-01-12T20:11:35+00:00","og_image":[{"width":1000,"height":1000,"url":"https:\/\/dentisteshop.lt\/wp-content\/uploads\/2022\/09\/Vieno-danties-sepetelis-Curaprox-SC-1006-3.jpg","type":"image\/jpeg"}],"twitter_card":"summary_large_image","schema":{"@context":"https:\/\/schema.org","@graph":[{"@type":"WebPage","@id":"https:\/\/dentisteshop.lt\/en\/produktas\/curaprox-single-tuft-toothbrush-cs-1006\/","url":"https:\/\/dentisteshop.lt\/en\/produktas\/curaprox-single-tuft-toothbrush-cs-1006\/","name":"CURAPROX SINGLE-TUFT TOOTHBRUSH CS 1006 - Dentiste","isPartOf":{"@id":"https:\/\/dentisteshop.lt\/#website"},"primaryImageOfPage":{"@id":"https:\/\/dentisteshop.lt\/en\/produktas\/curaprox-single-tuft-toothbrush-cs-1006\/#primaryimage"},"image":{"@id":"https:\/\/dentisteshop.lt\/en\/produktas\/curaprox-single-tuft-toothbrush-cs-1006\/#primaryimage"},"thumbnailUrl":"\/wp-content\/uploads\/2022\/09\/Vieno-danties-sepetelis-Curaprox-SC-1006-3.jpg","datePublished":"2021-08-09T14:09:43+00:00","dateModified":"2026-01-12T20:11:35+00:00","breadcrumb":{"@id":"https:\/\/dentisteshop.lt\/en\/produktas\/curaprox-single-tuft-toothbrush-cs-1006\/#breadcrumb"},"inLanguage":"en-US","potentialAction":[{"@type":"ReadAction","target":["https:\/\/dentisteshop.lt\/en\/produktas\/curaprox-single-tuft-toothbrush-cs-1006\/"]}]},{"@type":"ImageObject","inLanguage":"en-US","@id":"https:\/\/dentisteshop.lt\/en\/produktas\/curaprox-single-tuft-toothbrush-cs-1006\/#primaryimage","url":"\/wp-content\/uploads\/2022\/09\/Vieno-danties-sepetelis-Curaprox-SC-1006-3.jpg","contentUrl":"\/wp-content\/uploads\/2022\/09\/Vieno-danties-sepetelis-Curaprox-SC-1006-3.jpg","width":1000,"height":1000},{"@type":"BreadcrumbList","@id":"https:\/\/dentisteshop.lt\/en\/produktas\/curaprox-single-tuft-toothbrush-cs-1006\/#breadcrumb","itemListElement":[{"@type":"ListItem","position":1,"name":"Home","item":"https:\/\/dentisteshop.lt\/"},{"@type":"ListItem","position":2,"name":"Shop","item":"https:\/\/dentisteshop.lt\/en\/shop\/"},{"@type":"ListItem","position":3,"name":"CURAPROX SINGLE-TUFT TOOTHBRUSH CS 1006"}]},{"@type":"WebSite","@id":"https:\/\/dentisteshop.lt\/#website","url":"https:\/\/dentisteshop.lt\/","name":"Dentiste","description":"Burnos prie\u017ei\u016bros priemon\u0117s internetu","publisher":{"@id":"https:\/\/dentisteshop.lt\/#organization"},"potentialAction":[{"@type":"SearchAction","target":{"@type":"EntryPoint","urlTemplate":"https:\/\/dentisteshop.lt\/?s={search_term_string}"},"query-input":{"@type":"PropertyValueSpecification","valueRequired":true,"valueName":"search_term_string"}}],"inLanguage":"en-US"},{"@type":"Organization","@id":"https:\/\/dentisteshop.lt\/#organization","name":"Dentiste","url":"https:\/\/dentisteshop.lt\/","logo":{"@type":"ImageObject","inLanguage":"en-US","@id":"https:\/\/dentisteshop.lt\/#\/schema\/logo\/image\/","url":"https:\/\/dentisteshop.lt\/wp-content\/uploads\/2022\/09\/New-Project-2.png","contentUrl":"https:\/\/dentisteshop.lt\/wp-content\/uploads\/2022\/09\/New-Project-2.png","width":703,"height":134,"caption":"Dentiste"},"image":{"@id":"https:\/\/dentisteshop.lt\/#\/schema\/logo\/image\/"},"sameAs":["https:\/\/www.facebook.com\/DentisteLituanie","https:\/\/www.instagram.com\/klinika_dentiste\/"]}]}},"_links":{"self":[{"href":"https:\/\/dentisteshop.lt\/en\/wp-json\/wp\/v2\/product\/9905","targetHints":{"allow":["GET"]}}],"collection":[{"href":"https:\/\/dentisteshop.lt\/en\/wp-json\/wp\/v2\/product"}],"about":[{"href":"https:\/\/dentisteshop.lt\/en\/wp-json\/wp\/v2\/types\/product"}],"wp:featuredmedia":[{"embeddable":true,"href":"https:\/\/dentisteshop.lt\/en\/wp-json\/wp\/v2\/media\/8363"}],"wp:attachment":[{"href":"https:\/\/dentisteshop.lt\/en\/wp-json\/wp\/v2\/media?parent=9905"}],"wp:term":[{"taxonomy":"product_brand","embeddable":true,"href":"https:\/\/dentisteshop.lt\/en\/wp-json\/wp\/v2\/product_brand?post=9905"},{"taxonomy":"product_cat","embeddable":true,"href":"https:\/\/dentisteshop.lt\/en\/wp-json\/wp\/v2\/product_cat?post=9905"},{"taxonomy":"product_tag","embeddable":true,"href":"https:\/\/dentisteshop.lt\/en\/wp-json\/wp\/v2\/product_tag?post=9905"}],"curies":[{"name":"wp","href":"https:\/\/api.w.org\/{rel}","templated":true}]}}