{"id":9903,"date":"2021-08-10T05:00:22","date_gmt":"2021-08-10T05:00:22","guid":{"rendered":"https:\/\/dentisteshop.lt\/produktas\/waterpik-wp-670-aquarius-water-flosser\/"},"modified":"2026-01-12T22:11:34","modified_gmt":"2026-01-12T20:11:34","slug":"waterpik-wp-670-aquarius-water-flosser","status":"publish","type":"product","link":"https:\/\/dentisteshop.lt\/en\/produktas\/waterpik-wp-670-aquarius-water-flosser\/","title":{"rendered":"WATERPIK\u00ae WP-670 AQUARIUS\u2122 WATER FLOSSER"},"content":{"rendered":"<p><strong>Special edition!<\/strong><br \/>\nWaterpik\u00ae Aquarius\u2122 Professional Mouth Irrigator.<br \/>\nAn easy and more effective way to clean your crotch, the Waterpik\u00ae Aquarius\u2122 Professional Mouth Irrigator is the most advanced mouth irrigator ever.<br \/>\nThe new compact and contemporary design of Aquarius\u2122 features a water on\/off control on the handle, an LED information panel and 7 mouth irrigator tips JT (3 pcs), TB, PS, OD, PP. The new pulse modulation method is great for removing plague (flossing mode), provides intense stimulation of the gums and improves blood circulation (hydro-pulse massage mode). A convenient one-minute timer with a 30-second timer ensures a comprehensive water cleaning of all areas.<br \/>\nWaterpik\u00ae irrigators are clinically proven to be more effective than conventional flossing in reducing plaque, gingivitis and gum disease. It is especially suitable for people with braces, implants, crowns, bridges and laminates.<\/p>\n","protected":false},"excerpt":{"rendered":"<p>Special edition! Waterpik\u00ae Aquarius\u2122 Professional Mouth Irrigator. An easy and more effective way to clean your crotch, the Waterpik\u00ae Aquarius\u2122 Professional Mouth Irrigator is the most advanced mouth irrigator ever. The new compact and contemporary design of Aquarius\u2122 features a water on\/off control on the handle, an LED information panel and 7 mouth irrigator tips [&hellip;]<\/p>\n","protected":false},"featured_media":8422,"template":"","meta":{"inline_featured_image":false},"product_brand":[],"product_cat":[182],"product_tag":[],"class_list":{"0":"post-9903","1":"product","2":"type-product","3":"status-publish","4":"has-post-thumbnail","6":"product_cat-water-flosser","8":"first","9":"outofstock","10":"sale","11":"shipping-taxable","12":"purchasable","13":"product-type-simple"},"yoast_head":"<!-- This site is optimized with the Yoast SEO plugin v27.3 - https:\/\/yoast.com\/product\/yoast-seo-wordpress\/ -->\n<title>WATERPIK\u00ae WP-670 AQUARIUS\u2122 WATER FLOSSER - Dentiste<\/title>\n<meta name=\"robots\" content=\"index, follow, max-snippet:-1, max-image-preview:large, max-video-preview:-1\" \/>\n<link rel=\"canonical\" href=\"https:\/\/dentisteshop.lt\/en\/produktas\/waterpik-wp-670-aquarius-water-flosser\/\" \/>\n<meta property=\"og:locale\" content=\"en_US\" \/>\n<meta property=\"og:type\" content=\"article\" \/>\n<meta property=\"og:title\" content=\"WATERPIK\u00ae WP-670 AQUARIUS\u2122 WATER FLOSSER - Dentiste\" \/>\n<meta property=\"og:description\" content=\"Special edition! Waterpik\u00ae Aquarius\u2122 Professional Mouth Irrigator. An easy and more effective way to clean your crotch, the Waterpik\u00ae Aquarius\u2122 Professional Mouth Irrigator is the most advanced mouth irrigator ever. The new compact and contemporary design of Aquarius\u2122 features a water on\/off control on the handle, an LED information panel and 7 mouth irrigator tips [&hellip;]\" \/>\n<meta property=\"og:url\" content=\"https:\/\/dentisteshop.lt\/en\/produktas\/waterpik-wp-670-aquarius-water-flosser\/\" \/>\n<meta property=\"og:site_name\" content=\"Dentiste\" \/>\n<meta property=\"article:publisher\" content=\"https:\/\/www.facebook.com\/DentisteLituanie\" \/>\n<meta property=\"article:modified_time\" content=\"2026-01-12T20:11:34+00:00\" \/>\n<meta property=\"og:image\" content=\"https:\/\/dentisteshop.lt\/wp-content\/uploads\/2022\/09\/WP670_Included-scaled-1.jpg\" \/>\n\t<meta property=\"og:image:width\" content=\"2560\" \/>\n\t<meta property=\"og:image:height\" content=\"2560\" \/>\n\t<meta property=\"og:image:type\" content=\"image\/jpeg\" \/>\n<meta name=\"twitter:card\" content=\"summary_large_image\" \/>\n<meta name=\"twitter:label1\" content=\"Est. reading time\" \/>\n\t<meta name=\"twitter:data1\" content=\"1 minute\" \/>\n<script type=\"application\/ld+json\" class=\"yoast-schema-graph\">{\"@context\":\"https:\\\/\\\/schema.org\",\"@graph\":[{\"@type\":\"WebPage\",\"@id\":\"https:\\\/\\\/dentisteshop.lt\\\/en\\\/produktas\\\/waterpik-wp-670-aquarius-water-flosser\\\/\",\"url\":\"https:\\\/\\\/dentisteshop.lt\\\/en\\\/produktas\\\/waterpik-wp-670-aquarius-water-flosser\\\/\",\"name\":\"WATERPIK\u00ae WP-670 AQUARIUS\u2122 WATER FLOSSER - Dentiste\",\"isPartOf\":{\"@id\":\"https:\\\/\\\/dentisteshop.lt\\\/#website\"},\"primaryImageOfPage\":{\"@id\":\"https:\\\/\\\/dentisteshop.lt\\\/en\\\/produktas\\\/waterpik-wp-670-aquarius-water-flosser\\\/#primaryimage\"},\"image\":{\"@id\":\"https:\\\/\\\/dentisteshop.lt\\\/en\\\/produktas\\\/waterpik-wp-670-aquarius-water-flosser\\\/#primaryimage\"},\"thumbnailUrl\":\"\\\/wp-content\\\/uploads\\\/2022\\\/09\\\/WP670_Included-scaled-1.jpg\",\"datePublished\":\"2021-08-10T05:00:22+00:00\",\"dateModified\":\"2026-01-12T20:11:34+00:00\",\"breadcrumb\":{\"@id\":\"https:\\\/\\\/dentisteshop.lt\\\/en\\\/produktas\\\/waterpik-wp-670-aquarius-water-flosser\\\/#breadcrumb\"},\"inLanguage\":\"en-US\",\"potentialAction\":[{\"@type\":\"ReadAction\",\"target\":[\"https:\\\/\\\/dentisteshop.lt\\\/en\\\/produktas\\\/waterpik-wp-670-aquarius-water-flosser\\\/\"]}]},{\"@type\":\"ImageObject\",\"inLanguage\":\"en-US\",\"@id\":\"https:\\\/\\\/dentisteshop.lt\\\/en\\\/produktas\\\/waterpik-wp-670-aquarius-water-flosser\\\/#primaryimage\",\"url\":\"\\\/wp-content\\\/uploads\\\/2022\\\/09\\\/WP670_Included-scaled-1.jpg\",\"contentUrl\":\"\\\/wp-content\\\/uploads\\\/2022\\\/09\\\/WP670_Included-scaled-1.jpg\",\"width\":2560,\"height\":2560},{\"@type\":\"BreadcrumbList\",\"@id\":\"https:\\\/\\\/dentisteshop.lt\\\/en\\\/produktas\\\/waterpik-wp-670-aquarius-water-flosser\\\/#breadcrumb\",\"itemListElement\":[{\"@type\":\"ListItem\",\"position\":1,\"name\":\"Home\",\"item\":\"https:\\\/\\\/dentisteshop.lt\\\/\"},{\"@type\":\"ListItem\",\"position\":2,\"name\":\"Shop\",\"item\":\"https:\\\/\\\/dentisteshop.lt\\\/en\\\/shop\\\/\"},{\"@type\":\"ListItem\",\"position\":3,\"name\":\"WATERPIK\u00ae WP-670 AQUARIUS\u2122 WATER FLOSSER\"}]},{\"@type\":\"WebSite\",\"@id\":\"https:\\\/\\\/dentisteshop.lt\\\/#website\",\"url\":\"https:\\\/\\\/dentisteshop.lt\\\/\",\"name\":\"Dentiste\",\"description\":\"Burnos prie\u017ei\u016bros priemon\u0117s internetu\",\"publisher\":{\"@id\":\"https:\\\/\\\/dentisteshop.lt\\\/#organization\"},\"potentialAction\":[{\"@type\":\"SearchAction\",\"target\":{\"@type\":\"EntryPoint\",\"urlTemplate\":\"https:\\\/\\\/dentisteshop.lt\\\/?s={search_term_string}\"},\"query-input\":{\"@type\":\"PropertyValueSpecification\",\"valueRequired\":true,\"valueName\":\"search_term_string\"}}],\"inLanguage\":\"en-US\"},{\"@type\":\"Organization\",\"@id\":\"https:\\\/\\\/dentisteshop.lt\\\/#organization\",\"name\":\"Dentiste\",\"url\":\"https:\\\/\\\/dentisteshop.lt\\\/\",\"logo\":{\"@type\":\"ImageObject\",\"inLanguage\":\"en-US\",\"@id\":\"https:\\\/\\\/dentisteshop.lt\\\/#\\\/schema\\\/logo\\\/image\\\/\",\"url\":\"https:\\\/\\\/dentisteshop.lt\\\/wp-content\\\/uploads\\\/2022\\\/09\\\/New-Project-2.png\",\"contentUrl\":\"https:\\\/\\\/dentisteshop.lt\\\/wp-content\\\/uploads\\\/2022\\\/09\\\/New-Project-2.png\",\"width\":703,\"height\":134,\"caption\":\"Dentiste\"},\"image\":{\"@id\":\"https:\\\/\\\/dentisteshop.lt\\\/#\\\/schema\\\/logo\\\/image\\\/\"},\"sameAs\":[\"https:\\\/\\\/www.facebook.com\\\/DentisteLituanie\",\"https:\\\/\\\/www.instagram.com\\\/klinika_dentiste\\\/\"]}]}<\/script>\n<!-- \/ Yoast SEO plugin. -->","yoast_head_json":{"title":"WATERPIK\u00ae WP-670 AQUARIUS\u2122 WATER FLOSSER - Dentiste","robots":{"index":"index","follow":"follow","max-snippet":"max-snippet:-1","max-image-preview":"max-image-preview:large","max-video-preview":"max-video-preview:-1"},"canonical":"https:\/\/dentisteshop.lt\/en\/produktas\/waterpik-wp-670-aquarius-water-flosser\/","og_locale":"en_US","og_type":"article","og_title":"WATERPIK\u00ae WP-670 AQUARIUS\u2122 WATER FLOSSER - Dentiste","og_description":"Special edition! Waterpik\u00ae Aquarius\u2122 Professional Mouth Irrigator. An easy and more effective way to clean your crotch, the Waterpik\u00ae Aquarius\u2122 Professional Mouth Irrigator is the most advanced mouth irrigator ever. The new compact and contemporary design of Aquarius\u2122 features a water on\/off control on the handle, an LED information panel and 7 mouth irrigator tips [&hellip;]","og_url":"https:\/\/dentisteshop.lt\/en\/produktas\/waterpik-wp-670-aquarius-water-flosser\/","og_site_name":"Dentiste","article_publisher":"https:\/\/www.facebook.com\/DentisteLituanie","article_modified_time":"2026-01-12T20:11:34+00:00","og_image":[{"width":2560,"height":2560,"url":"https:\/\/dentisteshop.lt\/wp-content\/uploads\/2022\/09\/WP670_Included-scaled-1.jpg","type":"image\/jpeg"}],"twitter_card":"summary_large_image","twitter_misc":{"Est. reading time":"1 minute"},"schema":{"@context":"https:\/\/schema.org","@graph":[{"@type":"WebPage","@id":"https:\/\/dentisteshop.lt\/en\/produktas\/waterpik-wp-670-aquarius-water-flosser\/","url":"https:\/\/dentisteshop.lt\/en\/produktas\/waterpik-wp-670-aquarius-water-flosser\/","name":"WATERPIK\u00ae WP-670 AQUARIUS\u2122 WATER FLOSSER - Dentiste","isPartOf":{"@id":"https:\/\/dentisteshop.lt\/#website"},"primaryImageOfPage":{"@id":"https:\/\/dentisteshop.lt\/en\/produktas\/waterpik-wp-670-aquarius-water-flosser\/#primaryimage"},"image":{"@id":"https:\/\/dentisteshop.lt\/en\/produktas\/waterpik-wp-670-aquarius-water-flosser\/#primaryimage"},"thumbnailUrl":"\/wp-content\/uploads\/2022\/09\/WP670_Included-scaled-1.jpg","datePublished":"2021-08-10T05:00:22+00:00","dateModified":"2026-01-12T20:11:34+00:00","breadcrumb":{"@id":"https:\/\/dentisteshop.lt\/en\/produktas\/waterpik-wp-670-aquarius-water-flosser\/#breadcrumb"},"inLanguage":"en-US","potentialAction":[{"@type":"ReadAction","target":["https:\/\/dentisteshop.lt\/en\/produktas\/waterpik-wp-670-aquarius-water-flosser\/"]}]},{"@type":"ImageObject","inLanguage":"en-US","@id":"https:\/\/dentisteshop.lt\/en\/produktas\/waterpik-wp-670-aquarius-water-flosser\/#primaryimage","url":"\/wp-content\/uploads\/2022\/09\/WP670_Included-scaled-1.jpg","contentUrl":"\/wp-content\/uploads\/2022\/09\/WP670_Included-scaled-1.jpg","width":2560,"height":2560},{"@type":"BreadcrumbList","@id":"https:\/\/dentisteshop.lt\/en\/produktas\/waterpik-wp-670-aquarius-water-flosser\/#breadcrumb","itemListElement":[{"@type":"ListItem","position":1,"name":"Home","item":"https:\/\/dentisteshop.lt\/"},{"@type":"ListItem","position":2,"name":"Shop","item":"https:\/\/dentisteshop.lt\/en\/shop\/"},{"@type":"ListItem","position":3,"name":"WATERPIK\u00ae WP-670 AQUARIUS\u2122 WATER FLOSSER"}]},{"@type":"WebSite","@id":"https:\/\/dentisteshop.lt\/#website","url":"https:\/\/dentisteshop.lt\/","name":"Dentiste","description":"Burnos prie\u017ei\u016bros priemon\u0117s internetu","publisher":{"@id":"https:\/\/dentisteshop.lt\/#organization"},"potentialAction":[{"@type":"SearchAction","target":{"@type":"EntryPoint","urlTemplate":"https:\/\/dentisteshop.lt\/?s={search_term_string}"},"query-input":{"@type":"PropertyValueSpecification","valueRequired":true,"valueName":"search_term_string"}}],"inLanguage":"en-US"},{"@type":"Organization","@id":"https:\/\/dentisteshop.lt\/#organization","name":"Dentiste","url":"https:\/\/dentisteshop.lt\/","logo":{"@type":"ImageObject","inLanguage":"en-US","@id":"https:\/\/dentisteshop.lt\/#\/schema\/logo\/image\/","url":"https:\/\/dentisteshop.lt\/wp-content\/uploads\/2022\/09\/New-Project-2.png","contentUrl":"https:\/\/dentisteshop.lt\/wp-content\/uploads\/2022\/09\/New-Project-2.png","width":703,"height":134,"caption":"Dentiste"},"image":{"@id":"https:\/\/dentisteshop.lt\/#\/schema\/logo\/image\/"},"sameAs":["https:\/\/www.facebook.com\/DentisteLituanie","https:\/\/www.instagram.com\/klinika_dentiste\/"]}]}},"_links":{"self":[{"href":"https:\/\/dentisteshop.lt\/en\/wp-json\/wp\/v2\/product\/9903","targetHints":{"allow":["GET"]}}],"collection":[{"href":"https:\/\/dentisteshop.lt\/en\/wp-json\/wp\/v2\/product"}],"about":[{"href":"https:\/\/dentisteshop.lt\/en\/wp-json\/wp\/v2\/types\/product"}],"wp:featuredmedia":[{"embeddable":true,"href":"https:\/\/dentisteshop.lt\/en\/wp-json\/wp\/v2\/media\/8422"}],"wp:attachment":[{"href":"https:\/\/dentisteshop.lt\/en\/wp-json\/wp\/v2\/media?parent=9903"}],"wp:term":[{"taxonomy":"product_brand","embeddable":true,"href":"https:\/\/dentisteshop.lt\/en\/wp-json\/wp\/v2\/product_brand?post=9903"},{"taxonomy":"product_cat","embeddable":true,"href":"https:\/\/dentisteshop.lt\/en\/wp-json\/wp\/v2\/product_cat?post=9903"},{"taxonomy":"product_tag","embeddable":true,"href":"https:\/\/dentisteshop.lt\/en\/wp-json\/wp\/v2\/product_tag?post=9903"}],"curies":[{"name":"wp","href":"https:\/\/api.w.org\/{rel}","templated":true}]}}