{"id":9902,"date":"2021-08-10T04:58:45","date_gmt":"2021-08-10T02:58:45","guid":{"rendered":"https:\/\/dentisteshop.lt\/produktas\/irrigator-waterpik-wp-160-ultra-plus\/"},"modified":"2021-08-10T04:58:45","modified_gmt":"2021-08-10T02:58:45","slug":"irrigator-waterpik-wp-160-ultra-plus","status":"publish","type":"product","link":"https:\/\/dentisteshop.lt\/en\/produktas\/irrigator-waterpik-wp-160-ultra-plus\/","title":{"rendered":"IRRIGATOR WATERPIK WP-160 ULTRA PLUS"},"content":{"rendered":"<p>Simpler and more efficient than dental floss the Irrigator Waterpik\u00ae WP-160 Ultra Plus has been recognized as the best product of 2019.<br \/>\nWaterpik\u00ae Ultra Plus is the easiest and most effective way to brush your teeth. The water spray pressure of the irrigator Waterpik\u00ae Ultra Plus can be adjusted to 10 strength levels. The device has a modern design and chrome details and an improved On\/Off button on its handle. The tank lid is closed and can be used for nozzle storage.<br \/>\nThe engine has been improved and runs more quietly.<br \/>\nThe irrigator Waterpik\u00ae Ultra Plus has been clinically proven to protect the teeth from dental plague, gingivitis and bleeding easier and better than traditional dental floss.<br \/>\nIrrigators are especially suitable for people with braces, implants, crowns, bridges and laminates.<br \/>\nThe Ultra Plus model has a 2 year warranty.<\/p>\n","protected":false},"excerpt":{"rendered":"<p>Simpler and more efficient than dental floss the Irrigator Waterpik\u00ae WP-160 Ultra Plus has been recognized as the best product of 2019. Waterpik\u00ae Ultra Plus is the easiest and most effective way to brush your teeth. The water spray pressure of the irrigator Waterpik\u00ae Ultra Plus can be adjusted to 10 strength levels. The device [&hellip;]<\/p>\n","protected":false},"featured_media":8412,"template":"","meta":{"inline_featured_image":false},"product_brand":[],"product_cat":[182],"product_tag":[],"class_list":{"0":"post-9902","1":"product","2":"type-product","3":"status-publish","4":"has-post-thumbnail","6":"product_cat-water-flosser","8":"first","9":"instock","10":"shipping-taxable","11":"purchasable","12":"product-type-simple"},"yoast_head":"<!-- This site is optimized with the Yoast SEO plugin v27.3 - https:\/\/yoast.com\/product\/yoast-seo-wordpress\/ -->\n<title>IRRIGATOR WATERPIK WP-160 ULTRA PLUS - Dentiste<\/title>\n<meta name=\"robots\" content=\"index, follow, max-snippet:-1, max-image-preview:large, max-video-preview:-1\" \/>\n<link rel=\"canonical\" href=\"https:\/\/dentisteshop.lt\/produktas\/irrigator-waterpik-wp-160-ultra-plus\/\" \/>\n<meta property=\"og:locale\" content=\"en_US\" \/>\n<meta property=\"og:type\" content=\"article\" \/>\n<meta property=\"og:title\" content=\"IRRIGATOR WATERPIK WP-160 ULTRA PLUS - Dentiste\" \/>\n<meta property=\"og:description\" content=\"Simpler and more efficient than dental floss the Irrigator Waterpik\u00ae WP-160 Ultra Plus has been recognized as the best product of 2019. Waterpik\u00ae Ultra Plus is the easiest and most effective way to brush your teeth. The water spray pressure of the irrigator Waterpik\u00ae Ultra Plus can be adjusted to 10 strength levels. The device [&hellip;]\" \/>\n<meta property=\"og:url\" content=\"https:\/\/dentisteshop.lt\/produktas\/irrigator-waterpik-wp-160-ultra-plus\/\" \/>\n<meta property=\"og:site_name\" content=\"Dentiste\" \/>\n<meta property=\"article:publisher\" content=\"https:\/\/www.facebook.com\/DentisteLituanie\" \/>\n<meta name=\"twitter:card\" content=\"summary_large_image\" \/>\n<meta name=\"twitter:label1\" content=\"Est. reading time\" \/>\n\t<meta name=\"twitter:data1\" content=\"1 minute\" \/>\n<script type=\"application\/ld+json\" class=\"yoast-schema-graph\">{\"@context\":\"https:\\\/\\\/schema.org\",\"@graph\":[{\"@type\":\"WebPage\",\"@id\":\"https:\\\/\\\/dentisteshop.lt\\\/produktas\\\/irrigator-waterpik-wp-160-ultra-plus\\\/\",\"url\":\"https:\\\/\\\/dentisteshop.lt\\\/produktas\\\/irrigator-waterpik-wp-160-ultra-plus\\\/\",\"name\":\"IRRIGATOR WATERPIK WP-160 ULTRA PLUS - Dentiste\",\"isPartOf\":{\"@id\":\"https:\\\/\\\/dentisteshop.lt\\\/#website\"},\"primaryImageOfPage\":{\"@id\":\"https:\\\/\\\/dentisteshop.lt\\\/produktas\\\/irrigator-waterpik-wp-160-ultra-plus\\\/#primaryimage\"},\"image\":{\"@id\":\"https:\\\/\\\/dentisteshop.lt\\\/produktas\\\/irrigator-waterpik-wp-160-ultra-plus\\\/#primaryimage\"},\"thumbnailUrl\":\"\\\/wp-content\\\/uploads\\\/2022\\\/09\\\/WP160EU_Scene-scaled-1.jpg\",\"datePublished\":\"2021-08-10T02:58:45+00:00\",\"breadcrumb\":{\"@id\":\"https:\\\/\\\/dentisteshop.lt\\\/produktas\\\/irrigator-waterpik-wp-160-ultra-plus\\\/#breadcrumb\"},\"inLanguage\":\"en-US\",\"potentialAction\":[{\"@type\":\"ReadAction\",\"target\":[\"https:\\\/\\\/dentisteshop.lt\\\/produktas\\\/irrigator-waterpik-wp-160-ultra-plus\\\/\"]}]},{\"@type\":\"ImageObject\",\"inLanguage\":\"en-US\",\"@id\":\"https:\\\/\\\/dentisteshop.lt\\\/produktas\\\/irrigator-waterpik-wp-160-ultra-plus\\\/#primaryimage\",\"url\":\"\\\/wp-content\\\/uploads\\\/2022\\\/09\\\/WP160EU_Scene-scaled-1.jpg\",\"contentUrl\":\"\\\/wp-content\\\/uploads\\\/2022\\\/09\\\/WP160EU_Scene-scaled-1.jpg\",\"width\":2560,\"height\":2560},{\"@type\":\"BreadcrumbList\",\"@id\":\"https:\\\/\\\/dentisteshop.lt\\\/produktas\\\/irrigator-waterpik-wp-160-ultra-plus\\\/#breadcrumb\",\"itemListElement\":[{\"@type\":\"ListItem\",\"position\":1,\"name\":\"Home\",\"item\":\"https:\\\/\\\/dentisteshop.lt\\\/\"},{\"@type\":\"ListItem\",\"position\":2,\"name\":\"Shop\",\"item\":\"https:\\\/\\\/dentisteshop.lt\\\/en\\\/shop\\\/\"},{\"@type\":\"ListItem\",\"position\":3,\"name\":\"IRRIGATOR WATERPIK WP-160 ULTRA PLUS\"}]},{\"@type\":\"WebSite\",\"@id\":\"https:\\\/\\\/dentisteshop.lt\\\/#website\",\"url\":\"https:\\\/\\\/dentisteshop.lt\\\/\",\"name\":\"Dentiste\",\"description\":\"Burnos prie\u017ei\u016bros priemon\u0117s internetu\",\"publisher\":{\"@id\":\"https:\\\/\\\/dentisteshop.lt\\\/#organization\"},\"potentialAction\":[{\"@type\":\"SearchAction\",\"target\":{\"@type\":\"EntryPoint\",\"urlTemplate\":\"https:\\\/\\\/dentisteshop.lt\\\/?s={search_term_string}\"},\"query-input\":{\"@type\":\"PropertyValueSpecification\",\"valueRequired\":true,\"valueName\":\"search_term_string\"}}],\"inLanguage\":\"en-US\"},{\"@type\":\"Organization\",\"@id\":\"https:\\\/\\\/dentisteshop.lt\\\/#organization\",\"name\":\"Dentiste\",\"url\":\"https:\\\/\\\/dentisteshop.lt\\\/\",\"logo\":{\"@type\":\"ImageObject\",\"inLanguage\":\"en-US\",\"@id\":\"https:\\\/\\\/dentisteshop.lt\\\/#\\\/schema\\\/logo\\\/image\\\/\",\"url\":\"https:\\\/\\\/dentisteshop.lt\\\/wp-content\\\/uploads\\\/2022\\\/09\\\/New-Project-2.png\",\"contentUrl\":\"https:\\\/\\\/dentisteshop.lt\\\/wp-content\\\/uploads\\\/2022\\\/09\\\/New-Project-2.png\",\"width\":703,\"height\":134,\"caption\":\"Dentiste\"},\"image\":{\"@id\":\"https:\\\/\\\/dentisteshop.lt\\\/#\\\/schema\\\/logo\\\/image\\\/\"},\"sameAs\":[\"https:\\\/\\\/www.facebook.com\\\/DentisteLituanie\",\"https:\\\/\\\/www.instagram.com\\\/klinika_dentiste\\\/\"]}]}<\/script>\n<!-- \/ Yoast SEO plugin. -->","yoast_head_json":{"title":"IRRIGATOR WATERPIK WP-160 ULTRA PLUS - Dentiste","robots":{"index":"index","follow":"follow","max-snippet":"max-snippet:-1","max-image-preview":"max-image-preview:large","max-video-preview":"max-video-preview:-1"},"canonical":"https:\/\/dentisteshop.lt\/produktas\/irrigator-waterpik-wp-160-ultra-plus\/","og_locale":"en_US","og_type":"article","og_title":"IRRIGATOR WATERPIK WP-160 ULTRA PLUS - Dentiste","og_description":"Simpler and more efficient than dental floss the Irrigator Waterpik\u00ae WP-160 Ultra Plus has been recognized as the best product of 2019. Waterpik\u00ae Ultra Plus is the easiest and most effective way to brush your teeth. The water spray pressure of the irrigator Waterpik\u00ae Ultra Plus can be adjusted to 10 strength levels. The device [&hellip;]","og_url":"https:\/\/dentisteshop.lt\/produktas\/irrigator-waterpik-wp-160-ultra-plus\/","og_site_name":"Dentiste","article_publisher":"https:\/\/www.facebook.com\/DentisteLituanie","twitter_card":"summary_large_image","twitter_misc":{"Est. reading time":"1 minute"},"schema":{"@context":"https:\/\/schema.org","@graph":[{"@type":"WebPage","@id":"https:\/\/dentisteshop.lt\/produktas\/irrigator-waterpik-wp-160-ultra-plus\/","url":"https:\/\/dentisteshop.lt\/produktas\/irrigator-waterpik-wp-160-ultra-plus\/","name":"IRRIGATOR WATERPIK WP-160 ULTRA PLUS - Dentiste","isPartOf":{"@id":"https:\/\/dentisteshop.lt\/#website"},"primaryImageOfPage":{"@id":"https:\/\/dentisteshop.lt\/produktas\/irrigator-waterpik-wp-160-ultra-plus\/#primaryimage"},"image":{"@id":"https:\/\/dentisteshop.lt\/produktas\/irrigator-waterpik-wp-160-ultra-plus\/#primaryimage"},"thumbnailUrl":"\/wp-content\/uploads\/2022\/09\/WP160EU_Scene-scaled-1.jpg","datePublished":"2021-08-10T02:58:45+00:00","breadcrumb":{"@id":"https:\/\/dentisteshop.lt\/produktas\/irrigator-waterpik-wp-160-ultra-plus\/#breadcrumb"},"inLanguage":"en-US","potentialAction":[{"@type":"ReadAction","target":["https:\/\/dentisteshop.lt\/produktas\/irrigator-waterpik-wp-160-ultra-plus\/"]}]},{"@type":"ImageObject","inLanguage":"en-US","@id":"https:\/\/dentisteshop.lt\/produktas\/irrigator-waterpik-wp-160-ultra-plus\/#primaryimage","url":"\/wp-content\/uploads\/2022\/09\/WP160EU_Scene-scaled-1.jpg","contentUrl":"\/wp-content\/uploads\/2022\/09\/WP160EU_Scene-scaled-1.jpg","width":2560,"height":2560},{"@type":"BreadcrumbList","@id":"https:\/\/dentisteshop.lt\/produktas\/irrigator-waterpik-wp-160-ultra-plus\/#breadcrumb","itemListElement":[{"@type":"ListItem","position":1,"name":"Home","item":"https:\/\/dentisteshop.lt\/"},{"@type":"ListItem","position":2,"name":"Shop","item":"https:\/\/dentisteshop.lt\/en\/shop\/"},{"@type":"ListItem","position":3,"name":"IRRIGATOR WATERPIK WP-160 ULTRA PLUS"}]},{"@type":"WebSite","@id":"https:\/\/dentisteshop.lt\/#website","url":"https:\/\/dentisteshop.lt\/","name":"Dentiste","description":"Burnos prie\u017ei\u016bros priemon\u0117s internetu","publisher":{"@id":"https:\/\/dentisteshop.lt\/#organization"},"potentialAction":[{"@type":"SearchAction","target":{"@type":"EntryPoint","urlTemplate":"https:\/\/dentisteshop.lt\/?s={search_term_string}"},"query-input":{"@type":"PropertyValueSpecification","valueRequired":true,"valueName":"search_term_string"}}],"inLanguage":"en-US"},{"@type":"Organization","@id":"https:\/\/dentisteshop.lt\/#organization","name":"Dentiste","url":"https:\/\/dentisteshop.lt\/","logo":{"@type":"ImageObject","inLanguage":"en-US","@id":"https:\/\/dentisteshop.lt\/#\/schema\/logo\/image\/","url":"https:\/\/dentisteshop.lt\/wp-content\/uploads\/2022\/09\/New-Project-2.png","contentUrl":"https:\/\/dentisteshop.lt\/wp-content\/uploads\/2022\/09\/New-Project-2.png","width":703,"height":134,"caption":"Dentiste"},"image":{"@id":"https:\/\/dentisteshop.lt\/#\/schema\/logo\/image\/"},"sameAs":["https:\/\/www.facebook.com\/DentisteLituanie","https:\/\/www.instagram.com\/klinika_dentiste\/"]}]}},"_links":{"self":[{"href":"https:\/\/dentisteshop.lt\/en\/wp-json\/wp\/v2\/product\/9902","targetHints":{"allow":["GET"]}}],"collection":[{"href":"https:\/\/dentisteshop.lt\/en\/wp-json\/wp\/v2\/product"}],"about":[{"href":"https:\/\/dentisteshop.lt\/en\/wp-json\/wp\/v2\/types\/product"}],"wp:featuredmedia":[{"embeddable":true,"href":"https:\/\/dentisteshop.lt\/en\/wp-json\/wp\/v2\/media\/8412"}],"wp:attachment":[{"href":"https:\/\/dentisteshop.lt\/en\/wp-json\/wp\/v2\/media?parent=9902"}],"wp:term":[{"taxonomy":"product_brand","embeddable":true,"href":"https:\/\/dentisteshop.lt\/en\/wp-json\/wp\/v2\/product_brand?post=9902"},{"taxonomy":"product_cat","embeddable":true,"href":"https:\/\/dentisteshop.lt\/en\/wp-json\/wp\/v2\/product_cat?post=9902"},{"taxonomy":"product_tag","embeddable":true,"href":"https:\/\/dentisteshop.lt\/en\/wp-json\/wp\/v2\/product_tag?post=9902"}],"curies":[{"name":"wp","href":"https:\/\/api.w.org\/{rel}","templated":true}]}}