{"id":9901,"date":"2021-08-10T04:56:00","date_gmt":"2021-08-10T02:56:00","guid":{"rendered":"https:\/\/dentisteshop.lt\/produktas\/water-flosser-complete-care-cc-0\/"},"modified":"2023-08-16T15:46:26","modified_gmt":"2023-08-16T13:46:26","slug":"water-flosser-complete-care-cc-0","status":"publish","type":"product","link":"https:\/\/dentisteshop.lt\/en\/produktas\/water-flosser-complete-care-cc-0\/","title":{"rendered":"WATER FLOSSER COMPLETE CARE CC-0"},"content":{"rendered":"<p>Complete Care is a product for all your teeth brushing and interdental flossing needs. This ultra-compact model combines a sonic toothbrush and a water flosser in one convenient device to save space.<br \/>\nThe sonic toothbrush provides three cleaning modes for your convenience, while the water flosser gets deep between teeth and below the gumline to remove plaque and leftover food that brushing alone misses. This model comes with 5 flossing tips and 2 brush heads, an it has a 2 year warranty.<br \/>\nWaterpik\u00ae is the most recommended water flosser brand. It is clinically proven to be up to 50% more effective in taking care of the gums compared to string floss, as it removes up to 99.9% of plaque from treated areas.<\/p>\n","protected":false},"excerpt":{"rendered":"<p>Complete Care is a product for all your teeth brushing and interdental flossing needs. This ultra-compact model combines a sonic toothbrush and a water flosser in one convenient device to save space. The sonic toothbrush provides three cleaning modes for your convenience, while the water flosser gets deep between teeth and below the gumline to [&hellip;]<\/p>\n","protected":false},"featured_media":8402,"template":"","meta":{"inline_featured_image":false},"product_brand":[],"product_cat":[182],"product_tag":[],"class_list":{"0":"post-9901","1":"product","2":"type-product","3":"status-publish","4":"has-post-thumbnail","6":"product_cat-water-flosser","8":"first","9":"outofstock","10":"shipping-taxable","11":"purchasable","12":"product-type-simple"},"yoast_head":"<!-- This site is optimized with the Yoast SEO plugin v27.3 - https:\/\/yoast.com\/product\/yoast-seo-wordpress\/ -->\n<title>WATER FLOSSER COMPLETE CARE CC-0 - Dentiste<\/title>\n<meta name=\"robots\" content=\"index, follow, max-snippet:-1, max-image-preview:large, max-video-preview:-1\" \/>\n<link rel=\"canonical\" href=\"https:\/\/dentisteshop.lt\/en\/produktas\/water-flosser-complete-care-cc-0\/\" \/>\n<meta property=\"og:locale\" content=\"en_US\" \/>\n<meta property=\"og:type\" content=\"article\" \/>\n<meta property=\"og:title\" content=\"WATER FLOSSER COMPLETE CARE CC-0 - Dentiste\" \/>\n<meta property=\"og:description\" content=\"Complete Care is a product for all your teeth brushing and interdental flossing needs. This ultra-compact model combines a sonic toothbrush and a water flosser in one convenient device to save space. The sonic toothbrush provides three cleaning modes for your convenience, while the water flosser gets deep between teeth and below the gumline to [&hellip;]\" \/>\n<meta property=\"og:url\" content=\"https:\/\/dentisteshop.lt\/en\/produktas\/water-flosser-complete-care-cc-0\/\" \/>\n<meta property=\"og:site_name\" content=\"Dentiste\" \/>\n<meta property=\"article:publisher\" content=\"https:\/\/www.facebook.com\/DentisteLituanie\" \/>\n<meta property=\"article:modified_time\" content=\"2023-08-16T13:46:26+00:00\" \/>\n<meta property=\"og:image\" content=\"https:\/\/i0.wp.com\/dentisteshop.lt\/wp-content\/uploads\/2022\/09\/CC-01CD010_Brush-scaled-1.jpg?fit=2560%2C2560&ssl=1\" \/>\n\t<meta property=\"og:image:width\" content=\"2560\" \/>\n\t<meta property=\"og:image:height\" content=\"2560\" \/>\n\t<meta property=\"og:image:type\" content=\"image\/jpeg\" \/>\n<meta name=\"twitter:card\" content=\"summary_large_image\" \/>\n<meta name=\"twitter:label1\" content=\"Est. reading time\" \/>\n\t<meta name=\"twitter:data1\" content=\"1 minute\" \/>\n<script type=\"application\/ld+json\" class=\"yoast-schema-graph\">{\"@context\":\"https:\\\/\\\/schema.org\",\"@graph\":[{\"@type\":\"WebPage\",\"@id\":\"https:\\\/\\\/dentisteshop.lt\\\/en\\\/produktas\\\/water-flosser-complete-care-cc-0\\\/\",\"url\":\"https:\\\/\\\/dentisteshop.lt\\\/en\\\/produktas\\\/water-flosser-complete-care-cc-0\\\/\",\"name\":\"WATER FLOSSER COMPLETE CARE CC-0 - Dentiste\",\"isPartOf\":{\"@id\":\"https:\\\/\\\/dentisteshop.lt\\\/#website\"},\"primaryImageOfPage\":{\"@id\":\"https:\\\/\\\/dentisteshop.lt\\\/en\\\/produktas\\\/water-flosser-complete-care-cc-0\\\/#primaryimage\"},\"image\":{\"@id\":\"https:\\\/\\\/dentisteshop.lt\\\/en\\\/produktas\\\/water-flosser-complete-care-cc-0\\\/#primaryimage\"},\"thumbnailUrl\":\"\\\/wp-content\\\/uploads\\\/2022\\\/09\\\/CC-01CD010_Brush-scaled-1.jpg\",\"datePublished\":\"2021-08-10T02:56:00+00:00\",\"dateModified\":\"2023-08-16T13:46:26+00:00\",\"breadcrumb\":{\"@id\":\"https:\\\/\\\/dentisteshop.lt\\\/en\\\/produktas\\\/water-flosser-complete-care-cc-0\\\/#breadcrumb\"},\"inLanguage\":\"en-US\",\"potentialAction\":[{\"@type\":\"ReadAction\",\"target\":[\"https:\\\/\\\/dentisteshop.lt\\\/en\\\/produktas\\\/water-flosser-complete-care-cc-0\\\/\"]}]},{\"@type\":\"ImageObject\",\"inLanguage\":\"en-US\",\"@id\":\"https:\\\/\\\/dentisteshop.lt\\\/en\\\/produktas\\\/water-flosser-complete-care-cc-0\\\/#primaryimage\",\"url\":\"\\\/wp-content\\\/uploads\\\/2022\\\/09\\\/CC-01CD010_Brush-scaled-1.jpg\",\"contentUrl\":\"\\\/wp-content\\\/uploads\\\/2022\\\/09\\\/CC-01CD010_Brush-scaled-1.jpg\",\"width\":2560,\"height\":2560},{\"@type\":\"BreadcrumbList\",\"@id\":\"https:\\\/\\\/dentisteshop.lt\\\/en\\\/produktas\\\/water-flosser-complete-care-cc-0\\\/#breadcrumb\",\"itemListElement\":[{\"@type\":\"ListItem\",\"position\":1,\"name\":\"Home\",\"item\":\"https:\\\/\\\/dentisteshop.lt\\\/\"},{\"@type\":\"ListItem\",\"position\":2,\"name\":\"Shop\",\"item\":\"https:\\\/\\\/dentisteshop.lt\\\/en\\\/shop\\\/\"},{\"@type\":\"ListItem\",\"position\":3,\"name\":\"WATER FLOSSER COMPLETE CARE CC-0\"}]},{\"@type\":\"WebSite\",\"@id\":\"https:\\\/\\\/dentisteshop.lt\\\/#website\",\"url\":\"https:\\\/\\\/dentisteshop.lt\\\/\",\"name\":\"Dentiste\",\"description\":\"Burnos prie\u017ei\u016bros priemon\u0117s internetu\",\"publisher\":{\"@id\":\"https:\\\/\\\/dentisteshop.lt\\\/#organization\"},\"potentialAction\":[{\"@type\":\"SearchAction\",\"target\":{\"@type\":\"EntryPoint\",\"urlTemplate\":\"https:\\\/\\\/dentisteshop.lt\\\/?s={search_term_string}\"},\"query-input\":{\"@type\":\"PropertyValueSpecification\",\"valueRequired\":true,\"valueName\":\"search_term_string\"}}],\"inLanguage\":\"en-US\"},{\"@type\":\"Organization\",\"@id\":\"https:\\\/\\\/dentisteshop.lt\\\/#organization\",\"name\":\"Dentiste\",\"url\":\"https:\\\/\\\/dentisteshop.lt\\\/\",\"logo\":{\"@type\":\"ImageObject\",\"inLanguage\":\"en-US\",\"@id\":\"https:\\\/\\\/dentisteshop.lt\\\/#\\\/schema\\\/logo\\\/image\\\/\",\"url\":\"https:\\\/\\\/dentisteshop.lt\\\/wp-content\\\/uploads\\\/2022\\\/09\\\/New-Project-2.png\",\"contentUrl\":\"https:\\\/\\\/dentisteshop.lt\\\/wp-content\\\/uploads\\\/2022\\\/09\\\/New-Project-2.png\",\"width\":703,\"height\":134,\"caption\":\"Dentiste\"},\"image\":{\"@id\":\"https:\\\/\\\/dentisteshop.lt\\\/#\\\/schema\\\/logo\\\/image\\\/\"},\"sameAs\":[\"https:\\\/\\\/www.facebook.com\\\/DentisteLituanie\",\"https:\\\/\\\/www.instagram.com\\\/klinika_dentiste\\\/\"]}]}<\/script>\n<!-- \/ Yoast SEO plugin. -->","yoast_head_json":{"title":"WATER FLOSSER COMPLETE CARE CC-0 - Dentiste","robots":{"index":"index","follow":"follow","max-snippet":"max-snippet:-1","max-image-preview":"max-image-preview:large","max-video-preview":"max-video-preview:-1"},"canonical":"https:\/\/dentisteshop.lt\/en\/produktas\/water-flosser-complete-care-cc-0\/","og_locale":"en_US","og_type":"article","og_title":"WATER FLOSSER COMPLETE CARE CC-0 - Dentiste","og_description":"Complete Care is a product for all your teeth brushing and interdental flossing needs. This ultra-compact model combines a sonic toothbrush and a water flosser in one convenient device to save space. The sonic toothbrush provides three cleaning modes for your convenience, while the water flosser gets deep between teeth and below the gumline to [&hellip;]","og_url":"https:\/\/dentisteshop.lt\/en\/produktas\/water-flosser-complete-care-cc-0\/","og_site_name":"Dentiste","article_publisher":"https:\/\/www.facebook.com\/DentisteLituanie","article_modified_time":"2023-08-16T13:46:26+00:00","og_image":[{"width":2560,"height":2560,"url":"https:\/\/i0.wp.com\/dentisteshop.lt\/wp-content\/uploads\/2022\/09\/CC-01CD010_Brush-scaled-1.jpg?fit=2560%2C2560&ssl=1","type":"image\/jpeg"}],"twitter_card":"summary_large_image","twitter_misc":{"Est. reading time":"1 minute"},"schema":{"@context":"https:\/\/schema.org","@graph":[{"@type":"WebPage","@id":"https:\/\/dentisteshop.lt\/en\/produktas\/water-flosser-complete-care-cc-0\/","url":"https:\/\/dentisteshop.lt\/en\/produktas\/water-flosser-complete-care-cc-0\/","name":"WATER FLOSSER COMPLETE CARE CC-0 - Dentiste","isPartOf":{"@id":"https:\/\/dentisteshop.lt\/#website"},"primaryImageOfPage":{"@id":"https:\/\/dentisteshop.lt\/en\/produktas\/water-flosser-complete-care-cc-0\/#primaryimage"},"image":{"@id":"https:\/\/dentisteshop.lt\/en\/produktas\/water-flosser-complete-care-cc-0\/#primaryimage"},"thumbnailUrl":"\/wp-content\/uploads\/2022\/09\/CC-01CD010_Brush-scaled-1.jpg","datePublished":"2021-08-10T02:56:00+00:00","dateModified":"2023-08-16T13:46:26+00:00","breadcrumb":{"@id":"https:\/\/dentisteshop.lt\/en\/produktas\/water-flosser-complete-care-cc-0\/#breadcrumb"},"inLanguage":"en-US","potentialAction":[{"@type":"ReadAction","target":["https:\/\/dentisteshop.lt\/en\/produktas\/water-flosser-complete-care-cc-0\/"]}]},{"@type":"ImageObject","inLanguage":"en-US","@id":"https:\/\/dentisteshop.lt\/en\/produktas\/water-flosser-complete-care-cc-0\/#primaryimage","url":"\/wp-content\/uploads\/2022\/09\/CC-01CD010_Brush-scaled-1.jpg","contentUrl":"\/wp-content\/uploads\/2022\/09\/CC-01CD010_Brush-scaled-1.jpg","width":2560,"height":2560},{"@type":"BreadcrumbList","@id":"https:\/\/dentisteshop.lt\/en\/produktas\/water-flosser-complete-care-cc-0\/#breadcrumb","itemListElement":[{"@type":"ListItem","position":1,"name":"Home","item":"https:\/\/dentisteshop.lt\/"},{"@type":"ListItem","position":2,"name":"Shop","item":"https:\/\/dentisteshop.lt\/en\/shop\/"},{"@type":"ListItem","position":3,"name":"WATER FLOSSER COMPLETE CARE CC-0"}]},{"@type":"WebSite","@id":"https:\/\/dentisteshop.lt\/#website","url":"https:\/\/dentisteshop.lt\/","name":"Dentiste","description":"Burnos prie\u017ei\u016bros priemon\u0117s internetu","publisher":{"@id":"https:\/\/dentisteshop.lt\/#organization"},"potentialAction":[{"@type":"SearchAction","target":{"@type":"EntryPoint","urlTemplate":"https:\/\/dentisteshop.lt\/?s={search_term_string}"},"query-input":{"@type":"PropertyValueSpecification","valueRequired":true,"valueName":"search_term_string"}}],"inLanguage":"en-US"},{"@type":"Organization","@id":"https:\/\/dentisteshop.lt\/#organization","name":"Dentiste","url":"https:\/\/dentisteshop.lt\/","logo":{"@type":"ImageObject","inLanguage":"en-US","@id":"https:\/\/dentisteshop.lt\/#\/schema\/logo\/image\/","url":"https:\/\/dentisteshop.lt\/wp-content\/uploads\/2022\/09\/New-Project-2.png","contentUrl":"https:\/\/dentisteshop.lt\/wp-content\/uploads\/2022\/09\/New-Project-2.png","width":703,"height":134,"caption":"Dentiste"},"image":{"@id":"https:\/\/dentisteshop.lt\/#\/schema\/logo\/image\/"},"sameAs":["https:\/\/www.facebook.com\/DentisteLituanie","https:\/\/www.instagram.com\/klinika_dentiste\/"]}]}},"_links":{"self":[{"href":"https:\/\/dentisteshop.lt\/en\/wp-json\/wp\/v2\/product\/9901","targetHints":{"allow":["GET"]}}],"collection":[{"href":"https:\/\/dentisteshop.lt\/en\/wp-json\/wp\/v2\/product"}],"about":[{"href":"https:\/\/dentisteshop.lt\/en\/wp-json\/wp\/v2\/types\/product"}],"wp:featuredmedia":[{"embeddable":true,"href":"https:\/\/dentisteshop.lt\/en\/wp-json\/wp\/v2\/media\/8402"}],"wp:attachment":[{"href":"https:\/\/dentisteshop.lt\/en\/wp-json\/wp\/v2\/media?parent=9901"}],"wp:term":[{"taxonomy":"product_brand","embeddable":true,"href":"https:\/\/dentisteshop.lt\/en\/wp-json\/wp\/v2\/product_brand?post=9901"},{"taxonomy":"product_cat","embeddable":true,"href":"https:\/\/dentisteshop.lt\/en\/wp-json\/wp\/v2\/product_cat?post=9901"},{"taxonomy":"product_tag","embeddable":true,"href":"https:\/\/dentisteshop.lt\/en\/wp-json\/wp\/v2\/product_tag?post=9901"}],"curies":[{"name":"wp","href":"https:\/\/api.w.org\/{rel}","templated":true}]}}