{"id":9898,"date":"2021-08-09T16:08:57","date_gmt":"2021-08-09T14:08:57","guid":{"rendered":"https:\/\/dentisteshop.lt\/produktas\/curasept-biosmalto-baby-kid-strawberry-flavour-fluoride-free-toothpaste\/"},"modified":"2021-08-09T16:08:57","modified_gmt":"2021-08-09T14:08:57","slug":"curasept-biosmalto-baby-kid-strawberry-flavour-fluoride-free-toothpaste","status":"publish","type":"product","link":"https:\/\/dentisteshop.lt\/en\/produktas\/curasept-biosmalto-baby-kid-strawberry-flavour-fluoride-free-toothpaste\/","title":{"rendered":"CURASEPT BIOSMALTO BABY-KID STRAWBERRY FLAVOUR FLUORIDE-FREE TOOTHPASTE"},"content":{"rendered":"<p class=\"p1\"><i>Fluoride-free, for protection of baby teeth.<\/i><\/p>\n<p class=\"p1\">Strawberry flavour daily treatment toothpaste for babies and children. Best for children from 6 months to 6 years.<\/p>\n<p class=\"p2\">This method has an international patent \u2013 enriched with magnesium, strontium carbonate, and combined with chitosan and fluorohydroxyapatite, hydroxyapatite remineralizes damaged enamel sites and fills in dentin tubules to maintain strong and healthy teeth.<\/p>\n<ul class=\"ul1\">\n<li class=\"li3\">&lt;&lt;30 RDA<span class=\"Apple-converted-space\"> <\/span><\/li>\n<\/ul>\n","protected":false},"excerpt":{"rendered":"<p>Fluoride-free, for protection of baby teeth. Strawberry flavour daily treatment toothpaste for babies and children. Best for children from 6 months to 6 years. This method has an international patent \u2013 enriched with magnesium, strontium carbonate, and combined with chitosan and fluorohydroxyapatite, hydroxyapatite remineralizes damaged enamel sites and fills in dentin tubules to maintain strong [&hellip;]<\/p>\n","protected":false},"featured_media":8353,"template":"","meta":{"inline_featured_image":false},"product_brand":[],"product_cat":[180],"product_tag":[],"class_list":{"0":"post-9898","1":"product","2":"type-product","3":"status-publish","4":"has-post-thumbnail","6":"product_cat-toothpastes","8":"first","9":"outofstock","10":"shipping-taxable","11":"purchasable","12":"product-type-simple"},"yoast_head":"<!-- This site is optimized with the Yoast SEO plugin v27.3 - https:\/\/yoast.com\/product\/yoast-seo-wordpress\/ -->\n<title>CURASEPT BIOSMALTO BABY-KID STRAWBERRY FLAVOUR FLUORIDE-FREE TOOTHPASTE - Dentiste<\/title>\n<meta name=\"robots\" content=\"index, follow, max-snippet:-1, max-image-preview:large, max-video-preview:-1\" \/>\n<link rel=\"canonical\" href=\"https:\/\/dentisteshop.lt\/produktas\/curasept-biosmalto-baby-kid-strawberry-flavour-fluoride-free-toothpaste\/\" \/>\n<meta property=\"og:locale\" content=\"en_US\" \/>\n<meta property=\"og:type\" content=\"article\" \/>\n<meta property=\"og:title\" content=\"CURASEPT BIOSMALTO BABY-KID STRAWBERRY FLAVOUR FLUORIDE-FREE TOOTHPASTE - Dentiste\" \/>\n<meta property=\"og:description\" content=\"Fluoride-free, for protection of baby teeth. Strawberry flavour daily treatment toothpaste for babies and children. Best for children from 6 months to 6 years. This method has an international patent \u2013 enriched with magnesium, strontium carbonate, and combined with chitosan and fluorohydroxyapatite, hydroxyapatite remineralizes damaged enamel sites and fills in dentin tubules to maintain strong [&hellip;]\" \/>\n<meta property=\"og:url\" content=\"https:\/\/dentisteshop.lt\/produktas\/curasept-biosmalto-baby-kid-strawberry-flavour-fluoride-free-toothpaste\/\" \/>\n<meta property=\"og:site_name\" content=\"Dentiste\" \/>\n<meta property=\"article:publisher\" content=\"https:\/\/www.facebook.com\/DentisteLituanie\" \/>\n<meta name=\"twitter:card\" content=\"summary_large_image\" \/>\n<script type=\"application\/ld+json\" class=\"yoast-schema-graph\">{\"@context\":\"https:\\\/\\\/schema.org\",\"@graph\":[{\"@type\":\"WebPage\",\"@id\":\"https:\\\/\\\/dentisteshop.lt\\\/produktas\\\/curasept-biosmalto-baby-kid-strawberry-flavour-fluoride-free-toothpaste\\\/\",\"url\":\"https:\\\/\\\/dentisteshop.lt\\\/produktas\\\/curasept-biosmalto-baby-kid-strawberry-flavour-fluoride-free-toothpaste\\\/\",\"name\":\"CURASEPT BIOSMALTO BABY-KID STRAWBERRY FLAVOUR FLUORIDE-FREE TOOTHPASTE - Dentiste\",\"isPartOf\":{\"@id\":\"https:\\\/\\\/dentisteshop.lt\\\/#website\"},\"primaryImageOfPage\":{\"@id\":\"https:\\\/\\\/dentisteshop.lt\\\/produktas\\\/curasept-biosmalto-baby-kid-strawberry-flavour-fluoride-free-toothpaste\\\/#primaryimage\"},\"image\":{\"@id\":\"https:\\\/\\\/dentisteshop.lt\\\/produktas\\\/curasept-biosmalto-baby-kid-strawberry-flavour-fluoride-free-toothpaste\\\/#primaryimage\"},\"thumbnailUrl\":\"\\\/wp-content\\\/uploads\\\/2022\\\/09\\\/Curasept-Biosmalto-Baby-Kid-Strawberry-BE-FLUORO.jpg\",\"datePublished\":\"2021-08-09T14:08:57+00:00\",\"breadcrumb\":{\"@id\":\"https:\\\/\\\/dentisteshop.lt\\\/produktas\\\/curasept-biosmalto-baby-kid-strawberry-flavour-fluoride-free-toothpaste\\\/#breadcrumb\"},\"inLanguage\":\"en-US\",\"potentialAction\":[{\"@type\":\"ReadAction\",\"target\":[\"https:\\\/\\\/dentisteshop.lt\\\/produktas\\\/curasept-biosmalto-baby-kid-strawberry-flavour-fluoride-free-toothpaste\\\/\"]}]},{\"@type\":\"ImageObject\",\"inLanguage\":\"en-US\",\"@id\":\"https:\\\/\\\/dentisteshop.lt\\\/produktas\\\/curasept-biosmalto-baby-kid-strawberry-flavour-fluoride-free-toothpaste\\\/#primaryimage\",\"url\":\"\\\/wp-content\\\/uploads\\\/2022\\\/09\\\/Curasept-Biosmalto-Baby-Kid-Strawberry-BE-FLUORO.jpg\",\"contentUrl\":\"\\\/wp-content\\\/uploads\\\/2022\\\/09\\\/Curasept-Biosmalto-Baby-Kid-Strawberry-BE-FLUORO.jpg\",\"width\":1000,\"height\":1000},{\"@type\":\"BreadcrumbList\",\"@id\":\"https:\\\/\\\/dentisteshop.lt\\\/produktas\\\/curasept-biosmalto-baby-kid-strawberry-flavour-fluoride-free-toothpaste\\\/#breadcrumb\",\"itemListElement\":[{\"@type\":\"ListItem\",\"position\":1,\"name\":\"Home\",\"item\":\"https:\\\/\\\/dentisteshop.lt\\\/\"},{\"@type\":\"ListItem\",\"position\":2,\"name\":\"Shop\",\"item\":\"https:\\\/\\\/dentisteshop.lt\\\/en\\\/shop\\\/\"},{\"@type\":\"ListItem\",\"position\":3,\"name\":\"CURASEPT BIOSMALTO BABY-KID STRAWBERRY FLAVOUR FLUORIDE-FREE TOOTHPASTE\"}]},{\"@type\":\"WebSite\",\"@id\":\"https:\\\/\\\/dentisteshop.lt\\\/#website\",\"url\":\"https:\\\/\\\/dentisteshop.lt\\\/\",\"name\":\"Dentiste\",\"description\":\"Burnos prie\u017ei\u016bros priemon\u0117s internetu\",\"publisher\":{\"@id\":\"https:\\\/\\\/dentisteshop.lt\\\/#organization\"},\"potentialAction\":[{\"@type\":\"SearchAction\",\"target\":{\"@type\":\"EntryPoint\",\"urlTemplate\":\"https:\\\/\\\/dentisteshop.lt\\\/?s={search_term_string}\"},\"query-input\":{\"@type\":\"PropertyValueSpecification\",\"valueRequired\":true,\"valueName\":\"search_term_string\"}}],\"inLanguage\":\"en-US\"},{\"@type\":\"Organization\",\"@id\":\"https:\\\/\\\/dentisteshop.lt\\\/#organization\",\"name\":\"Dentiste\",\"url\":\"https:\\\/\\\/dentisteshop.lt\\\/\",\"logo\":{\"@type\":\"ImageObject\",\"inLanguage\":\"en-US\",\"@id\":\"https:\\\/\\\/dentisteshop.lt\\\/#\\\/schema\\\/logo\\\/image\\\/\",\"url\":\"https:\\\/\\\/dentisteshop.lt\\\/wp-content\\\/uploads\\\/2022\\\/09\\\/New-Project-2.png\",\"contentUrl\":\"https:\\\/\\\/dentisteshop.lt\\\/wp-content\\\/uploads\\\/2022\\\/09\\\/New-Project-2.png\",\"width\":703,\"height\":134,\"caption\":\"Dentiste\"},\"image\":{\"@id\":\"https:\\\/\\\/dentisteshop.lt\\\/#\\\/schema\\\/logo\\\/image\\\/\"},\"sameAs\":[\"https:\\\/\\\/www.facebook.com\\\/DentisteLituanie\",\"https:\\\/\\\/www.instagram.com\\\/klinika_dentiste\\\/\"]}]}<\/script>\n<!-- \/ Yoast SEO plugin. -->","yoast_head_json":{"title":"CURASEPT BIOSMALTO BABY-KID STRAWBERRY FLAVOUR FLUORIDE-FREE TOOTHPASTE - Dentiste","robots":{"index":"index","follow":"follow","max-snippet":"max-snippet:-1","max-image-preview":"max-image-preview:large","max-video-preview":"max-video-preview:-1"},"canonical":"https:\/\/dentisteshop.lt\/produktas\/curasept-biosmalto-baby-kid-strawberry-flavour-fluoride-free-toothpaste\/","og_locale":"en_US","og_type":"article","og_title":"CURASEPT BIOSMALTO BABY-KID STRAWBERRY FLAVOUR FLUORIDE-FREE TOOTHPASTE - Dentiste","og_description":"Fluoride-free, for protection of baby teeth. Strawberry flavour daily treatment toothpaste for babies and children. Best for children from 6 months to 6 years. This method has an international patent \u2013 enriched with magnesium, strontium carbonate, and combined with chitosan and fluorohydroxyapatite, hydroxyapatite remineralizes damaged enamel sites and fills in dentin tubules to maintain strong [&hellip;]","og_url":"https:\/\/dentisteshop.lt\/produktas\/curasept-biosmalto-baby-kid-strawberry-flavour-fluoride-free-toothpaste\/","og_site_name":"Dentiste","article_publisher":"https:\/\/www.facebook.com\/DentisteLituanie","twitter_card":"summary_large_image","schema":{"@context":"https:\/\/schema.org","@graph":[{"@type":"WebPage","@id":"https:\/\/dentisteshop.lt\/produktas\/curasept-biosmalto-baby-kid-strawberry-flavour-fluoride-free-toothpaste\/","url":"https:\/\/dentisteshop.lt\/produktas\/curasept-biosmalto-baby-kid-strawberry-flavour-fluoride-free-toothpaste\/","name":"CURASEPT BIOSMALTO BABY-KID STRAWBERRY FLAVOUR FLUORIDE-FREE TOOTHPASTE - Dentiste","isPartOf":{"@id":"https:\/\/dentisteshop.lt\/#website"},"primaryImageOfPage":{"@id":"https:\/\/dentisteshop.lt\/produktas\/curasept-biosmalto-baby-kid-strawberry-flavour-fluoride-free-toothpaste\/#primaryimage"},"image":{"@id":"https:\/\/dentisteshop.lt\/produktas\/curasept-biosmalto-baby-kid-strawberry-flavour-fluoride-free-toothpaste\/#primaryimage"},"thumbnailUrl":"\/wp-content\/uploads\/2022\/09\/Curasept-Biosmalto-Baby-Kid-Strawberry-BE-FLUORO.jpg","datePublished":"2021-08-09T14:08:57+00:00","breadcrumb":{"@id":"https:\/\/dentisteshop.lt\/produktas\/curasept-biosmalto-baby-kid-strawberry-flavour-fluoride-free-toothpaste\/#breadcrumb"},"inLanguage":"en-US","potentialAction":[{"@type":"ReadAction","target":["https:\/\/dentisteshop.lt\/produktas\/curasept-biosmalto-baby-kid-strawberry-flavour-fluoride-free-toothpaste\/"]}]},{"@type":"ImageObject","inLanguage":"en-US","@id":"https:\/\/dentisteshop.lt\/produktas\/curasept-biosmalto-baby-kid-strawberry-flavour-fluoride-free-toothpaste\/#primaryimage","url":"\/wp-content\/uploads\/2022\/09\/Curasept-Biosmalto-Baby-Kid-Strawberry-BE-FLUORO.jpg","contentUrl":"\/wp-content\/uploads\/2022\/09\/Curasept-Biosmalto-Baby-Kid-Strawberry-BE-FLUORO.jpg","width":1000,"height":1000},{"@type":"BreadcrumbList","@id":"https:\/\/dentisteshop.lt\/produktas\/curasept-biosmalto-baby-kid-strawberry-flavour-fluoride-free-toothpaste\/#breadcrumb","itemListElement":[{"@type":"ListItem","position":1,"name":"Home","item":"https:\/\/dentisteshop.lt\/"},{"@type":"ListItem","position":2,"name":"Shop","item":"https:\/\/dentisteshop.lt\/en\/shop\/"},{"@type":"ListItem","position":3,"name":"CURASEPT BIOSMALTO BABY-KID STRAWBERRY FLAVOUR FLUORIDE-FREE TOOTHPASTE"}]},{"@type":"WebSite","@id":"https:\/\/dentisteshop.lt\/#website","url":"https:\/\/dentisteshop.lt\/","name":"Dentiste","description":"Burnos prie\u017ei\u016bros priemon\u0117s internetu","publisher":{"@id":"https:\/\/dentisteshop.lt\/#organization"},"potentialAction":[{"@type":"SearchAction","target":{"@type":"EntryPoint","urlTemplate":"https:\/\/dentisteshop.lt\/?s={search_term_string}"},"query-input":{"@type":"PropertyValueSpecification","valueRequired":true,"valueName":"search_term_string"}}],"inLanguage":"en-US"},{"@type":"Organization","@id":"https:\/\/dentisteshop.lt\/#organization","name":"Dentiste","url":"https:\/\/dentisteshop.lt\/","logo":{"@type":"ImageObject","inLanguage":"en-US","@id":"https:\/\/dentisteshop.lt\/#\/schema\/logo\/image\/","url":"https:\/\/dentisteshop.lt\/wp-content\/uploads\/2022\/09\/New-Project-2.png","contentUrl":"https:\/\/dentisteshop.lt\/wp-content\/uploads\/2022\/09\/New-Project-2.png","width":703,"height":134,"caption":"Dentiste"},"image":{"@id":"https:\/\/dentisteshop.lt\/#\/schema\/logo\/image\/"},"sameAs":["https:\/\/www.facebook.com\/DentisteLituanie","https:\/\/www.instagram.com\/klinika_dentiste\/"]}]}},"_links":{"self":[{"href":"https:\/\/dentisteshop.lt\/en\/wp-json\/wp\/v2\/product\/9898","targetHints":{"allow":["GET"]}}],"collection":[{"href":"https:\/\/dentisteshop.lt\/en\/wp-json\/wp\/v2\/product"}],"about":[{"href":"https:\/\/dentisteshop.lt\/en\/wp-json\/wp\/v2\/types\/product"}],"wp:featuredmedia":[{"embeddable":true,"href":"https:\/\/dentisteshop.lt\/en\/wp-json\/wp\/v2\/media\/8353"}],"wp:attachment":[{"href":"https:\/\/dentisteshop.lt\/en\/wp-json\/wp\/v2\/media?parent=9898"}],"wp:term":[{"taxonomy":"product_brand","embeddable":true,"href":"https:\/\/dentisteshop.lt\/en\/wp-json\/wp\/v2\/product_brand?post=9898"},{"taxonomy":"product_cat","embeddable":true,"href":"https:\/\/dentisteshop.lt\/en\/wp-json\/wp\/v2\/product_cat?post=9898"},{"taxonomy":"product_tag","embeddable":true,"href":"https:\/\/dentisteshop.lt\/en\/wp-json\/wp\/v2\/product_tag?post=9898"}],"curies":[{"name":"wp","href":"https:\/\/api.w.org\/{rel}","templated":true}]}}