{"id":9897,"date":"2022-01-11T08:59:28","date_gmt":"2022-01-11T06:59:28","guid":{"rendered":"https:\/\/dentisteshop.lt\/produktas\/curasept-biosmalto-baby-kid-strawberry-flavour-toothpaste-with-fluoride\/"},"modified":"2026-01-12T22:11:39","modified_gmt":"2026-01-12T20:11:39","slug":"curasept-biosmalto-baby-kid-strawberry-flavour-toothpaste-with-fluoride","status":"publish","type":"product","link":"https:\/\/dentisteshop.lt\/en\/produktas\/curasept-biosmalto-baby-kid-strawberry-flavour-toothpaste-with-fluoride\/","title":{"rendered":"CURASEPT BIOSMALTO BABY-KID STRAWBERRY FLAVOUR TOOTHPASTE WITH FLUORIDE"},"content":{"rendered":"<p class=\"p1\"><i>For protection of baby teeth, with 1000 ppm fluoride content.<\/i><\/p>\n<p class=\"p1\">Strawberry flavour daily treatment toothpaste for babies and children. Best for children from 6 months to 6 years.<\/p>\n<p class=\"p2\">This method has an international patent \u2013 enriched with magnesium, strontium carbonate, and combined with chitosan and fluorohydroxyapatite, hydroxyapatite remineralizes damaged enamel sites and fills in dentin tubules to maintain strong and healthy teeth.<\/p>\n<ul class=\"ul1\">\n<li class=\"li3\">&lt;&lt;30 RDA<span class=\"Apple-converted-space\"> <\/span><\/li>\n<\/ul>\n","protected":false},"excerpt":{"rendered":"<p>For protection of baby teeth, with 1000 ppm fluoride content. Strawberry flavour daily treatment toothpaste for babies and children. Best for children from 6 months to 6 years. This method has an international patent \u2013 enriched with magnesium, strontium carbonate, and combined with chitosan and fluorohydroxyapatite, hydroxyapatite remineralizes damaged enamel sites and fills in dentin [&hellip;]<\/p>\n","protected":false},"featured_media":8353,"template":"","meta":{"inline_featured_image":false},"product_brand":[],"product_cat":[180],"product_tag":[],"class_list":{"0":"post-9897","1":"product","2":"type-product","3":"status-publish","4":"has-post-thumbnail","6":"product_cat-toothpastes","8":"first","9":"instock","10":"shipping-taxable","11":"purchasable","12":"product-type-simple"},"yoast_head":"<!-- This site is optimized with the Yoast SEO plugin v27.3 - https:\/\/yoast.com\/product\/yoast-seo-wordpress\/ -->\n<title>CURASEPT BIOSMALTO BABY-KID STRAWBERRY FLAVOUR TOOTHPASTE WITH FLUORIDE - Dentiste<\/title>\n<meta name=\"robots\" content=\"index, follow, max-snippet:-1, max-image-preview:large, max-video-preview:-1\" \/>\n<link rel=\"canonical\" href=\"https:\/\/dentisteshop.lt\/en\/produktas\/curasept-biosmalto-baby-kid-strawberry-flavour-toothpaste-with-fluoride\/\" \/>\n<meta property=\"og:locale\" content=\"en_US\" \/>\n<meta property=\"og:type\" content=\"article\" \/>\n<meta property=\"og:title\" content=\"CURASEPT BIOSMALTO BABY-KID STRAWBERRY FLAVOUR TOOTHPASTE WITH FLUORIDE - Dentiste\" \/>\n<meta property=\"og:description\" content=\"For protection of baby teeth, with 1000 ppm fluoride content. Strawberry flavour daily treatment toothpaste for babies and children. Best for children from 6 months to 6 years. This method has an international patent \u2013 enriched with magnesium, strontium carbonate, and combined with chitosan and fluorohydroxyapatite, hydroxyapatite remineralizes damaged enamel sites and fills in dentin [&hellip;]\" \/>\n<meta property=\"og:url\" content=\"https:\/\/dentisteshop.lt\/en\/produktas\/curasept-biosmalto-baby-kid-strawberry-flavour-toothpaste-with-fluoride\/\" \/>\n<meta property=\"og:site_name\" content=\"Dentiste\" \/>\n<meta property=\"article:publisher\" content=\"https:\/\/www.facebook.com\/DentisteLituanie\" \/>\n<meta property=\"article:modified_time\" content=\"2026-01-12T20:11:39+00:00\" \/>\n<meta property=\"og:image\" content=\"https:\/\/dentisteshop.lt\/wp-content\/uploads\/2022\/09\/Curasept-Biosmalto-Baby-Kid-Strawberry-BE-FLUORO.jpg\" \/>\n\t<meta property=\"og:image:width\" content=\"1000\" \/>\n\t<meta property=\"og:image:height\" content=\"1000\" \/>\n\t<meta property=\"og:image:type\" content=\"image\/jpeg\" \/>\n<meta name=\"twitter:card\" content=\"summary_large_image\" \/>\n<script type=\"application\/ld+json\" class=\"yoast-schema-graph\">{\"@context\":\"https:\\\/\\\/schema.org\",\"@graph\":[{\"@type\":\"WebPage\",\"@id\":\"https:\\\/\\\/dentisteshop.lt\\\/en\\\/produktas\\\/curasept-biosmalto-baby-kid-strawberry-flavour-toothpaste-with-fluoride\\\/\",\"url\":\"https:\\\/\\\/dentisteshop.lt\\\/en\\\/produktas\\\/curasept-biosmalto-baby-kid-strawberry-flavour-toothpaste-with-fluoride\\\/\",\"name\":\"CURASEPT BIOSMALTO BABY-KID STRAWBERRY FLAVOUR TOOTHPASTE WITH FLUORIDE - Dentiste\",\"isPartOf\":{\"@id\":\"https:\\\/\\\/dentisteshop.lt\\\/#website\"},\"primaryImageOfPage\":{\"@id\":\"https:\\\/\\\/dentisteshop.lt\\\/en\\\/produktas\\\/curasept-biosmalto-baby-kid-strawberry-flavour-toothpaste-with-fluoride\\\/#primaryimage\"},\"image\":{\"@id\":\"https:\\\/\\\/dentisteshop.lt\\\/en\\\/produktas\\\/curasept-biosmalto-baby-kid-strawberry-flavour-toothpaste-with-fluoride\\\/#primaryimage\"},\"thumbnailUrl\":\"\\\/wp-content\\\/uploads\\\/2022\\\/09\\\/Curasept-Biosmalto-Baby-Kid-Strawberry-BE-FLUORO.jpg\",\"datePublished\":\"2022-01-11T06:59:28+00:00\",\"dateModified\":\"2026-01-12T20:11:39+00:00\",\"breadcrumb\":{\"@id\":\"https:\\\/\\\/dentisteshop.lt\\\/en\\\/produktas\\\/curasept-biosmalto-baby-kid-strawberry-flavour-toothpaste-with-fluoride\\\/#breadcrumb\"},\"inLanguage\":\"en-US\",\"potentialAction\":[{\"@type\":\"ReadAction\",\"target\":[\"https:\\\/\\\/dentisteshop.lt\\\/en\\\/produktas\\\/curasept-biosmalto-baby-kid-strawberry-flavour-toothpaste-with-fluoride\\\/\"]}]},{\"@type\":\"ImageObject\",\"inLanguage\":\"en-US\",\"@id\":\"https:\\\/\\\/dentisteshop.lt\\\/en\\\/produktas\\\/curasept-biosmalto-baby-kid-strawberry-flavour-toothpaste-with-fluoride\\\/#primaryimage\",\"url\":\"\\\/wp-content\\\/uploads\\\/2022\\\/09\\\/Curasept-Biosmalto-Baby-Kid-Strawberry-BE-FLUORO.jpg\",\"contentUrl\":\"\\\/wp-content\\\/uploads\\\/2022\\\/09\\\/Curasept-Biosmalto-Baby-Kid-Strawberry-BE-FLUORO.jpg\",\"width\":1000,\"height\":1000},{\"@type\":\"BreadcrumbList\",\"@id\":\"https:\\\/\\\/dentisteshop.lt\\\/en\\\/produktas\\\/curasept-biosmalto-baby-kid-strawberry-flavour-toothpaste-with-fluoride\\\/#breadcrumb\",\"itemListElement\":[{\"@type\":\"ListItem\",\"position\":1,\"name\":\"Home\",\"item\":\"https:\\\/\\\/dentisteshop.lt\\\/\"},{\"@type\":\"ListItem\",\"position\":2,\"name\":\"Shop\",\"item\":\"https:\\\/\\\/dentisteshop.lt\\\/en\\\/shop\\\/\"},{\"@type\":\"ListItem\",\"position\":3,\"name\":\"CURASEPT BIOSMALTO BABY-KID STRAWBERRY FLAVOUR TOOTHPASTE WITH FLUORIDE\"}]},{\"@type\":\"WebSite\",\"@id\":\"https:\\\/\\\/dentisteshop.lt\\\/#website\",\"url\":\"https:\\\/\\\/dentisteshop.lt\\\/\",\"name\":\"Dentiste\",\"description\":\"Burnos prie\u017ei\u016bros priemon\u0117s internetu\",\"publisher\":{\"@id\":\"https:\\\/\\\/dentisteshop.lt\\\/#organization\"},\"potentialAction\":[{\"@type\":\"SearchAction\",\"target\":{\"@type\":\"EntryPoint\",\"urlTemplate\":\"https:\\\/\\\/dentisteshop.lt\\\/?s={search_term_string}\"},\"query-input\":{\"@type\":\"PropertyValueSpecification\",\"valueRequired\":true,\"valueName\":\"search_term_string\"}}],\"inLanguage\":\"en-US\"},{\"@type\":\"Organization\",\"@id\":\"https:\\\/\\\/dentisteshop.lt\\\/#organization\",\"name\":\"Dentiste\",\"url\":\"https:\\\/\\\/dentisteshop.lt\\\/\",\"logo\":{\"@type\":\"ImageObject\",\"inLanguage\":\"en-US\",\"@id\":\"https:\\\/\\\/dentisteshop.lt\\\/#\\\/schema\\\/logo\\\/image\\\/\",\"url\":\"https:\\\/\\\/dentisteshop.lt\\\/wp-content\\\/uploads\\\/2022\\\/09\\\/New-Project-2.png\",\"contentUrl\":\"https:\\\/\\\/dentisteshop.lt\\\/wp-content\\\/uploads\\\/2022\\\/09\\\/New-Project-2.png\",\"width\":703,\"height\":134,\"caption\":\"Dentiste\"},\"image\":{\"@id\":\"https:\\\/\\\/dentisteshop.lt\\\/#\\\/schema\\\/logo\\\/image\\\/\"},\"sameAs\":[\"https:\\\/\\\/www.facebook.com\\\/DentisteLituanie\",\"https:\\\/\\\/www.instagram.com\\\/klinika_dentiste\\\/\"]}]}<\/script>\n<!-- \/ Yoast SEO plugin. -->","yoast_head_json":{"title":"CURASEPT BIOSMALTO BABY-KID STRAWBERRY FLAVOUR TOOTHPASTE WITH FLUORIDE - Dentiste","robots":{"index":"index","follow":"follow","max-snippet":"max-snippet:-1","max-image-preview":"max-image-preview:large","max-video-preview":"max-video-preview:-1"},"canonical":"https:\/\/dentisteshop.lt\/en\/produktas\/curasept-biosmalto-baby-kid-strawberry-flavour-toothpaste-with-fluoride\/","og_locale":"en_US","og_type":"article","og_title":"CURASEPT BIOSMALTO BABY-KID STRAWBERRY FLAVOUR TOOTHPASTE WITH FLUORIDE - Dentiste","og_description":"For protection of baby teeth, with 1000 ppm fluoride content. Strawberry flavour daily treatment toothpaste for babies and children. Best for children from 6 months to 6 years. This method has an international patent \u2013 enriched with magnesium, strontium carbonate, and combined with chitosan and fluorohydroxyapatite, hydroxyapatite remineralizes damaged enamel sites and fills in dentin [&hellip;]","og_url":"https:\/\/dentisteshop.lt\/en\/produktas\/curasept-biosmalto-baby-kid-strawberry-flavour-toothpaste-with-fluoride\/","og_site_name":"Dentiste","article_publisher":"https:\/\/www.facebook.com\/DentisteLituanie","article_modified_time":"2026-01-12T20:11:39+00:00","og_image":[{"width":1000,"height":1000,"url":"https:\/\/dentisteshop.lt\/wp-content\/uploads\/2022\/09\/Curasept-Biosmalto-Baby-Kid-Strawberry-BE-FLUORO.jpg","type":"image\/jpeg"}],"twitter_card":"summary_large_image","schema":{"@context":"https:\/\/schema.org","@graph":[{"@type":"WebPage","@id":"https:\/\/dentisteshop.lt\/en\/produktas\/curasept-biosmalto-baby-kid-strawberry-flavour-toothpaste-with-fluoride\/","url":"https:\/\/dentisteshop.lt\/en\/produktas\/curasept-biosmalto-baby-kid-strawberry-flavour-toothpaste-with-fluoride\/","name":"CURASEPT BIOSMALTO BABY-KID STRAWBERRY FLAVOUR TOOTHPASTE WITH FLUORIDE - Dentiste","isPartOf":{"@id":"https:\/\/dentisteshop.lt\/#website"},"primaryImageOfPage":{"@id":"https:\/\/dentisteshop.lt\/en\/produktas\/curasept-biosmalto-baby-kid-strawberry-flavour-toothpaste-with-fluoride\/#primaryimage"},"image":{"@id":"https:\/\/dentisteshop.lt\/en\/produktas\/curasept-biosmalto-baby-kid-strawberry-flavour-toothpaste-with-fluoride\/#primaryimage"},"thumbnailUrl":"\/wp-content\/uploads\/2022\/09\/Curasept-Biosmalto-Baby-Kid-Strawberry-BE-FLUORO.jpg","datePublished":"2022-01-11T06:59:28+00:00","dateModified":"2026-01-12T20:11:39+00:00","breadcrumb":{"@id":"https:\/\/dentisteshop.lt\/en\/produktas\/curasept-biosmalto-baby-kid-strawberry-flavour-toothpaste-with-fluoride\/#breadcrumb"},"inLanguage":"en-US","potentialAction":[{"@type":"ReadAction","target":["https:\/\/dentisteshop.lt\/en\/produktas\/curasept-biosmalto-baby-kid-strawberry-flavour-toothpaste-with-fluoride\/"]}]},{"@type":"ImageObject","inLanguage":"en-US","@id":"https:\/\/dentisteshop.lt\/en\/produktas\/curasept-biosmalto-baby-kid-strawberry-flavour-toothpaste-with-fluoride\/#primaryimage","url":"\/wp-content\/uploads\/2022\/09\/Curasept-Biosmalto-Baby-Kid-Strawberry-BE-FLUORO.jpg","contentUrl":"\/wp-content\/uploads\/2022\/09\/Curasept-Biosmalto-Baby-Kid-Strawberry-BE-FLUORO.jpg","width":1000,"height":1000},{"@type":"BreadcrumbList","@id":"https:\/\/dentisteshop.lt\/en\/produktas\/curasept-biosmalto-baby-kid-strawberry-flavour-toothpaste-with-fluoride\/#breadcrumb","itemListElement":[{"@type":"ListItem","position":1,"name":"Home","item":"https:\/\/dentisteshop.lt\/"},{"@type":"ListItem","position":2,"name":"Shop","item":"https:\/\/dentisteshop.lt\/en\/shop\/"},{"@type":"ListItem","position":3,"name":"CURASEPT BIOSMALTO BABY-KID STRAWBERRY FLAVOUR TOOTHPASTE WITH FLUORIDE"}]},{"@type":"WebSite","@id":"https:\/\/dentisteshop.lt\/#website","url":"https:\/\/dentisteshop.lt\/","name":"Dentiste","description":"Burnos prie\u017ei\u016bros priemon\u0117s internetu","publisher":{"@id":"https:\/\/dentisteshop.lt\/#organization"},"potentialAction":[{"@type":"SearchAction","target":{"@type":"EntryPoint","urlTemplate":"https:\/\/dentisteshop.lt\/?s={search_term_string}"},"query-input":{"@type":"PropertyValueSpecification","valueRequired":true,"valueName":"search_term_string"}}],"inLanguage":"en-US"},{"@type":"Organization","@id":"https:\/\/dentisteshop.lt\/#organization","name":"Dentiste","url":"https:\/\/dentisteshop.lt\/","logo":{"@type":"ImageObject","inLanguage":"en-US","@id":"https:\/\/dentisteshop.lt\/#\/schema\/logo\/image\/","url":"https:\/\/dentisteshop.lt\/wp-content\/uploads\/2022\/09\/New-Project-2.png","contentUrl":"https:\/\/dentisteshop.lt\/wp-content\/uploads\/2022\/09\/New-Project-2.png","width":703,"height":134,"caption":"Dentiste"},"image":{"@id":"https:\/\/dentisteshop.lt\/#\/schema\/logo\/image\/"},"sameAs":["https:\/\/www.facebook.com\/DentisteLituanie","https:\/\/www.instagram.com\/klinika_dentiste\/"]}]}},"_links":{"self":[{"href":"https:\/\/dentisteshop.lt\/en\/wp-json\/wp\/v2\/product\/9897","targetHints":{"allow":["GET"]}}],"collection":[{"href":"https:\/\/dentisteshop.lt\/en\/wp-json\/wp\/v2\/product"}],"about":[{"href":"https:\/\/dentisteshop.lt\/en\/wp-json\/wp\/v2\/types\/product"}],"wp:featuredmedia":[{"embeddable":true,"href":"https:\/\/dentisteshop.lt\/en\/wp-json\/wp\/v2\/media\/8353"}],"wp:attachment":[{"href":"https:\/\/dentisteshop.lt\/en\/wp-json\/wp\/v2\/media?parent=9897"}],"wp:term":[{"taxonomy":"product_brand","embeddable":true,"href":"https:\/\/dentisteshop.lt\/en\/wp-json\/wp\/v2\/product_brand?post=9897"},{"taxonomy":"product_cat","embeddable":true,"href":"https:\/\/dentisteshop.lt\/en\/wp-json\/wp\/v2\/product_cat?post=9897"},{"taxonomy":"product_tag","embeddable":true,"href":"https:\/\/dentisteshop.lt\/en\/wp-json\/wp\/v2\/product_tag?post=9897"}],"curies":[{"name":"wp","href":"https:\/\/api.w.org\/{rel}","templated":true}]}}