{"id":9896,"date":"2021-08-09T16:03:59","date_gmt":"2021-08-09T14:03:59","guid":{"rendered":"https:\/\/dentisteshop.lt\/produktas\/curasept-biosmalto-sensitive-teeth-daily-treatment-tothpaste\/"},"modified":"2026-01-12T22:11:31","modified_gmt":"2026-01-12T20:11:31","slug":"curasept-biosmalto-sensitive-teeth-daily-treatment-tothpaste","status":"publish","type":"product","link":"https:\/\/dentisteshop.lt\/en\/produktas\/curasept-biosmalto-sensitive-teeth-daily-treatment-tothpaste\/","title":{"rendered":"CURASEPT BIOSMALTO SENSITIVE TEETH DAILY TREATMENT TOTHPASTE"},"content":{"rendered":"<p class=\"p1\"><i>Long-term protection for sensitive teeth and remineralisation.<\/i><\/p>\n<p class=\"p1\">It contains the original Italian formula of Biosmalto, which protects and remineralises damaged enamel and dentin by releasing lost substances to the lesions. It is very efficient in providing a rapid desensitising effect. It encircles the unprotected dental canals.<\/p>\n<p class=\"p1\">Regular use provides long-term protection against sensitivity &#8211; the lost minerals are replenished and the sensitivity is reduced.<\/p>\n<ul class=\"ul1\">\n<li class=\"li1\">Fluoride content: 1450ppm<\/li>\n<li class=\"li1\">RDA &lt;15<\/li>\n<\/ul>\n","protected":false},"excerpt":{"rendered":"<p>Long-term protection for sensitive teeth and remineralisation. It contains the original Italian formula of Biosmalto, which protects and remineralises damaged enamel and dentin by releasing lost substances to the lesions. It is very efficient in providing a rapid desensitising effect. It encircles the unprotected dental canals. Regular use provides long-term protection against sensitivity &#8211; the [&hellip;]<\/p>\n","protected":false},"featured_media":8300,"template":"","meta":{"inline_featured_image":false},"product_brand":[],"product_cat":[180],"product_tag":[],"class_list":{"0":"post-9896","1":"product","2":"type-product","3":"status-publish","4":"has-post-thumbnail","6":"product_cat-toothpastes","8":"first","9":"instock","10":"shipping-taxable","11":"purchasable","12":"product-type-simple"},"yoast_head":"<!-- This site is optimized with the Yoast SEO plugin v27.3 - https:\/\/yoast.com\/product\/yoast-seo-wordpress\/ -->\n<title>CURASEPT BIOSMALTO SENSITIVE TEETH DAILY TREATMENT TOTHPASTE - Dentiste<\/title>\n<meta name=\"robots\" content=\"index, follow, max-snippet:-1, max-image-preview:large, max-video-preview:-1\" \/>\n<link rel=\"canonical\" href=\"https:\/\/dentisteshop.lt\/en\/produktas\/curasept-biosmalto-sensitive-teeth-daily-treatment-tothpaste\/\" \/>\n<meta property=\"og:locale\" content=\"en_US\" \/>\n<meta property=\"og:type\" content=\"article\" \/>\n<meta property=\"og:title\" content=\"CURASEPT BIOSMALTO SENSITIVE TEETH DAILY TREATMENT TOTHPASTE - Dentiste\" \/>\n<meta property=\"og:description\" content=\"Long-term protection for sensitive teeth and remineralisation. It contains the original Italian formula of Biosmalto, which protects and remineralises damaged enamel and dentin by releasing lost substances to the lesions. It is very efficient in providing a rapid desensitising effect. It encircles the unprotected dental canals. Regular use provides long-term protection against sensitivity &#8211; the [&hellip;]\" \/>\n<meta property=\"og:url\" content=\"https:\/\/dentisteshop.lt\/en\/produktas\/curasept-biosmalto-sensitive-teeth-daily-treatment-tothpaste\/\" \/>\n<meta property=\"og:site_name\" content=\"Dentiste\" \/>\n<meta property=\"article:publisher\" content=\"https:\/\/www.facebook.com\/DentisteLituanie\" \/>\n<meta property=\"article:modified_time\" content=\"2026-01-12T20:11:31+00:00\" \/>\n<meta property=\"og:image\" content=\"https:\/\/dentisteshop.lt\/wp-content\/uploads\/2022\/09\/Curasept-Biosmalto-Sensitive-1.jpg\" \/>\n\t<meta property=\"og:image:width\" content=\"1000\" \/>\n\t<meta property=\"og:image:height\" content=\"1000\" \/>\n\t<meta property=\"og:image:type\" content=\"image\/jpeg\" \/>\n<meta name=\"twitter:card\" content=\"summary_large_image\" \/>\n<script type=\"application\/ld+json\" class=\"yoast-schema-graph\">{\"@context\":\"https:\\\/\\\/schema.org\",\"@graph\":[{\"@type\":\"WebPage\",\"@id\":\"https:\\\/\\\/dentisteshop.lt\\\/en\\\/produktas\\\/curasept-biosmalto-sensitive-teeth-daily-treatment-tothpaste\\\/\",\"url\":\"https:\\\/\\\/dentisteshop.lt\\\/en\\\/produktas\\\/curasept-biosmalto-sensitive-teeth-daily-treatment-tothpaste\\\/\",\"name\":\"CURASEPT BIOSMALTO SENSITIVE TEETH DAILY TREATMENT TOTHPASTE - Dentiste\",\"isPartOf\":{\"@id\":\"https:\\\/\\\/dentisteshop.lt\\\/#website\"},\"primaryImageOfPage\":{\"@id\":\"https:\\\/\\\/dentisteshop.lt\\\/en\\\/produktas\\\/curasept-biosmalto-sensitive-teeth-daily-treatment-tothpaste\\\/#primaryimage\"},\"image\":{\"@id\":\"https:\\\/\\\/dentisteshop.lt\\\/en\\\/produktas\\\/curasept-biosmalto-sensitive-teeth-daily-treatment-tothpaste\\\/#primaryimage\"},\"thumbnailUrl\":\"\\\/wp-content\\\/uploads\\\/2022\\\/09\\\/Curasept-Biosmalto-Sensitive-1.jpg\",\"datePublished\":\"2021-08-09T14:03:59+00:00\",\"dateModified\":\"2026-01-12T20:11:31+00:00\",\"breadcrumb\":{\"@id\":\"https:\\\/\\\/dentisteshop.lt\\\/en\\\/produktas\\\/curasept-biosmalto-sensitive-teeth-daily-treatment-tothpaste\\\/#breadcrumb\"},\"inLanguage\":\"en-US\",\"potentialAction\":[{\"@type\":\"ReadAction\",\"target\":[\"https:\\\/\\\/dentisteshop.lt\\\/en\\\/produktas\\\/curasept-biosmalto-sensitive-teeth-daily-treatment-tothpaste\\\/\"]}]},{\"@type\":\"ImageObject\",\"inLanguage\":\"en-US\",\"@id\":\"https:\\\/\\\/dentisteshop.lt\\\/en\\\/produktas\\\/curasept-biosmalto-sensitive-teeth-daily-treatment-tothpaste\\\/#primaryimage\",\"url\":\"\\\/wp-content\\\/uploads\\\/2022\\\/09\\\/Curasept-Biosmalto-Sensitive-1.jpg\",\"contentUrl\":\"\\\/wp-content\\\/uploads\\\/2022\\\/09\\\/Curasept-Biosmalto-Sensitive-1.jpg\",\"width\":1000,\"height\":1000},{\"@type\":\"BreadcrumbList\",\"@id\":\"https:\\\/\\\/dentisteshop.lt\\\/en\\\/produktas\\\/curasept-biosmalto-sensitive-teeth-daily-treatment-tothpaste\\\/#breadcrumb\",\"itemListElement\":[{\"@type\":\"ListItem\",\"position\":1,\"name\":\"Home\",\"item\":\"https:\\\/\\\/dentisteshop.lt\\\/\"},{\"@type\":\"ListItem\",\"position\":2,\"name\":\"Shop\",\"item\":\"https:\\\/\\\/dentisteshop.lt\\\/en\\\/shop\\\/\"},{\"@type\":\"ListItem\",\"position\":3,\"name\":\"CURASEPT BIOSMALTO SENSITIVE TEETH DAILY TREATMENT TOTHPASTE\"}]},{\"@type\":\"WebSite\",\"@id\":\"https:\\\/\\\/dentisteshop.lt\\\/#website\",\"url\":\"https:\\\/\\\/dentisteshop.lt\\\/\",\"name\":\"Dentiste\",\"description\":\"Burnos prie\u017ei\u016bros priemon\u0117s internetu\",\"publisher\":{\"@id\":\"https:\\\/\\\/dentisteshop.lt\\\/#organization\"},\"potentialAction\":[{\"@type\":\"SearchAction\",\"target\":{\"@type\":\"EntryPoint\",\"urlTemplate\":\"https:\\\/\\\/dentisteshop.lt\\\/?s={search_term_string}\"},\"query-input\":{\"@type\":\"PropertyValueSpecification\",\"valueRequired\":true,\"valueName\":\"search_term_string\"}}],\"inLanguage\":\"en-US\"},{\"@type\":\"Organization\",\"@id\":\"https:\\\/\\\/dentisteshop.lt\\\/#organization\",\"name\":\"Dentiste\",\"url\":\"https:\\\/\\\/dentisteshop.lt\\\/\",\"logo\":{\"@type\":\"ImageObject\",\"inLanguage\":\"en-US\",\"@id\":\"https:\\\/\\\/dentisteshop.lt\\\/#\\\/schema\\\/logo\\\/image\\\/\",\"url\":\"https:\\\/\\\/dentisteshop.lt\\\/wp-content\\\/uploads\\\/2022\\\/09\\\/New-Project-2.png\",\"contentUrl\":\"https:\\\/\\\/dentisteshop.lt\\\/wp-content\\\/uploads\\\/2022\\\/09\\\/New-Project-2.png\",\"width\":703,\"height\":134,\"caption\":\"Dentiste\"},\"image\":{\"@id\":\"https:\\\/\\\/dentisteshop.lt\\\/#\\\/schema\\\/logo\\\/image\\\/\"},\"sameAs\":[\"https:\\\/\\\/www.facebook.com\\\/DentisteLituanie\",\"https:\\\/\\\/www.instagram.com\\\/klinika_dentiste\\\/\"]}]}<\/script>\n<!-- \/ Yoast SEO plugin. -->","yoast_head_json":{"title":"CURASEPT BIOSMALTO SENSITIVE TEETH DAILY TREATMENT TOTHPASTE - Dentiste","robots":{"index":"index","follow":"follow","max-snippet":"max-snippet:-1","max-image-preview":"max-image-preview:large","max-video-preview":"max-video-preview:-1"},"canonical":"https:\/\/dentisteshop.lt\/en\/produktas\/curasept-biosmalto-sensitive-teeth-daily-treatment-tothpaste\/","og_locale":"en_US","og_type":"article","og_title":"CURASEPT BIOSMALTO SENSITIVE TEETH DAILY TREATMENT TOTHPASTE - Dentiste","og_description":"Long-term protection for sensitive teeth and remineralisation. It contains the original Italian formula of Biosmalto, which protects and remineralises damaged enamel and dentin by releasing lost substances to the lesions. It is very efficient in providing a rapid desensitising effect. It encircles the unprotected dental canals. Regular use provides long-term protection against sensitivity &#8211; the [&hellip;]","og_url":"https:\/\/dentisteshop.lt\/en\/produktas\/curasept-biosmalto-sensitive-teeth-daily-treatment-tothpaste\/","og_site_name":"Dentiste","article_publisher":"https:\/\/www.facebook.com\/DentisteLituanie","article_modified_time":"2026-01-12T20:11:31+00:00","og_image":[{"width":1000,"height":1000,"url":"https:\/\/dentisteshop.lt\/wp-content\/uploads\/2022\/09\/Curasept-Biosmalto-Sensitive-1.jpg","type":"image\/jpeg"}],"twitter_card":"summary_large_image","schema":{"@context":"https:\/\/schema.org","@graph":[{"@type":"WebPage","@id":"https:\/\/dentisteshop.lt\/en\/produktas\/curasept-biosmalto-sensitive-teeth-daily-treatment-tothpaste\/","url":"https:\/\/dentisteshop.lt\/en\/produktas\/curasept-biosmalto-sensitive-teeth-daily-treatment-tothpaste\/","name":"CURASEPT BIOSMALTO SENSITIVE TEETH DAILY TREATMENT TOTHPASTE - Dentiste","isPartOf":{"@id":"https:\/\/dentisteshop.lt\/#website"},"primaryImageOfPage":{"@id":"https:\/\/dentisteshop.lt\/en\/produktas\/curasept-biosmalto-sensitive-teeth-daily-treatment-tothpaste\/#primaryimage"},"image":{"@id":"https:\/\/dentisteshop.lt\/en\/produktas\/curasept-biosmalto-sensitive-teeth-daily-treatment-tothpaste\/#primaryimage"},"thumbnailUrl":"\/wp-content\/uploads\/2022\/09\/Curasept-Biosmalto-Sensitive-1.jpg","datePublished":"2021-08-09T14:03:59+00:00","dateModified":"2026-01-12T20:11:31+00:00","breadcrumb":{"@id":"https:\/\/dentisteshop.lt\/en\/produktas\/curasept-biosmalto-sensitive-teeth-daily-treatment-tothpaste\/#breadcrumb"},"inLanguage":"en-US","potentialAction":[{"@type":"ReadAction","target":["https:\/\/dentisteshop.lt\/en\/produktas\/curasept-biosmalto-sensitive-teeth-daily-treatment-tothpaste\/"]}]},{"@type":"ImageObject","inLanguage":"en-US","@id":"https:\/\/dentisteshop.lt\/en\/produktas\/curasept-biosmalto-sensitive-teeth-daily-treatment-tothpaste\/#primaryimage","url":"\/wp-content\/uploads\/2022\/09\/Curasept-Biosmalto-Sensitive-1.jpg","contentUrl":"\/wp-content\/uploads\/2022\/09\/Curasept-Biosmalto-Sensitive-1.jpg","width":1000,"height":1000},{"@type":"BreadcrumbList","@id":"https:\/\/dentisteshop.lt\/en\/produktas\/curasept-biosmalto-sensitive-teeth-daily-treatment-tothpaste\/#breadcrumb","itemListElement":[{"@type":"ListItem","position":1,"name":"Home","item":"https:\/\/dentisteshop.lt\/"},{"@type":"ListItem","position":2,"name":"Shop","item":"https:\/\/dentisteshop.lt\/en\/shop\/"},{"@type":"ListItem","position":3,"name":"CURASEPT BIOSMALTO SENSITIVE TEETH DAILY TREATMENT TOTHPASTE"}]},{"@type":"WebSite","@id":"https:\/\/dentisteshop.lt\/#website","url":"https:\/\/dentisteshop.lt\/","name":"Dentiste","description":"Burnos prie\u017ei\u016bros priemon\u0117s internetu","publisher":{"@id":"https:\/\/dentisteshop.lt\/#organization"},"potentialAction":[{"@type":"SearchAction","target":{"@type":"EntryPoint","urlTemplate":"https:\/\/dentisteshop.lt\/?s={search_term_string}"},"query-input":{"@type":"PropertyValueSpecification","valueRequired":true,"valueName":"search_term_string"}}],"inLanguage":"en-US"},{"@type":"Organization","@id":"https:\/\/dentisteshop.lt\/#organization","name":"Dentiste","url":"https:\/\/dentisteshop.lt\/","logo":{"@type":"ImageObject","inLanguage":"en-US","@id":"https:\/\/dentisteshop.lt\/#\/schema\/logo\/image\/","url":"https:\/\/dentisteshop.lt\/wp-content\/uploads\/2022\/09\/New-Project-2.png","contentUrl":"https:\/\/dentisteshop.lt\/wp-content\/uploads\/2022\/09\/New-Project-2.png","width":703,"height":134,"caption":"Dentiste"},"image":{"@id":"https:\/\/dentisteshop.lt\/#\/schema\/logo\/image\/"},"sameAs":["https:\/\/www.facebook.com\/DentisteLituanie","https:\/\/www.instagram.com\/klinika_dentiste\/"]}]}},"_links":{"self":[{"href":"https:\/\/dentisteshop.lt\/en\/wp-json\/wp\/v2\/product\/9896","targetHints":{"allow":["GET"]}}],"collection":[{"href":"https:\/\/dentisteshop.lt\/en\/wp-json\/wp\/v2\/product"}],"about":[{"href":"https:\/\/dentisteshop.lt\/en\/wp-json\/wp\/v2\/types\/product"}],"wp:featuredmedia":[{"embeddable":true,"href":"https:\/\/dentisteshop.lt\/en\/wp-json\/wp\/v2\/media\/8300"}],"wp:attachment":[{"href":"https:\/\/dentisteshop.lt\/en\/wp-json\/wp\/v2\/media?parent=9896"}],"wp:term":[{"taxonomy":"product_brand","embeddable":true,"href":"https:\/\/dentisteshop.lt\/en\/wp-json\/wp\/v2\/product_brand?post=9896"},{"taxonomy":"product_cat","embeddable":true,"href":"https:\/\/dentisteshop.lt\/en\/wp-json\/wp\/v2\/product_cat?post=9896"},{"taxonomy":"product_tag","embeddable":true,"href":"https:\/\/dentisteshop.lt\/en\/wp-json\/wp\/v2\/product_tag?post=9896"}],"curies":[{"name":"wp","href":"https:\/\/api.w.org\/{rel}","templated":true}]}}