{"id":9892,"date":"2022-03-09T07:11:47","date_gmt":"2022-03-09T05:11:47","guid":{"rendered":"https:\/\/dentisteshop.lt\/produktas\/boka-tongue-cleaner\/"},"modified":"2026-01-12T22:11:38","modified_gmt":"2026-01-12T20:11:38","slug":"boka-tongue-cleaner","status":"publish","type":"product","link":"https:\/\/dentisteshop.lt\/en\/produktas\/boka-tongue-cleaner\/","title":{"rendered":"BOKA TONGUE CLEANER"},"content":{"rendered":"<p>Stainless steel tongue cleaner. The curved shape of the loop removes build up off the tongue gentry and effectively; it is where the majority of bacteria responsible for bad breath reside.<\/p>\n<p>The Boka brand is guided by the philosophy that the mouth and its care is one of the most important factors in a person&#8217;s health &#8211; the bacteria that accumulate in the mouth are not only the culprits of various inflammatory processes in the body, but are also linked to heart disease, cancer, diabetes, etc.<br \/>\nBoka&#8217;s ingredients are of the highest quality, and the design of the products is simple in the best sense of the word &#8211; uncluttered, but pleasant to the eye.<\/p>\n","protected":false},"excerpt":{"rendered":"<p>Stainless steel tongue cleaner. The curved shape of the loop removes build up off the tongue gentry and effectively; it is where the majority of bacteria responsible for bad breath reside. The Boka brand is guided by the philosophy that the mouth and its care is one of the most important factors in a person&#8217;s [&hellip;]<\/p>\n","protected":false},"featured_media":8496,"template":"","meta":{"inline_featured_image":false},"product_brand":[],"product_cat":[179],"product_tag":[],"class_list":{"0":"post-9892","1":"product","2":"type-product","3":"status-publish","4":"has-post-thumbnail","6":"product_cat-tongue-care","8":"first","9":"instock","10":"shipping-taxable","11":"purchasable","12":"product-type-simple"},"yoast_head":"<!-- This site is optimized with the Yoast SEO plugin v27.3 - https:\/\/yoast.com\/product\/yoast-seo-wordpress\/ -->\n<title>BOKA TONGUE CLEANER - Dentiste<\/title>\n<meta name=\"robots\" content=\"index, follow, max-snippet:-1, max-image-preview:large, max-video-preview:-1\" \/>\n<link rel=\"canonical\" href=\"https:\/\/dentisteshop.lt\/en\/produktas\/boka-tongue-cleaner\/\" \/>\n<meta property=\"og:locale\" content=\"en_US\" \/>\n<meta property=\"og:type\" content=\"article\" \/>\n<meta property=\"og:title\" content=\"BOKA TONGUE CLEANER - Dentiste\" \/>\n<meta property=\"og:description\" content=\"Stainless steel tongue cleaner. The curved shape of the loop removes build up off the tongue gentry and effectively; it is where the majority of bacteria responsible for bad breath reside. The Boka brand is guided by the philosophy that the mouth and its care is one of the most important factors in a person&#8217;s [&hellip;]\" \/>\n<meta property=\"og:url\" content=\"https:\/\/dentisteshop.lt\/en\/produktas\/boka-tongue-cleaner\/\" \/>\n<meta property=\"og:site_name\" content=\"Dentiste\" \/>\n<meta property=\"article:publisher\" content=\"https:\/\/www.facebook.com\/DentisteLituanie\" \/>\n<meta property=\"article:modified_time\" content=\"2026-01-12T20:11:38+00:00\" \/>\n<meta property=\"og:image\" content=\"https:\/\/dentisteshop.lt\/wp-content\/uploads\/2022\/09\/Boka-RasanaTongueCleaner-White_bba853d1-410e-4254-93fa-74307c48467a_540x.png\" \/>\n\t<meta property=\"og:image:width\" content=\"540\" \/>\n\t<meta property=\"og:image:height\" content=\"592\" \/>\n\t<meta property=\"og:image:type\" content=\"image\/png\" \/>\n<meta name=\"twitter:card\" content=\"summary_large_image\" \/>\n<meta name=\"twitter:label1\" content=\"Est. reading time\" \/>\n\t<meta name=\"twitter:data1\" content=\"1 minute\" \/>\n<script type=\"application\/ld+json\" class=\"yoast-schema-graph\">{\"@context\":\"https:\\\/\\\/schema.org\",\"@graph\":[{\"@type\":\"WebPage\",\"@id\":\"https:\\\/\\\/dentisteshop.lt\\\/en\\\/produktas\\\/boka-tongue-cleaner\\\/\",\"url\":\"https:\\\/\\\/dentisteshop.lt\\\/en\\\/produktas\\\/boka-tongue-cleaner\\\/\",\"name\":\"BOKA TONGUE CLEANER - Dentiste\",\"isPartOf\":{\"@id\":\"https:\\\/\\\/dentisteshop.lt\\\/#website\"},\"primaryImageOfPage\":{\"@id\":\"https:\\\/\\\/dentisteshop.lt\\\/en\\\/produktas\\\/boka-tongue-cleaner\\\/#primaryimage\"},\"image\":{\"@id\":\"https:\\\/\\\/dentisteshop.lt\\\/en\\\/produktas\\\/boka-tongue-cleaner\\\/#primaryimage\"},\"thumbnailUrl\":\"\\\/wp-content\\\/uploads\\\/2022\\\/09\\\/Boka-RasanaTongueCleaner-White_bba853d1-410e-4254-93fa-74307c48467a_540x.png\",\"datePublished\":\"2022-03-09T05:11:47+00:00\",\"dateModified\":\"2026-01-12T20:11:38+00:00\",\"breadcrumb\":{\"@id\":\"https:\\\/\\\/dentisteshop.lt\\\/en\\\/produktas\\\/boka-tongue-cleaner\\\/#breadcrumb\"},\"inLanguage\":\"en-US\",\"potentialAction\":[{\"@type\":\"ReadAction\",\"target\":[\"https:\\\/\\\/dentisteshop.lt\\\/en\\\/produktas\\\/boka-tongue-cleaner\\\/\"]}]},{\"@type\":\"ImageObject\",\"inLanguage\":\"en-US\",\"@id\":\"https:\\\/\\\/dentisteshop.lt\\\/en\\\/produktas\\\/boka-tongue-cleaner\\\/#primaryimage\",\"url\":\"\\\/wp-content\\\/uploads\\\/2022\\\/09\\\/Boka-RasanaTongueCleaner-White_bba853d1-410e-4254-93fa-74307c48467a_540x.png\",\"contentUrl\":\"\\\/wp-content\\\/uploads\\\/2022\\\/09\\\/Boka-RasanaTongueCleaner-White_bba853d1-410e-4254-93fa-74307c48467a_540x.png\",\"width\":540,\"height\":592},{\"@type\":\"BreadcrumbList\",\"@id\":\"https:\\\/\\\/dentisteshop.lt\\\/en\\\/produktas\\\/boka-tongue-cleaner\\\/#breadcrumb\",\"itemListElement\":[{\"@type\":\"ListItem\",\"position\":1,\"name\":\"Home\",\"item\":\"https:\\\/\\\/dentisteshop.lt\\\/\"},{\"@type\":\"ListItem\",\"position\":2,\"name\":\"Shop\",\"item\":\"https:\\\/\\\/dentisteshop.lt\\\/en\\\/shop\\\/\"},{\"@type\":\"ListItem\",\"position\":3,\"name\":\"BOKA TONGUE CLEANER\"}]},{\"@type\":\"WebSite\",\"@id\":\"https:\\\/\\\/dentisteshop.lt\\\/#website\",\"url\":\"https:\\\/\\\/dentisteshop.lt\\\/\",\"name\":\"Dentiste\",\"description\":\"Burnos prie\u017ei\u016bros priemon\u0117s internetu\",\"publisher\":{\"@id\":\"https:\\\/\\\/dentisteshop.lt\\\/#organization\"},\"potentialAction\":[{\"@type\":\"SearchAction\",\"target\":{\"@type\":\"EntryPoint\",\"urlTemplate\":\"https:\\\/\\\/dentisteshop.lt\\\/?s={search_term_string}\"},\"query-input\":{\"@type\":\"PropertyValueSpecification\",\"valueRequired\":true,\"valueName\":\"search_term_string\"}}],\"inLanguage\":\"en-US\"},{\"@type\":\"Organization\",\"@id\":\"https:\\\/\\\/dentisteshop.lt\\\/#organization\",\"name\":\"Dentiste\",\"url\":\"https:\\\/\\\/dentisteshop.lt\\\/\",\"logo\":{\"@type\":\"ImageObject\",\"inLanguage\":\"en-US\",\"@id\":\"https:\\\/\\\/dentisteshop.lt\\\/#\\\/schema\\\/logo\\\/image\\\/\",\"url\":\"https:\\\/\\\/dentisteshop.lt\\\/wp-content\\\/uploads\\\/2022\\\/09\\\/New-Project-2.png\",\"contentUrl\":\"https:\\\/\\\/dentisteshop.lt\\\/wp-content\\\/uploads\\\/2022\\\/09\\\/New-Project-2.png\",\"width\":703,\"height\":134,\"caption\":\"Dentiste\"},\"image\":{\"@id\":\"https:\\\/\\\/dentisteshop.lt\\\/#\\\/schema\\\/logo\\\/image\\\/\"},\"sameAs\":[\"https:\\\/\\\/www.facebook.com\\\/DentisteLituanie\",\"https:\\\/\\\/www.instagram.com\\\/klinika_dentiste\\\/\"]}]}<\/script>\n<!-- \/ Yoast SEO plugin. -->","yoast_head_json":{"title":"BOKA TONGUE CLEANER - Dentiste","robots":{"index":"index","follow":"follow","max-snippet":"max-snippet:-1","max-image-preview":"max-image-preview:large","max-video-preview":"max-video-preview:-1"},"canonical":"https:\/\/dentisteshop.lt\/en\/produktas\/boka-tongue-cleaner\/","og_locale":"en_US","og_type":"article","og_title":"BOKA TONGUE CLEANER - Dentiste","og_description":"Stainless steel tongue cleaner. The curved shape of the loop removes build up off the tongue gentry and effectively; it is where the majority of bacteria responsible for bad breath reside. The Boka brand is guided by the philosophy that the mouth and its care is one of the most important factors in a person&#8217;s [&hellip;]","og_url":"https:\/\/dentisteshop.lt\/en\/produktas\/boka-tongue-cleaner\/","og_site_name":"Dentiste","article_publisher":"https:\/\/www.facebook.com\/DentisteLituanie","article_modified_time":"2026-01-12T20:11:38+00:00","og_image":[{"width":540,"height":592,"url":"https:\/\/dentisteshop.lt\/wp-content\/uploads\/2022\/09\/Boka-RasanaTongueCleaner-White_bba853d1-410e-4254-93fa-74307c48467a_540x.png","type":"image\/png"}],"twitter_card":"summary_large_image","twitter_misc":{"Est. reading time":"1 minute"},"schema":{"@context":"https:\/\/schema.org","@graph":[{"@type":"WebPage","@id":"https:\/\/dentisteshop.lt\/en\/produktas\/boka-tongue-cleaner\/","url":"https:\/\/dentisteshop.lt\/en\/produktas\/boka-tongue-cleaner\/","name":"BOKA TONGUE CLEANER - Dentiste","isPartOf":{"@id":"https:\/\/dentisteshop.lt\/#website"},"primaryImageOfPage":{"@id":"https:\/\/dentisteshop.lt\/en\/produktas\/boka-tongue-cleaner\/#primaryimage"},"image":{"@id":"https:\/\/dentisteshop.lt\/en\/produktas\/boka-tongue-cleaner\/#primaryimage"},"thumbnailUrl":"\/wp-content\/uploads\/2022\/09\/Boka-RasanaTongueCleaner-White_bba853d1-410e-4254-93fa-74307c48467a_540x.png","datePublished":"2022-03-09T05:11:47+00:00","dateModified":"2026-01-12T20:11:38+00:00","breadcrumb":{"@id":"https:\/\/dentisteshop.lt\/en\/produktas\/boka-tongue-cleaner\/#breadcrumb"},"inLanguage":"en-US","potentialAction":[{"@type":"ReadAction","target":["https:\/\/dentisteshop.lt\/en\/produktas\/boka-tongue-cleaner\/"]}]},{"@type":"ImageObject","inLanguage":"en-US","@id":"https:\/\/dentisteshop.lt\/en\/produktas\/boka-tongue-cleaner\/#primaryimage","url":"\/wp-content\/uploads\/2022\/09\/Boka-RasanaTongueCleaner-White_bba853d1-410e-4254-93fa-74307c48467a_540x.png","contentUrl":"\/wp-content\/uploads\/2022\/09\/Boka-RasanaTongueCleaner-White_bba853d1-410e-4254-93fa-74307c48467a_540x.png","width":540,"height":592},{"@type":"BreadcrumbList","@id":"https:\/\/dentisteshop.lt\/en\/produktas\/boka-tongue-cleaner\/#breadcrumb","itemListElement":[{"@type":"ListItem","position":1,"name":"Home","item":"https:\/\/dentisteshop.lt\/"},{"@type":"ListItem","position":2,"name":"Shop","item":"https:\/\/dentisteshop.lt\/en\/shop\/"},{"@type":"ListItem","position":3,"name":"BOKA TONGUE CLEANER"}]},{"@type":"WebSite","@id":"https:\/\/dentisteshop.lt\/#website","url":"https:\/\/dentisteshop.lt\/","name":"Dentiste","description":"Burnos prie\u017ei\u016bros priemon\u0117s internetu","publisher":{"@id":"https:\/\/dentisteshop.lt\/#organization"},"potentialAction":[{"@type":"SearchAction","target":{"@type":"EntryPoint","urlTemplate":"https:\/\/dentisteshop.lt\/?s={search_term_string}"},"query-input":{"@type":"PropertyValueSpecification","valueRequired":true,"valueName":"search_term_string"}}],"inLanguage":"en-US"},{"@type":"Organization","@id":"https:\/\/dentisteshop.lt\/#organization","name":"Dentiste","url":"https:\/\/dentisteshop.lt\/","logo":{"@type":"ImageObject","inLanguage":"en-US","@id":"https:\/\/dentisteshop.lt\/#\/schema\/logo\/image\/","url":"https:\/\/dentisteshop.lt\/wp-content\/uploads\/2022\/09\/New-Project-2.png","contentUrl":"https:\/\/dentisteshop.lt\/wp-content\/uploads\/2022\/09\/New-Project-2.png","width":703,"height":134,"caption":"Dentiste"},"image":{"@id":"https:\/\/dentisteshop.lt\/#\/schema\/logo\/image\/"},"sameAs":["https:\/\/www.facebook.com\/DentisteLituanie","https:\/\/www.instagram.com\/klinika_dentiste\/"]}]}},"_links":{"self":[{"href":"https:\/\/dentisteshop.lt\/en\/wp-json\/wp\/v2\/product\/9892","targetHints":{"allow":["GET"]}}],"collection":[{"href":"https:\/\/dentisteshop.lt\/en\/wp-json\/wp\/v2\/product"}],"about":[{"href":"https:\/\/dentisteshop.lt\/en\/wp-json\/wp\/v2\/types\/product"}],"wp:featuredmedia":[{"embeddable":true,"href":"https:\/\/dentisteshop.lt\/en\/wp-json\/wp\/v2\/media\/8496"}],"wp:attachment":[{"href":"https:\/\/dentisteshop.lt\/en\/wp-json\/wp\/v2\/media?parent=9892"}],"wp:term":[{"taxonomy":"product_brand","embeddable":true,"href":"https:\/\/dentisteshop.lt\/en\/wp-json\/wp\/v2\/product_brand?post=9892"},{"taxonomy":"product_cat","embeddable":true,"href":"https:\/\/dentisteshop.lt\/en\/wp-json\/wp\/v2\/product_cat?post=9892"},{"taxonomy":"product_tag","embeddable":true,"href":"https:\/\/dentisteshop.lt\/en\/wp-json\/wp\/v2\/product_tag?post=9892"}],"curies":[{"name":"wp","href":"https:\/\/api.w.org\/{rel}","templated":true}]}}