{"id":9889,"date":"2022-03-09T10:03:18","date_gmt":"2022-03-09T08:03:18","guid":{"rendered":"https:\/\/dentisteshop.lt\/produktas\/boka-ela-mint-toothpaste\/"},"modified":"2026-04-11T22:42:57","modified_gmt":"2026-04-11T20:42:57","slug":"boka-ela-mint-toothpaste","status":"publish","type":"product","link":"https:\/\/dentisteshop.lt\/en\/produktas\/boka-ela-mint-toothpaste\/","title":{"rendered":"BOKA ELA MINT TOOTHPASTE"},"content":{"rendered":"<p>In this mint flavour toothpaste fluoride is replaced by nano-hydroxyapatite (n-Ha). Structurally nano-hydroxyapatite resembles enamel and is capable of protecting it by creating a protective layer; it is also claimed that it can restore the damaged enamel and reduce sensitivity. Non-toxic. The toothpaste also contains soothing aloe vera, bacteria-fighting xylitol, antioxidant-rich green tea and refreshing mint.<\/p>\n<p>Free from fluoride, SLS, parabens, artificial flavours.<\/p>\n<p>Composition: Water, Vegetable Glycerin, Hydrated Silica, Sorbitol Powder, Silica, Hydroxyapatite (nano), Sodium Benzoate, Sodium Lauroyl Sarcosinate, Peppermint Oil, Sea Buckthorn Oil, Star Anise Oil, Evening Primrose Oil, Xylitol, Xanthan gum, sweet stevia extract powder,<span class=\"Y2IQFc\" lang=\"lt\">methylsulfonylmethane, aloe leaf juice,<\/span> sodium bicarbonate, green tea leaf extract, cucumber extract, avocado fruit extract, mango fruit extract, menthol, cardamom, potassium chloride.<\/p>\n<p>Products are made in the same facility as peanut, tree nut, dairy, egg, and sunflower products.<\/p>\n","protected":false},"excerpt":{"rendered":"<p>In this mint flavour toothpaste fluoride is replaced by nano-hydroxyapatite (n-Ha). Structurally nano-hydroxyapatite resembles enamel and is capable of protecting it by creating a protective layer; it is also claimed that it can restore the damaged enamel and reduce sensitivity. Non-toxic. The toothpaste also contains soothing aloe vera, bacteria-fighting xylitol, antioxidant-rich green tea and refreshing [&hellip;]<\/p>\n","protected":false},"featured_media":10527,"template":"","meta":{"inline_featured_image":false},"product_brand":[],"product_cat":[180],"product_tag":[191],"class_list":{"0":"post-9889","1":"product","2":"type-product","3":"status-publish","4":"has-post-thumbnail","6":"product_cat-toothpastes","7":"product_tag-boka","9":"first","10":"outofstock","11":"shipping-taxable","12":"purchasable","13":"product-type-simple"},"yoast_head":"<!-- This site is optimized with the Yoast SEO plugin v27.4 - https:\/\/yoast.com\/product\/yoast-seo-wordpress\/ -->\n<title>BOKA ELA MINT TOOTHPASTE - Dentiste<\/title>\n<meta name=\"robots\" content=\"index, follow, max-snippet:-1, max-image-preview:large, max-video-preview:-1\" \/>\n<link rel=\"canonical\" href=\"https:\/\/dentisteshop.lt\/en\/produktas\/boka-ela-mint-toothpaste\/\" \/>\n<meta property=\"og:locale\" content=\"en_US\" \/>\n<meta property=\"og:type\" content=\"article\" \/>\n<meta property=\"og:title\" content=\"BOKA ELA MINT TOOTHPASTE - Dentiste\" \/>\n<meta property=\"og:description\" content=\"In this mint flavour toothpaste fluoride is replaced by nano-hydroxyapatite (n-Ha). Structurally nano-hydroxyapatite resembles enamel and is capable of protecting it by creating a protective layer; it is also claimed that it can restore the damaged enamel and reduce sensitivity. Non-toxic. The toothpaste also contains soothing aloe vera, bacteria-fighting xylitol, antioxidant-rich green tea and refreshing [&hellip;]\" \/>\n<meta property=\"og:url\" content=\"https:\/\/dentisteshop.lt\/en\/produktas\/boka-ela-mint-toothpaste\/\" \/>\n<meta property=\"og:site_name\" content=\"Dentiste\" \/>\n<meta property=\"article:publisher\" content=\"https:\/\/www.facebook.com\/DentisteLituanie\" \/>\n<meta property=\"article:modified_time\" content=\"2026-04-11T20:42:57+00:00\" \/>\n<meta property=\"og:image\" content=\"https:\/\/dentisteshop.lt\/wp-content\/uploads\/2022\/03\/BOK_0523_ElaMint_4014c842-541a-46d0-b8c8-92ac64362da0.webp\" \/>\n\t<meta property=\"og:image:width\" content=\"1206\" \/>\n\t<meta property=\"og:image:height\" content=\"1206\" \/>\n\t<meta property=\"og:image:type\" content=\"image\/webp\" \/>\n<meta name=\"twitter:card\" content=\"summary_large_image\" \/>\n<meta name=\"twitter:label1\" content=\"Est. reading time\" \/>\n\t<meta name=\"twitter:data1\" content=\"1 minute\" \/>\n<script type=\"application\/ld+json\" class=\"yoast-schema-graph\">{\"@context\":\"https:\\\/\\\/schema.org\",\"@graph\":[{\"@type\":\"WebPage\",\"@id\":\"https:\\\/\\\/dentisteshop.lt\\\/en\\\/produktas\\\/boka-ela-mint-toothpaste\\\/\",\"url\":\"https:\\\/\\\/dentisteshop.lt\\\/en\\\/produktas\\\/boka-ela-mint-toothpaste\\\/\",\"name\":\"BOKA ELA MINT TOOTHPASTE - Dentiste\",\"isPartOf\":{\"@id\":\"https:\\\/\\\/dentisteshop.lt\\\/#website\"},\"primaryImageOfPage\":{\"@id\":\"https:\\\/\\\/dentisteshop.lt\\\/en\\\/produktas\\\/boka-ela-mint-toothpaste\\\/#primaryimage\"},\"image\":{\"@id\":\"https:\\\/\\\/dentisteshop.lt\\\/en\\\/produktas\\\/boka-ela-mint-toothpaste\\\/#primaryimage\"},\"thumbnailUrl\":\"\\\/wp-content\\\/uploads\\\/2022\\\/03\\\/BOK_0523_ElaMint_4014c842-541a-46d0-b8c8-92ac64362da0.webp\",\"datePublished\":\"2022-03-09T08:03:18+00:00\",\"dateModified\":\"2026-04-11T20:42:57+00:00\",\"breadcrumb\":{\"@id\":\"https:\\\/\\\/dentisteshop.lt\\\/en\\\/produktas\\\/boka-ela-mint-toothpaste\\\/#breadcrumb\"},\"inLanguage\":\"en-US\",\"potentialAction\":[{\"@type\":\"ReadAction\",\"target\":[\"https:\\\/\\\/dentisteshop.lt\\\/en\\\/produktas\\\/boka-ela-mint-toothpaste\\\/\"]}]},{\"@type\":\"ImageObject\",\"inLanguage\":\"en-US\",\"@id\":\"https:\\\/\\\/dentisteshop.lt\\\/en\\\/produktas\\\/boka-ela-mint-toothpaste\\\/#primaryimage\",\"url\":\"\\\/wp-content\\\/uploads\\\/2022\\\/03\\\/BOK_0523_ElaMint_4014c842-541a-46d0-b8c8-92ac64362da0.webp\",\"contentUrl\":\"\\\/wp-content\\\/uploads\\\/2022\\\/03\\\/BOK_0523_ElaMint_4014c842-541a-46d0-b8c8-92ac64362da0.webp\",\"width\":1206,\"height\":1206},{\"@type\":\"BreadcrumbList\",\"@id\":\"https:\\\/\\\/dentisteshop.lt\\\/en\\\/produktas\\\/boka-ela-mint-toothpaste\\\/#breadcrumb\",\"itemListElement\":[{\"@type\":\"ListItem\",\"position\":1,\"name\":\"Home\",\"item\":\"https:\\\/\\\/dentisteshop.lt\\\/\"},{\"@type\":\"ListItem\",\"position\":2,\"name\":\"Shop\",\"item\":\"https:\\\/\\\/dentisteshop.lt\\\/en\\\/shop\\\/\"},{\"@type\":\"ListItem\",\"position\":3,\"name\":\"BOKA ELA MINT TOOTHPASTE\"}]},{\"@type\":\"WebSite\",\"@id\":\"https:\\\/\\\/dentisteshop.lt\\\/#website\",\"url\":\"https:\\\/\\\/dentisteshop.lt\\\/\",\"name\":\"Dentiste\",\"description\":\"Burnos prie\u017ei\u016bros priemon\u0117s internetu\",\"publisher\":{\"@id\":\"https:\\\/\\\/dentisteshop.lt\\\/#organization\"},\"potentialAction\":[{\"@type\":\"SearchAction\",\"target\":{\"@type\":\"EntryPoint\",\"urlTemplate\":\"https:\\\/\\\/dentisteshop.lt\\\/?s={search_term_string}\"},\"query-input\":{\"@type\":\"PropertyValueSpecification\",\"valueRequired\":true,\"valueName\":\"search_term_string\"}}],\"inLanguage\":\"en-US\"},{\"@type\":\"Organization\",\"@id\":\"https:\\\/\\\/dentisteshop.lt\\\/#organization\",\"name\":\"Dentiste\",\"url\":\"https:\\\/\\\/dentisteshop.lt\\\/\",\"logo\":{\"@type\":\"ImageObject\",\"inLanguage\":\"en-US\",\"@id\":\"https:\\\/\\\/dentisteshop.lt\\\/#\\\/schema\\\/logo\\\/image\\\/\",\"url\":\"https:\\\/\\\/dentisteshop.lt\\\/wp-content\\\/uploads\\\/2022\\\/09\\\/New-Project-2.png\",\"contentUrl\":\"https:\\\/\\\/dentisteshop.lt\\\/wp-content\\\/uploads\\\/2022\\\/09\\\/New-Project-2.png\",\"width\":703,\"height\":134,\"caption\":\"Dentiste\"},\"image\":{\"@id\":\"https:\\\/\\\/dentisteshop.lt\\\/#\\\/schema\\\/logo\\\/image\\\/\"},\"sameAs\":[\"https:\\\/\\\/www.facebook.com\\\/DentisteLituanie\",\"https:\\\/\\\/www.instagram.com\\\/klinika_dentiste\\\/\"]}]}<\/script>\n<!-- \/ Yoast SEO plugin. -->","yoast_head_json":{"title":"BOKA ELA MINT TOOTHPASTE - Dentiste","robots":{"index":"index","follow":"follow","max-snippet":"max-snippet:-1","max-image-preview":"max-image-preview:large","max-video-preview":"max-video-preview:-1"},"canonical":"https:\/\/dentisteshop.lt\/en\/produktas\/boka-ela-mint-toothpaste\/","og_locale":"en_US","og_type":"article","og_title":"BOKA ELA MINT TOOTHPASTE - Dentiste","og_description":"In this mint flavour toothpaste fluoride is replaced by nano-hydroxyapatite (n-Ha). Structurally nano-hydroxyapatite resembles enamel and is capable of protecting it by creating a protective layer; it is also claimed that it can restore the damaged enamel and reduce sensitivity. Non-toxic. The toothpaste also contains soothing aloe vera, bacteria-fighting xylitol, antioxidant-rich green tea and refreshing [&hellip;]","og_url":"https:\/\/dentisteshop.lt\/en\/produktas\/boka-ela-mint-toothpaste\/","og_site_name":"Dentiste","article_publisher":"https:\/\/www.facebook.com\/DentisteLituanie","article_modified_time":"2026-04-11T20:42:57+00:00","og_image":[{"width":1206,"height":1206,"url":"https:\/\/dentisteshop.lt\/wp-content\/uploads\/2022\/03\/BOK_0523_ElaMint_4014c842-541a-46d0-b8c8-92ac64362da0.webp","type":"image\/webp"}],"twitter_card":"summary_large_image","twitter_misc":{"Est. reading time":"1 minute"},"schema":{"@context":"https:\/\/schema.org","@graph":[{"@type":"WebPage","@id":"https:\/\/dentisteshop.lt\/en\/produktas\/boka-ela-mint-toothpaste\/","url":"https:\/\/dentisteshop.lt\/en\/produktas\/boka-ela-mint-toothpaste\/","name":"BOKA ELA MINT TOOTHPASTE - Dentiste","isPartOf":{"@id":"https:\/\/dentisteshop.lt\/#website"},"primaryImageOfPage":{"@id":"https:\/\/dentisteshop.lt\/en\/produktas\/boka-ela-mint-toothpaste\/#primaryimage"},"image":{"@id":"https:\/\/dentisteshop.lt\/en\/produktas\/boka-ela-mint-toothpaste\/#primaryimage"},"thumbnailUrl":"\/wp-content\/uploads\/2022\/03\/BOK_0523_ElaMint_4014c842-541a-46d0-b8c8-92ac64362da0.webp","datePublished":"2022-03-09T08:03:18+00:00","dateModified":"2026-04-11T20:42:57+00:00","breadcrumb":{"@id":"https:\/\/dentisteshop.lt\/en\/produktas\/boka-ela-mint-toothpaste\/#breadcrumb"},"inLanguage":"en-US","potentialAction":[{"@type":"ReadAction","target":["https:\/\/dentisteshop.lt\/en\/produktas\/boka-ela-mint-toothpaste\/"]}]},{"@type":"ImageObject","inLanguage":"en-US","@id":"https:\/\/dentisteshop.lt\/en\/produktas\/boka-ela-mint-toothpaste\/#primaryimage","url":"\/wp-content\/uploads\/2022\/03\/BOK_0523_ElaMint_4014c842-541a-46d0-b8c8-92ac64362da0.webp","contentUrl":"\/wp-content\/uploads\/2022\/03\/BOK_0523_ElaMint_4014c842-541a-46d0-b8c8-92ac64362da0.webp","width":1206,"height":1206},{"@type":"BreadcrumbList","@id":"https:\/\/dentisteshop.lt\/en\/produktas\/boka-ela-mint-toothpaste\/#breadcrumb","itemListElement":[{"@type":"ListItem","position":1,"name":"Home","item":"https:\/\/dentisteshop.lt\/"},{"@type":"ListItem","position":2,"name":"Shop","item":"https:\/\/dentisteshop.lt\/en\/shop\/"},{"@type":"ListItem","position":3,"name":"BOKA ELA MINT TOOTHPASTE"}]},{"@type":"WebSite","@id":"https:\/\/dentisteshop.lt\/#website","url":"https:\/\/dentisteshop.lt\/","name":"Dentiste","description":"Burnos prie\u017ei\u016bros priemon\u0117s internetu","publisher":{"@id":"https:\/\/dentisteshop.lt\/#organization"},"potentialAction":[{"@type":"SearchAction","target":{"@type":"EntryPoint","urlTemplate":"https:\/\/dentisteshop.lt\/?s={search_term_string}"},"query-input":{"@type":"PropertyValueSpecification","valueRequired":true,"valueName":"search_term_string"}}],"inLanguage":"en-US"},{"@type":"Organization","@id":"https:\/\/dentisteshop.lt\/#organization","name":"Dentiste","url":"https:\/\/dentisteshop.lt\/","logo":{"@type":"ImageObject","inLanguage":"en-US","@id":"https:\/\/dentisteshop.lt\/#\/schema\/logo\/image\/","url":"https:\/\/dentisteshop.lt\/wp-content\/uploads\/2022\/09\/New-Project-2.png","contentUrl":"https:\/\/dentisteshop.lt\/wp-content\/uploads\/2022\/09\/New-Project-2.png","width":703,"height":134,"caption":"Dentiste"},"image":{"@id":"https:\/\/dentisteshop.lt\/#\/schema\/logo\/image\/"},"sameAs":["https:\/\/www.facebook.com\/DentisteLituanie","https:\/\/www.instagram.com\/klinika_dentiste\/"]}]}},"_links":{"self":[{"href":"https:\/\/dentisteshop.lt\/en\/wp-json\/wp\/v2\/product\/9889","targetHints":{"allow":["GET"]}}],"collection":[{"href":"https:\/\/dentisteshop.lt\/en\/wp-json\/wp\/v2\/product"}],"about":[{"href":"https:\/\/dentisteshop.lt\/en\/wp-json\/wp\/v2\/types\/product"}],"wp:featuredmedia":[{"embeddable":true,"href":"https:\/\/dentisteshop.lt\/en\/wp-json\/wp\/v2\/media\/10527"}],"wp:attachment":[{"href":"https:\/\/dentisteshop.lt\/en\/wp-json\/wp\/v2\/media?parent=9889"}],"wp:term":[{"taxonomy":"product_brand","embeddable":true,"href":"https:\/\/dentisteshop.lt\/en\/wp-json\/wp\/v2\/product_brand?post=9889"},{"taxonomy":"product_cat","embeddable":true,"href":"https:\/\/dentisteshop.lt\/en\/wp-json\/wp\/v2\/product_cat?post=9889"},{"taxonomy":"product_tag","embeddable":true,"href":"https:\/\/dentisteshop.lt\/en\/wp-json\/wp\/v2\/product_tag?post=9889"}],"curies":[{"name":"wp","href":"https:\/\/api.w.org\/{rel}","templated":true}]}}