{"id":9886,"date":"2021-08-09T16:05:32","date_gmt":"2021-08-09T14:05:32","guid":{"rendered":"https:\/\/dentisteshop.lt\/produktas\/apacare-remineralising-toothpaste\/"},"modified":"2026-01-12T22:11:31","modified_gmt":"2026-01-12T20:11:31","slug":"apacare-remineralising-toothpaste","status":"publish","type":"product","link":"https:\/\/dentisteshop.lt\/en\/produktas\/apacare-remineralising-toothpaste\/","title":{"rendered":"APACARE REMINERALISING TOOTHPASTE"},"content":{"rendered":"<p class=\"p1\">ApaCare toothpaste contains a combination of sodium fluoride and liquid enamel (hydroxyapatite). This unique combination strengthens the bond between hydroxyapatite and the natural enamel and helps to prevent caries and micro-defects. ApaCare<span class=\"Apple-converted-space\">  <\/span>toothpaste is recommended for sensitive teeth and when there is high susceptibility to caries and damage to the enamel. Suitable for everyday use due to its low abrasiveness and high fluoride content, and in order to preserve healthy teeth.<\/p>\n<ul class=\"ul1\">\n<li class=\"li1\">Fluoride content: 1450ppm<\/li>\n<li class=\"li1\">RDA ~50<\/li>\n<\/ul>\n","protected":false},"excerpt":{"rendered":"<p>ApaCare toothpaste contains a combination of sodium fluoride and liquid enamel (hydroxyapatite). This unique combination strengthens the bond between hydroxyapatite and the natural enamel and helps to prevent caries and micro-defects. ApaCare toothpaste is recommended for sensitive teeth and when there is high susceptibility to caries and damage to the enamel. Suitable for everyday use [&hellip;]<\/p>\n","protected":false},"featured_media":8316,"template":"","meta":{"inline_featured_image":false},"product_brand":[],"product_cat":[180],"product_tag":[],"class_list":{"0":"post-9886","1":"product","2":"type-product","3":"status-publish","4":"has-post-thumbnail","6":"product_cat-toothpastes","8":"first","9":"instock","10":"shipping-taxable","11":"purchasable","12":"product-type-simple"},"yoast_head":"<!-- This site is optimized with the Yoast SEO plugin v27.3 - https:\/\/yoast.com\/product\/yoast-seo-wordpress\/ -->\n<title>APACARE REMINERALISING TOOTHPASTE - Dentiste<\/title>\n<meta name=\"robots\" content=\"index, follow, max-snippet:-1, max-image-preview:large, max-video-preview:-1\" \/>\n<link rel=\"canonical\" href=\"https:\/\/dentisteshop.lt\/en\/produktas\/apacare-remineralising-toothpaste\/\" \/>\n<meta property=\"og:locale\" content=\"en_US\" \/>\n<meta property=\"og:type\" content=\"article\" \/>\n<meta property=\"og:title\" content=\"APACARE REMINERALISING TOOTHPASTE - Dentiste\" \/>\n<meta property=\"og:description\" content=\"ApaCare toothpaste contains a combination of sodium fluoride and liquid enamel (hydroxyapatite). This unique combination strengthens the bond between hydroxyapatite and the natural enamel and helps to prevent caries and micro-defects. ApaCare toothpaste is recommended for sensitive teeth and when there is high susceptibility to caries and damage to the enamel. Suitable for everyday use [&hellip;]\" \/>\n<meta property=\"og:url\" content=\"https:\/\/dentisteshop.lt\/en\/produktas\/apacare-remineralising-toothpaste\/\" \/>\n<meta property=\"og:site_name\" content=\"Dentiste\" \/>\n<meta property=\"article:publisher\" content=\"https:\/\/www.facebook.com\/DentisteLituanie\" \/>\n<meta property=\"article:modified_time\" content=\"2026-01-12T20:11:31+00:00\" \/>\n<meta property=\"og:image\" content=\"https:\/\/dentisteshop.lt\/wp-content\/uploads\/2022\/09\/27fd9a_b49c64e9b3a1472ab7359b73e67713f2mv2.jpg\" \/>\n\t<meta property=\"og:image:width\" content=\"1000\" \/>\n\t<meta property=\"og:image:height\" content=\"1000\" \/>\n\t<meta property=\"og:image:type\" content=\"image\/jpeg\" \/>\n<meta name=\"twitter:card\" content=\"summary_large_image\" \/>\n<script type=\"application\/ld+json\" class=\"yoast-schema-graph\">{\"@context\":\"https:\\\/\\\/schema.org\",\"@graph\":[{\"@type\":\"WebPage\",\"@id\":\"https:\\\/\\\/dentisteshop.lt\\\/en\\\/produktas\\\/apacare-remineralising-toothpaste\\\/\",\"url\":\"https:\\\/\\\/dentisteshop.lt\\\/en\\\/produktas\\\/apacare-remineralising-toothpaste\\\/\",\"name\":\"APACARE REMINERALISING TOOTHPASTE - Dentiste\",\"isPartOf\":{\"@id\":\"https:\\\/\\\/dentisteshop.lt\\\/#website\"},\"primaryImageOfPage\":{\"@id\":\"https:\\\/\\\/dentisteshop.lt\\\/en\\\/produktas\\\/apacare-remineralising-toothpaste\\\/#primaryimage\"},\"image\":{\"@id\":\"https:\\\/\\\/dentisteshop.lt\\\/en\\\/produktas\\\/apacare-remineralising-toothpaste\\\/#primaryimage\"},\"thumbnailUrl\":\"\\\/wp-content\\\/uploads\\\/2022\\\/09\\\/27fd9a_b49c64e9b3a1472ab7359b73e67713f2mv2.jpg\",\"datePublished\":\"2021-08-09T14:05:32+00:00\",\"dateModified\":\"2026-01-12T20:11:31+00:00\",\"breadcrumb\":{\"@id\":\"https:\\\/\\\/dentisteshop.lt\\\/en\\\/produktas\\\/apacare-remineralising-toothpaste\\\/#breadcrumb\"},\"inLanguage\":\"en-US\",\"potentialAction\":[{\"@type\":\"ReadAction\",\"target\":[\"https:\\\/\\\/dentisteshop.lt\\\/en\\\/produktas\\\/apacare-remineralising-toothpaste\\\/\"]}]},{\"@type\":\"ImageObject\",\"inLanguage\":\"en-US\",\"@id\":\"https:\\\/\\\/dentisteshop.lt\\\/en\\\/produktas\\\/apacare-remineralising-toothpaste\\\/#primaryimage\",\"url\":\"\\\/wp-content\\\/uploads\\\/2022\\\/09\\\/27fd9a_b49c64e9b3a1472ab7359b73e67713f2mv2.jpg\",\"contentUrl\":\"\\\/wp-content\\\/uploads\\\/2022\\\/09\\\/27fd9a_b49c64e9b3a1472ab7359b73e67713f2mv2.jpg\",\"width\":1000,\"height\":1000},{\"@type\":\"BreadcrumbList\",\"@id\":\"https:\\\/\\\/dentisteshop.lt\\\/en\\\/produktas\\\/apacare-remineralising-toothpaste\\\/#breadcrumb\",\"itemListElement\":[{\"@type\":\"ListItem\",\"position\":1,\"name\":\"Home\",\"item\":\"https:\\\/\\\/dentisteshop.lt\\\/\"},{\"@type\":\"ListItem\",\"position\":2,\"name\":\"Shop\",\"item\":\"https:\\\/\\\/dentisteshop.lt\\\/en\\\/shop\\\/\"},{\"@type\":\"ListItem\",\"position\":3,\"name\":\"APACARE REMINERALISING TOOTHPASTE\"}]},{\"@type\":\"WebSite\",\"@id\":\"https:\\\/\\\/dentisteshop.lt\\\/#website\",\"url\":\"https:\\\/\\\/dentisteshop.lt\\\/\",\"name\":\"Dentiste\",\"description\":\"Burnos prie\u017ei\u016bros priemon\u0117s internetu\",\"publisher\":{\"@id\":\"https:\\\/\\\/dentisteshop.lt\\\/#organization\"},\"potentialAction\":[{\"@type\":\"SearchAction\",\"target\":{\"@type\":\"EntryPoint\",\"urlTemplate\":\"https:\\\/\\\/dentisteshop.lt\\\/?s={search_term_string}\"},\"query-input\":{\"@type\":\"PropertyValueSpecification\",\"valueRequired\":true,\"valueName\":\"search_term_string\"}}],\"inLanguage\":\"en-US\"},{\"@type\":\"Organization\",\"@id\":\"https:\\\/\\\/dentisteshop.lt\\\/#organization\",\"name\":\"Dentiste\",\"url\":\"https:\\\/\\\/dentisteshop.lt\\\/\",\"logo\":{\"@type\":\"ImageObject\",\"inLanguage\":\"en-US\",\"@id\":\"https:\\\/\\\/dentisteshop.lt\\\/#\\\/schema\\\/logo\\\/image\\\/\",\"url\":\"https:\\\/\\\/dentisteshop.lt\\\/wp-content\\\/uploads\\\/2022\\\/09\\\/New-Project-2.png\",\"contentUrl\":\"https:\\\/\\\/dentisteshop.lt\\\/wp-content\\\/uploads\\\/2022\\\/09\\\/New-Project-2.png\",\"width\":703,\"height\":134,\"caption\":\"Dentiste\"},\"image\":{\"@id\":\"https:\\\/\\\/dentisteshop.lt\\\/#\\\/schema\\\/logo\\\/image\\\/\"},\"sameAs\":[\"https:\\\/\\\/www.facebook.com\\\/DentisteLituanie\",\"https:\\\/\\\/www.instagram.com\\\/klinika_dentiste\\\/\"]}]}<\/script>\n<!-- \/ Yoast SEO plugin. -->","yoast_head_json":{"title":"APACARE REMINERALISING TOOTHPASTE - Dentiste","robots":{"index":"index","follow":"follow","max-snippet":"max-snippet:-1","max-image-preview":"max-image-preview:large","max-video-preview":"max-video-preview:-1"},"canonical":"https:\/\/dentisteshop.lt\/en\/produktas\/apacare-remineralising-toothpaste\/","og_locale":"en_US","og_type":"article","og_title":"APACARE REMINERALISING TOOTHPASTE - Dentiste","og_description":"ApaCare toothpaste contains a combination of sodium fluoride and liquid enamel (hydroxyapatite). This unique combination strengthens the bond between hydroxyapatite and the natural enamel and helps to prevent caries and micro-defects. ApaCare toothpaste is recommended for sensitive teeth and when there is high susceptibility to caries and damage to the enamel. Suitable for everyday use [&hellip;]","og_url":"https:\/\/dentisteshop.lt\/en\/produktas\/apacare-remineralising-toothpaste\/","og_site_name":"Dentiste","article_publisher":"https:\/\/www.facebook.com\/DentisteLituanie","article_modified_time":"2026-01-12T20:11:31+00:00","og_image":[{"width":1000,"height":1000,"url":"https:\/\/dentisteshop.lt\/wp-content\/uploads\/2022\/09\/27fd9a_b49c64e9b3a1472ab7359b73e67713f2mv2.jpg","type":"image\/jpeg"}],"twitter_card":"summary_large_image","schema":{"@context":"https:\/\/schema.org","@graph":[{"@type":"WebPage","@id":"https:\/\/dentisteshop.lt\/en\/produktas\/apacare-remineralising-toothpaste\/","url":"https:\/\/dentisteshop.lt\/en\/produktas\/apacare-remineralising-toothpaste\/","name":"APACARE REMINERALISING TOOTHPASTE - Dentiste","isPartOf":{"@id":"https:\/\/dentisteshop.lt\/#website"},"primaryImageOfPage":{"@id":"https:\/\/dentisteshop.lt\/en\/produktas\/apacare-remineralising-toothpaste\/#primaryimage"},"image":{"@id":"https:\/\/dentisteshop.lt\/en\/produktas\/apacare-remineralising-toothpaste\/#primaryimage"},"thumbnailUrl":"\/wp-content\/uploads\/2022\/09\/27fd9a_b49c64e9b3a1472ab7359b73e67713f2mv2.jpg","datePublished":"2021-08-09T14:05:32+00:00","dateModified":"2026-01-12T20:11:31+00:00","breadcrumb":{"@id":"https:\/\/dentisteshop.lt\/en\/produktas\/apacare-remineralising-toothpaste\/#breadcrumb"},"inLanguage":"en-US","potentialAction":[{"@type":"ReadAction","target":["https:\/\/dentisteshop.lt\/en\/produktas\/apacare-remineralising-toothpaste\/"]}]},{"@type":"ImageObject","inLanguage":"en-US","@id":"https:\/\/dentisteshop.lt\/en\/produktas\/apacare-remineralising-toothpaste\/#primaryimage","url":"\/wp-content\/uploads\/2022\/09\/27fd9a_b49c64e9b3a1472ab7359b73e67713f2mv2.jpg","contentUrl":"\/wp-content\/uploads\/2022\/09\/27fd9a_b49c64e9b3a1472ab7359b73e67713f2mv2.jpg","width":1000,"height":1000},{"@type":"BreadcrumbList","@id":"https:\/\/dentisteshop.lt\/en\/produktas\/apacare-remineralising-toothpaste\/#breadcrumb","itemListElement":[{"@type":"ListItem","position":1,"name":"Home","item":"https:\/\/dentisteshop.lt\/"},{"@type":"ListItem","position":2,"name":"Shop","item":"https:\/\/dentisteshop.lt\/en\/shop\/"},{"@type":"ListItem","position":3,"name":"APACARE REMINERALISING TOOTHPASTE"}]},{"@type":"WebSite","@id":"https:\/\/dentisteshop.lt\/#website","url":"https:\/\/dentisteshop.lt\/","name":"Dentiste","description":"Burnos prie\u017ei\u016bros priemon\u0117s internetu","publisher":{"@id":"https:\/\/dentisteshop.lt\/#organization"},"potentialAction":[{"@type":"SearchAction","target":{"@type":"EntryPoint","urlTemplate":"https:\/\/dentisteshop.lt\/?s={search_term_string}"},"query-input":{"@type":"PropertyValueSpecification","valueRequired":true,"valueName":"search_term_string"}}],"inLanguage":"en-US"},{"@type":"Organization","@id":"https:\/\/dentisteshop.lt\/#organization","name":"Dentiste","url":"https:\/\/dentisteshop.lt\/","logo":{"@type":"ImageObject","inLanguage":"en-US","@id":"https:\/\/dentisteshop.lt\/#\/schema\/logo\/image\/","url":"https:\/\/dentisteshop.lt\/wp-content\/uploads\/2022\/09\/New-Project-2.png","contentUrl":"https:\/\/dentisteshop.lt\/wp-content\/uploads\/2022\/09\/New-Project-2.png","width":703,"height":134,"caption":"Dentiste"},"image":{"@id":"https:\/\/dentisteshop.lt\/#\/schema\/logo\/image\/"},"sameAs":["https:\/\/www.facebook.com\/DentisteLituanie","https:\/\/www.instagram.com\/klinika_dentiste\/"]}]}},"_links":{"self":[{"href":"https:\/\/dentisteshop.lt\/en\/wp-json\/wp\/v2\/product\/9886","targetHints":{"allow":["GET"]}}],"collection":[{"href":"https:\/\/dentisteshop.lt\/en\/wp-json\/wp\/v2\/product"}],"about":[{"href":"https:\/\/dentisteshop.lt\/en\/wp-json\/wp\/v2\/types\/product"}],"wp:featuredmedia":[{"embeddable":true,"href":"https:\/\/dentisteshop.lt\/en\/wp-json\/wp\/v2\/media\/8316"}],"wp:attachment":[{"href":"https:\/\/dentisteshop.lt\/en\/wp-json\/wp\/v2\/media?parent=9886"}],"wp:term":[{"taxonomy":"product_brand","embeddable":true,"href":"https:\/\/dentisteshop.lt\/en\/wp-json\/wp\/v2\/product_brand?post=9886"},{"taxonomy":"product_cat","embeddable":true,"href":"https:\/\/dentisteshop.lt\/en\/wp-json\/wp\/v2\/product_cat?post=9886"},{"taxonomy":"product_tag","embeddable":true,"href":"https:\/\/dentisteshop.lt\/en\/wp-json\/wp\/v2\/product_tag?post=9886"}],"curies":[{"name":"wp","href":"https:\/\/api.w.org\/{rel}","templated":true}]}}