{"id":9885,"date":"2021-12-02T11:26:12","date_gmt":"2021-12-02T09:26:12","guid":{"rendered":"https:\/\/dentisteshop.lt\/produktas\/nano-whitening-mouthwash\/"},"modified":"2026-01-12T22:11:38","modified_gmt":"2026-01-12T20:11:38","slug":"nano-whitening-mouthwash","status":"publish","type":"product","link":"https:\/\/dentisteshop.lt\/en\/produktas\/nano-whitening-mouthwash\/","title":{"rendered":"NANO WHITENING MOUTHWASH"},"content":{"rendered":"<p><strong>NANO Whitening Mouthwash.<br \/>\n<\/strong><\/p>\n<div>\n<p>WhiteWash Nano <span lang=\"EN-US\">Whitening Mouthwash<\/span> <span lang=\"LT\">uses Enamel Care Technology<\/span>\u00a9<span lang=\"LT\">to help whiten and remineralise teeth. The liquid helps to reduce tooth sensitivity, while xylitol inhibits bacterial plague formation and neutralises acids and the problems that are caused by them. <\/span><\/p>\n<\/div>\n<div>\n<p><span lang=\"LT\">Fluoride content<\/span>: 225ppm<\/p>\n<\/div>\n<div>\n<p><span lang=\"LT\">Volume<\/span>: 300ml<\/p>\n<\/div>\n<div>\n<p><span lang=\"LT\">Free from SLS, alcohol, parabens, triclosan and PEG.<\/span><\/p>\n<\/div>\n","protected":false},"excerpt":{"rendered":"<p>NANO Whitening Mouthwash. WhiteWash Nano Whitening Mouthwash uses Enamel Care Technology\u00a9to help whiten and remineralise teeth. The liquid helps to reduce tooth sensitivity, while xylitol inhibits bacterial plague formation and neutralises acids and the problems that are caused by them. Fluoride content: 225ppm Volume: 300ml Free from SLS, alcohol, parabens, triclosan and PEG.<\/p>\n","protected":false},"featured_media":8480,"template":"","meta":{"inline_featured_image":false},"product_brand":[],"product_cat":[178],"product_tag":[],"class_list":{"0":"post-9885","1":"product","2":"type-product","3":"status-publish","4":"has-post-thumbnail","6":"product_cat-mouthwashes","8":"first","9":"outofstock","10":"shipping-taxable","11":"purchasable","12":"product-type-simple"},"yoast_head":"<!-- This site is optimized with the Yoast SEO plugin v27.3 - https:\/\/yoast.com\/product\/yoast-seo-wordpress\/ -->\n<title>NANO WHITENING MOUTHWASH - Dentiste<\/title>\n<meta name=\"robots\" content=\"index, follow, max-snippet:-1, max-image-preview:large, max-video-preview:-1\" \/>\n<link rel=\"canonical\" href=\"https:\/\/dentisteshop.lt\/en\/produktas\/nano-whitening-mouthwash\/\" \/>\n<meta property=\"og:locale\" content=\"en_US\" \/>\n<meta property=\"og:type\" content=\"article\" \/>\n<meta property=\"og:title\" content=\"NANO WHITENING MOUTHWASH - Dentiste\" \/>\n<meta property=\"og:description\" content=\"NANO Whitening Mouthwash. WhiteWash Nano Whitening Mouthwash uses Enamel Care Technology\u00a9to help whiten and remineralise teeth. The liquid helps to reduce tooth sensitivity, while xylitol inhibits bacterial plague formation and neutralises acids and the problems that are caused by them. Fluoride content: 225ppm Volume: 300ml Free from SLS, alcohol, parabens, triclosan and PEG.\" \/>\n<meta property=\"og:url\" content=\"https:\/\/dentisteshop.lt\/en\/produktas\/nano-whitening-mouthwash\/\" \/>\n<meta property=\"og:site_name\" content=\"Dentiste\" \/>\n<meta property=\"article:publisher\" content=\"https:\/\/www.facebook.com\/DentisteLituanie\" \/>\n<meta property=\"article:modified_time\" content=\"2026-01-12T20:11:38+00:00\" \/>\n<meta property=\"og:image\" content=\"https:\/\/dentisteshop.lt\/wp-content\/uploads\/2022\/09\/daef3541-513c-4076-be3c-8947c33fd162_2048x.jpg\" \/>\n\t<meta property=\"og:image:width\" content=\"2048\" \/>\n\t<meta property=\"og:image:height\" content=\"2048\" \/>\n\t<meta property=\"og:image:type\" content=\"image\/jpeg\" \/>\n<meta name=\"twitter:card\" content=\"summary_large_image\" \/>\n<script type=\"application\/ld+json\" class=\"yoast-schema-graph\">{\"@context\":\"https:\\\/\\\/schema.org\",\"@graph\":[{\"@type\":\"WebPage\",\"@id\":\"https:\\\/\\\/dentisteshop.lt\\\/en\\\/produktas\\\/nano-whitening-mouthwash\\\/\",\"url\":\"https:\\\/\\\/dentisteshop.lt\\\/en\\\/produktas\\\/nano-whitening-mouthwash\\\/\",\"name\":\"NANO WHITENING MOUTHWASH - Dentiste\",\"isPartOf\":{\"@id\":\"https:\\\/\\\/dentisteshop.lt\\\/#website\"},\"primaryImageOfPage\":{\"@id\":\"https:\\\/\\\/dentisteshop.lt\\\/en\\\/produktas\\\/nano-whitening-mouthwash\\\/#primaryimage\"},\"image\":{\"@id\":\"https:\\\/\\\/dentisteshop.lt\\\/en\\\/produktas\\\/nano-whitening-mouthwash\\\/#primaryimage\"},\"thumbnailUrl\":\"\\\/wp-content\\\/uploads\\\/2022\\\/09\\\/daef3541-513c-4076-be3c-8947c33fd162_2048x.jpg\",\"datePublished\":\"2021-12-02T09:26:12+00:00\",\"dateModified\":\"2026-01-12T20:11:38+00:00\",\"breadcrumb\":{\"@id\":\"https:\\\/\\\/dentisteshop.lt\\\/en\\\/produktas\\\/nano-whitening-mouthwash\\\/#breadcrumb\"},\"inLanguage\":\"en-US\",\"potentialAction\":[{\"@type\":\"ReadAction\",\"target\":[\"https:\\\/\\\/dentisteshop.lt\\\/en\\\/produktas\\\/nano-whitening-mouthwash\\\/\"]}]},{\"@type\":\"ImageObject\",\"inLanguage\":\"en-US\",\"@id\":\"https:\\\/\\\/dentisteshop.lt\\\/en\\\/produktas\\\/nano-whitening-mouthwash\\\/#primaryimage\",\"url\":\"\\\/wp-content\\\/uploads\\\/2022\\\/09\\\/daef3541-513c-4076-be3c-8947c33fd162_2048x.jpg\",\"contentUrl\":\"\\\/wp-content\\\/uploads\\\/2022\\\/09\\\/daef3541-513c-4076-be3c-8947c33fd162_2048x.jpg\",\"width\":2048,\"height\":2048},{\"@type\":\"BreadcrumbList\",\"@id\":\"https:\\\/\\\/dentisteshop.lt\\\/en\\\/produktas\\\/nano-whitening-mouthwash\\\/#breadcrumb\",\"itemListElement\":[{\"@type\":\"ListItem\",\"position\":1,\"name\":\"Home\",\"item\":\"https:\\\/\\\/dentisteshop.lt\\\/\"},{\"@type\":\"ListItem\",\"position\":2,\"name\":\"Shop\",\"item\":\"https:\\\/\\\/dentisteshop.lt\\\/en\\\/shop\\\/\"},{\"@type\":\"ListItem\",\"position\":3,\"name\":\"NANO WHITENING MOUTHWASH\"}]},{\"@type\":\"WebSite\",\"@id\":\"https:\\\/\\\/dentisteshop.lt\\\/#website\",\"url\":\"https:\\\/\\\/dentisteshop.lt\\\/\",\"name\":\"Dentiste\",\"description\":\"Burnos prie\u017ei\u016bros priemon\u0117s internetu\",\"publisher\":{\"@id\":\"https:\\\/\\\/dentisteshop.lt\\\/#organization\"},\"potentialAction\":[{\"@type\":\"SearchAction\",\"target\":{\"@type\":\"EntryPoint\",\"urlTemplate\":\"https:\\\/\\\/dentisteshop.lt\\\/?s={search_term_string}\"},\"query-input\":{\"@type\":\"PropertyValueSpecification\",\"valueRequired\":true,\"valueName\":\"search_term_string\"}}],\"inLanguage\":\"en-US\"},{\"@type\":\"Organization\",\"@id\":\"https:\\\/\\\/dentisteshop.lt\\\/#organization\",\"name\":\"Dentiste\",\"url\":\"https:\\\/\\\/dentisteshop.lt\\\/\",\"logo\":{\"@type\":\"ImageObject\",\"inLanguage\":\"en-US\",\"@id\":\"https:\\\/\\\/dentisteshop.lt\\\/#\\\/schema\\\/logo\\\/image\\\/\",\"url\":\"https:\\\/\\\/dentisteshop.lt\\\/wp-content\\\/uploads\\\/2022\\\/09\\\/New-Project-2.png\",\"contentUrl\":\"https:\\\/\\\/dentisteshop.lt\\\/wp-content\\\/uploads\\\/2022\\\/09\\\/New-Project-2.png\",\"width\":703,\"height\":134,\"caption\":\"Dentiste\"},\"image\":{\"@id\":\"https:\\\/\\\/dentisteshop.lt\\\/#\\\/schema\\\/logo\\\/image\\\/\"},\"sameAs\":[\"https:\\\/\\\/www.facebook.com\\\/DentisteLituanie\",\"https:\\\/\\\/www.instagram.com\\\/klinika_dentiste\\\/\"]}]}<\/script>\n<!-- \/ Yoast SEO plugin. -->","yoast_head_json":{"title":"NANO WHITENING MOUTHWASH - Dentiste","robots":{"index":"index","follow":"follow","max-snippet":"max-snippet:-1","max-image-preview":"max-image-preview:large","max-video-preview":"max-video-preview:-1"},"canonical":"https:\/\/dentisteshop.lt\/en\/produktas\/nano-whitening-mouthwash\/","og_locale":"en_US","og_type":"article","og_title":"NANO WHITENING MOUTHWASH - Dentiste","og_description":"NANO Whitening Mouthwash. WhiteWash Nano Whitening Mouthwash uses Enamel Care Technology\u00a9to help whiten and remineralise teeth. The liquid helps to reduce tooth sensitivity, while xylitol inhibits bacterial plague formation and neutralises acids and the problems that are caused by them. Fluoride content: 225ppm Volume: 300ml Free from SLS, alcohol, parabens, triclosan and PEG.","og_url":"https:\/\/dentisteshop.lt\/en\/produktas\/nano-whitening-mouthwash\/","og_site_name":"Dentiste","article_publisher":"https:\/\/www.facebook.com\/DentisteLituanie","article_modified_time":"2026-01-12T20:11:38+00:00","og_image":[{"width":2048,"height":2048,"url":"https:\/\/dentisteshop.lt\/wp-content\/uploads\/2022\/09\/daef3541-513c-4076-be3c-8947c33fd162_2048x.jpg","type":"image\/jpeg"}],"twitter_card":"summary_large_image","schema":{"@context":"https:\/\/schema.org","@graph":[{"@type":"WebPage","@id":"https:\/\/dentisteshop.lt\/en\/produktas\/nano-whitening-mouthwash\/","url":"https:\/\/dentisteshop.lt\/en\/produktas\/nano-whitening-mouthwash\/","name":"NANO WHITENING MOUTHWASH - Dentiste","isPartOf":{"@id":"https:\/\/dentisteshop.lt\/#website"},"primaryImageOfPage":{"@id":"https:\/\/dentisteshop.lt\/en\/produktas\/nano-whitening-mouthwash\/#primaryimage"},"image":{"@id":"https:\/\/dentisteshop.lt\/en\/produktas\/nano-whitening-mouthwash\/#primaryimage"},"thumbnailUrl":"\/wp-content\/uploads\/2022\/09\/daef3541-513c-4076-be3c-8947c33fd162_2048x.jpg","datePublished":"2021-12-02T09:26:12+00:00","dateModified":"2026-01-12T20:11:38+00:00","breadcrumb":{"@id":"https:\/\/dentisteshop.lt\/en\/produktas\/nano-whitening-mouthwash\/#breadcrumb"},"inLanguage":"en-US","potentialAction":[{"@type":"ReadAction","target":["https:\/\/dentisteshop.lt\/en\/produktas\/nano-whitening-mouthwash\/"]}]},{"@type":"ImageObject","inLanguage":"en-US","@id":"https:\/\/dentisteshop.lt\/en\/produktas\/nano-whitening-mouthwash\/#primaryimage","url":"\/wp-content\/uploads\/2022\/09\/daef3541-513c-4076-be3c-8947c33fd162_2048x.jpg","contentUrl":"\/wp-content\/uploads\/2022\/09\/daef3541-513c-4076-be3c-8947c33fd162_2048x.jpg","width":2048,"height":2048},{"@type":"BreadcrumbList","@id":"https:\/\/dentisteshop.lt\/en\/produktas\/nano-whitening-mouthwash\/#breadcrumb","itemListElement":[{"@type":"ListItem","position":1,"name":"Home","item":"https:\/\/dentisteshop.lt\/"},{"@type":"ListItem","position":2,"name":"Shop","item":"https:\/\/dentisteshop.lt\/en\/shop\/"},{"@type":"ListItem","position":3,"name":"NANO WHITENING MOUTHWASH"}]},{"@type":"WebSite","@id":"https:\/\/dentisteshop.lt\/#website","url":"https:\/\/dentisteshop.lt\/","name":"Dentiste","description":"Burnos prie\u017ei\u016bros priemon\u0117s internetu","publisher":{"@id":"https:\/\/dentisteshop.lt\/#organization"},"potentialAction":[{"@type":"SearchAction","target":{"@type":"EntryPoint","urlTemplate":"https:\/\/dentisteshop.lt\/?s={search_term_string}"},"query-input":{"@type":"PropertyValueSpecification","valueRequired":true,"valueName":"search_term_string"}}],"inLanguage":"en-US"},{"@type":"Organization","@id":"https:\/\/dentisteshop.lt\/#organization","name":"Dentiste","url":"https:\/\/dentisteshop.lt\/","logo":{"@type":"ImageObject","inLanguage":"en-US","@id":"https:\/\/dentisteshop.lt\/#\/schema\/logo\/image\/","url":"https:\/\/dentisteshop.lt\/wp-content\/uploads\/2022\/09\/New-Project-2.png","contentUrl":"https:\/\/dentisteshop.lt\/wp-content\/uploads\/2022\/09\/New-Project-2.png","width":703,"height":134,"caption":"Dentiste"},"image":{"@id":"https:\/\/dentisteshop.lt\/#\/schema\/logo\/image\/"},"sameAs":["https:\/\/www.facebook.com\/DentisteLituanie","https:\/\/www.instagram.com\/klinika_dentiste\/"]}]}},"_links":{"self":[{"href":"https:\/\/dentisteshop.lt\/en\/wp-json\/wp\/v2\/product\/9885","targetHints":{"allow":["GET"]}}],"collection":[{"href":"https:\/\/dentisteshop.lt\/en\/wp-json\/wp\/v2\/product"}],"about":[{"href":"https:\/\/dentisteshop.lt\/en\/wp-json\/wp\/v2\/types\/product"}],"wp:featuredmedia":[{"embeddable":true,"href":"https:\/\/dentisteshop.lt\/en\/wp-json\/wp\/v2\/media\/8480"}],"wp:attachment":[{"href":"https:\/\/dentisteshop.lt\/en\/wp-json\/wp\/v2\/media?parent=9885"}],"wp:term":[{"taxonomy":"product_brand","embeddable":true,"href":"https:\/\/dentisteshop.lt\/en\/wp-json\/wp\/v2\/product_brand?post=9885"},{"taxonomy":"product_cat","embeddable":true,"href":"https:\/\/dentisteshop.lt\/en\/wp-json\/wp\/v2\/product_cat?post=9885"},{"taxonomy":"product_tag","embeddable":true,"href":"https:\/\/dentisteshop.lt\/en\/wp-json\/wp\/v2\/product_tag?post=9885"}],"curies":[{"name":"wp","href":"https:\/\/api.w.org\/{rel}","templated":true}]}}