{"id":9783,"date":"2023-01-11T08:16:42","date_gmt":"2023-01-11T06:16:42","guid":{"rendered":"https:\/\/dentisteshop.lt\/produktas\/curasept-proxi-prevent-p08-0-8-mm-interdental-brushes-6-pieces\/"},"modified":"2026-01-12T22:11:41","modified_gmt":"2026-01-12T20:11:41","slug":"curasept-proxi-prevent-p08-0-8-mm-interdental-brushes-6-pieces","status":"publish","type":"product","link":"https:\/\/dentisteshop.lt\/en\/produktas\/curasept-proxi-prevent-p08-0-8-mm-interdental-brushes-6-pieces\/","title":{"rendered":"Curasept Proxi Prevent P08 interdental brushes 0,8 mm"},"content":{"rendered":"<p>Proxi P08 interdental brush for preventive, everyday use, available in 0.8 mm.<\/p>\n<p>It is a tool for removing plaque and food residues in the interdental space that are not removed by a toothbrush or floss, which leads to plaque formation. Correct and maximum removal of plaque helps to reduce bleeding between the gums and gums, counteracts unpleasant symptoms of halitosis, and is particularly effective against caries.Each pack contains 6 interdental brushes with holders. Each brush with holder has a protective cap for maximum hygiene.<\/p>\n<p><strong>FEATURES:<\/strong><br \/>\nSize: 0.8 mm<br \/>\nQuantity per pack: 6 pcs<br \/>\nManufacturer: Curasept S.p.A<\/p>\n<p>&nbsp;<\/p>\n","protected":false},"excerpt":{"rendered":"<p><img fetchpriority=\"high\" decoding=\"async\" class=\"alignnone size-medium wp-image-9196\" src=\"https:\/\/dentisteshop.lt\/wp-content\/uploads\/2023\/01\/curaprox-08-300x300.jpg\" alt=\"\" width=\"300\" height=\"300\" srcset=\"\/wp-content\/uploads\/2023\/01\/curaprox-08-300x300.jpg 300w, \/wp-content\/uploads\/2023\/01\/curaprox-08-150x150.jpg 150w, \/wp-content\/uploads\/2023\/01\/curaprox-08-768x768.jpg 768w, \/wp-content\/uploads\/2023\/01\/curaprox-08-650x650.jpg 650w, \/wp-content\/uploads\/2023\/01\/curaprox-08-600x600.jpg 600w, \/wp-content\/uploads\/2023\/01\/curaprox-08-100x100.jpg 100w, \/wp-content\/uploads\/2023\/01\/curaprox-08-32x32.jpg 32w, \/wp-content\/uploads\/2023\/01\/curaprox-08.jpg 1024w\" sizes=\"(max-width: 300px) 100vw, 300px\" \/><\/p>\n","protected":false},"featured_media":9197,"template":"","meta":{"inline_featured_image":false},"product_brand":[],"product_cat":[174],"product_tag":[],"class_list":{"0":"post-9783","1":"product","2":"type-product","3":"status-publish","4":"has-post-thumbnail","6":"product_cat-interdental-care","8":"first","9":"instock","10":"shipping-taxable","11":"purchasable","12":"product-type-simple"},"yoast_head":"<!-- This site is optimized with the Yoast SEO plugin v27.3 - https:\/\/yoast.com\/product\/yoast-seo-wordpress\/ -->\n<title>Curasept Proxi Prevent P08 interdental brushes 0,8 mm - Dentiste<\/title>\n<meta name=\"robots\" content=\"index, follow, max-snippet:-1, max-image-preview:large, max-video-preview:-1\" \/>\n<link rel=\"canonical\" href=\"https:\/\/dentisteshop.lt\/en\/produktas\/curasept-proxi-prevent-p08-0-8-mm-interdental-brushes-6-pieces\/\" \/>\n<meta property=\"og:locale\" content=\"en_US\" \/>\n<meta property=\"og:type\" content=\"article\" \/>\n<meta property=\"og:title\" content=\"Curasept Proxi Prevent P08 interdental brushes 0,8 mm - Dentiste\" \/>\n<meta property=\"og:url\" content=\"https:\/\/dentisteshop.lt\/en\/produktas\/curasept-proxi-prevent-p08-0-8-mm-interdental-brushes-6-pieces\/\" \/>\n<meta property=\"og:site_name\" content=\"Dentiste\" \/>\n<meta property=\"article:publisher\" content=\"https:\/\/www.facebook.com\/DentisteLituanie\" \/>\n<meta property=\"article:modified_time\" content=\"2026-01-12T20:11:41+00:00\" \/>\n<meta property=\"og:image\" content=\"https:\/\/dentisteshop.lt\/wp-content\/uploads\/2023\/01\/curaprox-08.jpg\" \/>\n\t<meta property=\"og:image:width\" content=\"1024\" \/>\n\t<meta property=\"og:image:height\" content=\"1024\" \/>\n\t<meta property=\"og:image:type\" content=\"image\/jpeg\" \/>\n<meta name=\"twitter:card\" content=\"summary_large_image\" \/>\n<script type=\"application\/ld+json\" class=\"yoast-schema-graph\">{\"@context\":\"https:\\\/\\\/schema.org\",\"@graph\":[{\"@type\":\"WebPage\",\"@id\":\"https:\\\/\\\/dentisteshop.lt\\\/en\\\/produktas\\\/curasept-proxi-prevent-p08-0-8-mm-interdental-brushes-6-pieces\\\/\",\"url\":\"https:\\\/\\\/dentisteshop.lt\\\/en\\\/produktas\\\/curasept-proxi-prevent-p08-0-8-mm-interdental-brushes-6-pieces\\\/\",\"name\":\"Curasept Proxi Prevent P08 interdental brushes 0,8 mm - Dentiste\",\"isPartOf\":{\"@id\":\"https:\\\/\\\/dentisteshop.lt\\\/#website\"},\"primaryImageOfPage\":{\"@id\":\"https:\\\/\\\/dentisteshop.lt\\\/en\\\/produktas\\\/curasept-proxi-prevent-p08-0-8-mm-interdental-brushes-6-pieces\\\/#primaryimage\"},\"image\":{\"@id\":\"https:\\\/\\\/dentisteshop.lt\\\/en\\\/produktas\\\/curasept-proxi-prevent-p08-0-8-mm-interdental-brushes-6-pieces\\\/#primaryimage\"},\"thumbnailUrl\":\"\\\/wp-content\\\/uploads\\\/2023\\\/01\\\/curaprox-08.jpg\",\"datePublished\":\"2023-01-11T06:16:42+00:00\",\"dateModified\":\"2026-01-12T20:11:41+00:00\",\"breadcrumb\":{\"@id\":\"https:\\\/\\\/dentisteshop.lt\\\/en\\\/produktas\\\/curasept-proxi-prevent-p08-0-8-mm-interdental-brushes-6-pieces\\\/#breadcrumb\"},\"inLanguage\":\"en-US\",\"potentialAction\":[{\"@type\":\"ReadAction\",\"target\":[\"https:\\\/\\\/dentisteshop.lt\\\/en\\\/produktas\\\/curasept-proxi-prevent-p08-0-8-mm-interdental-brushes-6-pieces\\\/\"]}]},{\"@type\":\"ImageObject\",\"inLanguage\":\"en-US\",\"@id\":\"https:\\\/\\\/dentisteshop.lt\\\/en\\\/produktas\\\/curasept-proxi-prevent-p08-0-8-mm-interdental-brushes-6-pieces\\\/#primaryimage\",\"url\":\"\\\/wp-content\\\/uploads\\\/2023\\\/01\\\/curaprox-08.jpg\",\"contentUrl\":\"\\\/wp-content\\\/uploads\\\/2023\\\/01\\\/curaprox-08.jpg\",\"width\":1024,\"height\":1024},{\"@type\":\"BreadcrumbList\",\"@id\":\"https:\\\/\\\/dentisteshop.lt\\\/en\\\/produktas\\\/curasept-proxi-prevent-p08-0-8-mm-interdental-brushes-6-pieces\\\/#breadcrumb\",\"itemListElement\":[{\"@type\":\"ListItem\",\"position\":1,\"name\":\"Home\",\"item\":\"https:\\\/\\\/dentisteshop.lt\\\/\"},{\"@type\":\"ListItem\",\"position\":2,\"name\":\"Shop\",\"item\":\"https:\\\/\\\/dentisteshop.lt\\\/en\\\/shop\\\/\"},{\"@type\":\"ListItem\",\"position\":3,\"name\":\"Curasept Proxi Prevent P08 interdental brushes 0,8 mm\"}]},{\"@type\":\"WebSite\",\"@id\":\"https:\\\/\\\/dentisteshop.lt\\\/#website\",\"url\":\"https:\\\/\\\/dentisteshop.lt\\\/\",\"name\":\"Dentiste\",\"description\":\"Burnos prie\u017ei\u016bros priemon\u0117s internetu\",\"publisher\":{\"@id\":\"https:\\\/\\\/dentisteshop.lt\\\/#organization\"},\"potentialAction\":[{\"@type\":\"SearchAction\",\"target\":{\"@type\":\"EntryPoint\",\"urlTemplate\":\"https:\\\/\\\/dentisteshop.lt\\\/?s={search_term_string}\"},\"query-input\":{\"@type\":\"PropertyValueSpecification\",\"valueRequired\":true,\"valueName\":\"search_term_string\"}}],\"inLanguage\":\"en-US\"},{\"@type\":\"Organization\",\"@id\":\"https:\\\/\\\/dentisteshop.lt\\\/#organization\",\"name\":\"Dentiste\",\"url\":\"https:\\\/\\\/dentisteshop.lt\\\/\",\"logo\":{\"@type\":\"ImageObject\",\"inLanguage\":\"en-US\",\"@id\":\"https:\\\/\\\/dentisteshop.lt\\\/#\\\/schema\\\/logo\\\/image\\\/\",\"url\":\"https:\\\/\\\/dentisteshop.lt\\\/wp-content\\\/uploads\\\/2022\\\/09\\\/New-Project-2.png\",\"contentUrl\":\"https:\\\/\\\/dentisteshop.lt\\\/wp-content\\\/uploads\\\/2022\\\/09\\\/New-Project-2.png\",\"width\":703,\"height\":134,\"caption\":\"Dentiste\"},\"image\":{\"@id\":\"https:\\\/\\\/dentisteshop.lt\\\/#\\\/schema\\\/logo\\\/image\\\/\"},\"sameAs\":[\"https:\\\/\\\/www.facebook.com\\\/DentisteLituanie\",\"https:\\\/\\\/www.instagram.com\\\/klinika_dentiste\\\/\"]}]}<\/script>\n<!-- \/ Yoast SEO plugin. -->","yoast_head_json":{"title":"Curasept Proxi Prevent P08 interdental brushes 0,8 mm - Dentiste","robots":{"index":"index","follow":"follow","max-snippet":"max-snippet:-1","max-image-preview":"max-image-preview:large","max-video-preview":"max-video-preview:-1"},"canonical":"https:\/\/dentisteshop.lt\/en\/produktas\/curasept-proxi-prevent-p08-0-8-mm-interdental-brushes-6-pieces\/","og_locale":"en_US","og_type":"article","og_title":"Curasept Proxi Prevent P08 interdental brushes 0,8 mm - Dentiste","og_url":"https:\/\/dentisteshop.lt\/en\/produktas\/curasept-proxi-prevent-p08-0-8-mm-interdental-brushes-6-pieces\/","og_site_name":"Dentiste","article_publisher":"https:\/\/www.facebook.com\/DentisteLituanie","article_modified_time":"2026-01-12T20:11:41+00:00","og_image":[{"width":1024,"height":1024,"url":"https:\/\/dentisteshop.lt\/wp-content\/uploads\/2023\/01\/curaprox-08.jpg","type":"image\/jpeg"}],"twitter_card":"summary_large_image","schema":{"@context":"https:\/\/schema.org","@graph":[{"@type":"WebPage","@id":"https:\/\/dentisteshop.lt\/en\/produktas\/curasept-proxi-prevent-p08-0-8-mm-interdental-brushes-6-pieces\/","url":"https:\/\/dentisteshop.lt\/en\/produktas\/curasept-proxi-prevent-p08-0-8-mm-interdental-brushes-6-pieces\/","name":"Curasept Proxi Prevent P08 interdental brushes 0,8 mm - Dentiste","isPartOf":{"@id":"https:\/\/dentisteshop.lt\/#website"},"primaryImageOfPage":{"@id":"https:\/\/dentisteshop.lt\/en\/produktas\/curasept-proxi-prevent-p08-0-8-mm-interdental-brushes-6-pieces\/#primaryimage"},"image":{"@id":"https:\/\/dentisteshop.lt\/en\/produktas\/curasept-proxi-prevent-p08-0-8-mm-interdental-brushes-6-pieces\/#primaryimage"},"thumbnailUrl":"\/wp-content\/uploads\/2023\/01\/curaprox-08.jpg","datePublished":"2023-01-11T06:16:42+00:00","dateModified":"2026-01-12T20:11:41+00:00","breadcrumb":{"@id":"https:\/\/dentisteshop.lt\/en\/produktas\/curasept-proxi-prevent-p08-0-8-mm-interdental-brushes-6-pieces\/#breadcrumb"},"inLanguage":"en-US","potentialAction":[{"@type":"ReadAction","target":["https:\/\/dentisteshop.lt\/en\/produktas\/curasept-proxi-prevent-p08-0-8-mm-interdental-brushes-6-pieces\/"]}]},{"@type":"ImageObject","inLanguage":"en-US","@id":"https:\/\/dentisteshop.lt\/en\/produktas\/curasept-proxi-prevent-p08-0-8-mm-interdental-brushes-6-pieces\/#primaryimage","url":"\/wp-content\/uploads\/2023\/01\/curaprox-08.jpg","contentUrl":"\/wp-content\/uploads\/2023\/01\/curaprox-08.jpg","width":1024,"height":1024},{"@type":"BreadcrumbList","@id":"https:\/\/dentisteshop.lt\/en\/produktas\/curasept-proxi-prevent-p08-0-8-mm-interdental-brushes-6-pieces\/#breadcrumb","itemListElement":[{"@type":"ListItem","position":1,"name":"Home","item":"https:\/\/dentisteshop.lt\/"},{"@type":"ListItem","position":2,"name":"Shop","item":"https:\/\/dentisteshop.lt\/en\/shop\/"},{"@type":"ListItem","position":3,"name":"Curasept Proxi Prevent P08 interdental brushes 0,8 mm"}]},{"@type":"WebSite","@id":"https:\/\/dentisteshop.lt\/#website","url":"https:\/\/dentisteshop.lt\/","name":"Dentiste","description":"Burnos prie\u017ei\u016bros priemon\u0117s internetu","publisher":{"@id":"https:\/\/dentisteshop.lt\/#organization"},"potentialAction":[{"@type":"SearchAction","target":{"@type":"EntryPoint","urlTemplate":"https:\/\/dentisteshop.lt\/?s={search_term_string}"},"query-input":{"@type":"PropertyValueSpecification","valueRequired":true,"valueName":"search_term_string"}}],"inLanguage":"en-US"},{"@type":"Organization","@id":"https:\/\/dentisteshop.lt\/#organization","name":"Dentiste","url":"https:\/\/dentisteshop.lt\/","logo":{"@type":"ImageObject","inLanguage":"en-US","@id":"https:\/\/dentisteshop.lt\/#\/schema\/logo\/image\/","url":"https:\/\/dentisteshop.lt\/wp-content\/uploads\/2022\/09\/New-Project-2.png","contentUrl":"https:\/\/dentisteshop.lt\/wp-content\/uploads\/2022\/09\/New-Project-2.png","width":703,"height":134,"caption":"Dentiste"},"image":{"@id":"https:\/\/dentisteshop.lt\/#\/schema\/logo\/image\/"},"sameAs":["https:\/\/www.facebook.com\/DentisteLituanie","https:\/\/www.instagram.com\/klinika_dentiste\/"]}]}},"_links":{"self":[{"href":"https:\/\/dentisteshop.lt\/en\/wp-json\/wp\/v2\/product\/9783","targetHints":{"allow":["GET"]}}],"collection":[{"href":"https:\/\/dentisteshop.lt\/en\/wp-json\/wp\/v2\/product"}],"about":[{"href":"https:\/\/dentisteshop.lt\/en\/wp-json\/wp\/v2\/types\/product"}],"wp:featuredmedia":[{"embeddable":true,"href":"https:\/\/dentisteshop.lt\/en\/wp-json\/wp\/v2\/media\/9197"}],"wp:attachment":[{"href":"https:\/\/dentisteshop.lt\/en\/wp-json\/wp\/v2\/media?parent=9783"}],"wp:term":[{"taxonomy":"product_brand","embeddable":true,"href":"https:\/\/dentisteshop.lt\/en\/wp-json\/wp\/v2\/product_brand?post=9783"},{"taxonomy":"product_cat","embeddable":true,"href":"https:\/\/dentisteshop.lt\/en\/wp-json\/wp\/v2\/product_cat?post=9783"},{"taxonomy":"product_tag","embeddable":true,"href":"https:\/\/dentisteshop.lt\/en\/wp-json\/wp\/v2\/product_tag?post=9783"}],"curies":[{"name":"wp","href":"https:\/\/api.w.org\/{rel}","templated":true}]}}