{"id":9766,"date":"2023-02-02T11:12:49","date_gmt":"2023-02-02T09:12:49","guid":{"rendered":"https:\/\/dentisteshop.lt\/produktas\/curasept-ads-0-12-200-mlb5c7-oral-rinse-with-chlorhexidine\/"},"modified":"2026-01-12T22:11:46","modified_gmt":"2026-01-12T20:11:46","slug":"curasept-ads-212-calming-oral-rinse-with-0-12-chlorhexidine","status":"publish","type":"product","link":"https:\/\/dentisteshop.lt\/en\/produktas\/curasept-ads-212-calming-oral-rinse-with-0-12-chlorhexidine\/","title":{"rendered":"CURASEPT ADS\u00ae 0,12% rinse liquid"},"content":{"rendered":"<div class=\"product-page__tabs\">\n<div class=\"tab-content tab-content--custom text\">\n<div id=\"tab-description\" class=\"tab-pane active show\">\n<div class=\"tab-pane__content tab-pane__content--flex\">\n<div>CURASEPT ADS\u00ae 212 soothing mouthwash with 0.12% chlorhexidine in its composition.<br \/>\nDeveloped for the prevention and treatment of gingivitis and periodontitis, before and after surgical and peri-operative interventions, and after professional oral hygiene.<\/p>\n<p>Advantages:<\/p>\n<ul>\n<li>Strong antibacterial effect due to chlorhexidine content<\/li>\n<li>Curasept ADS\u00ae system preserves natural whiteness of the teeth<\/li>\n<li>Curasept ADS\u00ae system prevents changes in taste perception<\/li>\n<li>Alcohol-free so does not cause irritation or discomfort to oral mucosa<\/li>\n<li>Protects the gums and encourages healing before or after usual dental interventions<\/li>\n<\/ul>\n<p>It is recommended to use both mouthwash and toothpaste together to achieve the ideal desired result<strong>.FEATURES:<\/strong><br \/>\nQuantity per pack: 200 ml<br \/>\nManufacturer: Curasept S.p.A<\/p>\n<\/div>\n<\/div>\n<\/div>\n<\/div>\n<\/div>\n<p>Tags: <a href=\"https:\/\/dantuprieziura.lt\/paieska?tag=Antibakterinis%20skalavimo%20skystis\">Antibacterial oral rinse<\/a>, <a href=\"https:\/\/dantuprieziura.lt\/paieska?tag=Burnos%20skalavimo%20skystis\">Oral rinse<\/a>, <a href=\"https:\/\/dantuprieziura.lt\/paieska?tag=Chlorheksidinas\">Chlorhexidine<\/a>, <a href=\"https:\/\/dantuprieziura.lt\/paieska?tag=Curasept\">Curasept<\/a>, <a href=\"https:\/\/dantuprieziura.lt\/paieska?tag=Curasept%20skalavimo%20skystis\">Curasept oral rinse<\/a>, <a href=\"https:\/\/dantuprieziura.lt\/paieska?tag=Danten%C5%B3%20kraujavimas\">Bleeding of the gums<\/a>, <a href=\"https:\/\/dantuprieziura.lt\/paieska?tag=Danten%C5%B3%20u%C5%BEdegimas\">Inflammation of the gums<\/a>, <a href=\"https:\/\/dantuprieziura.lt\/paieska?tag=Gingivitas\">Gingivitis,<\/a> <a href=\"https:\/\/dantuprieziura.lt\/paieska?tag=Kraujuoja%20dantenos\">Gums are bleeding<\/a>, <a href=\"https:\/\/dantuprieziura.lt\/paieska?tag=Kraujuojan%C4%8Dios%20dantenos\">Bleeding gums<\/a>, <a href=\"https:\/\/dantuprieziura.lt\/paieska?tag=N%C4%97%C5%A1tuminis%20gingivitas\">Pregnancy gingivitis<\/a>, <a href=\"https:\/\/dantuprieziura.lt\/paieska?tag=Parodontoz%C4%97\">Parodontosis<\/a>, <a href=\"https:\/\/dantuprieziura.lt\/paieska?tag=Periodontitas\">Periodontitis<\/a>, <a href=\"https:\/\/dantuprieziura.lt\/paieska?tag=Prie%C5%A1u%C5%BEdegiminis%20skalavimo%20skystis\">Anti-inflammatory mouthwash<\/a>, <a href=\"https:\/\/dantuprieziura.lt\/paieska?tag=Skalavimo%20skystis%20su%20chlorheksidinu\">Mouthwash with chlorhexidine<\/a>, <a href=\"https:\/\/dantuprieziura.lt\/paieska?tag=ADS212\">ADS212<\/a><\/p>\n","protected":false},"excerpt":{"rendered":"<p><img fetchpriority=\"high\" decoding=\"async\" class=\"alignnone size-medium wp-image-9227\" src=\"https:\/\/dentisteshop.lt\/wp-content\/uploads\/2023\/02\/Curasept-ADS-2121-600x600-1-300x300.jpg\" alt=\"\" width=\"300\" height=\"300\" srcset=\"\/wp-content\/uploads\/2023\/02\/Curasept-ADS-2121-600x600-1-300x300.jpg 300w, \/wp-content\/uploads\/2023\/02\/Curasept-ADS-2121-600x600-1-150x150.jpg 150w, \/wp-content\/uploads\/2023\/02\/Curasept-ADS-2121-600x600-1-100x100.jpg 100w, \/wp-content\/uploads\/2023\/02\/Curasept-ADS-2121-600x600-1-32x32.jpg 32w, \/wp-content\/uploads\/2023\/02\/Curasept-ADS-2121-600x600-1.jpg 600w\" sizes=\"(max-width: 300px) 100vw, 300px\" \/><\/p>\n","protected":false},"featured_media":9228,"template":"","meta":{"inline_featured_image":false},"product_brand":[],"product_cat":[178],"product_tag":[],"class_list":{"0":"post-9766","1":"product","2":"type-product","3":"status-publish","4":"has-post-thumbnail","6":"product_cat-mouthwashes","8":"first","9":"outofstock","10":"shipping-taxable","11":"purchasable","12":"product-type-simple"},"yoast_head":"<!-- This site is optimized with the Yoast SEO plugin v27.3 - https:\/\/yoast.com\/product\/yoast-seo-wordpress\/ -->\n<title>CURASEPT ADS\u00ae 0,12% rinse liquid - Dentiste<\/title>\n<meta name=\"robots\" content=\"index, follow, max-snippet:-1, max-image-preview:large, max-video-preview:-1\" \/>\n<link rel=\"canonical\" href=\"https:\/\/dentisteshop.lt\/en\/produktas\/curasept-ads-212-calming-oral-rinse-with-0-12-chlorhexidine\/\" \/>\n<meta property=\"og:locale\" content=\"en_US\" \/>\n<meta property=\"og:type\" content=\"article\" \/>\n<meta property=\"og:title\" content=\"CURASEPT ADS\u00ae 0,12% rinse liquid - Dentiste\" \/>\n<meta property=\"og:url\" content=\"https:\/\/dentisteshop.lt\/en\/produktas\/curasept-ads-212-calming-oral-rinse-with-0-12-chlorhexidine\/\" \/>\n<meta property=\"og:site_name\" content=\"Dentiste\" \/>\n<meta property=\"article:publisher\" content=\"https:\/\/www.facebook.com\/DentisteLituanie\" \/>\n<meta property=\"article:modified_time\" content=\"2026-01-12T20:11:46+00:00\" \/>\n<meta property=\"og:image\" content=\"https:\/\/dentisteshop.lt\/wp-content\/uploads\/2023\/02\/Curasept-ADS-2121-600x600-1.jpg\" \/>\n\t<meta property=\"og:image:width\" content=\"600\" \/>\n\t<meta property=\"og:image:height\" content=\"600\" \/>\n\t<meta property=\"og:image:type\" content=\"image\/jpeg\" \/>\n<meta name=\"twitter:card\" content=\"summary_large_image\" \/>\n<meta name=\"twitter:label1\" content=\"Est. reading time\" \/>\n\t<meta name=\"twitter:data1\" content=\"1 minute\" \/>\n<script type=\"application\/ld+json\" class=\"yoast-schema-graph\">{\"@context\":\"https:\\\/\\\/schema.org\",\"@graph\":[{\"@type\":\"WebPage\",\"@id\":\"https:\\\/\\\/dentisteshop.lt\\\/en\\\/produktas\\\/curasept-ads-212-calming-oral-rinse-with-0-12-chlorhexidine\\\/\",\"url\":\"https:\\\/\\\/dentisteshop.lt\\\/en\\\/produktas\\\/curasept-ads-212-calming-oral-rinse-with-0-12-chlorhexidine\\\/\",\"name\":\"CURASEPT ADS\u00ae 0,12% rinse liquid - Dentiste\",\"isPartOf\":{\"@id\":\"https:\\\/\\\/dentisteshop.lt\\\/#website\"},\"primaryImageOfPage\":{\"@id\":\"https:\\\/\\\/dentisteshop.lt\\\/en\\\/produktas\\\/curasept-ads-212-calming-oral-rinse-with-0-12-chlorhexidine\\\/#primaryimage\"},\"image\":{\"@id\":\"https:\\\/\\\/dentisteshop.lt\\\/en\\\/produktas\\\/curasept-ads-212-calming-oral-rinse-with-0-12-chlorhexidine\\\/#primaryimage\"},\"thumbnailUrl\":\"\\\/wp-content\\\/uploads\\\/2023\\\/02\\\/Curasept-ADS-2121-600x600-1.jpg\",\"datePublished\":\"2023-02-02T09:12:49+00:00\",\"dateModified\":\"2026-01-12T20:11:46+00:00\",\"breadcrumb\":{\"@id\":\"https:\\\/\\\/dentisteshop.lt\\\/en\\\/produktas\\\/curasept-ads-212-calming-oral-rinse-with-0-12-chlorhexidine\\\/#breadcrumb\"},\"inLanguage\":\"en-US\",\"potentialAction\":[{\"@type\":\"ReadAction\",\"target\":[\"https:\\\/\\\/dentisteshop.lt\\\/en\\\/produktas\\\/curasept-ads-212-calming-oral-rinse-with-0-12-chlorhexidine\\\/\"]}]},{\"@type\":\"ImageObject\",\"inLanguage\":\"en-US\",\"@id\":\"https:\\\/\\\/dentisteshop.lt\\\/en\\\/produktas\\\/curasept-ads-212-calming-oral-rinse-with-0-12-chlorhexidine\\\/#primaryimage\",\"url\":\"\\\/wp-content\\\/uploads\\\/2023\\\/02\\\/Curasept-ADS-2121-600x600-1.jpg\",\"contentUrl\":\"\\\/wp-content\\\/uploads\\\/2023\\\/02\\\/Curasept-ADS-2121-600x600-1.jpg\",\"width\":600,\"height\":600},{\"@type\":\"BreadcrumbList\",\"@id\":\"https:\\\/\\\/dentisteshop.lt\\\/en\\\/produktas\\\/curasept-ads-212-calming-oral-rinse-with-0-12-chlorhexidine\\\/#breadcrumb\",\"itemListElement\":[{\"@type\":\"ListItem\",\"position\":1,\"name\":\"Home\",\"item\":\"https:\\\/\\\/dentisteshop.lt\\\/\"},{\"@type\":\"ListItem\",\"position\":2,\"name\":\"Shop\",\"item\":\"https:\\\/\\\/dentisteshop.lt\\\/en\\\/shop\\\/\"},{\"@type\":\"ListItem\",\"position\":3,\"name\":\"CURASEPT ADS\u00ae 0,12% rinse liquid\"}]},{\"@type\":\"WebSite\",\"@id\":\"https:\\\/\\\/dentisteshop.lt\\\/#website\",\"url\":\"https:\\\/\\\/dentisteshop.lt\\\/\",\"name\":\"Dentiste\",\"description\":\"Burnos prie\u017ei\u016bros priemon\u0117s internetu\",\"publisher\":{\"@id\":\"https:\\\/\\\/dentisteshop.lt\\\/#organization\"},\"potentialAction\":[{\"@type\":\"SearchAction\",\"target\":{\"@type\":\"EntryPoint\",\"urlTemplate\":\"https:\\\/\\\/dentisteshop.lt\\\/?s={search_term_string}\"},\"query-input\":{\"@type\":\"PropertyValueSpecification\",\"valueRequired\":true,\"valueName\":\"search_term_string\"}}],\"inLanguage\":\"en-US\"},{\"@type\":\"Organization\",\"@id\":\"https:\\\/\\\/dentisteshop.lt\\\/#organization\",\"name\":\"Dentiste\",\"url\":\"https:\\\/\\\/dentisteshop.lt\\\/\",\"logo\":{\"@type\":\"ImageObject\",\"inLanguage\":\"en-US\",\"@id\":\"https:\\\/\\\/dentisteshop.lt\\\/#\\\/schema\\\/logo\\\/image\\\/\",\"url\":\"https:\\\/\\\/dentisteshop.lt\\\/wp-content\\\/uploads\\\/2022\\\/09\\\/New-Project-2.png\",\"contentUrl\":\"https:\\\/\\\/dentisteshop.lt\\\/wp-content\\\/uploads\\\/2022\\\/09\\\/New-Project-2.png\",\"width\":703,\"height\":134,\"caption\":\"Dentiste\"},\"image\":{\"@id\":\"https:\\\/\\\/dentisteshop.lt\\\/#\\\/schema\\\/logo\\\/image\\\/\"},\"sameAs\":[\"https:\\\/\\\/www.facebook.com\\\/DentisteLituanie\",\"https:\\\/\\\/www.instagram.com\\\/klinika_dentiste\\\/\"]}]}<\/script>\n<!-- \/ Yoast SEO plugin. -->","yoast_head_json":{"title":"CURASEPT ADS\u00ae 0,12% rinse liquid - Dentiste","robots":{"index":"index","follow":"follow","max-snippet":"max-snippet:-1","max-image-preview":"max-image-preview:large","max-video-preview":"max-video-preview:-1"},"canonical":"https:\/\/dentisteshop.lt\/en\/produktas\/curasept-ads-212-calming-oral-rinse-with-0-12-chlorhexidine\/","og_locale":"en_US","og_type":"article","og_title":"CURASEPT ADS\u00ae 0,12% rinse liquid - Dentiste","og_url":"https:\/\/dentisteshop.lt\/en\/produktas\/curasept-ads-212-calming-oral-rinse-with-0-12-chlorhexidine\/","og_site_name":"Dentiste","article_publisher":"https:\/\/www.facebook.com\/DentisteLituanie","article_modified_time":"2026-01-12T20:11:46+00:00","og_image":[{"width":600,"height":600,"url":"https:\/\/dentisteshop.lt\/wp-content\/uploads\/2023\/02\/Curasept-ADS-2121-600x600-1.jpg","type":"image\/jpeg"}],"twitter_card":"summary_large_image","twitter_misc":{"Est. reading time":"1 minute"},"schema":{"@context":"https:\/\/schema.org","@graph":[{"@type":"WebPage","@id":"https:\/\/dentisteshop.lt\/en\/produktas\/curasept-ads-212-calming-oral-rinse-with-0-12-chlorhexidine\/","url":"https:\/\/dentisteshop.lt\/en\/produktas\/curasept-ads-212-calming-oral-rinse-with-0-12-chlorhexidine\/","name":"CURASEPT ADS\u00ae 0,12% rinse liquid - Dentiste","isPartOf":{"@id":"https:\/\/dentisteshop.lt\/#website"},"primaryImageOfPage":{"@id":"https:\/\/dentisteshop.lt\/en\/produktas\/curasept-ads-212-calming-oral-rinse-with-0-12-chlorhexidine\/#primaryimage"},"image":{"@id":"https:\/\/dentisteshop.lt\/en\/produktas\/curasept-ads-212-calming-oral-rinse-with-0-12-chlorhexidine\/#primaryimage"},"thumbnailUrl":"\/wp-content\/uploads\/2023\/02\/Curasept-ADS-2121-600x600-1.jpg","datePublished":"2023-02-02T09:12:49+00:00","dateModified":"2026-01-12T20:11:46+00:00","breadcrumb":{"@id":"https:\/\/dentisteshop.lt\/en\/produktas\/curasept-ads-212-calming-oral-rinse-with-0-12-chlorhexidine\/#breadcrumb"},"inLanguage":"en-US","potentialAction":[{"@type":"ReadAction","target":["https:\/\/dentisteshop.lt\/en\/produktas\/curasept-ads-212-calming-oral-rinse-with-0-12-chlorhexidine\/"]}]},{"@type":"ImageObject","inLanguage":"en-US","@id":"https:\/\/dentisteshop.lt\/en\/produktas\/curasept-ads-212-calming-oral-rinse-with-0-12-chlorhexidine\/#primaryimage","url":"\/wp-content\/uploads\/2023\/02\/Curasept-ADS-2121-600x600-1.jpg","contentUrl":"\/wp-content\/uploads\/2023\/02\/Curasept-ADS-2121-600x600-1.jpg","width":600,"height":600},{"@type":"BreadcrumbList","@id":"https:\/\/dentisteshop.lt\/en\/produktas\/curasept-ads-212-calming-oral-rinse-with-0-12-chlorhexidine\/#breadcrumb","itemListElement":[{"@type":"ListItem","position":1,"name":"Home","item":"https:\/\/dentisteshop.lt\/"},{"@type":"ListItem","position":2,"name":"Shop","item":"https:\/\/dentisteshop.lt\/en\/shop\/"},{"@type":"ListItem","position":3,"name":"CURASEPT ADS\u00ae 0,12% rinse liquid"}]},{"@type":"WebSite","@id":"https:\/\/dentisteshop.lt\/#website","url":"https:\/\/dentisteshop.lt\/","name":"Dentiste","description":"Burnos prie\u017ei\u016bros priemon\u0117s internetu","publisher":{"@id":"https:\/\/dentisteshop.lt\/#organization"},"potentialAction":[{"@type":"SearchAction","target":{"@type":"EntryPoint","urlTemplate":"https:\/\/dentisteshop.lt\/?s={search_term_string}"},"query-input":{"@type":"PropertyValueSpecification","valueRequired":true,"valueName":"search_term_string"}}],"inLanguage":"en-US"},{"@type":"Organization","@id":"https:\/\/dentisteshop.lt\/#organization","name":"Dentiste","url":"https:\/\/dentisteshop.lt\/","logo":{"@type":"ImageObject","inLanguage":"en-US","@id":"https:\/\/dentisteshop.lt\/#\/schema\/logo\/image\/","url":"https:\/\/dentisteshop.lt\/wp-content\/uploads\/2022\/09\/New-Project-2.png","contentUrl":"https:\/\/dentisteshop.lt\/wp-content\/uploads\/2022\/09\/New-Project-2.png","width":703,"height":134,"caption":"Dentiste"},"image":{"@id":"https:\/\/dentisteshop.lt\/#\/schema\/logo\/image\/"},"sameAs":["https:\/\/www.facebook.com\/DentisteLituanie","https:\/\/www.instagram.com\/klinika_dentiste\/"]}]}},"_links":{"self":[{"href":"https:\/\/dentisteshop.lt\/en\/wp-json\/wp\/v2\/product\/9766","targetHints":{"allow":["GET"]}}],"collection":[{"href":"https:\/\/dentisteshop.lt\/en\/wp-json\/wp\/v2\/product"}],"about":[{"href":"https:\/\/dentisteshop.lt\/en\/wp-json\/wp\/v2\/types\/product"}],"wp:featuredmedia":[{"embeddable":true,"href":"https:\/\/dentisteshop.lt\/en\/wp-json\/wp\/v2\/media\/9228"}],"wp:attachment":[{"href":"https:\/\/dentisteshop.lt\/en\/wp-json\/wp\/v2\/media?parent=9766"}],"wp:term":[{"taxonomy":"product_brand","embeddable":true,"href":"https:\/\/dentisteshop.lt\/en\/wp-json\/wp\/v2\/product_brand?post=9766"},{"taxonomy":"product_cat","embeddable":true,"href":"https:\/\/dentisteshop.lt\/en\/wp-json\/wp\/v2\/product_cat?post=9766"},{"taxonomy":"product_tag","embeddable":true,"href":"https:\/\/dentisteshop.lt\/en\/wp-json\/wp\/v2\/product_tag?post=9766"}],"curies":[{"name":"wp","href":"https:\/\/api.w.org\/{rel}","templated":true}]}}