{"id":9763,"date":"2022-09-30T10:19:28","date_gmt":"2022-09-30T08:19:28","guid":{"rendered":"https:\/\/dentisteshop.lt\/produktas\/nano-b-kids-toothbrush\/"},"modified":"2022-09-30T10:19:28","modified_gmt":"2022-09-30T08:19:28","slug":"nano-b-kids-toothbrush","status":"publish","type":"product","link":"https:\/\/dentisteshop.lt\/en\/produktas\/nano-b-kids-toothbrush\/","title":{"rendered":"NANO-B KIDS TOOTHBRUSH"},"content":{"rendered":"<p>Antibacterial protection \u2013 gold, silver and coal impregnated bristles inhibit bacteria growth on the toothbrush and protect your oral health.<\/p>\n<p>The unique shape of the bristles allows for reaching between the teeth and in other hard-to-reach places.<\/p>\n<p>Each toothbrush comes with a handy travel case.<\/p>\n","protected":false},"excerpt":{"rendered":"<p>Antibacterial protection \u2013 gold, silver and coal impregnated bristles inhibit bacteria growth on the toothbrush and protect your oral health. The unique shape of the bristles allows for reaching between the teeth and in other hard-to-reach places. Each toothbrush comes with a handy travel case.<\/p>\n","protected":false},"featured_media":8786,"template":"","meta":{"inline_featured_image":false},"product_brand":[],"product_cat":[175],"product_tag":[],"class_list":{"0":"post-9763","1":"product","2":"type-product","3":"status-publish","4":"has-post-thumbnail","6":"product_cat-toothbrushes","8":"first","9":"outofstock","10":"shipping-taxable","11":"purchasable","12":"product-type-variable"},"yoast_head":"<!-- This site is optimized with the Yoast SEO plugin v27.3 - https:\/\/yoast.com\/product\/yoast-seo-wordpress\/ -->\n<title>NANO-B KIDS TOOTHBRUSH - Dentiste<\/title>\n<meta name=\"robots\" content=\"index, follow, max-snippet:-1, max-image-preview:large, max-video-preview:-1\" \/>\n<link rel=\"canonical\" href=\"https:\/\/dentisteshop.lt\/produktas\/nano-b-kids-toothbrush\/\" \/>\n<meta property=\"og:locale\" content=\"en_US\" \/>\n<meta property=\"og:type\" content=\"article\" \/>\n<meta property=\"og:title\" content=\"NANO-B KIDS TOOTHBRUSH - Dentiste\" \/>\n<meta property=\"og:description\" content=\"Antibacterial protection \u2013 gold, silver and coal impregnated bristles inhibit bacteria growth on the toothbrush and protect your oral health. The unique shape of the bristles allows for reaching between the teeth and in other hard-to-reach places. Each toothbrush comes with a handy travel case.\" \/>\n<meta property=\"og:url\" content=\"https:\/\/dentisteshop.lt\/produktas\/nano-b-kids-toothbrush\/\" \/>\n<meta property=\"og:site_name\" content=\"Dentiste\" \/>\n<meta property=\"article:publisher\" content=\"https:\/\/www.facebook.com\/DentisteLituanie\" \/>\n<meta name=\"twitter:card\" content=\"summary_large_image\" \/>\n<script type=\"application\/ld+json\" class=\"yoast-schema-graph\">{\"@context\":\"https:\\\/\\\/schema.org\",\"@graph\":[{\"@type\":\"WebPage\",\"@id\":\"https:\\\/\\\/dentisteshop.lt\\\/produktas\\\/nano-b-kids-toothbrush\\\/\",\"url\":\"https:\\\/\\\/dentisteshop.lt\\\/produktas\\\/nano-b-kids-toothbrush\\\/\",\"name\":\"NANO-B KIDS TOOTHBRUSH - Dentiste\",\"isPartOf\":{\"@id\":\"https:\\\/\\\/dentisteshop.lt\\\/#website\"},\"primaryImageOfPage\":{\"@id\":\"https:\\\/\\\/dentisteshop.lt\\\/produktas\\\/nano-b-kids-toothbrush\\\/#primaryimage\"},\"image\":{\"@id\":\"https:\\\/\\\/dentisteshop.lt\\\/produktas\\\/nano-b-kids-toothbrush\\\/#primaryimage\"},\"thumbnailUrl\":\"\\\/wp-content\\\/uploads\\\/2022\\\/09\\\/kids-4-pack-.jpeg\",\"datePublished\":\"2022-09-30T08:19:28+00:00\",\"breadcrumb\":{\"@id\":\"https:\\\/\\\/dentisteshop.lt\\\/produktas\\\/nano-b-kids-toothbrush\\\/#breadcrumb\"},\"inLanguage\":\"en-US\",\"potentialAction\":[{\"@type\":\"ReadAction\",\"target\":[\"https:\\\/\\\/dentisteshop.lt\\\/produktas\\\/nano-b-kids-toothbrush\\\/\"]}]},{\"@type\":\"ImageObject\",\"inLanguage\":\"en-US\",\"@id\":\"https:\\\/\\\/dentisteshop.lt\\\/produktas\\\/nano-b-kids-toothbrush\\\/#primaryimage\",\"url\":\"\\\/wp-content\\\/uploads\\\/2022\\\/09\\\/kids-4-pack-.jpeg\",\"contentUrl\":\"\\\/wp-content\\\/uploads\\\/2022\\\/09\\\/kids-4-pack-.jpeg\",\"width\":2000,\"height\":2000},{\"@type\":\"BreadcrumbList\",\"@id\":\"https:\\\/\\\/dentisteshop.lt\\\/produktas\\\/nano-b-kids-toothbrush\\\/#breadcrumb\",\"itemListElement\":[{\"@type\":\"ListItem\",\"position\":1,\"name\":\"Home\",\"item\":\"https:\\\/\\\/dentisteshop.lt\\\/\"},{\"@type\":\"ListItem\",\"position\":2,\"name\":\"Shop\",\"item\":\"https:\\\/\\\/dentisteshop.lt\\\/en\\\/shop\\\/\"},{\"@type\":\"ListItem\",\"position\":3,\"name\":\"NANO-B KIDS TOOTHBRUSH\"}]},{\"@type\":\"WebSite\",\"@id\":\"https:\\\/\\\/dentisteshop.lt\\\/#website\",\"url\":\"https:\\\/\\\/dentisteshop.lt\\\/\",\"name\":\"Dentiste\",\"description\":\"Burnos prie\u017ei\u016bros priemon\u0117s internetu\",\"publisher\":{\"@id\":\"https:\\\/\\\/dentisteshop.lt\\\/#organization\"},\"potentialAction\":[{\"@type\":\"SearchAction\",\"target\":{\"@type\":\"EntryPoint\",\"urlTemplate\":\"https:\\\/\\\/dentisteshop.lt\\\/?s={search_term_string}\"},\"query-input\":{\"@type\":\"PropertyValueSpecification\",\"valueRequired\":true,\"valueName\":\"search_term_string\"}}],\"inLanguage\":\"en-US\"},{\"@type\":\"Organization\",\"@id\":\"https:\\\/\\\/dentisteshop.lt\\\/#organization\",\"name\":\"Dentiste\",\"url\":\"https:\\\/\\\/dentisteshop.lt\\\/\",\"logo\":{\"@type\":\"ImageObject\",\"inLanguage\":\"en-US\",\"@id\":\"https:\\\/\\\/dentisteshop.lt\\\/#\\\/schema\\\/logo\\\/image\\\/\",\"url\":\"https:\\\/\\\/dentisteshop.lt\\\/wp-content\\\/uploads\\\/2022\\\/09\\\/New-Project-2.png\",\"contentUrl\":\"https:\\\/\\\/dentisteshop.lt\\\/wp-content\\\/uploads\\\/2022\\\/09\\\/New-Project-2.png\",\"width\":703,\"height\":134,\"caption\":\"Dentiste\"},\"image\":{\"@id\":\"https:\\\/\\\/dentisteshop.lt\\\/#\\\/schema\\\/logo\\\/image\\\/\"},\"sameAs\":[\"https:\\\/\\\/www.facebook.com\\\/DentisteLituanie\",\"https:\\\/\\\/www.instagram.com\\\/klinika_dentiste\\\/\"]}]}<\/script>\n<!-- \/ Yoast SEO plugin. -->","yoast_head_json":{"title":"NANO-B KIDS TOOTHBRUSH - Dentiste","robots":{"index":"index","follow":"follow","max-snippet":"max-snippet:-1","max-image-preview":"max-image-preview:large","max-video-preview":"max-video-preview:-1"},"canonical":"https:\/\/dentisteshop.lt\/produktas\/nano-b-kids-toothbrush\/","og_locale":"en_US","og_type":"article","og_title":"NANO-B KIDS TOOTHBRUSH - Dentiste","og_description":"Antibacterial protection \u2013 gold, silver and coal impregnated bristles inhibit bacteria growth on the toothbrush and protect your oral health. The unique shape of the bristles allows for reaching between the teeth and in other hard-to-reach places. Each toothbrush comes with a handy travel case.","og_url":"https:\/\/dentisteshop.lt\/produktas\/nano-b-kids-toothbrush\/","og_site_name":"Dentiste","article_publisher":"https:\/\/www.facebook.com\/DentisteLituanie","twitter_card":"summary_large_image","schema":{"@context":"https:\/\/schema.org","@graph":[{"@type":"WebPage","@id":"https:\/\/dentisteshop.lt\/produktas\/nano-b-kids-toothbrush\/","url":"https:\/\/dentisteshop.lt\/produktas\/nano-b-kids-toothbrush\/","name":"NANO-B KIDS TOOTHBRUSH - Dentiste","isPartOf":{"@id":"https:\/\/dentisteshop.lt\/#website"},"primaryImageOfPage":{"@id":"https:\/\/dentisteshop.lt\/produktas\/nano-b-kids-toothbrush\/#primaryimage"},"image":{"@id":"https:\/\/dentisteshop.lt\/produktas\/nano-b-kids-toothbrush\/#primaryimage"},"thumbnailUrl":"\/wp-content\/uploads\/2022\/09\/kids-4-pack-.jpeg","datePublished":"2022-09-30T08:19:28+00:00","breadcrumb":{"@id":"https:\/\/dentisteshop.lt\/produktas\/nano-b-kids-toothbrush\/#breadcrumb"},"inLanguage":"en-US","potentialAction":[{"@type":"ReadAction","target":["https:\/\/dentisteshop.lt\/produktas\/nano-b-kids-toothbrush\/"]}]},{"@type":"ImageObject","inLanguage":"en-US","@id":"https:\/\/dentisteshop.lt\/produktas\/nano-b-kids-toothbrush\/#primaryimage","url":"\/wp-content\/uploads\/2022\/09\/kids-4-pack-.jpeg","contentUrl":"\/wp-content\/uploads\/2022\/09\/kids-4-pack-.jpeg","width":2000,"height":2000},{"@type":"BreadcrumbList","@id":"https:\/\/dentisteshop.lt\/produktas\/nano-b-kids-toothbrush\/#breadcrumb","itemListElement":[{"@type":"ListItem","position":1,"name":"Home","item":"https:\/\/dentisteshop.lt\/"},{"@type":"ListItem","position":2,"name":"Shop","item":"https:\/\/dentisteshop.lt\/en\/shop\/"},{"@type":"ListItem","position":3,"name":"NANO-B KIDS TOOTHBRUSH"}]},{"@type":"WebSite","@id":"https:\/\/dentisteshop.lt\/#website","url":"https:\/\/dentisteshop.lt\/","name":"Dentiste","description":"Burnos prie\u017ei\u016bros priemon\u0117s internetu","publisher":{"@id":"https:\/\/dentisteshop.lt\/#organization"},"potentialAction":[{"@type":"SearchAction","target":{"@type":"EntryPoint","urlTemplate":"https:\/\/dentisteshop.lt\/?s={search_term_string}"},"query-input":{"@type":"PropertyValueSpecification","valueRequired":true,"valueName":"search_term_string"}}],"inLanguage":"en-US"},{"@type":"Organization","@id":"https:\/\/dentisteshop.lt\/#organization","name":"Dentiste","url":"https:\/\/dentisteshop.lt\/","logo":{"@type":"ImageObject","inLanguage":"en-US","@id":"https:\/\/dentisteshop.lt\/#\/schema\/logo\/image\/","url":"https:\/\/dentisteshop.lt\/wp-content\/uploads\/2022\/09\/New-Project-2.png","contentUrl":"https:\/\/dentisteshop.lt\/wp-content\/uploads\/2022\/09\/New-Project-2.png","width":703,"height":134,"caption":"Dentiste"},"image":{"@id":"https:\/\/dentisteshop.lt\/#\/schema\/logo\/image\/"},"sameAs":["https:\/\/www.facebook.com\/DentisteLituanie","https:\/\/www.instagram.com\/klinika_dentiste\/"]}]}},"_links":{"self":[{"href":"https:\/\/dentisteshop.lt\/en\/wp-json\/wp\/v2\/product\/9763","targetHints":{"allow":["GET"]}}],"collection":[{"href":"https:\/\/dentisteshop.lt\/en\/wp-json\/wp\/v2\/product"}],"about":[{"href":"https:\/\/dentisteshop.lt\/en\/wp-json\/wp\/v2\/types\/product"}],"wp:featuredmedia":[{"embeddable":true,"href":"https:\/\/dentisteshop.lt\/en\/wp-json\/wp\/v2\/media\/8786"}],"wp:attachment":[{"href":"https:\/\/dentisteshop.lt\/en\/wp-json\/wp\/v2\/media?parent=9763"}],"wp:term":[{"taxonomy":"product_brand","embeddable":true,"href":"https:\/\/dentisteshop.lt\/en\/wp-json\/wp\/v2\/product_brand?post=9763"},{"taxonomy":"product_cat","embeddable":true,"href":"https:\/\/dentisteshop.lt\/en\/wp-json\/wp\/v2\/product_cat?post=9763"},{"taxonomy":"product_tag","embeddable":true,"href":"https:\/\/dentisteshop.lt\/en\/wp-json\/wp\/v2\/product_tag?post=9763"}],"curies":[{"name":"wp","href":"https:\/\/api.w.org\/{rel}","templated":true}]}}