{"id":11186,"date":"2023-03-31T10:05:49","date_gmt":"2023-03-31T08:05:49","guid":{"rendered":"https:\/\/dentisteshop.lt\/produktas\/curasept-daycare-booster-junior-toothpaste\/"},"modified":"2023-03-31T10:05:49","modified_gmt":"2023-03-31T08:05:49","slug":"curasept-daycare-booster-junior-toothpaste","status":"publish","type":"product","link":"https:\/\/dentisteshop.lt\/en\/produktas\/curasept-daycare-booster-junior-toothpaste\/","title":{"rendered":"CURASEPT Daycare Booster Junior toothpaste"},"content":{"rendered":"<p>Children&#8217;s toothpaste for children aged 7-12. Chewing gum flavour.<br \/>\n<strong>The only toothpaste to use the CPC-HAP complex:<\/strong><br \/>\nThe Cetylpyridinium Chloride-Hydroxyapatite Complex (CPC-HAP) in the Curasept Daycare toothpaste range has been specially developed to combine and maximise the benefits of these two components. Due to its biomimetic affinity with enamel, hydroxyapatite forms a protective layer that remineralises and at the same time. gradually releases cetylpyridine <strong>, providing long-lasting protection<\/strong> until  <strong>4 hours.<br \/>\nContains 250 ppm fluoride. NO CONSOLUTIONS:<br \/>\nFlavour: chewing gum<br \/>\nFluoride content: 250 ppm<br \/>\nQuantity per pack: 50 ml<br \/>\nManufacturer: Curasept<\/strong><\/p>\n<p>&nbsp;<\/p>\n","protected":false},"excerpt":{"rendered":"<p>Children&#8217;s toothpaste for children aged 7-12. Chewing gum flavour. The only toothpaste to use the CPC-HAP complex: The Cetylpyridinium Chloride-Hydroxyapatite Complex (CPC-HAP) in the Curasept Daycare toothpaste range has been specially developed to combine and maximise the benefits of these two components. Due to its biomimetic affinity with enamel, hydroxyapatite forms a protective layer that [&hellip;]<\/p>\n","protected":false},"featured_media":9541,"template":"","meta":{"inline_featured_image":false},"product_brand":[],"product_cat":[180],"product_tag":[],"class_list":{"0":"post-11186","1":"product","2":"type-product","3":"status-publish","4":"has-post-thumbnail","6":"product_cat-toothpastes","8":"first","9":"instock","10":"shipping-taxable","11":"purchasable","12":"product-type-simple"},"yoast_head":"<!-- This site is optimized with the Yoast SEO plugin v27.3 - https:\/\/yoast.com\/product\/yoast-seo-wordpress\/ -->\n<title>CURASEPT Daycare Booster Junior toothpaste - Dentiste<\/title>\n<meta name=\"robots\" content=\"index, follow, max-snippet:-1, max-image-preview:large, max-video-preview:-1\" \/>\n<link rel=\"canonical\" href=\"https:\/\/dentisteshop.lt\/en\/produktas\/curasept-daycare-booster-junior-toothpaste\/\" \/>\n<meta property=\"og:locale\" content=\"en_US\" \/>\n<meta property=\"og:type\" content=\"article\" \/>\n<meta property=\"og:title\" content=\"CURASEPT Daycare Booster Junior toothpaste - Dentiste\" \/>\n<meta property=\"og:description\" content=\"Children&#8217;s toothpaste for children aged 7-12. Chewing gum flavour. The only toothpaste to use the CPC-HAP complex: The Cetylpyridinium Chloride-Hydroxyapatite Complex (CPC-HAP) in the Curasept Daycare toothpaste range has been specially developed to combine and maximise the benefits of these two components. Due to its biomimetic affinity with enamel, hydroxyapatite forms a protective layer that [&hellip;]\" \/>\n<meta property=\"og:url\" content=\"https:\/\/dentisteshop.lt\/en\/produktas\/curasept-daycare-booster-junior-toothpaste\/\" \/>\n<meta property=\"og:site_name\" content=\"Dentiste\" \/>\n<meta property=\"article:publisher\" content=\"https:\/\/www.facebook.com\/DentisteLituanie\" \/>\n<meta property=\"og:image\" content=\"https:\/\/dentisteshop.lt\/wp-content\/uploads\/2023\/03\/Curasept_DAYCARE_BOOSTER_dentifricio_junior-600x600-3-jpg.webp\" \/>\n\t<meta property=\"og:image:width\" content=\"600\" \/>\n\t<meta property=\"og:image:height\" content=\"600\" \/>\n\t<meta property=\"og:image:type\" content=\"image\/jpeg\" \/>\n<meta name=\"twitter:card\" content=\"summary_large_image\" \/>\n<script type=\"application\/ld+json\" class=\"yoast-schema-graph\">{\"@context\":\"https:\\\/\\\/schema.org\",\"@graph\":[{\"@type\":\"WebPage\",\"@id\":\"https:\\\/\\\/dentisteshop.lt\\\/en\\\/produktas\\\/curasept-daycare-booster-junior-toothpaste\\\/\",\"url\":\"https:\\\/\\\/dentisteshop.lt\\\/en\\\/produktas\\\/curasept-daycare-booster-junior-toothpaste\\\/\",\"name\":\"CURASEPT Daycare Booster Junior toothpaste - Dentiste\",\"isPartOf\":{\"@id\":\"https:\\\/\\\/dentisteshop.lt\\\/#website\"},\"primaryImageOfPage\":{\"@id\":\"https:\\\/\\\/dentisteshop.lt\\\/en\\\/produktas\\\/curasept-daycare-booster-junior-toothpaste\\\/#primaryimage\"},\"image\":{\"@id\":\"https:\\\/\\\/dentisteshop.lt\\\/en\\\/produktas\\\/curasept-daycare-booster-junior-toothpaste\\\/#primaryimage\"},\"thumbnailUrl\":\"\\\/wp-content\\\/uploads\\\/2023\\\/03\\\/Curasept_DAYCARE_BOOSTER_dentifricio_junior-600x600-3-jpg.webp\",\"datePublished\":\"2023-03-31T08:05:49+00:00\",\"breadcrumb\":{\"@id\":\"https:\\\/\\\/dentisteshop.lt\\\/en\\\/produktas\\\/curasept-daycare-booster-junior-toothpaste\\\/#breadcrumb\"},\"inLanguage\":\"en-US\",\"potentialAction\":[{\"@type\":\"ReadAction\",\"target\":[\"https:\\\/\\\/dentisteshop.lt\\\/en\\\/produktas\\\/curasept-daycare-booster-junior-toothpaste\\\/\"]}]},{\"@type\":\"ImageObject\",\"inLanguage\":\"en-US\",\"@id\":\"https:\\\/\\\/dentisteshop.lt\\\/en\\\/produktas\\\/curasept-daycare-booster-junior-toothpaste\\\/#primaryimage\",\"url\":\"\\\/wp-content\\\/uploads\\\/2023\\\/03\\\/Curasept_DAYCARE_BOOSTER_dentifricio_junior-600x600-3-jpg.webp\",\"contentUrl\":\"\\\/wp-content\\\/uploads\\\/2023\\\/03\\\/Curasept_DAYCARE_BOOSTER_dentifricio_junior-600x600-3-jpg.webp\",\"width\":600,\"height\":600},{\"@type\":\"BreadcrumbList\",\"@id\":\"https:\\\/\\\/dentisteshop.lt\\\/en\\\/produktas\\\/curasept-daycare-booster-junior-toothpaste\\\/#breadcrumb\",\"itemListElement\":[{\"@type\":\"ListItem\",\"position\":1,\"name\":\"Home\",\"item\":\"https:\\\/\\\/dentisteshop.lt\\\/\"},{\"@type\":\"ListItem\",\"position\":2,\"name\":\"Shop\",\"item\":\"https:\\\/\\\/dentisteshop.lt\\\/en\\\/shop\\\/\"},{\"@type\":\"ListItem\",\"position\":3,\"name\":\"CURASEPT Daycare Booster Junior toothpaste\"}]},{\"@type\":\"WebSite\",\"@id\":\"https:\\\/\\\/dentisteshop.lt\\\/#website\",\"url\":\"https:\\\/\\\/dentisteshop.lt\\\/\",\"name\":\"Dentiste\",\"description\":\"Burnos prie\u017ei\u016bros priemon\u0117s internetu\",\"publisher\":{\"@id\":\"https:\\\/\\\/dentisteshop.lt\\\/#organization\"},\"potentialAction\":[{\"@type\":\"SearchAction\",\"target\":{\"@type\":\"EntryPoint\",\"urlTemplate\":\"https:\\\/\\\/dentisteshop.lt\\\/?s={search_term_string}\"},\"query-input\":{\"@type\":\"PropertyValueSpecification\",\"valueRequired\":true,\"valueName\":\"search_term_string\"}}],\"inLanguage\":\"en-US\"},{\"@type\":\"Organization\",\"@id\":\"https:\\\/\\\/dentisteshop.lt\\\/#organization\",\"name\":\"Dentiste\",\"url\":\"https:\\\/\\\/dentisteshop.lt\\\/\",\"logo\":{\"@type\":\"ImageObject\",\"inLanguage\":\"en-US\",\"@id\":\"https:\\\/\\\/dentisteshop.lt\\\/#\\\/schema\\\/logo\\\/image\\\/\",\"url\":\"https:\\\/\\\/dentisteshop.lt\\\/wp-content\\\/uploads\\\/2022\\\/09\\\/New-Project-2.png\",\"contentUrl\":\"https:\\\/\\\/dentisteshop.lt\\\/wp-content\\\/uploads\\\/2022\\\/09\\\/New-Project-2.png\",\"width\":703,\"height\":134,\"caption\":\"Dentiste\"},\"image\":{\"@id\":\"https:\\\/\\\/dentisteshop.lt\\\/#\\\/schema\\\/logo\\\/image\\\/\"},\"sameAs\":[\"https:\\\/\\\/www.facebook.com\\\/DentisteLituanie\",\"https:\\\/\\\/www.instagram.com\\\/klinika_dentiste\\\/\"]}]}<\/script>\n<!-- \/ Yoast SEO plugin. -->","yoast_head_json":{"title":"CURASEPT Daycare Booster Junior toothpaste - Dentiste","robots":{"index":"index","follow":"follow","max-snippet":"max-snippet:-1","max-image-preview":"max-image-preview:large","max-video-preview":"max-video-preview:-1"},"canonical":"https:\/\/dentisteshop.lt\/en\/produktas\/curasept-daycare-booster-junior-toothpaste\/","og_locale":"en_US","og_type":"article","og_title":"CURASEPT Daycare Booster Junior toothpaste - Dentiste","og_description":"Children&#8217;s toothpaste for children aged 7-12. Chewing gum flavour. The only toothpaste to use the CPC-HAP complex: The Cetylpyridinium Chloride-Hydroxyapatite Complex (CPC-HAP) in the Curasept Daycare toothpaste range has been specially developed to combine and maximise the benefits of these two components. Due to its biomimetic affinity with enamel, hydroxyapatite forms a protective layer that [&hellip;]","og_url":"https:\/\/dentisteshop.lt\/en\/produktas\/curasept-daycare-booster-junior-toothpaste\/","og_site_name":"Dentiste","article_publisher":"https:\/\/www.facebook.com\/DentisteLituanie","og_image":[{"width":600,"height":600,"url":"https:\/\/dentisteshop.lt\/wp-content\/uploads\/2023\/03\/Curasept_DAYCARE_BOOSTER_dentifricio_junior-600x600-3-jpg.webp","type":"image\/jpeg"}],"twitter_card":"summary_large_image","schema":{"@context":"https:\/\/schema.org","@graph":[{"@type":"WebPage","@id":"https:\/\/dentisteshop.lt\/en\/produktas\/curasept-daycare-booster-junior-toothpaste\/","url":"https:\/\/dentisteshop.lt\/en\/produktas\/curasept-daycare-booster-junior-toothpaste\/","name":"CURASEPT Daycare Booster Junior toothpaste - Dentiste","isPartOf":{"@id":"https:\/\/dentisteshop.lt\/#website"},"primaryImageOfPage":{"@id":"https:\/\/dentisteshop.lt\/en\/produktas\/curasept-daycare-booster-junior-toothpaste\/#primaryimage"},"image":{"@id":"https:\/\/dentisteshop.lt\/en\/produktas\/curasept-daycare-booster-junior-toothpaste\/#primaryimage"},"thumbnailUrl":"\/wp-content\/uploads\/2023\/03\/Curasept_DAYCARE_BOOSTER_dentifricio_junior-600x600-3-jpg.webp","datePublished":"2023-03-31T08:05:49+00:00","breadcrumb":{"@id":"https:\/\/dentisteshop.lt\/en\/produktas\/curasept-daycare-booster-junior-toothpaste\/#breadcrumb"},"inLanguage":"en-US","potentialAction":[{"@type":"ReadAction","target":["https:\/\/dentisteshop.lt\/en\/produktas\/curasept-daycare-booster-junior-toothpaste\/"]}]},{"@type":"ImageObject","inLanguage":"en-US","@id":"https:\/\/dentisteshop.lt\/en\/produktas\/curasept-daycare-booster-junior-toothpaste\/#primaryimage","url":"\/wp-content\/uploads\/2023\/03\/Curasept_DAYCARE_BOOSTER_dentifricio_junior-600x600-3-jpg.webp","contentUrl":"\/wp-content\/uploads\/2023\/03\/Curasept_DAYCARE_BOOSTER_dentifricio_junior-600x600-3-jpg.webp","width":600,"height":600},{"@type":"BreadcrumbList","@id":"https:\/\/dentisteshop.lt\/en\/produktas\/curasept-daycare-booster-junior-toothpaste\/#breadcrumb","itemListElement":[{"@type":"ListItem","position":1,"name":"Home","item":"https:\/\/dentisteshop.lt\/"},{"@type":"ListItem","position":2,"name":"Shop","item":"https:\/\/dentisteshop.lt\/en\/shop\/"},{"@type":"ListItem","position":3,"name":"CURASEPT Daycare Booster Junior toothpaste"}]},{"@type":"WebSite","@id":"https:\/\/dentisteshop.lt\/#website","url":"https:\/\/dentisteshop.lt\/","name":"Dentiste","description":"Burnos prie\u017ei\u016bros priemon\u0117s internetu","publisher":{"@id":"https:\/\/dentisteshop.lt\/#organization"},"potentialAction":[{"@type":"SearchAction","target":{"@type":"EntryPoint","urlTemplate":"https:\/\/dentisteshop.lt\/?s={search_term_string}"},"query-input":{"@type":"PropertyValueSpecification","valueRequired":true,"valueName":"search_term_string"}}],"inLanguage":"en-US"},{"@type":"Organization","@id":"https:\/\/dentisteshop.lt\/#organization","name":"Dentiste","url":"https:\/\/dentisteshop.lt\/","logo":{"@type":"ImageObject","inLanguage":"en-US","@id":"https:\/\/dentisteshop.lt\/#\/schema\/logo\/image\/","url":"https:\/\/dentisteshop.lt\/wp-content\/uploads\/2022\/09\/New-Project-2.png","contentUrl":"https:\/\/dentisteshop.lt\/wp-content\/uploads\/2022\/09\/New-Project-2.png","width":703,"height":134,"caption":"Dentiste"},"image":{"@id":"https:\/\/dentisteshop.lt\/#\/schema\/logo\/image\/"},"sameAs":["https:\/\/www.facebook.com\/DentisteLituanie","https:\/\/www.instagram.com\/klinika_dentiste\/"]}]}},"_links":{"self":[{"href":"https:\/\/dentisteshop.lt\/en\/wp-json\/wp\/v2\/product\/11186","targetHints":{"allow":["GET"]}}],"collection":[{"href":"https:\/\/dentisteshop.lt\/en\/wp-json\/wp\/v2\/product"}],"about":[{"href":"https:\/\/dentisteshop.lt\/en\/wp-json\/wp\/v2\/types\/product"}],"wp:featuredmedia":[{"embeddable":true,"href":"https:\/\/dentisteshop.lt\/en\/wp-json\/wp\/v2\/media\/9541"}],"wp:attachment":[{"href":"https:\/\/dentisteshop.lt\/en\/wp-json\/wp\/v2\/media?parent=11186"}],"wp:term":[{"taxonomy":"product_brand","embeddable":true,"href":"https:\/\/dentisteshop.lt\/en\/wp-json\/wp\/v2\/product_brand?post=11186"},{"taxonomy":"product_cat","embeddable":true,"href":"https:\/\/dentisteshop.lt\/en\/wp-json\/wp\/v2\/product_cat?post=11186"},{"taxonomy":"product_tag","embeddable":true,"href":"https:\/\/dentisteshop.lt\/en\/wp-json\/wp\/v2\/product_tag?post=11186"}],"curies":[{"name":"wp","href":"https:\/\/api.w.org\/{rel}","templated":true}]}}