{"id":11179,"date":"2023-04-04T08:12:24","date_gmt":"2023-04-04T06:12:24","guid":{"rendered":"https:\/\/dentisteshop.lt\/produktas\/curasept-daycare-booster-fruit-sensation-toothpaste\/"},"modified":"2023-04-04T08:12:24","modified_gmt":"2023-04-04T06:12:24","slug":"curasept-daycare-booster-fruit-sensation-toothpaste","status":"publish","type":"product","link":"https:\/\/dentisteshop.lt\/en\/produktas\/curasept-daycare-booster-fruit-sensation-toothpaste\/","title":{"rendered":"Curasept Daycare Booster Fruit Sensation toothpaste"},"content":{"rendered":"<p>A daily toothpaste for excellent dental health and fresh breath. Fluoride and calcium glycerophosphate remineralise and strengthen enamel, while xylitol protects against the harmful effects of acids. This toothpaste is also enriched with a unique, patented CPC (cetylpyridinium chloride) and hydroxyapatite synergy complex that effectively fights tooth decay-causing bacteria and plaque and protects the oral mucosa against bacterial and viral growth for up to 4 hours. after brushing your teeth.<br \/>\nEssential oils help reduce plaque formation and fight gingivitis and bad breath.<br \/>\nSLS and alcohol free.<\/p>\n<p><strong>FEATURES:<\/strong><br \/>\nFlavour: fruity<br \/>\nAbrasiveness: &lt;40 RDA<br \/>\nFluoride content: 900 ppm<br \/>\nQuantity per pack: 75 ml<br \/>\nManufacturer: Curasept<\/p>\n<p>&nbsp;<\/p>\n","protected":false},"excerpt":{"rendered":"<p>A daily toothpaste for excellent dental health and fresh breath. Fluoride and calcium glycerophosphate remineralise and strengthen enamel, while xylitol protects against the harmful effects of acids. This toothpaste is also enriched with a unique, patented CPC (cetylpyridinium chloride) and hydroxyapatite synergy complex that effectively fights tooth decay-causing bacteria and plaque and protects the oral [&hellip;]<\/p>\n","protected":false},"featured_media":9543,"template":"","meta":{"inline_featured_image":false},"product_brand":[],"product_cat":[180],"product_tag":[],"class_list":{"0":"post-11179","1":"product","2":"type-product","3":"status-publish","4":"has-post-thumbnail","6":"product_cat-toothpastes","8":"first","9":"outofstock","10":"shipping-taxable","11":"purchasable","12":"product-type-simple"},"yoast_head":"<!-- This site is optimized with the Yoast SEO plugin v27.3 - https:\/\/yoast.com\/product\/yoast-seo-wordpress\/ -->\n<title>Curasept Daycare Booster Fruit Sensation toothpaste - Dentiste<\/title>\n<meta name=\"robots\" content=\"index, follow, max-snippet:-1, max-image-preview:large, max-video-preview:-1\" \/>\n<link rel=\"canonical\" href=\"https:\/\/dentisteshop.lt\/en\/produktas\/curasept-daycare-booster-fruit-sensation-toothpaste\/\" \/>\n<meta property=\"og:locale\" content=\"en_US\" \/>\n<meta property=\"og:type\" content=\"article\" \/>\n<meta property=\"og:title\" content=\"Curasept Daycare Booster Fruit Sensation toothpaste - Dentiste\" \/>\n<meta property=\"og:description\" content=\"A daily toothpaste for excellent dental health and fresh breath. Fluoride and calcium glycerophosphate remineralise and strengthen enamel, while xylitol protects against the harmful effects of acids. This toothpaste is also enriched with a unique, patented CPC (cetylpyridinium chloride) and hydroxyapatite synergy complex that effectively fights tooth decay-causing bacteria and plaque and protects the oral [&hellip;]\" \/>\n<meta property=\"og:url\" content=\"https:\/\/dentisteshop.lt\/en\/produktas\/curasept-daycare-booster-fruit-sensation-toothpaste\/\" \/>\n<meta property=\"og:site_name\" content=\"Dentiste\" \/>\n<meta property=\"article:publisher\" content=\"https:\/\/www.facebook.com\/DentisteLituanie\" \/>\n<meta property=\"og:image\" content=\"https:\/\/dentisteshop.lt\/wp-content\/uploads\/2023\/04\/Curasept_DAYCARE_BOOSTER_dentifricio_fruit_sensation-600x600-2-jpg.webp\" \/>\n\t<meta property=\"og:image:width\" content=\"600\" \/>\n\t<meta property=\"og:image:height\" content=\"600\" \/>\n\t<meta property=\"og:image:type\" content=\"image\/jpeg\" \/>\n<meta name=\"twitter:card\" content=\"summary_large_image\" \/>\n<meta name=\"twitter:label1\" content=\"Est. reading time\" \/>\n\t<meta name=\"twitter:data1\" content=\"1 minute\" \/>\n<script type=\"application\/ld+json\" class=\"yoast-schema-graph\">{\"@context\":\"https:\\\/\\\/schema.org\",\"@graph\":[{\"@type\":\"WebPage\",\"@id\":\"https:\\\/\\\/dentisteshop.lt\\\/en\\\/produktas\\\/curasept-daycare-booster-fruit-sensation-toothpaste\\\/\",\"url\":\"https:\\\/\\\/dentisteshop.lt\\\/en\\\/produktas\\\/curasept-daycare-booster-fruit-sensation-toothpaste\\\/\",\"name\":\"Curasept Daycare Booster Fruit Sensation toothpaste - Dentiste\",\"isPartOf\":{\"@id\":\"https:\\\/\\\/dentisteshop.lt\\\/#website\"},\"primaryImageOfPage\":{\"@id\":\"https:\\\/\\\/dentisteshop.lt\\\/en\\\/produktas\\\/curasept-daycare-booster-fruit-sensation-toothpaste\\\/#primaryimage\"},\"image\":{\"@id\":\"https:\\\/\\\/dentisteshop.lt\\\/en\\\/produktas\\\/curasept-daycare-booster-fruit-sensation-toothpaste\\\/#primaryimage\"},\"thumbnailUrl\":\"\\\/wp-content\\\/uploads\\\/2023\\\/04\\\/Curasept_DAYCARE_BOOSTER_dentifricio_fruit_sensation-600x600-2-jpg.webp\",\"datePublished\":\"2023-04-04T06:12:24+00:00\",\"breadcrumb\":{\"@id\":\"https:\\\/\\\/dentisteshop.lt\\\/en\\\/produktas\\\/curasept-daycare-booster-fruit-sensation-toothpaste\\\/#breadcrumb\"},\"inLanguage\":\"en-US\",\"potentialAction\":[{\"@type\":\"ReadAction\",\"target\":[\"https:\\\/\\\/dentisteshop.lt\\\/en\\\/produktas\\\/curasept-daycare-booster-fruit-sensation-toothpaste\\\/\"]}]},{\"@type\":\"ImageObject\",\"inLanguage\":\"en-US\",\"@id\":\"https:\\\/\\\/dentisteshop.lt\\\/en\\\/produktas\\\/curasept-daycare-booster-fruit-sensation-toothpaste\\\/#primaryimage\",\"url\":\"\\\/wp-content\\\/uploads\\\/2023\\\/04\\\/Curasept_DAYCARE_BOOSTER_dentifricio_fruit_sensation-600x600-2-jpg.webp\",\"contentUrl\":\"\\\/wp-content\\\/uploads\\\/2023\\\/04\\\/Curasept_DAYCARE_BOOSTER_dentifricio_fruit_sensation-600x600-2-jpg.webp\",\"width\":600,\"height\":600},{\"@type\":\"BreadcrumbList\",\"@id\":\"https:\\\/\\\/dentisteshop.lt\\\/en\\\/produktas\\\/curasept-daycare-booster-fruit-sensation-toothpaste\\\/#breadcrumb\",\"itemListElement\":[{\"@type\":\"ListItem\",\"position\":1,\"name\":\"Home\",\"item\":\"https:\\\/\\\/dentisteshop.lt\\\/\"},{\"@type\":\"ListItem\",\"position\":2,\"name\":\"Shop\",\"item\":\"https:\\\/\\\/dentisteshop.lt\\\/en\\\/shop\\\/\"},{\"@type\":\"ListItem\",\"position\":3,\"name\":\"Curasept Daycare Booster Fruit Sensation toothpaste\"}]},{\"@type\":\"WebSite\",\"@id\":\"https:\\\/\\\/dentisteshop.lt\\\/#website\",\"url\":\"https:\\\/\\\/dentisteshop.lt\\\/\",\"name\":\"Dentiste\",\"description\":\"Burnos prie\u017ei\u016bros priemon\u0117s internetu\",\"publisher\":{\"@id\":\"https:\\\/\\\/dentisteshop.lt\\\/#organization\"},\"potentialAction\":[{\"@type\":\"SearchAction\",\"target\":{\"@type\":\"EntryPoint\",\"urlTemplate\":\"https:\\\/\\\/dentisteshop.lt\\\/?s={search_term_string}\"},\"query-input\":{\"@type\":\"PropertyValueSpecification\",\"valueRequired\":true,\"valueName\":\"search_term_string\"}}],\"inLanguage\":\"en-US\"},{\"@type\":\"Organization\",\"@id\":\"https:\\\/\\\/dentisteshop.lt\\\/#organization\",\"name\":\"Dentiste\",\"url\":\"https:\\\/\\\/dentisteshop.lt\\\/\",\"logo\":{\"@type\":\"ImageObject\",\"inLanguage\":\"en-US\",\"@id\":\"https:\\\/\\\/dentisteshop.lt\\\/#\\\/schema\\\/logo\\\/image\\\/\",\"url\":\"https:\\\/\\\/dentisteshop.lt\\\/wp-content\\\/uploads\\\/2022\\\/09\\\/New-Project-2.png\",\"contentUrl\":\"https:\\\/\\\/dentisteshop.lt\\\/wp-content\\\/uploads\\\/2022\\\/09\\\/New-Project-2.png\",\"width\":703,\"height\":134,\"caption\":\"Dentiste\"},\"image\":{\"@id\":\"https:\\\/\\\/dentisteshop.lt\\\/#\\\/schema\\\/logo\\\/image\\\/\"},\"sameAs\":[\"https:\\\/\\\/www.facebook.com\\\/DentisteLituanie\",\"https:\\\/\\\/www.instagram.com\\\/klinika_dentiste\\\/\"]}]}<\/script>\n<!-- \/ Yoast SEO plugin. -->","yoast_head_json":{"title":"Curasept Daycare Booster Fruit Sensation toothpaste - Dentiste","robots":{"index":"index","follow":"follow","max-snippet":"max-snippet:-1","max-image-preview":"max-image-preview:large","max-video-preview":"max-video-preview:-1"},"canonical":"https:\/\/dentisteshop.lt\/en\/produktas\/curasept-daycare-booster-fruit-sensation-toothpaste\/","og_locale":"en_US","og_type":"article","og_title":"Curasept Daycare Booster Fruit Sensation toothpaste - Dentiste","og_description":"A daily toothpaste for excellent dental health and fresh breath. Fluoride and calcium glycerophosphate remineralise and strengthen enamel, while xylitol protects against the harmful effects of acids. This toothpaste is also enriched with a unique, patented CPC (cetylpyridinium chloride) and hydroxyapatite synergy complex that effectively fights tooth decay-causing bacteria and plaque and protects the oral [&hellip;]","og_url":"https:\/\/dentisteshop.lt\/en\/produktas\/curasept-daycare-booster-fruit-sensation-toothpaste\/","og_site_name":"Dentiste","article_publisher":"https:\/\/www.facebook.com\/DentisteLituanie","og_image":[{"width":600,"height":600,"url":"https:\/\/dentisteshop.lt\/wp-content\/uploads\/2023\/04\/Curasept_DAYCARE_BOOSTER_dentifricio_fruit_sensation-600x600-2-jpg.webp","type":"image\/jpeg"}],"twitter_card":"summary_large_image","twitter_misc":{"Est. reading time":"1 minute"},"schema":{"@context":"https:\/\/schema.org","@graph":[{"@type":"WebPage","@id":"https:\/\/dentisteshop.lt\/en\/produktas\/curasept-daycare-booster-fruit-sensation-toothpaste\/","url":"https:\/\/dentisteshop.lt\/en\/produktas\/curasept-daycare-booster-fruit-sensation-toothpaste\/","name":"Curasept Daycare Booster Fruit Sensation toothpaste - Dentiste","isPartOf":{"@id":"https:\/\/dentisteshop.lt\/#website"},"primaryImageOfPage":{"@id":"https:\/\/dentisteshop.lt\/en\/produktas\/curasept-daycare-booster-fruit-sensation-toothpaste\/#primaryimage"},"image":{"@id":"https:\/\/dentisteshop.lt\/en\/produktas\/curasept-daycare-booster-fruit-sensation-toothpaste\/#primaryimage"},"thumbnailUrl":"\/wp-content\/uploads\/2023\/04\/Curasept_DAYCARE_BOOSTER_dentifricio_fruit_sensation-600x600-2-jpg.webp","datePublished":"2023-04-04T06:12:24+00:00","breadcrumb":{"@id":"https:\/\/dentisteshop.lt\/en\/produktas\/curasept-daycare-booster-fruit-sensation-toothpaste\/#breadcrumb"},"inLanguage":"en-US","potentialAction":[{"@type":"ReadAction","target":["https:\/\/dentisteshop.lt\/en\/produktas\/curasept-daycare-booster-fruit-sensation-toothpaste\/"]}]},{"@type":"ImageObject","inLanguage":"en-US","@id":"https:\/\/dentisteshop.lt\/en\/produktas\/curasept-daycare-booster-fruit-sensation-toothpaste\/#primaryimage","url":"\/wp-content\/uploads\/2023\/04\/Curasept_DAYCARE_BOOSTER_dentifricio_fruit_sensation-600x600-2-jpg.webp","contentUrl":"\/wp-content\/uploads\/2023\/04\/Curasept_DAYCARE_BOOSTER_dentifricio_fruit_sensation-600x600-2-jpg.webp","width":600,"height":600},{"@type":"BreadcrumbList","@id":"https:\/\/dentisteshop.lt\/en\/produktas\/curasept-daycare-booster-fruit-sensation-toothpaste\/#breadcrumb","itemListElement":[{"@type":"ListItem","position":1,"name":"Home","item":"https:\/\/dentisteshop.lt\/"},{"@type":"ListItem","position":2,"name":"Shop","item":"https:\/\/dentisteshop.lt\/en\/shop\/"},{"@type":"ListItem","position":3,"name":"Curasept Daycare Booster Fruit Sensation toothpaste"}]},{"@type":"WebSite","@id":"https:\/\/dentisteshop.lt\/#website","url":"https:\/\/dentisteshop.lt\/","name":"Dentiste","description":"Burnos prie\u017ei\u016bros priemon\u0117s internetu","publisher":{"@id":"https:\/\/dentisteshop.lt\/#organization"},"potentialAction":[{"@type":"SearchAction","target":{"@type":"EntryPoint","urlTemplate":"https:\/\/dentisteshop.lt\/?s={search_term_string}"},"query-input":{"@type":"PropertyValueSpecification","valueRequired":true,"valueName":"search_term_string"}}],"inLanguage":"en-US"},{"@type":"Organization","@id":"https:\/\/dentisteshop.lt\/#organization","name":"Dentiste","url":"https:\/\/dentisteshop.lt\/","logo":{"@type":"ImageObject","inLanguage":"en-US","@id":"https:\/\/dentisteshop.lt\/#\/schema\/logo\/image\/","url":"https:\/\/dentisteshop.lt\/wp-content\/uploads\/2022\/09\/New-Project-2.png","contentUrl":"https:\/\/dentisteshop.lt\/wp-content\/uploads\/2022\/09\/New-Project-2.png","width":703,"height":134,"caption":"Dentiste"},"image":{"@id":"https:\/\/dentisteshop.lt\/#\/schema\/logo\/image\/"},"sameAs":["https:\/\/www.facebook.com\/DentisteLituanie","https:\/\/www.instagram.com\/klinika_dentiste\/"]}]}},"_links":{"self":[{"href":"https:\/\/dentisteshop.lt\/en\/wp-json\/wp\/v2\/product\/11179","targetHints":{"allow":["GET"]}}],"collection":[{"href":"https:\/\/dentisteshop.lt\/en\/wp-json\/wp\/v2\/product"}],"about":[{"href":"https:\/\/dentisteshop.lt\/en\/wp-json\/wp\/v2\/types\/product"}],"wp:featuredmedia":[{"embeddable":true,"href":"https:\/\/dentisteshop.lt\/en\/wp-json\/wp\/v2\/media\/9543"}],"wp:attachment":[{"href":"https:\/\/dentisteshop.lt\/en\/wp-json\/wp\/v2\/media?parent=11179"}],"wp:term":[{"taxonomy":"product_brand","embeddable":true,"href":"https:\/\/dentisteshop.lt\/en\/wp-json\/wp\/v2\/product_brand?post=11179"},{"taxonomy":"product_cat","embeddable":true,"href":"https:\/\/dentisteshop.lt\/en\/wp-json\/wp\/v2\/product_cat?post=11179"},{"taxonomy":"product_tag","embeddable":true,"href":"https:\/\/dentisteshop.lt\/en\/wp-json\/wp\/v2\/product_tag?post=11179"}],"curies":[{"name":"wp","href":"https:\/\/api.w.org\/{rel}","templated":true}]}}