{"id":11178,"date":"2023-03-31T08:39:12","date_gmt":"2023-03-31T08:39:12","guid":{"rendered":"https:\/\/dentisteshop.lt\/produktas\/piuma-set-smilebox\/"},"modified":"2023-03-31T08:39:12","modified_gmt":"2023-03-31T06:39:12","slug":"piuma-set-smilebox","status":"publish","type":"product","link":"https:\/\/dentisteshop.lt\/en\/produktas\/piuma-set-smilebox\/","title":{"rendered":"PIUMA Set Smilebox"},"content":{"rendered":"<p>FEATURES:<br \/>\n&#8211; Innovative design and flexible handle.<br \/>\n&#8211; Premium micro-bristles made of Tynex \u00ae 0 1 mm), designed to prevent gum irritation and ensure maximum cleanliness.<br \/>\n&#8211; Vitamin C helps maintain a strong immune system. Thanks to innovative technology, Vitamation C has been integrated into the bristles of the toothbrush to help improve oral health and hygiene. Particularly suitable for sensitive teeth and gums.<br \/>\n&#8211; The raw materials used in the brushes are antibacterial and FDA-certified (American Food and Drug Administration).<br \/>\n&#8211; Tongue cleaner &#8211; multi-sensory function for perfect tongue cleaning.<\/p>\n<p>&#8211; Pure White toothpaste is an antioxidant toothpaste enriched with Vitamins A, B and C. The fluoride in the toothpaste prevents the formation of plaque and cavities. &#8220;The Pure White formula is clinically tested and approved by dentists. Refreshing mint flavour.<br \/>\n&#8211; The base allows you to place the toothbrush on any surface. The patented design of the base prevents water build-up and the built-in calendar reminds you when it&#8217;s time to change your toothbrush.<\/p>\n","protected":false},"excerpt":{"rendered":"<p>The SmileBox gift set includes a PIUMA\u00ae toothbrush (soft), its calendar base and Pure White toothpaste, which is enriched with multivitamins and protects cavities.<\/p>\n<p>100% vegan.<br \/>\nMade in Italy.<br \/>\nAnimal friendly product (Cruelty free).<\/p>\n<p>Note: The toothbrush cap is always included.<\/p>\n","protected":false},"featured_media":9471,"template":"","meta":{"inline_featured_image":false},"product_brand":[],"product_cat":[181],"product_tag":[],"class_list":{"0":"post-11178","1":"product","2":"type-product","3":"status-publish","4":"has-post-thumbnail","6":"product_cat-the-set","8":"first","9":"instock","10":"shipping-taxable","11":"purchasable","12":"product-type-variable"},"yoast_head":"<!-- This site is optimized with the Yoast SEO plugin v27.3 - https:\/\/yoast.com\/product\/yoast-seo-wordpress\/ -->\n<title>PIUMA Set Smilebox - Dentiste<\/title>\n<meta name=\"robots\" content=\"index, follow, max-snippet:-1, max-image-preview:large, max-video-preview:-1\" \/>\n<link rel=\"canonical\" href=\"https:\/\/dentisteshop.lt\/en\/produktas\/piuma-set-smilebox\/\" \/>\n<meta property=\"og:locale\" content=\"en_US\" \/>\n<meta property=\"og:type\" content=\"article\" \/>\n<meta property=\"og:title\" content=\"PIUMA Set Smilebox - Dentiste\" \/>\n<meta property=\"og:description\" content=\"The SmileBox gift set includes a PIUMA\u00ae toothbrush (soft), its calendar base and Pure White toothpaste, which is enriched with multivitamins and protects cavities. 100% vegan. Made in Italy. Animal friendly product (Cruelty free). Note: The toothbrush cap is always included.\" \/>\n<meta property=\"og:url\" content=\"https:\/\/dentisteshop.lt\/en\/produktas\/piuma-set-smilebox\/\" \/>\n<meta property=\"og:site_name\" content=\"Dentiste\" \/>\n<meta property=\"article:publisher\" content=\"https:\/\/www.facebook.com\/DentisteLituanie\" \/>\n<meta property=\"og:image\" content=\"https:\/\/dentisteshop.lt\/wp-content\/uploads\/2023\/03\/SMILE-BOX-SOFT-NUDE_dantu_sepetelis_pasta_tvari_dovana_piuma.lt_-scaled.webp\" \/>\n\t<meta property=\"og:image:width\" content=\"2560\" \/>\n\t<meta property=\"og:image:height\" content=\"2560\" \/>\n\t<meta property=\"og:image:type\" content=\"image\/jpeg\" \/>\n<meta name=\"twitter:card\" content=\"summary_large_image\" \/>\n<meta name=\"twitter:label1\" content=\"Est. reading time\" \/>\n\t<meta name=\"twitter:data1\" content=\"1 minute\" \/>\n<script type=\"application\/ld+json\" class=\"yoast-schema-graph\">{\"@context\":\"https:\\\/\\\/schema.org\",\"@graph\":[{\"@type\":\"WebPage\",\"@id\":\"https:\\\/\\\/dentisteshop.lt\\\/en\\\/produktas\\\/piuma-set-smilebox\\\/\",\"url\":\"https:\\\/\\\/dentisteshop.lt\\\/en\\\/produktas\\\/piuma-set-smilebox\\\/\",\"name\":\"PIUMA Set Smilebox - Dentiste\",\"isPartOf\":{\"@id\":\"https:\\\/\\\/dentisteshop.lt\\\/#website\"},\"primaryImageOfPage\":{\"@id\":\"https:\\\/\\\/dentisteshop.lt\\\/en\\\/produktas\\\/piuma-set-smilebox\\\/#primaryimage\"},\"image\":{\"@id\":\"https:\\\/\\\/dentisteshop.lt\\\/en\\\/produktas\\\/piuma-set-smilebox\\\/#primaryimage\"},\"thumbnailUrl\":\"\\\/wp-content\\\/uploads\\\/2023\\\/03\\\/SMILE-BOX-SOFT-NUDE_dantu_sepetelis_pasta_tvari_dovana_piuma.lt_-scaled.webp\",\"datePublished\":\"2023-03-31T08:39:12+00:00\",\"breadcrumb\":{\"@id\":\"https:\\\/\\\/dentisteshop.lt\\\/en\\\/produktas\\\/piuma-set-smilebox\\\/#breadcrumb\"},\"inLanguage\":\"en-US\",\"potentialAction\":[{\"@type\":\"ReadAction\",\"target\":[\"https:\\\/\\\/dentisteshop.lt\\\/en\\\/produktas\\\/piuma-set-smilebox\\\/\"]}]},{\"@type\":\"ImageObject\",\"inLanguage\":\"en-US\",\"@id\":\"https:\\\/\\\/dentisteshop.lt\\\/en\\\/produktas\\\/piuma-set-smilebox\\\/#primaryimage\",\"url\":\"\\\/wp-content\\\/uploads\\\/2023\\\/03\\\/SMILE-BOX-SOFT-NUDE_dantu_sepetelis_pasta_tvari_dovana_piuma.lt_-scaled.webp\",\"contentUrl\":\"\\\/wp-content\\\/uploads\\\/2023\\\/03\\\/SMILE-BOX-SOFT-NUDE_dantu_sepetelis_pasta_tvari_dovana_piuma.lt_-scaled.webp\",\"width\":2560,\"height\":2560},{\"@type\":\"BreadcrumbList\",\"@id\":\"https:\\\/\\\/dentisteshop.lt\\\/en\\\/produktas\\\/piuma-set-smilebox\\\/#breadcrumb\",\"itemListElement\":[{\"@type\":\"ListItem\",\"position\":1,\"name\":\"Home\",\"item\":\"https:\\\/\\\/dentisteshop.lt\\\/\"},{\"@type\":\"ListItem\",\"position\":2,\"name\":\"Shop\",\"item\":\"https:\\\/\\\/dentisteshop.lt\\\/en\\\/shop\\\/\"},{\"@type\":\"ListItem\",\"position\":3,\"name\":\"PIUMA Set Smilebox\"}]},{\"@type\":\"WebSite\",\"@id\":\"https:\\\/\\\/dentisteshop.lt\\\/#website\",\"url\":\"https:\\\/\\\/dentisteshop.lt\\\/\",\"name\":\"Dentiste\",\"description\":\"Burnos prie\u017ei\u016bros priemon\u0117s internetu\",\"publisher\":{\"@id\":\"https:\\\/\\\/dentisteshop.lt\\\/#organization\"},\"potentialAction\":[{\"@type\":\"SearchAction\",\"target\":{\"@type\":\"EntryPoint\",\"urlTemplate\":\"https:\\\/\\\/dentisteshop.lt\\\/?s={search_term_string}\"},\"query-input\":{\"@type\":\"PropertyValueSpecification\",\"valueRequired\":true,\"valueName\":\"search_term_string\"}}],\"inLanguage\":\"en-US\"},{\"@type\":\"Organization\",\"@id\":\"https:\\\/\\\/dentisteshop.lt\\\/#organization\",\"name\":\"Dentiste\",\"url\":\"https:\\\/\\\/dentisteshop.lt\\\/\",\"logo\":{\"@type\":\"ImageObject\",\"inLanguage\":\"en-US\",\"@id\":\"https:\\\/\\\/dentisteshop.lt\\\/#\\\/schema\\\/logo\\\/image\\\/\",\"url\":\"https:\\\/\\\/dentisteshop.lt\\\/wp-content\\\/uploads\\\/2022\\\/09\\\/New-Project-2.png\",\"contentUrl\":\"https:\\\/\\\/dentisteshop.lt\\\/wp-content\\\/uploads\\\/2022\\\/09\\\/New-Project-2.png\",\"width\":703,\"height\":134,\"caption\":\"Dentiste\"},\"image\":{\"@id\":\"https:\\\/\\\/dentisteshop.lt\\\/#\\\/schema\\\/logo\\\/image\\\/\"},\"sameAs\":[\"https:\\\/\\\/www.facebook.com\\\/DentisteLituanie\",\"https:\\\/\\\/www.instagram.com\\\/klinika_dentiste\\\/\"]}]}<\/script>\n<!-- \/ Yoast SEO plugin. -->","yoast_head_json":{"title":"PIUMA Set Smilebox - Dentiste","robots":{"index":"index","follow":"follow","max-snippet":"max-snippet:-1","max-image-preview":"max-image-preview:large","max-video-preview":"max-video-preview:-1"},"canonical":"https:\/\/dentisteshop.lt\/en\/produktas\/piuma-set-smilebox\/","og_locale":"en_US","og_type":"article","og_title":"PIUMA Set Smilebox - Dentiste","og_description":"The SmileBox gift set includes a PIUMA\u00ae toothbrush (soft), its calendar base and Pure White toothpaste, which is enriched with multivitamins and protects cavities. 100% vegan. Made in Italy. Animal friendly product (Cruelty free). Note: The toothbrush cap is always included.","og_url":"https:\/\/dentisteshop.lt\/en\/produktas\/piuma-set-smilebox\/","og_site_name":"Dentiste","article_publisher":"https:\/\/www.facebook.com\/DentisteLituanie","og_image":[{"width":2560,"height":2560,"url":"https:\/\/dentisteshop.lt\/wp-content\/uploads\/2023\/03\/SMILE-BOX-SOFT-NUDE_dantu_sepetelis_pasta_tvari_dovana_piuma.lt_-scaled.webp","type":"image\/jpeg"}],"twitter_card":"summary_large_image","twitter_misc":{"Est. reading time":"1 minute"},"schema":{"@context":"https:\/\/schema.org","@graph":[{"@type":"WebPage","@id":"https:\/\/dentisteshop.lt\/en\/produktas\/piuma-set-smilebox\/","url":"https:\/\/dentisteshop.lt\/en\/produktas\/piuma-set-smilebox\/","name":"PIUMA Set Smilebox - Dentiste","isPartOf":{"@id":"https:\/\/dentisteshop.lt\/#website"},"primaryImageOfPage":{"@id":"https:\/\/dentisteshop.lt\/en\/produktas\/piuma-set-smilebox\/#primaryimage"},"image":{"@id":"https:\/\/dentisteshop.lt\/en\/produktas\/piuma-set-smilebox\/#primaryimage"},"thumbnailUrl":"\/wp-content\/uploads\/2023\/03\/SMILE-BOX-SOFT-NUDE_dantu_sepetelis_pasta_tvari_dovana_piuma.lt_-scaled.webp","datePublished":"2023-03-31T08:39:12+00:00","breadcrumb":{"@id":"https:\/\/dentisteshop.lt\/en\/produktas\/piuma-set-smilebox\/#breadcrumb"},"inLanguage":"en-US","potentialAction":[{"@type":"ReadAction","target":["https:\/\/dentisteshop.lt\/en\/produktas\/piuma-set-smilebox\/"]}]},{"@type":"ImageObject","inLanguage":"en-US","@id":"https:\/\/dentisteshop.lt\/en\/produktas\/piuma-set-smilebox\/#primaryimage","url":"\/wp-content\/uploads\/2023\/03\/SMILE-BOX-SOFT-NUDE_dantu_sepetelis_pasta_tvari_dovana_piuma.lt_-scaled.webp","contentUrl":"\/wp-content\/uploads\/2023\/03\/SMILE-BOX-SOFT-NUDE_dantu_sepetelis_pasta_tvari_dovana_piuma.lt_-scaled.webp","width":2560,"height":2560},{"@type":"BreadcrumbList","@id":"https:\/\/dentisteshop.lt\/en\/produktas\/piuma-set-smilebox\/#breadcrumb","itemListElement":[{"@type":"ListItem","position":1,"name":"Home","item":"https:\/\/dentisteshop.lt\/"},{"@type":"ListItem","position":2,"name":"Shop","item":"https:\/\/dentisteshop.lt\/en\/shop\/"},{"@type":"ListItem","position":3,"name":"PIUMA Set Smilebox"}]},{"@type":"WebSite","@id":"https:\/\/dentisteshop.lt\/#website","url":"https:\/\/dentisteshop.lt\/","name":"Dentiste","description":"Burnos prie\u017ei\u016bros priemon\u0117s internetu","publisher":{"@id":"https:\/\/dentisteshop.lt\/#organization"},"potentialAction":[{"@type":"SearchAction","target":{"@type":"EntryPoint","urlTemplate":"https:\/\/dentisteshop.lt\/?s={search_term_string}"},"query-input":{"@type":"PropertyValueSpecification","valueRequired":true,"valueName":"search_term_string"}}],"inLanguage":"en-US"},{"@type":"Organization","@id":"https:\/\/dentisteshop.lt\/#organization","name":"Dentiste","url":"https:\/\/dentisteshop.lt\/","logo":{"@type":"ImageObject","inLanguage":"en-US","@id":"https:\/\/dentisteshop.lt\/#\/schema\/logo\/image\/","url":"https:\/\/dentisteshop.lt\/wp-content\/uploads\/2022\/09\/New-Project-2.png","contentUrl":"https:\/\/dentisteshop.lt\/wp-content\/uploads\/2022\/09\/New-Project-2.png","width":703,"height":134,"caption":"Dentiste"},"image":{"@id":"https:\/\/dentisteshop.lt\/#\/schema\/logo\/image\/"},"sameAs":["https:\/\/www.facebook.com\/DentisteLituanie","https:\/\/www.instagram.com\/klinika_dentiste\/"]}]}},"_links":{"self":[{"href":"https:\/\/dentisteshop.lt\/en\/wp-json\/wp\/v2\/product\/11178","targetHints":{"allow":["GET"]}}],"collection":[{"href":"https:\/\/dentisteshop.lt\/en\/wp-json\/wp\/v2\/product"}],"about":[{"href":"https:\/\/dentisteshop.lt\/en\/wp-json\/wp\/v2\/types\/product"}],"wp:featuredmedia":[{"embeddable":true,"href":"https:\/\/dentisteshop.lt\/en\/wp-json\/wp\/v2\/media\/9471"}],"wp:attachment":[{"href":"https:\/\/dentisteshop.lt\/en\/wp-json\/wp\/v2\/media?parent=11178"}],"wp:term":[{"taxonomy":"product_brand","embeddable":true,"href":"https:\/\/dentisteshop.lt\/en\/wp-json\/wp\/v2\/product_brand?post=11178"},{"taxonomy":"product_cat","embeddable":true,"href":"https:\/\/dentisteshop.lt\/en\/wp-json\/wp\/v2\/product_cat?post=11178"},{"taxonomy":"product_tag","embeddable":true,"href":"https:\/\/dentisteshop.lt\/en\/wp-json\/wp\/v2\/product_tag?post=11178"}],"curies":[{"name":"wp","href":"https:\/\/api.w.org\/{rel}","templated":true}]}}