{"id":11174,"date":"2023-03-17T09:19:26","date_gmt":"2023-03-17T07:19:26","guid":{"rendered":"https:\/\/dentisteshop.lt\/produktas\/curasept-proxi-prevent-p07-interdental-brushes-07-mm\/"},"modified":"2023-03-17T09:19:26","modified_gmt":"2023-03-17T07:19:26","slug":"curasept-proxi-prevent-p07-interdental-brushes-07-mm","status":"publish","type":"product","link":"https:\/\/dentisteshop.lt\/en\/produktas\/curasept-proxi-prevent-p07-interdental-brushes-07-mm\/","title":{"rendered":"Curasept Proxi Prevent P07 interdental brushes 0,7 mm"},"content":{"rendered":"<p>The interdental brush is designed to remove plaque and food debris that a toothbrush or dental floss can&#8217;t remove, leading to plaque formation. Correct and maximum removal of plaque, helps reduce bleeding between the gums and gums, neutralises unpleasant symptoms of halitosis, and is highly effective against tooth decay.<\/p>\n<p>Proxi P07 interdental brush for preventive, everyday use, availability 0.7 mm.<\/p>\n<p>Each pack contains 6 interdental brushes with holders. Each brush with holder has a protective cap for maximum hygiene.7<\/p>\n<p>&nbsp;<\/p>\n","protected":false},"excerpt":{"rendered":"<p>The interdental brush is designed to remove plaque and food debris that a toothbrush or dental floss can&#8217;t remove, leading to plaque formation. Correct and maximum removal of plaque, helps reduce bleeding between the gums and gums, neutralises unpleasant symptoms of halitosis, and is highly effective against tooth decay. Proxi P07 interdental brush for preventive, [&hellip;]<\/p>\n","protected":false},"featured_media":9361,"template":"","meta":{"inline_featured_image":false},"product_brand":[],"product_cat":[174],"product_tag":[],"class_list":{"0":"post-11174","1":"product","2":"type-product","3":"status-publish","4":"has-post-thumbnail","6":"product_cat-interdental-care","8":"first","9":"instock","10":"shipping-taxable","11":"purchasable","12":"product-type-simple"},"yoast_head":"<!-- This site is optimized with the Yoast SEO plugin v27.3 - https:\/\/yoast.com\/product\/yoast-seo-wordpress\/ -->\n<title>Curasept Proxi Prevent P07 interdental brushes 0,7 mm - Dentiste<\/title>\n<meta name=\"robots\" content=\"index, follow, max-snippet:-1, max-image-preview:large, max-video-preview:-1\" \/>\n<link rel=\"canonical\" href=\"https:\/\/dentisteshop.lt\/en\/produktas\/curasept-proxi-prevent-p07-interdental-brushes-07-mm\/\" \/>\n<meta property=\"og:locale\" content=\"en_US\" \/>\n<meta property=\"og:type\" content=\"article\" \/>\n<meta property=\"og:title\" content=\"Curasept Proxi Prevent P07 interdental brushes 0,7 mm - Dentiste\" \/>\n<meta property=\"og:description\" content=\"The interdental brush is designed to remove plaque and food debris that a toothbrush or dental floss can&#8217;t remove, leading to plaque formation. Correct and maximum removal of plaque, helps reduce bleeding between the gums and gums, neutralises unpleasant symptoms of halitosis, and is highly effective against tooth decay. Proxi P07 interdental brush for preventive, [&hellip;]\" \/>\n<meta property=\"og:url\" content=\"https:\/\/dentisteshop.lt\/en\/produktas\/curasept-proxi-prevent-p07-interdental-brushes-07-mm\/\" \/>\n<meta property=\"og:site_name\" content=\"Dentiste\" \/>\n<meta property=\"article:publisher\" content=\"https:\/\/www.facebook.com\/DentisteLituanie\" \/>\n<meta property=\"og:image\" content=\"https:\/\/dentisteshop.lt\/wp-content\/uploads\/2023\/03\/curasept-proxi-prevent-p07-tarpdanciu-sepeteliai-07-mm-6-vnt.png\" \/>\n\t<meta property=\"og:image:width\" content=\"800\" \/>\n\t<meta property=\"og:image:height\" content=\"1074\" \/>\n\t<meta property=\"og:image:type\" content=\"image\/png\" \/>\n<meta name=\"twitter:card\" content=\"summary_large_image\" \/>\n<script type=\"application\/ld+json\" class=\"yoast-schema-graph\">{\"@context\":\"https:\\\/\\\/schema.org\",\"@graph\":[{\"@type\":\"WebPage\",\"@id\":\"https:\\\/\\\/dentisteshop.lt\\\/en\\\/produktas\\\/curasept-proxi-prevent-p07-interdental-brushes-07-mm\\\/\",\"url\":\"https:\\\/\\\/dentisteshop.lt\\\/en\\\/produktas\\\/curasept-proxi-prevent-p07-interdental-brushes-07-mm\\\/\",\"name\":\"Curasept Proxi Prevent P07 interdental brushes 0,7 mm - Dentiste\",\"isPartOf\":{\"@id\":\"https:\\\/\\\/dentisteshop.lt\\\/#website\"},\"primaryImageOfPage\":{\"@id\":\"https:\\\/\\\/dentisteshop.lt\\\/en\\\/produktas\\\/curasept-proxi-prevent-p07-interdental-brushes-07-mm\\\/#primaryimage\"},\"image\":{\"@id\":\"https:\\\/\\\/dentisteshop.lt\\\/en\\\/produktas\\\/curasept-proxi-prevent-p07-interdental-brushes-07-mm\\\/#primaryimage\"},\"thumbnailUrl\":\"\\\/wp-content\\\/uploads\\\/2023\\\/03\\\/curasept-proxi-prevent-p07-tarpdanciu-sepeteliai-07-mm-6-vnt.png\",\"datePublished\":\"2023-03-17T07:19:26+00:00\",\"breadcrumb\":{\"@id\":\"https:\\\/\\\/dentisteshop.lt\\\/en\\\/produktas\\\/curasept-proxi-prevent-p07-interdental-brushes-07-mm\\\/#breadcrumb\"},\"inLanguage\":\"en-US\",\"potentialAction\":[{\"@type\":\"ReadAction\",\"target\":[\"https:\\\/\\\/dentisteshop.lt\\\/en\\\/produktas\\\/curasept-proxi-prevent-p07-interdental-brushes-07-mm\\\/\"]}]},{\"@type\":\"ImageObject\",\"inLanguage\":\"en-US\",\"@id\":\"https:\\\/\\\/dentisteshop.lt\\\/en\\\/produktas\\\/curasept-proxi-prevent-p07-interdental-brushes-07-mm\\\/#primaryimage\",\"url\":\"\\\/wp-content\\\/uploads\\\/2023\\\/03\\\/curasept-proxi-prevent-p07-tarpdanciu-sepeteliai-07-mm-6-vnt.png\",\"contentUrl\":\"\\\/wp-content\\\/uploads\\\/2023\\\/03\\\/curasept-proxi-prevent-p07-tarpdanciu-sepeteliai-07-mm-6-vnt.png\",\"width\":800,\"height\":1074},{\"@type\":\"BreadcrumbList\",\"@id\":\"https:\\\/\\\/dentisteshop.lt\\\/en\\\/produktas\\\/curasept-proxi-prevent-p07-interdental-brushes-07-mm\\\/#breadcrumb\",\"itemListElement\":[{\"@type\":\"ListItem\",\"position\":1,\"name\":\"Home\",\"item\":\"https:\\\/\\\/dentisteshop.lt\\\/\"},{\"@type\":\"ListItem\",\"position\":2,\"name\":\"Shop\",\"item\":\"https:\\\/\\\/dentisteshop.lt\\\/en\\\/shop\\\/\"},{\"@type\":\"ListItem\",\"position\":3,\"name\":\"Curasept Proxi Prevent P07 interdental brushes 0,7 mm\"}]},{\"@type\":\"WebSite\",\"@id\":\"https:\\\/\\\/dentisteshop.lt\\\/#website\",\"url\":\"https:\\\/\\\/dentisteshop.lt\\\/\",\"name\":\"Dentiste\",\"description\":\"Burnos prie\u017ei\u016bros priemon\u0117s internetu\",\"publisher\":{\"@id\":\"https:\\\/\\\/dentisteshop.lt\\\/#organization\"},\"potentialAction\":[{\"@type\":\"SearchAction\",\"target\":{\"@type\":\"EntryPoint\",\"urlTemplate\":\"https:\\\/\\\/dentisteshop.lt\\\/?s={search_term_string}\"},\"query-input\":{\"@type\":\"PropertyValueSpecification\",\"valueRequired\":true,\"valueName\":\"search_term_string\"}}],\"inLanguage\":\"en-US\"},{\"@type\":\"Organization\",\"@id\":\"https:\\\/\\\/dentisteshop.lt\\\/#organization\",\"name\":\"Dentiste\",\"url\":\"https:\\\/\\\/dentisteshop.lt\\\/\",\"logo\":{\"@type\":\"ImageObject\",\"inLanguage\":\"en-US\",\"@id\":\"https:\\\/\\\/dentisteshop.lt\\\/#\\\/schema\\\/logo\\\/image\\\/\",\"url\":\"https:\\\/\\\/dentisteshop.lt\\\/wp-content\\\/uploads\\\/2022\\\/09\\\/New-Project-2.png\",\"contentUrl\":\"https:\\\/\\\/dentisteshop.lt\\\/wp-content\\\/uploads\\\/2022\\\/09\\\/New-Project-2.png\",\"width\":703,\"height\":134,\"caption\":\"Dentiste\"},\"image\":{\"@id\":\"https:\\\/\\\/dentisteshop.lt\\\/#\\\/schema\\\/logo\\\/image\\\/\"},\"sameAs\":[\"https:\\\/\\\/www.facebook.com\\\/DentisteLituanie\",\"https:\\\/\\\/www.instagram.com\\\/klinika_dentiste\\\/\"]}]}<\/script>\n<!-- \/ Yoast SEO plugin. -->","yoast_head_json":{"title":"Curasept Proxi Prevent P07 interdental brushes 0,7 mm - Dentiste","robots":{"index":"index","follow":"follow","max-snippet":"max-snippet:-1","max-image-preview":"max-image-preview:large","max-video-preview":"max-video-preview:-1"},"canonical":"https:\/\/dentisteshop.lt\/en\/produktas\/curasept-proxi-prevent-p07-interdental-brushes-07-mm\/","og_locale":"en_US","og_type":"article","og_title":"Curasept Proxi Prevent P07 interdental brushes 0,7 mm - Dentiste","og_description":"The interdental brush is designed to remove plaque and food debris that a toothbrush or dental floss can&#8217;t remove, leading to plaque formation. Correct and maximum removal of plaque, helps reduce bleeding between the gums and gums, neutralises unpleasant symptoms of halitosis, and is highly effective against tooth decay. Proxi P07 interdental brush for preventive, [&hellip;]","og_url":"https:\/\/dentisteshop.lt\/en\/produktas\/curasept-proxi-prevent-p07-interdental-brushes-07-mm\/","og_site_name":"Dentiste","article_publisher":"https:\/\/www.facebook.com\/DentisteLituanie","og_image":[{"width":800,"height":1074,"url":"https:\/\/dentisteshop.lt\/wp-content\/uploads\/2023\/03\/curasept-proxi-prevent-p07-tarpdanciu-sepeteliai-07-mm-6-vnt.png","type":"image\/png"}],"twitter_card":"summary_large_image","schema":{"@context":"https:\/\/schema.org","@graph":[{"@type":"WebPage","@id":"https:\/\/dentisteshop.lt\/en\/produktas\/curasept-proxi-prevent-p07-interdental-brushes-07-mm\/","url":"https:\/\/dentisteshop.lt\/en\/produktas\/curasept-proxi-prevent-p07-interdental-brushes-07-mm\/","name":"Curasept Proxi Prevent P07 interdental brushes 0,7 mm - Dentiste","isPartOf":{"@id":"https:\/\/dentisteshop.lt\/#website"},"primaryImageOfPage":{"@id":"https:\/\/dentisteshop.lt\/en\/produktas\/curasept-proxi-prevent-p07-interdental-brushes-07-mm\/#primaryimage"},"image":{"@id":"https:\/\/dentisteshop.lt\/en\/produktas\/curasept-proxi-prevent-p07-interdental-brushes-07-mm\/#primaryimage"},"thumbnailUrl":"\/wp-content\/uploads\/2023\/03\/curasept-proxi-prevent-p07-tarpdanciu-sepeteliai-07-mm-6-vnt.png","datePublished":"2023-03-17T07:19:26+00:00","breadcrumb":{"@id":"https:\/\/dentisteshop.lt\/en\/produktas\/curasept-proxi-prevent-p07-interdental-brushes-07-mm\/#breadcrumb"},"inLanguage":"en-US","potentialAction":[{"@type":"ReadAction","target":["https:\/\/dentisteshop.lt\/en\/produktas\/curasept-proxi-prevent-p07-interdental-brushes-07-mm\/"]}]},{"@type":"ImageObject","inLanguage":"en-US","@id":"https:\/\/dentisteshop.lt\/en\/produktas\/curasept-proxi-prevent-p07-interdental-brushes-07-mm\/#primaryimage","url":"\/wp-content\/uploads\/2023\/03\/curasept-proxi-prevent-p07-tarpdanciu-sepeteliai-07-mm-6-vnt.png","contentUrl":"\/wp-content\/uploads\/2023\/03\/curasept-proxi-prevent-p07-tarpdanciu-sepeteliai-07-mm-6-vnt.png","width":800,"height":1074},{"@type":"BreadcrumbList","@id":"https:\/\/dentisteshop.lt\/en\/produktas\/curasept-proxi-prevent-p07-interdental-brushes-07-mm\/#breadcrumb","itemListElement":[{"@type":"ListItem","position":1,"name":"Home","item":"https:\/\/dentisteshop.lt\/"},{"@type":"ListItem","position":2,"name":"Shop","item":"https:\/\/dentisteshop.lt\/en\/shop\/"},{"@type":"ListItem","position":3,"name":"Curasept Proxi Prevent P07 interdental brushes 0,7 mm"}]},{"@type":"WebSite","@id":"https:\/\/dentisteshop.lt\/#website","url":"https:\/\/dentisteshop.lt\/","name":"Dentiste","description":"Burnos prie\u017ei\u016bros priemon\u0117s internetu","publisher":{"@id":"https:\/\/dentisteshop.lt\/#organization"},"potentialAction":[{"@type":"SearchAction","target":{"@type":"EntryPoint","urlTemplate":"https:\/\/dentisteshop.lt\/?s={search_term_string}"},"query-input":{"@type":"PropertyValueSpecification","valueRequired":true,"valueName":"search_term_string"}}],"inLanguage":"en-US"},{"@type":"Organization","@id":"https:\/\/dentisteshop.lt\/#organization","name":"Dentiste","url":"https:\/\/dentisteshop.lt\/","logo":{"@type":"ImageObject","inLanguage":"en-US","@id":"https:\/\/dentisteshop.lt\/#\/schema\/logo\/image\/","url":"https:\/\/dentisteshop.lt\/wp-content\/uploads\/2022\/09\/New-Project-2.png","contentUrl":"https:\/\/dentisteshop.lt\/wp-content\/uploads\/2022\/09\/New-Project-2.png","width":703,"height":134,"caption":"Dentiste"},"image":{"@id":"https:\/\/dentisteshop.lt\/#\/schema\/logo\/image\/"},"sameAs":["https:\/\/www.facebook.com\/DentisteLituanie","https:\/\/www.instagram.com\/klinika_dentiste\/"]}]}},"_links":{"self":[{"href":"https:\/\/dentisteshop.lt\/en\/wp-json\/wp\/v2\/product\/11174","targetHints":{"allow":["GET"]}}],"collection":[{"href":"https:\/\/dentisteshop.lt\/en\/wp-json\/wp\/v2\/product"}],"about":[{"href":"https:\/\/dentisteshop.lt\/en\/wp-json\/wp\/v2\/types\/product"}],"wp:featuredmedia":[{"embeddable":true,"href":"https:\/\/dentisteshop.lt\/en\/wp-json\/wp\/v2\/media\/9361"}],"wp:attachment":[{"href":"https:\/\/dentisteshop.lt\/en\/wp-json\/wp\/v2\/media?parent=11174"}],"wp:term":[{"taxonomy":"product_brand","embeddable":true,"href":"https:\/\/dentisteshop.lt\/en\/wp-json\/wp\/v2\/product_brand?post=11174"},{"taxonomy":"product_cat","embeddable":true,"href":"https:\/\/dentisteshop.lt\/en\/wp-json\/wp\/v2\/product_cat?post=11174"},{"taxonomy":"product_tag","embeddable":true,"href":"https:\/\/dentisteshop.lt\/en\/wp-json\/wp\/v2\/product_tag?post=11174"}],"curies":[{"name":"wp","href":"https:\/\/api.w.org\/{rel}","templated":true}]}}