{"id":11172,"date":"2023-03-16T11:36:13","date_gmt":"2023-03-16T09:36:13","guid":{"rendered":"https:\/\/dentisteshop.lt\/produktas\/curasept-proxi-prevent-p06-interdental-brushes-06-mm\/"},"modified":"2023-03-16T11:36:13","modified_gmt":"2023-03-16T09:36:13","slug":"curasept-proxi-prevent-p06-interdental-brushes-06-mm","status":"publish","type":"product","link":"https:\/\/dentisteshop.lt\/en\/produktas\/curasept-proxi-prevent-p06-interdental-brushes-06-mm\/","title":{"rendered":"Curasept Proxi Prevent P06 interdental brushes 0,6 mm"},"content":{"rendered":"<p>Proxi P06 interdental brush for preventive, everyday use, available in 0.6 mm.<\/p>\n<p>It is a tool for removing plaque and food residues in the interdental space that are not removed by a toothbrush or floss, resulting in plaque formation. Correct and maximum removal of plaque helps to reduce bleeding of the gums and gingiva, counteracts unpleasant symptoms of halitosis, and is particularly effective against the formation of caries.Each pack contains 6 interdental brushes with holders. Each brush with holder has a protective cap for maximum hygiene.<\/p>\n<p><strong>FEATURES:<\/strong><br \/>\nSize: 0.6 mm<br \/>\nQuantity per pack: 6 pcs<br \/>\nManufacturer: Curasept S.p.A<\/p>\n<p>&nbsp;<\/p>\n","protected":false},"excerpt":{"rendered":"<p>Proxi P06 interdental brush for preventive, everyday use, available in 0.6 mm. It is a tool for removing plaque and food residues in the interdental space that are not removed by a toothbrush or floss, resulting in plaque formation. Correct and maximum removal of plaque helps to reduce bleeding of the gums and gingiva, counteracts [&hellip;]<\/p>\n","protected":false},"featured_media":9313,"template":"","meta":{"inline_featured_image":false},"product_brand":[],"product_cat":[174],"product_tag":[],"class_list":{"0":"post-11172","1":"product","2":"type-product","3":"status-publish","4":"has-post-thumbnail","6":"product_cat-interdental-care","8":"first","9":"outofstock","10":"shipping-taxable","11":"purchasable","12":"product-type-simple"},"yoast_head":"<!-- This site is optimized with the Yoast SEO plugin v27.3 - https:\/\/yoast.com\/product\/yoast-seo-wordpress\/ -->\n<title>Curasept Proxi Prevent P06 interdental brushes 0,6 mm - Dentiste<\/title>\n<meta name=\"robots\" content=\"index, follow, max-snippet:-1, max-image-preview:large, max-video-preview:-1\" \/>\n<link rel=\"canonical\" href=\"https:\/\/dentisteshop.lt\/en\/produktas\/curasept-proxi-prevent-p06-interdental-brushes-06-mm\/\" \/>\n<meta property=\"og:locale\" content=\"en_US\" \/>\n<meta property=\"og:type\" content=\"article\" \/>\n<meta property=\"og:title\" content=\"Curasept Proxi Prevent P06 interdental brushes 0,6 mm - Dentiste\" \/>\n<meta property=\"og:description\" content=\"Proxi P06 interdental brush for preventive, everyday use, available in 0.6 mm. It is a tool for removing plaque and food residues in the interdental space that are not removed by a toothbrush or floss, resulting in plaque formation. Correct and maximum removal of plaque helps to reduce bleeding of the gums and gingiva, counteracts [&hellip;]\" \/>\n<meta property=\"og:url\" content=\"https:\/\/dentisteshop.lt\/en\/produktas\/curasept-proxi-prevent-p06-interdental-brushes-06-mm\/\" \/>\n<meta property=\"og:site_name\" content=\"Dentiste\" \/>\n<meta property=\"article:publisher\" content=\"https:\/\/www.facebook.com\/DentisteLituanie\" \/>\n<meta property=\"og:image\" content=\"https:\/\/dentisteshop.lt\/wp-content\/uploads\/2023\/03\/curasept-proxi-prevent-p06-tarpdanciu-sepeteliai-06-mm-6-vnt-1.png\" \/>\n\t<meta property=\"og:image:width\" content=\"445\" \/>\n\t<meta property=\"og:image:height\" content=\"595\" \/>\n\t<meta property=\"og:image:type\" content=\"image\/png\" \/>\n<meta name=\"twitter:card\" content=\"summary_large_image\" \/>\n<script type=\"application\/ld+json\" class=\"yoast-schema-graph\">{\"@context\":\"https:\\\/\\\/schema.org\",\"@graph\":[{\"@type\":\"WebPage\",\"@id\":\"https:\\\/\\\/dentisteshop.lt\\\/en\\\/produktas\\\/curasept-proxi-prevent-p06-interdental-brushes-06-mm\\\/\",\"url\":\"https:\\\/\\\/dentisteshop.lt\\\/en\\\/produktas\\\/curasept-proxi-prevent-p06-interdental-brushes-06-mm\\\/\",\"name\":\"Curasept Proxi Prevent P06 interdental brushes 0,6 mm - Dentiste\",\"isPartOf\":{\"@id\":\"https:\\\/\\\/dentisteshop.lt\\\/#website\"},\"primaryImageOfPage\":{\"@id\":\"https:\\\/\\\/dentisteshop.lt\\\/en\\\/produktas\\\/curasept-proxi-prevent-p06-interdental-brushes-06-mm\\\/#primaryimage\"},\"image\":{\"@id\":\"https:\\\/\\\/dentisteshop.lt\\\/en\\\/produktas\\\/curasept-proxi-prevent-p06-interdental-brushes-06-mm\\\/#primaryimage\"},\"thumbnailUrl\":\"\\\/wp-content\\\/uploads\\\/2023\\\/03\\\/curasept-proxi-prevent-p06-tarpdanciu-sepeteliai-06-mm-6-vnt-1.png\",\"datePublished\":\"2023-03-16T09:36:13+00:00\",\"breadcrumb\":{\"@id\":\"https:\\\/\\\/dentisteshop.lt\\\/en\\\/produktas\\\/curasept-proxi-prevent-p06-interdental-brushes-06-mm\\\/#breadcrumb\"},\"inLanguage\":\"en-US\",\"potentialAction\":[{\"@type\":\"ReadAction\",\"target\":[\"https:\\\/\\\/dentisteshop.lt\\\/en\\\/produktas\\\/curasept-proxi-prevent-p06-interdental-brushes-06-mm\\\/\"]}]},{\"@type\":\"ImageObject\",\"inLanguage\":\"en-US\",\"@id\":\"https:\\\/\\\/dentisteshop.lt\\\/en\\\/produktas\\\/curasept-proxi-prevent-p06-interdental-brushes-06-mm\\\/#primaryimage\",\"url\":\"\\\/wp-content\\\/uploads\\\/2023\\\/03\\\/curasept-proxi-prevent-p06-tarpdanciu-sepeteliai-06-mm-6-vnt-1.png\",\"contentUrl\":\"\\\/wp-content\\\/uploads\\\/2023\\\/03\\\/curasept-proxi-prevent-p06-tarpdanciu-sepeteliai-06-mm-6-vnt-1.png\",\"width\":445,\"height\":595},{\"@type\":\"BreadcrumbList\",\"@id\":\"https:\\\/\\\/dentisteshop.lt\\\/en\\\/produktas\\\/curasept-proxi-prevent-p06-interdental-brushes-06-mm\\\/#breadcrumb\",\"itemListElement\":[{\"@type\":\"ListItem\",\"position\":1,\"name\":\"Home\",\"item\":\"https:\\\/\\\/dentisteshop.lt\\\/\"},{\"@type\":\"ListItem\",\"position\":2,\"name\":\"Shop\",\"item\":\"https:\\\/\\\/dentisteshop.lt\\\/en\\\/shop\\\/\"},{\"@type\":\"ListItem\",\"position\":3,\"name\":\"Curasept Proxi Prevent P06 interdental brushes 0,6 mm\"}]},{\"@type\":\"WebSite\",\"@id\":\"https:\\\/\\\/dentisteshop.lt\\\/#website\",\"url\":\"https:\\\/\\\/dentisteshop.lt\\\/\",\"name\":\"Dentiste\",\"description\":\"Burnos prie\u017ei\u016bros priemon\u0117s internetu\",\"publisher\":{\"@id\":\"https:\\\/\\\/dentisteshop.lt\\\/#organization\"},\"potentialAction\":[{\"@type\":\"SearchAction\",\"target\":{\"@type\":\"EntryPoint\",\"urlTemplate\":\"https:\\\/\\\/dentisteshop.lt\\\/?s={search_term_string}\"},\"query-input\":{\"@type\":\"PropertyValueSpecification\",\"valueRequired\":true,\"valueName\":\"search_term_string\"}}],\"inLanguage\":\"en-US\"},{\"@type\":\"Organization\",\"@id\":\"https:\\\/\\\/dentisteshop.lt\\\/#organization\",\"name\":\"Dentiste\",\"url\":\"https:\\\/\\\/dentisteshop.lt\\\/\",\"logo\":{\"@type\":\"ImageObject\",\"inLanguage\":\"en-US\",\"@id\":\"https:\\\/\\\/dentisteshop.lt\\\/#\\\/schema\\\/logo\\\/image\\\/\",\"url\":\"https:\\\/\\\/dentisteshop.lt\\\/wp-content\\\/uploads\\\/2022\\\/09\\\/New-Project-2.png\",\"contentUrl\":\"https:\\\/\\\/dentisteshop.lt\\\/wp-content\\\/uploads\\\/2022\\\/09\\\/New-Project-2.png\",\"width\":703,\"height\":134,\"caption\":\"Dentiste\"},\"image\":{\"@id\":\"https:\\\/\\\/dentisteshop.lt\\\/#\\\/schema\\\/logo\\\/image\\\/\"},\"sameAs\":[\"https:\\\/\\\/www.facebook.com\\\/DentisteLituanie\",\"https:\\\/\\\/www.instagram.com\\\/klinika_dentiste\\\/\"]}]}<\/script>\n<!-- \/ Yoast SEO plugin. -->","yoast_head_json":{"title":"Curasept Proxi Prevent P06 interdental brushes 0,6 mm - Dentiste","robots":{"index":"index","follow":"follow","max-snippet":"max-snippet:-1","max-image-preview":"max-image-preview:large","max-video-preview":"max-video-preview:-1"},"canonical":"https:\/\/dentisteshop.lt\/en\/produktas\/curasept-proxi-prevent-p06-interdental-brushes-06-mm\/","og_locale":"en_US","og_type":"article","og_title":"Curasept Proxi Prevent P06 interdental brushes 0,6 mm - Dentiste","og_description":"Proxi P06 interdental brush for preventive, everyday use, available in 0.6 mm. It is a tool for removing plaque and food residues in the interdental space that are not removed by a toothbrush or floss, resulting in plaque formation. Correct and maximum removal of plaque helps to reduce bleeding of the gums and gingiva, counteracts [&hellip;]","og_url":"https:\/\/dentisteshop.lt\/en\/produktas\/curasept-proxi-prevent-p06-interdental-brushes-06-mm\/","og_site_name":"Dentiste","article_publisher":"https:\/\/www.facebook.com\/DentisteLituanie","og_image":[{"width":445,"height":595,"url":"https:\/\/dentisteshop.lt\/wp-content\/uploads\/2023\/03\/curasept-proxi-prevent-p06-tarpdanciu-sepeteliai-06-mm-6-vnt-1.png","type":"image\/png"}],"twitter_card":"summary_large_image","schema":{"@context":"https:\/\/schema.org","@graph":[{"@type":"WebPage","@id":"https:\/\/dentisteshop.lt\/en\/produktas\/curasept-proxi-prevent-p06-interdental-brushes-06-mm\/","url":"https:\/\/dentisteshop.lt\/en\/produktas\/curasept-proxi-prevent-p06-interdental-brushes-06-mm\/","name":"Curasept Proxi Prevent P06 interdental brushes 0,6 mm - Dentiste","isPartOf":{"@id":"https:\/\/dentisteshop.lt\/#website"},"primaryImageOfPage":{"@id":"https:\/\/dentisteshop.lt\/en\/produktas\/curasept-proxi-prevent-p06-interdental-brushes-06-mm\/#primaryimage"},"image":{"@id":"https:\/\/dentisteshop.lt\/en\/produktas\/curasept-proxi-prevent-p06-interdental-brushes-06-mm\/#primaryimage"},"thumbnailUrl":"\/wp-content\/uploads\/2023\/03\/curasept-proxi-prevent-p06-tarpdanciu-sepeteliai-06-mm-6-vnt-1.png","datePublished":"2023-03-16T09:36:13+00:00","breadcrumb":{"@id":"https:\/\/dentisteshop.lt\/en\/produktas\/curasept-proxi-prevent-p06-interdental-brushes-06-mm\/#breadcrumb"},"inLanguage":"en-US","potentialAction":[{"@type":"ReadAction","target":["https:\/\/dentisteshop.lt\/en\/produktas\/curasept-proxi-prevent-p06-interdental-brushes-06-mm\/"]}]},{"@type":"ImageObject","inLanguage":"en-US","@id":"https:\/\/dentisteshop.lt\/en\/produktas\/curasept-proxi-prevent-p06-interdental-brushes-06-mm\/#primaryimage","url":"\/wp-content\/uploads\/2023\/03\/curasept-proxi-prevent-p06-tarpdanciu-sepeteliai-06-mm-6-vnt-1.png","contentUrl":"\/wp-content\/uploads\/2023\/03\/curasept-proxi-prevent-p06-tarpdanciu-sepeteliai-06-mm-6-vnt-1.png","width":445,"height":595},{"@type":"BreadcrumbList","@id":"https:\/\/dentisteshop.lt\/en\/produktas\/curasept-proxi-prevent-p06-interdental-brushes-06-mm\/#breadcrumb","itemListElement":[{"@type":"ListItem","position":1,"name":"Home","item":"https:\/\/dentisteshop.lt\/"},{"@type":"ListItem","position":2,"name":"Shop","item":"https:\/\/dentisteshop.lt\/en\/shop\/"},{"@type":"ListItem","position":3,"name":"Curasept Proxi Prevent P06 interdental brushes 0,6 mm"}]},{"@type":"WebSite","@id":"https:\/\/dentisteshop.lt\/#website","url":"https:\/\/dentisteshop.lt\/","name":"Dentiste","description":"Burnos prie\u017ei\u016bros priemon\u0117s internetu","publisher":{"@id":"https:\/\/dentisteshop.lt\/#organization"},"potentialAction":[{"@type":"SearchAction","target":{"@type":"EntryPoint","urlTemplate":"https:\/\/dentisteshop.lt\/?s={search_term_string}"},"query-input":{"@type":"PropertyValueSpecification","valueRequired":true,"valueName":"search_term_string"}}],"inLanguage":"en-US"},{"@type":"Organization","@id":"https:\/\/dentisteshop.lt\/#organization","name":"Dentiste","url":"https:\/\/dentisteshop.lt\/","logo":{"@type":"ImageObject","inLanguage":"en-US","@id":"https:\/\/dentisteshop.lt\/#\/schema\/logo\/image\/","url":"https:\/\/dentisteshop.lt\/wp-content\/uploads\/2022\/09\/New-Project-2.png","contentUrl":"https:\/\/dentisteshop.lt\/wp-content\/uploads\/2022\/09\/New-Project-2.png","width":703,"height":134,"caption":"Dentiste"},"image":{"@id":"https:\/\/dentisteshop.lt\/#\/schema\/logo\/image\/"},"sameAs":["https:\/\/www.facebook.com\/DentisteLituanie","https:\/\/www.instagram.com\/klinika_dentiste\/"]}]}},"_links":{"self":[{"href":"https:\/\/dentisteshop.lt\/en\/wp-json\/wp\/v2\/product\/11172","targetHints":{"allow":["GET"]}}],"collection":[{"href":"https:\/\/dentisteshop.lt\/en\/wp-json\/wp\/v2\/product"}],"about":[{"href":"https:\/\/dentisteshop.lt\/en\/wp-json\/wp\/v2\/types\/product"}],"wp:featuredmedia":[{"embeddable":true,"href":"https:\/\/dentisteshop.lt\/en\/wp-json\/wp\/v2\/media\/9313"}],"wp:attachment":[{"href":"https:\/\/dentisteshop.lt\/en\/wp-json\/wp\/v2\/media?parent=11172"}],"wp:term":[{"taxonomy":"product_brand","embeddable":true,"href":"https:\/\/dentisteshop.lt\/en\/wp-json\/wp\/v2\/product_brand?post=11172"},{"taxonomy":"product_cat","embeddable":true,"href":"https:\/\/dentisteshop.lt\/en\/wp-json\/wp\/v2\/product_cat?post=11172"},{"taxonomy":"product_tag","embeddable":true,"href":"https:\/\/dentisteshop.lt\/en\/wp-json\/wp\/v2\/product_tag?post=11172"}],"curies":[{"name":"wp","href":"https:\/\/api.w.org\/{rel}","templated":true}]}}