{"id":11167,"date":"2023-03-08T12:58:46","date_gmt":"2023-03-08T10:58:46","guid":{"rendered":"https:\/\/dentisteshop.lt\/produktas\/curasept-proxi-interdental-brushes-t13-cone-13-mm-conical\/"},"modified":"2023-03-08T12:58:46","modified_gmt":"2023-03-08T10:58:46","slug":"curasept-proxi-interdental-brushes-t13-cone-13-mm-conical","status":"publish","type":"product","link":"https:\/\/dentisteshop.lt\/en\/produktas\/curasept-proxi-interdental-brushes-t13-cone-13-mm-conical\/","title":{"rendered":"Curasept Proxi interdental brushes T13 CONE 1,3 mm, conical"},"content":{"rendered":"<p>Therapeutic line use Proxi T13 interdental brush, availability 1.3 mm. <strong>Ideal for implants, fixed prostheses and orthodontic appliances. <\/strong>Cone-shaped.<\/p>\n<p>It is a tool for removing plaque and food residues in the interdental space that are not removed by a toothbrush or flossing, resulting in plaque formation. Correct and maximum removal of plaque helps to reduce bleeding between the gums and gums, counteracts unpleasant symptoms of halitosis, and is particularly effective against caries.Each pack contains 6 interdental brushes with holders. Each brush with holder has a protective cap for maximum hygiene.<\/p>\n<p><strong>FEATURES:<\/strong><br \/>\nSize: 1.3 mm<br \/>\nQuantity per pack: 6 pcs<br \/>\nManufacturer: Curasept S.p.A7<\/p>\n<p>&nbsp;<\/p>\n","protected":false},"excerpt":{"rendered":"<p>Therapeutic line use Proxi T13 interdental brush, availability 1.3 mm. Ideal for implants, fixed prostheses and orthodontic appliances. Cone-shaped. It is a tool for removing plaque and food residues in the interdental space that are not removed by a toothbrush or flossing, resulting in plaque formation. Correct and maximum removal of plaque helps to reduce [&hellip;]<\/p>\n","protected":false},"featured_media":9329,"template":"","meta":{"inline_featured_image":false},"product_brand":[],"product_cat":[174],"product_tag":[],"class_list":{"0":"post-11167","1":"product","2":"type-product","3":"status-publish","4":"has-post-thumbnail","6":"product_cat-interdental-care","8":"first","9":"outofstock","10":"shipping-taxable","11":"purchasable","12":"product-type-simple"},"yoast_head":"<!-- This site is optimized with the Yoast SEO plugin v27.3 - https:\/\/yoast.com\/product\/yoast-seo-wordpress\/ -->\n<title>Curasept Proxi interdental brushes T13 CONE 1,3 mm, conical - Dentiste<\/title>\n<meta name=\"robots\" content=\"index, follow, max-snippet:-1, max-image-preview:large, max-video-preview:-1\" \/>\n<link rel=\"canonical\" href=\"https:\/\/dentisteshop.lt\/en\/produktas\/curasept-proxi-interdental-brushes-t13-cone-13-mm-conical\/\" \/>\n<meta property=\"og:locale\" content=\"en_US\" \/>\n<meta property=\"og:type\" content=\"article\" \/>\n<meta property=\"og:title\" content=\"Curasept Proxi interdental brushes T13 CONE 1,3 mm, conical - Dentiste\" \/>\n<meta property=\"og:description\" content=\"Therapeutic line use Proxi T13 interdental brush, availability 1.3 mm. Ideal for implants, fixed prostheses and orthodontic appliances. Cone-shaped. It is a tool for removing plaque and food residues in the interdental space that are not removed by a toothbrush or flossing, resulting in plaque formation. Correct and maximum removal of plaque helps to reduce [&hellip;]\" \/>\n<meta property=\"og:url\" content=\"https:\/\/dentisteshop.lt\/en\/produktas\/curasept-proxi-interdental-brushes-t13-cone-13-mm-conical\/\" \/>\n<meta property=\"og:site_name\" content=\"Dentiste\" \/>\n<meta property=\"article:publisher\" content=\"https:\/\/www.facebook.com\/DentisteLituanie\" \/>\n<meta property=\"og:image\" content=\"https:\/\/dentisteshop.lt\/wp-content\/uploads\/2023\/03\/331-0031.300x300.png\" \/>\n\t<meta property=\"og:image:width\" content=\"261\" \/>\n\t<meta property=\"og:image:height\" content=\"300\" \/>\n\t<meta property=\"og:image:type\" content=\"image\/png\" \/>\n<meta name=\"twitter:card\" content=\"summary_large_image\" \/>\n<meta name=\"twitter:label1\" content=\"Est. reading time\" \/>\n\t<meta name=\"twitter:data1\" content=\"1 minute\" \/>\n<script type=\"application\/ld+json\" class=\"yoast-schema-graph\">{\"@context\":\"https:\\\/\\\/schema.org\",\"@graph\":[{\"@type\":\"WebPage\",\"@id\":\"https:\\\/\\\/dentisteshop.lt\\\/en\\\/produktas\\\/curasept-proxi-interdental-brushes-t13-cone-13-mm-conical\\\/\",\"url\":\"https:\\\/\\\/dentisteshop.lt\\\/en\\\/produktas\\\/curasept-proxi-interdental-brushes-t13-cone-13-mm-conical\\\/\",\"name\":\"Curasept Proxi interdental brushes T13 CONE 1,3 mm, conical - Dentiste\",\"isPartOf\":{\"@id\":\"https:\\\/\\\/dentisteshop.lt\\\/#website\"},\"primaryImageOfPage\":{\"@id\":\"https:\\\/\\\/dentisteshop.lt\\\/en\\\/produktas\\\/curasept-proxi-interdental-brushes-t13-cone-13-mm-conical\\\/#primaryimage\"},\"image\":{\"@id\":\"https:\\\/\\\/dentisteshop.lt\\\/en\\\/produktas\\\/curasept-proxi-interdental-brushes-t13-cone-13-mm-conical\\\/#primaryimage\"},\"thumbnailUrl\":\"\\\/wp-content\\\/uploads\\\/2023\\\/03\\\/331-0031.300x300.png\",\"datePublished\":\"2023-03-08T10:58:46+00:00\",\"breadcrumb\":{\"@id\":\"https:\\\/\\\/dentisteshop.lt\\\/en\\\/produktas\\\/curasept-proxi-interdental-brushes-t13-cone-13-mm-conical\\\/#breadcrumb\"},\"inLanguage\":\"en-US\",\"potentialAction\":[{\"@type\":\"ReadAction\",\"target\":[\"https:\\\/\\\/dentisteshop.lt\\\/en\\\/produktas\\\/curasept-proxi-interdental-brushes-t13-cone-13-mm-conical\\\/\"]}]},{\"@type\":\"ImageObject\",\"inLanguage\":\"en-US\",\"@id\":\"https:\\\/\\\/dentisteshop.lt\\\/en\\\/produktas\\\/curasept-proxi-interdental-brushes-t13-cone-13-mm-conical\\\/#primaryimage\",\"url\":\"\\\/wp-content\\\/uploads\\\/2023\\\/03\\\/331-0031.300x300.png\",\"contentUrl\":\"\\\/wp-content\\\/uploads\\\/2023\\\/03\\\/331-0031.300x300.png\",\"width\":261,\"height\":300},{\"@type\":\"BreadcrumbList\",\"@id\":\"https:\\\/\\\/dentisteshop.lt\\\/en\\\/produktas\\\/curasept-proxi-interdental-brushes-t13-cone-13-mm-conical\\\/#breadcrumb\",\"itemListElement\":[{\"@type\":\"ListItem\",\"position\":1,\"name\":\"Home\",\"item\":\"https:\\\/\\\/dentisteshop.lt\\\/\"},{\"@type\":\"ListItem\",\"position\":2,\"name\":\"Shop\",\"item\":\"https:\\\/\\\/dentisteshop.lt\\\/en\\\/shop\\\/\"},{\"@type\":\"ListItem\",\"position\":3,\"name\":\"Curasept Proxi interdental brushes T13 CONE 1,3 mm, conical\"}]},{\"@type\":\"WebSite\",\"@id\":\"https:\\\/\\\/dentisteshop.lt\\\/#website\",\"url\":\"https:\\\/\\\/dentisteshop.lt\\\/\",\"name\":\"Dentiste\",\"description\":\"Burnos prie\u017ei\u016bros priemon\u0117s internetu\",\"publisher\":{\"@id\":\"https:\\\/\\\/dentisteshop.lt\\\/#organization\"},\"potentialAction\":[{\"@type\":\"SearchAction\",\"target\":{\"@type\":\"EntryPoint\",\"urlTemplate\":\"https:\\\/\\\/dentisteshop.lt\\\/?s={search_term_string}\"},\"query-input\":{\"@type\":\"PropertyValueSpecification\",\"valueRequired\":true,\"valueName\":\"search_term_string\"}}],\"inLanguage\":\"en-US\"},{\"@type\":\"Organization\",\"@id\":\"https:\\\/\\\/dentisteshop.lt\\\/#organization\",\"name\":\"Dentiste\",\"url\":\"https:\\\/\\\/dentisteshop.lt\\\/\",\"logo\":{\"@type\":\"ImageObject\",\"inLanguage\":\"en-US\",\"@id\":\"https:\\\/\\\/dentisteshop.lt\\\/#\\\/schema\\\/logo\\\/image\\\/\",\"url\":\"https:\\\/\\\/dentisteshop.lt\\\/wp-content\\\/uploads\\\/2022\\\/09\\\/New-Project-2.png\",\"contentUrl\":\"https:\\\/\\\/dentisteshop.lt\\\/wp-content\\\/uploads\\\/2022\\\/09\\\/New-Project-2.png\",\"width\":703,\"height\":134,\"caption\":\"Dentiste\"},\"image\":{\"@id\":\"https:\\\/\\\/dentisteshop.lt\\\/#\\\/schema\\\/logo\\\/image\\\/\"},\"sameAs\":[\"https:\\\/\\\/www.facebook.com\\\/DentisteLituanie\",\"https:\\\/\\\/www.instagram.com\\\/klinika_dentiste\\\/\"]}]}<\/script>\n<!-- \/ Yoast SEO plugin. -->","yoast_head_json":{"title":"Curasept Proxi interdental brushes T13 CONE 1,3 mm, conical - Dentiste","robots":{"index":"index","follow":"follow","max-snippet":"max-snippet:-1","max-image-preview":"max-image-preview:large","max-video-preview":"max-video-preview:-1"},"canonical":"https:\/\/dentisteshop.lt\/en\/produktas\/curasept-proxi-interdental-brushes-t13-cone-13-mm-conical\/","og_locale":"en_US","og_type":"article","og_title":"Curasept Proxi interdental brushes T13 CONE 1,3 mm, conical - Dentiste","og_description":"Therapeutic line use Proxi T13 interdental brush, availability 1.3 mm. Ideal for implants, fixed prostheses and orthodontic appliances. Cone-shaped. It is a tool for removing plaque and food residues in the interdental space that are not removed by a toothbrush or flossing, resulting in plaque formation. Correct and maximum removal of plaque helps to reduce [&hellip;]","og_url":"https:\/\/dentisteshop.lt\/en\/produktas\/curasept-proxi-interdental-brushes-t13-cone-13-mm-conical\/","og_site_name":"Dentiste","article_publisher":"https:\/\/www.facebook.com\/DentisteLituanie","og_image":[{"width":261,"height":300,"url":"https:\/\/dentisteshop.lt\/wp-content\/uploads\/2023\/03\/331-0031.300x300.png","type":"image\/png"}],"twitter_card":"summary_large_image","twitter_misc":{"Est. reading time":"1 minute"},"schema":{"@context":"https:\/\/schema.org","@graph":[{"@type":"WebPage","@id":"https:\/\/dentisteshop.lt\/en\/produktas\/curasept-proxi-interdental-brushes-t13-cone-13-mm-conical\/","url":"https:\/\/dentisteshop.lt\/en\/produktas\/curasept-proxi-interdental-brushes-t13-cone-13-mm-conical\/","name":"Curasept Proxi interdental brushes T13 CONE 1,3 mm, conical - Dentiste","isPartOf":{"@id":"https:\/\/dentisteshop.lt\/#website"},"primaryImageOfPage":{"@id":"https:\/\/dentisteshop.lt\/en\/produktas\/curasept-proxi-interdental-brushes-t13-cone-13-mm-conical\/#primaryimage"},"image":{"@id":"https:\/\/dentisteshop.lt\/en\/produktas\/curasept-proxi-interdental-brushes-t13-cone-13-mm-conical\/#primaryimage"},"thumbnailUrl":"\/wp-content\/uploads\/2023\/03\/331-0031.300x300.png","datePublished":"2023-03-08T10:58:46+00:00","breadcrumb":{"@id":"https:\/\/dentisteshop.lt\/en\/produktas\/curasept-proxi-interdental-brushes-t13-cone-13-mm-conical\/#breadcrumb"},"inLanguage":"en-US","potentialAction":[{"@type":"ReadAction","target":["https:\/\/dentisteshop.lt\/en\/produktas\/curasept-proxi-interdental-brushes-t13-cone-13-mm-conical\/"]}]},{"@type":"ImageObject","inLanguage":"en-US","@id":"https:\/\/dentisteshop.lt\/en\/produktas\/curasept-proxi-interdental-brushes-t13-cone-13-mm-conical\/#primaryimage","url":"\/wp-content\/uploads\/2023\/03\/331-0031.300x300.png","contentUrl":"\/wp-content\/uploads\/2023\/03\/331-0031.300x300.png","width":261,"height":300},{"@type":"BreadcrumbList","@id":"https:\/\/dentisteshop.lt\/en\/produktas\/curasept-proxi-interdental-brushes-t13-cone-13-mm-conical\/#breadcrumb","itemListElement":[{"@type":"ListItem","position":1,"name":"Home","item":"https:\/\/dentisteshop.lt\/"},{"@type":"ListItem","position":2,"name":"Shop","item":"https:\/\/dentisteshop.lt\/en\/shop\/"},{"@type":"ListItem","position":3,"name":"Curasept Proxi interdental brushes T13 CONE 1,3 mm, conical"}]},{"@type":"WebSite","@id":"https:\/\/dentisteshop.lt\/#website","url":"https:\/\/dentisteshop.lt\/","name":"Dentiste","description":"Burnos prie\u017ei\u016bros priemon\u0117s internetu","publisher":{"@id":"https:\/\/dentisteshop.lt\/#organization"},"potentialAction":[{"@type":"SearchAction","target":{"@type":"EntryPoint","urlTemplate":"https:\/\/dentisteshop.lt\/?s={search_term_string}"},"query-input":{"@type":"PropertyValueSpecification","valueRequired":true,"valueName":"search_term_string"}}],"inLanguage":"en-US"},{"@type":"Organization","@id":"https:\/\/dentisteshop.lt\/#organization","name":"Dentiste","url":"https:\/\/dentisteshop.lt\/","logo":{"@type":"ImageObject","inLanguage":"en-US","@id":"https:\/\/dentisteshop.lt\/#\/schema\/logo\/image\/","url":"https:\/\/dentisteshop.lt\/wp-content\/uploads\/2022\/09\/New-Project-2.png","contentUrl":"https:\/\/dentisteshop.lt\/wp-content\/uploads\/2022\/09\/New-Project-2.png","width":703,"height":134,"caption":"Dentiste"},"image":{"@id":"https:\/\/dentisteshop.lt\/#\/schema\/logo\/image\/"},"sameAs":["https:\/\/www.facebook.com\/DentisteLituanie","https:\/\/www.instagram.com\/klinika_dentiste\/"]}]}},"_links":{"self":[{"href":"https:\/\/dentisteshop.lt\/en\/wp-json\/wp\/v2\/product\/11167","targetHints":{"allow":["GET"]}}],"collection":[{"href":"https:\/\/dentisteshop.lt\/en\/wp-json\/wp\/v2\/product"}],"about":[{"href":"https:\/\/dentisteshop.lt\/en\/wp-json\/wp\/v2\/types\/product"}],"wp:featuredmedia":[{"embeddable":true,"href":"https:\/\/dentisteshop.lt\/en\/wp-json\/wp\/v2\/media\/9329"}],"wp:attachment":[{"href":"https:\/\/dentisteshop.lt\/en\/wp-json\/wp\/v2\/media?parent=11167"}],"wp:term":[{"taxonomy":"product_brand","embeddable":true,"href":"https:\/\/dentisteshop.lt\/en\/wp-json\/wp\/v2\/product_brand?post=11167"},{"taxonomy":"product_cat","embeddable":true,"href":"https:\/\/dentisteshop.lt\/en\/wp-json\/wp\/v2\/product_cat?post=11167"},{"taxonomy":"product_tag","embeddable":true,"href":"https:\/\/dentisteshop.lt\/en\/wp-json\/wp\/v2\/product_tag?post=11167"}],"curies":[{"name":"wp","href":"https:\/\/api.w.org\/{rel}","templated":true}]}}