{"id":11164,"date":"2023-01-11T08:25:24","date_gmt":"2023-01-11T06:25:24","guid":{"rendered":"https:\/\/dentisteshop.lt\/produktas\/curasept-proxi-prevent-p11-interdental-brushes-11-mm\/"},"modified":"2023-01-11T08:25:24","modified_gmt":"2023-01-11T06:25:24","slug":"curasept-proxi-prevent-p11-interdental-brushes-11-mm","status":"publish","type":"product","link":"https:\/\/dentisteshop.lt\/en\/produktas\/curasept-proxi-prevent-p11-interdental-brushes-11-mm\/","title":{"rendered":"Curasept Proxi Prevent P11 interdental brushes 1,1 mm"},"content":{"rendered":"<p>Proxi P11 interdental brush for preventive, everyday use, availability 0.11 mm.<\/p>\n<p>This is a tool for removing plaque and food residues in the interdental space that are not removed by a toothbrush or floss, which leads to plaque formation. Correct and maximum removal of plaque helps to reduce bleeding between the gums and gums, counteracts unpleasant symptoms of halitosis, and is particularly effective against caries.Each pack contains 6 interdental brushes with holders. Each brush with holder has a protective cap for maximum hygiene.<\/p>\n<p><strong>FEATURES:<\/strong><br \/>\nSize: 1.1 mm<br \/>\nQuantity per pack: 6 pcs<br \/>\nManufacturer: Curasept S.p.A<\/p>\n<p>&nbsp;<\/p>\n","protected":false},"excerpt":{"rendered":"<p><img fetchpriority=\"high\" decoding=\"async\" class=\"alignnone size-medium wp-image-9200\" src=\"https:\/\/dentisteshop.lt\/wp-content\/uploads\/2023\/01\/curaprox-11-187x300.jpg\" alt=\"\" width=\"187\" height=\"300\" srcset=\"\/wp-content\/uploads\/2023\/01\/curaprox-11-187x300.jpg 187w, \/wp-content\/uploads\/2023\/01\/curaprox-11.jpg 234w\" sizes=\"(max-width: 187px) 100vw, 187px\" \/><\/p>\n","protected":false},"featured_media":10171,"template":"","meta":{"inline_featured_image":false},"product_brand":[],"product_cat":[174],"product_tag":[],"class_list":{"0":"post-11164","1":"product","2":"type-product","3":"status-publish","4":"has-post-thumbnail","6":"product_cat-interdental-care","8":"first","9":"instock","10":"shipping-taxable","11":"purchasable","12":"product-type-simple"},"yoast_head":"<!-- This site is optimized with the Yoast SEO plugin v27.3 - https:\/\/yoast.com\/product\/yoast-seo-wordpress\/ -->\n<title>Curasept Proxi Prevent P11 interdental brushes 1,1 mm - Dentiste<\/title>\n<meta name=\"robots\" content=\"index, follow, max-snippet:-1, max-image-preview:large, max-video-preview:-1\" \/>\n<link rel=\"canonical\" href=\"https:\/\/dentisteshop.lt\/produktas\/curasept-proxi-prevent-p11-interdental-brushes-11-mm\/\" \/>\n<meta property=\"og:locale\" content=\"en_US\" \/>\n<meta property=\"og:type\" content=\"article\" \/>\n<meta property=\"og:title\" content=\"Curasept Proxi Prevent P11 interdental brushes 1,1 mm - Dentiste\" \/>\n<meta property=\"og:url\" content=\"https:\/\/dentisteshop.lt\/produktas\/curasept-proxi-prevent-p11-interdental-brushes-11-mm\/\" \/>\n<meta property=\"og:site_name\" content=\"Dentiste\" \/>\n<meta property=\"article:publisher\" content=\"https:\/\/www.facebook.com\/DentisteLituanie\" \/>\n<meta name=\"twitter:card\" content=\"summary_large_image\" \/>\n<script type=\"application\/ld+json\" class=\"yoast-schema-graph\">{\"@context\":\"https:\\\/\\\/schema.org\",\"@graph\":[{\"@type\":\"WebPage\",\"@id\":\"https:\\\/\\\/dentisteshop.lt\\\/produktas\\\/curasept-proxi-prevent-p11-interdental-brushes-11-mm\\\/\",\"url\":\"https:\\\/\\\/dentisteshop.lt\\\/produktas\\\/curasept-proxi-prevent-p11-interdental-brushes-11-mm\\\/\",\"name\":\"Curasept Proxi Prevent P11 interdental brushes 1,1 mm - Dentiste\",\"isPartOf\":{\"@id\":\"https:\\\/\\\/dentisteshop.lt\\\/#website\"},\"primaryImageOfPage\":{\"@id\":\"https:\\\/\\\/dentisteshop.lt\\\/produktas\\\/curasept-proxi-prevent-p11-interdental-brushes-11-mm\\\/#primaryimage\"},\"image\":{\"@id\":\"https:\\\/\\\/dentisteshop.lt\\\/produktas\\\/curasept-proxi-prevent-p11-interdental-brushes-11-mm\\\/#primaryimage\"},\"thumbnailUrl\":\"\\\/wp-content\\\/uploads\\\/2023\\\/01\\\/curaprox-11.webp\",\"datePublished\":\"2023-01-11T06:25:24+00:00\",\"breadcrumb\":{\"@id\":\"https:\\\/\\\/dentisteshop.lt\\\/produktas\\\/curasept-proxi-prevent-p11-interdental-brushes-11-mm\\\/#breadcrumb\"},\"inLanguage\":\"en-US\",\"potentialAction\":[{\"@type\":\"ReadAction\",\"target\":[\"https:\\\/\\\/dentisteshop.lt\\\/produktas\\\/curasept-proxi-prevent-p11-interdental-brushes-11-mm\\\/\"]}]},{\"@type\":\"ImageObject\",\"inLanguage\":\"en-US\",\"@id\":\"https:\\\/\\\/dentisteshop.lt\\\/produktas\\\/curasept-proxi-prevent-p11-interdental-brushes-11-mm\\\/#primaryimage\",\"url\":\"\\\/wp-content\\\/uploads\\\/2023\\\/01\\\/curaprox-11.webp\",\"contentUrl\":\"\\\/wp-content\\\/uploads\\\/2023\\\/01\\\/curaprox-11.webp\",\"width\":234,\"height\":376},{\"@type\":\"BreadcrumbList\",\"@id\":\"https:\\\/\\\/dentisteshop.lt\\\/produktas\\\/curasept-proxi-prevent-p11-interdental-brushes-11-mm\\\/#breadcrumb\",\"itemListElement\":[{\"@type\":\"ListItem\",\"position\":1,\"name\":\"Home\",\"item\":\"https:\\\/\\\/dentisteshop.lt\\\/\"},{\"@type\":\"ListItem\",\"position\":2,\"name\":\"Shop\",\"item\":\"https:\\\/\\\/dentisteshop.lt\\\/en\\\/shop\\\/\"},{\"@type\":\"ListItem\",\"position\":3,\"name\":\"Curasept Proxi Prevent P11 interdental brushes 1,1 mm\"}]},{\"@type\":\"WebSite\",\"@id\":\"https:\\\/\\\/dentisteshop.lt\\\/#website\",\"url\":\"https:\\\/\\\/dentisteshop.lt\\\/\",\"name\":\"Dentiste\",\"description\":\"Burnos prie\u017ei\u016bros priemon\u0117s internetu\",\"publisher\":{\"@id\":\"https:\\\/\\\/dentisteshop.lt\\\/#organization\"},\"potentialAction\":[{\"@type\":\"SearchAction\",\"target\":{\"@type\":\"EntryPoint\",\"urlTemplate\":\"https:\\\/\\\/dentisteshop.lt\\\/?s={search_term_string}\"},\"query-input\":{\"@type\":\"PropertyValueSpecification\",\"valueRequired\":true,\"valueName\":\"search_term_string\"}}],\"inLanguage\":\"en-US\"},{\"@type\":\"Organization\",\"@id\":\"https:\\\/\\\/dentisteshop.lt\\\/#organization\",\"name\":\"Dentiste\",\"url\":\"https:\\\/\\\/dentisteshop.lt\\\/\",\"logo\":{\"@type\":\"ImageObject\",\"inLanguage\":\"en-US\",\"@id\":\"https:\\\/\\\/dentisteshop.lt\\\/#\\\/schema\\\/logo\\\/image\\\/\",\"url\":\"https:\\\/\\\/dentisteshop.lt\\\/wp-content\\\/uploads\\\/2022\\\/09\\\/New-Project-2.png\",\"contentUrl\":\"https:\\\/\\\/dentisteshop.lt\\\/wp-content\\\/uploads\\\/2022\\\/09\\\/New-Project-2.png\",\"width\":703,\"height\":134,\"caption\":\"Dentiste\"},\"image\":{\"@id\":\"https:\\\/\\\/dentisteshop.lt\\\/#\\\/schema\\\/logo\\\/image\\\/\"},\"sameAs\":[\"https:\\\/\\\/www.facebook.com\\\/DentisteLituanie\",\"https:\\\/\\\/www.instagram.com\\\/klinika_dentiste\\\/\"]}]}<\/script>\n<!-- \/ Yoast SEO plugin. -->","yoast_head_json":{"title":"Curasept Proxi Prevent P11 interdental brushes 1,1 mm - Dentiste","robots":{"index":"index","follow":"follow","max-snippet":"max-snippet:-1","max-image-preview":"max-image-preview:large","max-video-preview":"max-video-preview:-1"},"canonical":"https:\/\/dentisteshop.lt\/produktas\/curasept-proxi-prevent-p11-interdental-brushes-11-mm\/","og_locale":"en_US","og_type":"article","og_title":"Curasept Proxi Prevent P11 interdental brushes 1,1 mm - Dentiste","og_url":"https:\/\/dentisteshop.lt\/produktas\/curasept-proxi-prevent-p11-interdental-brushes-11-mm\/","og_site_name":"Dentiste","article_publisher":"https:\/\/www.facebook.com\/DentisteLituanie","twitter_card":"summary_large_image","schema":{"@context":"https:\/\/schema.org","@graph":[{"@type":"WebPage","@id":"https:\/\/dentisteshop.lt\/produktas\/curasept-proxi-prevent-p11-interdental-brushes-11-mm\/","url":"https:\/\/dentisteshop.lt\/produktas\/curasept-proxi-prevent-p11-interdental-brushes-11-mm\/","name":"Curasept Proxi Prevent P11 interdental brushes 1,1 mm - Dentiste","isPartOf":{"@id":"https:\/\/dentisteshop.lt\/#website"},"primaryImageOfPage":{"@id":"https:\/\/dentisteshop.lt\/produktas\/curasept-proxi-prevent-p11-interdental-brushes-11-mm\/#primaryimage"},"image":{"@id":"https:\/\/dentisteshop.lt\/produktas\/curasept-proxi-prevent-p11-interdental-brushes-11-mm\/#primaryimage"},"thumbnailUrl":"\/wp-content\/uploads\/2023\/01\/curaprox-11.webp","datePublished":"2023-01-11T06:25:24+00:00","breadcrumb":{"@id":"https:\/\/dentisteshop.lt\/produktas\/curasept-proxi-prevent-p11-interdental-brushes-11-mm\/#breadcrumb"},"inLanguage":"en-US","potentialAction":[{"@type":"ReadAction","target":["https:\/\/dentisteshop.lt\/produktas\/curasept-proxi-prevent-p11-interdental-brushes-11-mm\/"]}]},{"@type":"ImageObject","inLanguage":"en-US","@id":"https:\/\/dentisteshop.lt\/produktas\/curasept-proxi-prevent-p11-interdental-brushes-11-mm\/#primaryimage","url":"\/wp-content\/uploads\/2023\/01\/curaprox-11.webp","contentUrl":"\/wp-content\/uploads\/2023\/01\/curaprox-11.webp","width":234,"height":376},{"@type":"BreadcrumbList","@id":"https:\/\/dentisteshop.lt\/produktas\/curasept-proxi-prevent-p11-interdental-brushes-11-mm\/#breadcrumb","itemListElement":[{"@type":"ListItem","position":1,"name":"Home","item":"https:\/\/dentisteshop.lt\/"},{"@type":"ListItem","position":2,"name":"Shop","item":"https:\/\/dentisteshop.lt\/en\/shop\/"},{"@type":"ListItem","position":3,"name":"Curasept Proxi Prevent P11 interdental brushes 1,1 mm"}]},{"@type":"WebSite","@id":"https:\/\/dentisteshop.lt\/#website","url":"https:\/\/dentisteshop.lt\/","name":"Dentiste","description":"Burnos prie\u017ei\u016bros priemon\u0117s internetu","publisher":{"@id":"https:\/\/dentisteshop.lt\/#organization"},"potentialAction":[{"@type":"SearchAction","target":{"@type":"EntryPoint","urlTemplate":"https:\/\/dentisteshop.lt\/?s={search_term_string}"},"query-input":{"@type":"PropertyValueSpecification","valueRequired":true,"valueName":"search_term_string"}}],"inLanguage":"en-US"},{"@type":"Organization","@id":"https:\/\/dentisteshop.lt\/#organization","name":"Dentiste","url":"https:\/\/dentisteshop.lt\/","logo":{"@type":"ImageObject","inLanguage":"en-US","@id":"https:\/\/dentisteshop.lt\/#\/schema\/logo\/image\/","url":"https:\/\/dentisteshop.lt\/wp-content\/uploads\/2022\/09\/New-Project-2.png","contentUrl":"https:\/\/dentisteshop.lt\/wp-content\/uploads\/2022\/09\/New-Project-2.png","width":703,"height":134,"caption":"Dentiste"},"image":{"@id":"https:\/\/dentisteshop.lt\/#\/schema\/logo\/image\/"},"sameAs":["https:\/\/www.facebook.com\/DentisteLituanie","https:\/\/www.instagram.com\/klinika_dentiste\/"]}]}},"_links":{"self":[{"href":"https:\/\/dentisteshop.lt\/en\/wp-json\/wp\/v2\/product\/11164","targetHints":{"allow":["GET"]}}],"collection":[{"href":"https:\/\/dentisteshop.lt\/en\/wp-json\/wp\/v2\/product"}],"about":[{"href":"https:\/\/dentisteshop.lt\/en\/wp-json\/wp\/v2\/types\/product"}],"wp:featuredmedia":[{"embeddable":true,"href":"https:\/\/dentisteshop.lt\/en\/wp-json\/wp\/v2\/media\/10171"}],"wp:attachment":[{"href":"https:\/\/dentisteshop.lt\/en\/wp-json\/wp\/v2\/media?parent=11164"}],"wp:term":[{"taxonomy":"product_brand","embeddable":true,"href":"https:\/\/dentisteshop.lt\/en\/wp-json\/wp\/v2\/product_brand?post=11164"},{"taxonomy":"product_cat","embeddable":true,"href":"https:\/\/dentisteshop.lt\/en\/wp-json\/wp\/v2\/product_cat?post=11164"},{"taxonomy":"product_tag","embeddable":true,"href":"https:\/\/dentisteshop.lt\/en\/wp-json\/wp\/v2\/product_tag?post=11164"}],"curies":[{"name":"wp","href":"https:\/\/api.w.org\/{rel}","templated":true}]}}