{"id":11162,"date":"2021-08-09T16:07:35","date_gmt":"2021-08-09T14:07:35","guid":{"rendered":"https:\/\/dentisteshop.lt\/produktas\/curasept-biosmalto-junior-childrens-toothpaste\/"},"modified":"2021-08-09T16:07:35","modified_gmt":"2021-08-09T14:07:35","slug":"curasept-biosmalto-junior-childrens-toothpaste","status":"publish","type":"product","link":"https:\/\/dentisteshop.lt\/en\/produktas\/curasept-biosmalto-junior-childrens-toothpaste\/","title":{"rendered":"Curasept Biosmalto Junior children&#8217;s toothpaste"},"content":{"rendered":"<p class=\"p1\"><i>For the daily prevention of dental decay<\/i><\/p>\n<p class=\"p1\">Children&#8217;s toothpaste in a variety of fruit flavours, balanced for the 7-12 age group. Maintain the condition of the remaining milk teeth and the existing permanent teeth. Designed to increase resistance to tooth decay.<\/p>\n<p class=\"p2\">The international patented production method &#8211; hydroxyapatite supplemented with magnesium, strontium carbonate, combined with chitosan and fluorohydroxyapatite &#8211; remineralises damaged enamel areas, fills dentin tubules and replenishes missing substances.<\/p>\n<ul class=\"ul1\">\n<li class=\"li1\">Fluoride content: 1450ppm<\/li>\n<li class=\"li1\">&lt;&lt;30 RDA<span class=\"Apple-converted-space\"> <\/span><\/li>\n<\/ul>\n","protected":false},"excerpt":{"rendered":"<p>For the daily prevention of dental decay Children&#8217;s toothpaste in a variety of fruit flavours, balanced for the 7-12 age group. Maintain the condition of the remaining milk teeth and the existing permanent teeth. Designed to increase resistance to tooth decay. The international patented production method &#8211; hydroxyapatite supplemented with magnesium, strontium carbonate, combined with [&hellip;]<\/p>\n","protected":false},"featured_media":8349,"template":"","meta":{"inline_featured_image":false},"product_brand":[],"product_cat":[180],"product_tag":[],"class_list":{"0":"post-11162","1":"product","2":"type-product","3":"status-publish","4":"has-post-thumbnail","6":"product_cat-toothpastes","8":"first","9":"instock","10":"shipping-taxable","11":"purchasable","12":"product-type-simple"},"yoast_head":"<!-- This site is optimized with the Yoast SEO plugin v27.3 - https:\/\/yoast.com\/product\/yoast-seo-wordpress\/ -->\n<title>Curasept Biosmalto Junior children&#039;s toothpaste - Dentiste<\/title>\n<meta name=\"robots\" content=\"index, follow, max-snippet:-1, max-image-preview:large, max-video-preview:-1\" \/>\n<link rel=\"canonical\" href=\"https:\/\/dentisteshop.lt\/produktas\/curasept-biosmalto-junior-childrens-toothpaste\/\" \/>\n<meta property=\"og:locale\" content=\"en_US\" \/>\n<meta property=\"og:type\" content=\"article\" \/>\n<meta property=\"og:title\" content=\"Curasept Biosmalto Junior children&#039;s toothpaste - Dentiste\" \/>\n<meta property=\"og:description\" content=\"For the daily prevention of dental decay Children&#8217;s toothpaste in a variety of fruit flavours, balanced for the 7-12 age group. Maintain the condition of the remaining milk teeth and the existing permanent teeth. Designed to increase resistance to tooth decay. The international patented production method &#8211; hydroxyapatite supplemented with magnesium, strontium carbonate, combined with [&hellip;]\" \/>\n<meta property=\"og:url\" content=\"https:\/\/dentisteshop.lt\/produktas\/curasept-biosmalto-junior-childrens-toothpaste\/\" \/>\n<meta property=\"og:site_name\" content=\"Dentiste\" \/>\n<meta property=\"article:publisher\" content=\"https:\/\/www.facebook.com\/DentisteLituanie\" \/>\n<meta name=\"twitter:card\" content=\"summary_large_image\" \/>\n<script type=\"application\/ld+json\" class=\"yoast-schema-graph\">{\"@context\":\"https:\\\/\\\/schema.org\",\"@graph\":[{\"@type\":\"WebPage\",\"@id\":\"https:\\\/\\\/dentisteshop.lt\\\/produktas\\\/curasept-biosmalto-junior-childrens-toothpaste\\\/\",\"url\":\"https:\\\/\\\/dentisteshop.lt\\\/produktas\\\/curasept-biosmalto-junior-childrens-toothpaste\\\/\",\"name\":\"Curasept Biosmalto Junior children's toothpaste - Dentiste\",\"isPartOf\":{\"@id\":\"https:\\\/\\\/dentisteshop.lt\\\/#website\"},\"primaryImageOfPage\":{\"@id\":\"https:\\\/\\\/dentisteshop.lt\\\/produktas\\\/curasept-biosmalto-junior-childrens-toothpaste\\\/#primaryimage\"},\"image\":{\"@id\":\"https:\\\/\\\/dentisteshop.lt\\\/produktas\\\/curasept-biosmalto-junior-childrens-toothpaste\\\/#primaryimage\"},\"thumbnailUrl\":\"\\\/wp-content\\\/uploads\\\/2022\\\/09\\\/Curasept-Biosmalto-Junior-1.jpg\",\"datePublished\":\"2021-08-09T14:07:35+00:00\",\"breadcrumb\":{\"@id\":\"https:\\\/\\\/dentisteshop.lt\\\/produktas\\\/curasept-biosmalto-junior-childrens-toothpaste\\\/#breadcrumb\"},\"inLanguage\":\"en-US\",\"potentialAction\":[{\"@type\":\"ReadAction\",\"target\":[\"https:\\\/\\\/dentisteshop.lt\\\/produktas\\\/curasept-biosmalto-junior-childrens-toothpaste\\\/\"]}]},{\"@type\":\"ImageObject\",\"inLanguage\":\"en-US\",\"@id\":\"https:\\\/\\\/dentisteshop.lt\\\/produktas\\\/curasept-biosmalto-junior-childrens-toothpaste\\\/#primaryimage\",\"url\":\"\\\/wp-content\\\/uploads\\\/2022\\\/09\\\/Curasept-Biosmalto-Junior-1.jpg\",\"contentUrl\":\"\\\/wp-content\\\/uploads\\\/2022\\\/09\\\/Curasept-Biosmalto-Junior-1.jpg\",\"width\":1000,\"height\":1000},{\"@type\":\"BreadcrumbList\",\"@id\":\"https:\\\/\\\/dentisteshop.lt\\\/produktas\\\/curasept-biosmalto-junior-childrens-toothpaste\\\/#breadcrumb\",\"itemListElement\":[{\"@type\":\"ListItem\",\"position\":1,\"name\":\"Home\",\"item\":\"https:\\\/\\\/dentisteshop.lt\\\/\"},{\"@type\":\"ListItem\",\"position\":2,\"name\":\"Shop\",\"item\":\"https:\\\/\\\/dentisteshop.lt\\\/en\\\/shop\\\/\"},{\"@type\":\"ListItem\",\"position\":3,\"name\":\"Curasept Biosmalto Junior children&#8217;s toothpaste\"}]},{\"@type\":\"WebSite\",\"@id\":\"https:\\\/\\\/dentisteshop.lt\\\/#website\",\"url\":\"https:\\\/\\\/dentisteshop.lt\\\/\",\"name\":\"Dentiste\",\"description\":\"Burnos prie\u017ei\u016bros priemon\u0117s internetu\",\"publisher\":{\"@id\":\"https:\\\/\\\/dentisteshop.lt\\\/#organization\"},\"potentialAction\":[{\"@type\":\"SearchAction\",\"target\":{\"@type\":\"EntryPoint\",\"urlTemplate\":\"https:\\\/\\\/dentisteshop.lt\\\/?s={search_term_string}\"},\"query-input\":{\"@type\":\"PropertyValueSpecification\",\"valueRequired\":true,\"valueName\":\"search_term_string\"}}],\"inLanguage\":\"en-US\"},{\"@type\":\"Organization\",\"@id\":\"https:\\\/\\\/dentisteshop.lt\\\/#organization\",\"name\":\"Dentiste\",\"url\":\"https:\\\/\\\/dentisteshop.lt\\\/\",\"logo\":{\"@type\":\"ImageObject\",\"inLanguage\":\"en-US\",\"@id\":\"https:\\\/\\\/dentisteshop.lt\\\/#\\\/schema\\\/logo\\\/image\\\/\",\"url\":\"https:\\\/\\\/dentisteshop.lt\\\/wp-content\\\/uploads\\\/2022\\\/09\\\/New-Project-2.png\",\"contentUrl\":\"https:\\\/\\\/dentisteshop.lt\\\/wp-content\\\/uploads\\\/2022\\\/09\\\/New-Project-2.png\",\"width\":703,\"height\":134,\"caption\":\"Dentiste\"},\"image\":{\"@id\":\"https:\\\/\\\/dentisteshop.lt\\\/#\\\/schema\\\/logo\\\/image\\\/\"},\"sameAs\":[\"https:\\\/\\\/www.facebook.com\\\/DentisteLituanie\",\"https:\\\/\\\/www.instagram.com\\\/klinika_dentiste\\\/\"]}]}<\/script>\n<!-- \/ Yoast SEO plugin. -->","yoast_head_json":{"title":"Curasept Biosmalto Junior children's toothpaste - Dentiste","robots":{"index":"index","follow":"follow","max-snippet":"max-snippet:-1","max-image-preview":"max-image-preview:large","max-video-preview":"max-video-preview:-1"},"canonical":"https:\/\/dentisteshop.lt\/produktas\/curasept-biosmalto-junior-childrens-toothpaste\/","og_locale":"en_US","og_type":"article","og_title":"Curasept Biosmalto Junior children's toothpaste - Dentiste","og_description":"For the daily prevention of dental decay Children&#8217;s toothpaste in a variety of fruit flavours, balanced for the 7-12 age group. Maintain the condition of the remaining milk teeth and the existing permanent teeth. Designed to increase resistance to tooth decay. The international patented production method &#8211; hydroxyapatite supplemented with magnesium, strontium carbonate, combined with [&hellip;]","og_url":"https:\/\/dentisteshop.lt\/produktas\/curasept-biosmalto-junior-childrens-toothpaste\/","og_site_name":"Dentiste","article_publisher":"https:\/\/www.facebook.com\/DentisteLituanie","twitter_card":"summary_large_image","schema":{"@context":"https:\/\/schema.org","@graph":[{"@type":"WebPage","@id":"https:\/\/dentisteshop.lt\/produktas\/curasept-biosmalto-junior-childrens-toothpaste\/","url":"https:\/\/dentisteshop.lt\/produktas\/curasept-biosmalto-junior-childrens-toothpaste\/","name":"Curasept Biosmalto Junior children's toothpaste - Dentiste","isPartOf":{"@id":"https:\/\/dentisteshop.lt\/#website"},"primaryImageOfPage":{"@id":"https:\/\/dentisteshop.lt\/produktas\/curasept-biosmalto-junior-childrens-toothpaste\/#primaryimage"},"image":{"@id":"https:\/\/dentisteshop.lt\/produktas\/curasept-biosmalto-junior-childrens-toothpaste\/#primaryimage"},"thumbnailUrl":"\/wp-content\/uploads\/2022\/09\/Curasept-Biosmalto-Junior-1.jpg","datePublished":"2021-08-09T14:07:35+00:00","breadcrumb":{"@id":"https:\/\/dentisteshop.lt\/produktas\/curasept-biosmalto-junior-childrens-toothpaste\/#breadcrumb"},"inLanguage":"en-US","potentialAction":[{"@type":"ReadAction","target":["https:\/\/dentisteshop.lt\/produktas\/curasept-biosmalto-junior-childrens-toothpaste\/"]}]},{"@type":"ImageObject","inLanguage":"en-US","@id":"https:\/\/dentisteshop.lt\/produktas\/curasept-biosmalto-junior-childrens-toothpaste\/#primaryimage","url":"\/wp-content\/uploads\/2022\/09\/Curasept-Biosmalto-Junior-1.jpg","contentUrl":"\/wp-content\/uploads\/2022\/09\/Curasept-Biosmalto-Junior-1.jpg","width":1000,"height":1000},{"@type":"BreadcrumbList","@id":"https:\/\/dentisteshop.lt\/produktas\/curasept-biosmalto-junior-childrens-toothpaste\/#breadcrumb","itemListElement":[{"@type":"ListItem","position":1,"name":"Home","item":"https:\/\/dentisteshop.lt\/"},{"@type":"ListItem","position":2,"name":"Shop","item":"https:\/\/dentisteshop.lt\/en\/shop\/"},{"@type":"ListItem","position":3,"name":"Curasept Biosmalto Junior children&#8217;s toothpaste"}]},{"@type":"WebSite","@id":"https:\/\/dentisteshop.lt\/#website","url":"https:\/\/dentisteshop.lt\/","name":"Dentiste","description":"Burnos prie\u017ei\u016bros priemon\u0117s internetu","publisher":{"@id":"https:\/\/dentisteshop.lt\/#organization"},"potentialAction":[{"@type":"SearchAction","target":{"@type":"EntryPoint","urlTemplate":"https:\/\/dentisteshop.lt\/?s={search_term_string}"},"query-input":{"@type":"PropertyValueSpecification","valueRequired":true,"valueName":"search_term_string"}}],"inLanguage":"en-US"},{"@type":"Organization","@id":"https:\/\/dentisteshop.lt\/#organization","name":"Dentiste","url":"https:\/\/dentisteshop.lt\/","logo":{"@type":"ImageObject","inLanguage":"en-US","@id":"https:\/\/dentisteshop.lt\/#\/schema\/logo\/image\/","url":"https:\/\/dentisteshop.lt\/wp-content\/uploads\/2022\/09\/New-Project-2.png","contentUrl":"https:\/\/dentisteshop.lt\/wp-content\/uploads\/2022\/09\/New-Project-2.png","width":703,"height":134,"caption":"Dentiste"},"image":{"@id":"https:\/\/dentisteshop.lt\/#\/schema\/logo\/image\/"},"sameAs":["https:\/\/www.facebook.com\/DentisteLituanie","https:\/\/www.instagram.com\/klinika_dentiste\/"]}]}},"_links":{"self":[{"href":"https:\/\/dentisteshop.lt\/en\/wp-json\/wp\/v2\/product\/11162","targetHints":{"allow":["GET"]}}],"collection":[{"href":"https:\/\/dentisteshop.lt\/en\/wp-json\/wp\/v2\/product"}],"about":[{"href":"https:\/\/dentisteshop.lt\/en\/wp-json\/wp\/v2\/types\/product"}],"wp:featuredmedia":[{"embeddable":true,"href":"https:\/\/dentisteshop.lt\/en\/wp-json\/wp\/v2\/media\/8349"}],"wp:attachment":[{"href":"https:\/\/dentisteshop.lt\/en\/wp-json\/wp\/v2\/media?parent=11162"}],"wp:term":[{"taxonomy":"product_brand","embeddable":true,"href":"https:\/\/dentisteshop.lt\/en\/wp-json\/wp\/v2\/product_brand?post=11162"},{"taxonomy":"product_cat","embeddable":true,"href":"https:\/\/dentisteshop.lt\/en\/wp-json\/wp\/v2\/product_cat?post=11162"},{"taxonomy":"product_tag","embeddable":true,"href":"https:\/\/dentisteshop.lt\/en\/wp-json\/wp\/v2\/product_tag?post=11162"}],"curies":[{"name":"wp","href":"https:\/\/api.w.org\/{rel}","templated":true}]}}