{"id":11160,"date":"2021-08-09T16:05:08","date_gmt":"2021-08-09T14:05:08","guid":{"rendered":"https:\/\/dentisteshop.lt\/produktas\/gc-mi-paste-plus-recaldent-fluoride-dental-cream\/"},"modified":"2021-08-09T16:05:08","modified_gmt":"2021-08-09T14:05:08","slug":"gc-mi-paste-plus-recaldent-fluoride-dental-cream","status":"publish","type":"product","link":"https:\/\/dentisteshop.lt\/en\/produktas\/gc-mi-paste-plus-recaldent-fluoride-dental-cream\/","title":{"rendered":"GC MI paste plus recaldent fluoride dental cream"},"content":{"rendered":"<p class=\"p1\">For patients with sensitive teeth, dry mouth syndrome, worn or damaged tooth enamel. Helps neutralise acids and gives a clean feeling. Particularly suitable after teeth whitening procedures, professional hygiene and root canal treatment to restore missing substances. The cream is applied once or twice a day. After brushing, apply a cream to the teeth, or the cream can be applied by pressing it into the cap. Leave on for 3 minutes without swallowing. After the specified time, remove (spit out) any residual cream without rinsing. Do not eat or drink for half an hour.<\/p>\n<p class=\"p1\">MI paste plus and tooth mousse should not be used by those allergic to dairy products and those with sensitivity or allergy to benzoate preservatives. Do not use for children under 6 years. Children under 12 years old should not use before nighttime. Contains calcium, phosphorus and fluoride.<\/p>\n<ul class=\"ul1\">\n<li class=\"li1\">Fluorine content 900ppm<\/li>\n<li><strong>Strawberry flavour<\/strong><\/li>\n<\/ul>\n","protected":false},"excerpt":{"rendered":"<p>For patients with sensitive teeth, dry mouth syndrome, worn or damaged tooth enamel. Helps neutralise acids and gives a clean feeling. Particularly suitable after teeth whitening procedures, professional hygiene and root canal treatment to restore missing substances. The cream is applied once or twice a day. After brushing, apply a cream to the teeth, or [&hellip;]<\/p>\n","protected":false},"featured_media":8310,"template":"","meta":{"inline_featured_image":false},"product_brand":[],"product_cat":[178],"product_tag":[],"class_list":{"0":"post-11160","1":"product","2":"type-product","3":"status-publish","4":"has-post-thumbnail","6":"product_cat-mouthwashes","8":"first","9":"instock","10":"shipping-taxable","11":"purchasable","12":"product-type-simple"},"yoast_head":"<!-- This site is optimized with the Yoast SEO plugin v27.3 - https:\/\/yoast.com\/product\/yoast-seo-wordpress\/ -->\n<title>GC MI paste plus recaldent fluoride dental cream - Dentiste<\/title>\n<meta name=\"robots\" content=\"index, follow, max-snippet:-1, max-image-preview:large, max-video-preview:-1\" \/>\n<link rel=\"canonical\" href=\"https:\/\/dentisteshop.lt\/produktas\/gc-mi-paste-plus-recaldent-fluoride-dental-cream\/\" \/>\n<meta property=\"og:locale\" content=\"en_US\" \/>\n<meta property=\"og:type\" content=\"article\" \/>\n<meta property=\"og:title\" content=\"GC MI paste plus recaldent fluoride dental cream - Dentiste\" \/>\n<meta property=\"og:description\" content=\"For patients with sensitive teeth, dry mouth syndrome, worn or damaged tooth enamel. Helps neutralise acids and gives a clean feeling. Particularly suitable after teeth whitening procedures, professional hygiene and root canal treatment to restore missing substances. The cream is applied once or twice a day. After brushing, apply a cream to the teeth, or [&hellip;]\" \/>\n<meta property=\"og:url\" content=\"https:\/\/dentisteshop.lt\/produktas\/gc-mi-paste-plus-recaldent-fluoride-dental-cream\/\" \/>\n<meta property=\"og:site_name\" content=\"Dentiste\" \/>\n<meta property=\"article:publisher\" content=\"https:\/\/www.facebook.com\/DentisteLituanie\" \/>\n<meta name=\"twitter:card\" content=\"summary_large_image\" \/>\n<meta name=\"twitter:label1\" content=\"Est. reading time\" \/>\n\t<meta name=\"twitter:data1\" content=\"1 minute\" \/>\n<script type=\"application\/ld+json\" class=\"yoast-schema-graph\">{\"@context\":\"https:\\\/\\\/schema.org\",\"@graph\":[{\"@type\":\"WebPage\",\"@id\":\"https:\\\/\\\/dentisteshop.lt\\\/produktas\\\/gc-mi-paste-plus-recaldent-fluoride-dental-cream\\\/\",\"url\":\"https:\\\/\\\/dentisteshop.lt\\\/produktas\\\/gc-mi-paste-plus-recaldent-fluoride-dental-cream\\\/\",\"name\":\"GC MI paste plus recaldent fluoride dental cream - Dentiste\",\"isPartOf\":{\"@id\":\"https:\\\/\\\/dentisteshop.lt\\\/#website\"},\"primaryImageOfPage\":{\"@id\":\"https:\\\/\\\/dentisteshop.lt\\\/produktas\\\/gc-mi-paste-plus-recaldent-fluoride-dental-cream\\\/#primaryimage\"},\"image\":{\"@id\":\"https:\\\/\\\/dentisteshop.lt\\\/produktas\\\/gc-mi-paste-plus-recaldent-fluoride-dental-cream\\\/#primaryimage\"},\"thumbnailUrl\":\"\\\/wp-content\\\/uploads\\\/2022\\\/09\\\/mi_paste_reg.jpg\",\"datePublished\":\"2021-08-09T14:05:08+00:00\",\"breadcrumb\":{\"@id\":\"https:\\\/\\\/dentisteshop.lt\\\/produktas\\\/gc-mi-paste-plus-recaldent-fluoride-dental-cream\\\/#breadcrumb\"},\"inLanguage\":\"en-US\",\"potentialAction\":[{\"@type\":\"ReadAction\",\"target\":[\"https:\\\/\\\/dentisteshop.lt\\\/produktas\\\/gc-mi-paste-plus-recaldent-fluoride-dental-cream\\\/\"]}]},{\"@type\":\"ImageObject\",\"inLanguage\":\"en-US\",\"@id\":\"https:\\\/\\\/dentisteshop.lt\\\/produktas\\\/gc-mi-paste-plus-recaldent-fluoride-dental-cream\\\/#primaryimage\",\"url\":\"\\\/wp-content\\\/uploads\\\/2022\\\/09\\\/mi_paste_reg.jpg\",\"contentUrl\":\"\\\/wp-content\\\/uploads\\\/2022\\\/09\\\/mi_paste_reg.jpg\",\"width\":1024,\"height\":1024},{\"@type\":\"BreadcrumbList\",\"@id\":\"https:\\\/\\\/dentisteshop.lt\\\/produktas\\\/gc-mi-paste-plus-recaldent-fluoride-dental-cream\\\/#breadcrumb\",\"itemListElement\":[{\"@type\":\"ListItem\",\"position\":1,\"name\":\"Home\",\"item\":\"https:\\\/\\\/dentisteshop.lt\\\/\"},{\"@type\":\"ListItem\",\"position\":2,\"name\":\"Shop\",\"item\":\"https:\\\/\\\/dentisteshop.lt\\\/en\\\/shop\\\/\"},{\"@type\":\"ListItem\",\"position\":3,\"name\":\"GC MI paste plus recaldent fluoride dental cream\"}]},{\"@type\":\"WebSite\",\"@id\":\"https:\\\/\\\/dentisteshop.lt\\\/#website\",\"url\":\"https:\\\/\\\/dentisteshop.lt\\\/\",\"name\":\"Dentiste\",\"description\":\"Burnos prie\u017ei\u016bros priemon\u0117s internetu\",\"publisher\":{\"@id\":\"https:\\\/\\\/dentisteshop.lt\\\/#organization\"},\"potentialAction\":[{\"@type\":\"SearchAction\",\"target\":{\"@type\":\"EntryPoint\",\"urlTemplate\":\"https:\\\/\\\/dentisteshop.lt\\\/?s={search_term_string}\"},\"query-input\":{\"@type\":\"PropertyValueSpecification\",\"valueRequired\":true,\"valueName\":\"search_term_string\"}}],\"inLanguage\":\"en-US\"},{\"@type\":\"Organization\",\"@id\":\"https:\\\/\\\/dentisteshop.lt\\\/#organization\",\"name\":\"Dentiste\",\"url\":\"https:\\\/\\\/dentisteshop.lt\\\/\",\"logo\":{\"@type\":\"ImageObject\",\"inLanguage\":\"en-US\",\"@id\":\"https:\\\/\\\/dentisteshop.lt\\\/#\\\/schema\\\/logo\\\/image\\\/\",\"url\":\"https:\\\/\\\/dentisteshop.lt\\\/wp-content\\\/uploads\\\/2022\\\/09\\\/New-Project-2.png\",\"contentUrl\":\"https:\\\/\\\/dentisteshop.lt\\\/wp-content\\\/uploads\\\/2022\\\/09\\\/New-Project-2.png\",\"width\":703,\"height\":134,\"caption\":\"Dentiste\"},\"image\":{\"@id\":\"https:\\\/\\\/dentisteshop.lt\\\/#\\\/schema\\\/logo\\\/image\\\/\"},\"sameAs\":[\"https:\\\/\\\/www.facebook.com\\\/DentisteLituanie\",\"https:\\\/\\\/www.instagram.com\\\/klinika_dentiste\\\/\"]}]}<\/script>\n<!-- \/ Yoast SEO plugin. -->","yoast_head_json":{"title":"GC MI paste plus recaldent fluoride dental cream - Dentiste","robots":{"index":"index","follow":"follow","max-snippet":"max-snippet:-1","max-image-preview":"max-image-preview:large","max-video-preview":"max-video-preview:-1"},"canonical":"https:\/\/dentisteshop.lt\/produktas\/gc-mi-paste-plus-recaldent-fluoride-dental-cream\/","og_locale":"en_US","og_type":"article","og_title":"GC MI paste plus recaldent fluoride dental cream - Dentiste","og_description":"For patients with sensitive teeth, dry mouth syndrome, worn or damaged tooth enamel. Helps neutralise acids and gives a clean feeling. Particularly suitable after teeth whitening procedures, professional hygiene and root canal treatment to restore missing substances. The cream is applied once or twice a day. After brushing, apply a cream to the teeth, or [&hellip;]","og_url":"https:\/\/dentisteshop.lt\/produktas\/gc-mi-paste-plus-recaldent-fluoride-dental-cream\/","og_site_name":"Dentiste","article_publisher":"https:\/\/www.facebook.com\/DentisteLituanie","twitter_card":"summary_large_image","twitter_misc":{"Est. reading time":"1 minute"},"schema":{"@context":"https:\/\/schema.org","@graph":[{"@type":"WebPage","@id":"https:\/\/dentisteshop.lt\/produktas\/gc-mi-paste-plus-recaldent-fluoride-dental-cream\/","url":"https:\/\/dentisteshop.lt\/produktas\/gc-mi-paste-plus-recaldent-fluoride-dental-cream\/","name":"GC MI paste plus recaldent fluoride dental cream - Dentiste","isPartOf":{"@id":"https:\/\/dentisteshop.lt\/#website"},"primaryImageOfPage":{"@id":"https:\/\/dentisteshop.lt\/produktas\/gc-mi-paste-plus-recaldent-fluoride-dental-cream\/#primaryimage"},"image":{"@id":"https:\/\/dentisteshop.lt\/produktas\/gc-mi-paste-plus-recaldent-fluoride-dental-cream\/#primaryimage"},"thumbnailUrl":"\/wp-content\/uploads\/2022\/09\/mi_paste_reg.jpg","datePublished":"2021-08-09T14:05:08+00:00","breadcrumb":{"@id":"https:\/\/dentisteshop.lt\/produktas\/gc-mi-paste-plus-recaldent-fluoride-dental-cream\/#breadcrumb"},"inLanguage":"en-US","potentialAction":[{"@type":"ReadAction","target":["https:\/\/dentisteshop.lt\/produktas\/gc-mi-paste-plus-recaldent-fluoride-dental-cream\/"]}]},{"@type":"ImageObject","inLanguage":"en-US","@id":"https:\/\/dentisteshop.lt\/produktas\/gc-mi-paste-plus-recaldent-fluoride-dental-cream\/#primaryimage","url":"\/wp-content\/uploads\/2022\/09\/mi_paste_reg.jpg","contentUrl":"\/wp-content\/uploads\/2022\/09\/mi_paste_reg.jpg","width":1024,"height":1024},{"@type":"BreadcrumbList","@id":"https:\/\/dentisteshop.lt\/produktas\/gc-mi-paste-plus-recaldent-fluoride-dental-cream\/#breadcrumb","itemListElement":[{"@type":"ListItem","position":1,"name":"Home","item":"https:\/\/dentisteshop.lt\/"},{"@type":"ListItem","position":2,"name":"Shop","item":"https:\/\/dentisteshop.lt\/en\/shop\/"},{"@type":"ListItem","position":3,"name":"GC MI paste plus recaldent fluoride dental cream"}]},{"@type":"WebSite","@id":"https:\/\/dentisteshop.lt\/#website","url":"https:\/\/dentisteshop.lt\/","name":"Dentiste","description":"Burnos prie\u017ei\u016bros priemon\u0117s internetu","publisher":{"@id":"https:\/\/dentisteshop.lt\/#organization"},"potentialAction":[{"@type":"SearchAction","target":{"@type":"EntryPoint","urlTemplate":"https:\/\/dentisteshop.lt\/?s={search_term_string}"},"query-input":{"@type":"PropertyValueSpecification","valueRequired":true,"valueName":"search_term_string"}}],"inLanguage":"en-US"},{"@type":"Organization","@id":"https:\/\/dentisteshop.lt\/#organization","name":"Dentiste","url":"https:\/\/dentisteshop.lt\/","logo":{"@type":"ImageObject","inLanguage":"en-US","@id":"https:\/\/dentisteshop.lt\/#\/schema\/logo\/image\/","url":"https:\/\/dentisteshop.lt\/wp-content\/uploads\/2022\/09\/New-Project-2.png","contentUrl":"https:\/\/dentisteshop.lt\/wp-content\/uploads\/2022\/09\/New-Project-2.png","width":703,"height":134,"caption":"Dentiste"},"image":{"@id":"https:\/\/dentisteshop.lt\/#\/schema\/logo\/image\/"},"sameAs":["https:\/\/www.facebook.com\/DentisteLituanie","https:\/\/www.instagram.com\/klinika_dentiste\/"]}]}},"_links":{"self":[{"href":"https:\/\/dentisteshop.lt\/en\/wp-json\/wp\/v2\/product\/11160","targetHints":{"allow":["GET"]}}],"collection":[{"href":"https:\/\/dentisteshop.lt\/en\/wp-json\/wp\/v2\/product"}],"about":[{"href":"https:\/\/dentisteshop.lt\/en\/wp-json\/wp\/v2\/types\/product"}],"wp:featuredmedia":[{"embeddable":true,"href":"https:\/\/dentisteshop.lt\/en\/wp-json\/wp\/v2\/media\/8310"}],"wp:attachment":[{"href":"https:\/\/dentisteshop.lt\/en\/wp-json\/wp\/v2\/media?parent=11160"}],"wp:term":[{"taxonomy":"product_brand","embeddable":true,"href":"https:\/\/dentisteshop.lt\/en\/wp-json\/wp\/v2\/product_brand?post=11160"},{"taxonomy":"product_cat","embeddable":true,"href":"https:\/\/dentisteshop.lt\/en\/wp-json\/wp\/v2\/product_cat?post=11160"},{"taxonomy":"product_tag","embeddable":true,"href":"https:\/\/dentisteshop.lt\/en\/wp-json\/wp\/v2\/product_tag?post=11160"}],"curies":[{"name":"wp","href":"https:\/\/api.w.org\/{rel}","templated":true}]}}