{"id":11140,"date":"2024-09-05T11:59:08","date_gmt":"2024-09-05T09:59:08","guid":{"rendered":"https:\/\/dentisteshop.lt\/produktas\/tooth-and-mouth-balm\/"},"modified":"2024-09-05T11:59:08","modified_gmt":"2024-09-05T09:59:08","slug":"tooth-and-mouth-balm","status":"publish","type":"product","link":"https:\/\/dentisteshop.lt\/en\/produktas\/tooth-and-mouth-balm\/","title":{"rendered":"Tooth and mouth balm"},"content":{"rendered":"<p><img fetchpriority=\"high\" decoding=\"async\" src=\"https:\/\/dentisteshop.lt\/wp-content\/uploads\/2024\/09\/ApaCare-liquid-dantu-ir-burnos-balzamas-pakuote-300x300.jpeg\" alt=\"\" width=\"300\" height=\"300\" class=\"alignnone size-medium wp-image-10474\" srcset=\"\/wp-content\/uploads\/2024\/09\/ApaCare-liquid-dantu-ir-burnos-balzamas-pakuote-300x300.jpeg 300w, \/wp-content\/uploads\/2024\/09\/ApaCare-liquid-dantu-ir-burnos-balzamas-pakuote-1024x1024.jpeg 1024w, \/wp-content\/uploads\/2024\/09\/ApaCare-liquid-dantu-ir-burnos-balzamas-pakuote-150x150.jpeg 150w, \/wp-content\/uploads\/2024\/09\/ApaCare-liquid-dantu-ir-burnos-balzamas-pakuote-768x768.jpeg 768w, \/wp-content\/uploads\/2024\/09\/ApaCare-liquid-dantu-ir-burnos-balzamas-pakuote-650x650.jpeg 650w, \/wp-content\/uploads\/2024\/09\/ApaCare-liquid-dantu-ir-burnos-balzamas-pakuote-600x600.jpeg 600w, \/wp-content\/uploads\/2024\/09\/ApaCare-liquid-dantu-ir-burnos-balzamas-pakuote-100x100.jpeg 100w, \/wp-content\/uploads\/2024\/09\/ApaCare-liquid-dantu-ir-burnos-balzamas-pakuote-32x32.jpeg 32w, \/wp-content\/uploads\/2024\/09\/ApaCare-liquid-dantu-ir-burnos-balzamas-pakuote.jpeg 1125w\" sizes=\"(max-width: 300px) 100vw, 300px\" \/>ApaCare Liquid tooth and mouth balm<\/p>\n<p>&#8220;ApaCare Liquid contains liquid enamel, which forms a pleasant, protective remineralising film on the teeth that can be felt on the tongue.<\/p>\n<p>It is recommended not only for good daily oral hygiene, but also in case of increased tooth sensitivity.<\/p>\n<p>Does not cause an acidic environment &#8211; ApaCare Liquid is at the pH level of the mouth.<\/p>\n<p>Ethanol, chlorhexidine and SLS free.<\/p>\n<p>Made in Germany.<\/p>\n<p>Use ApaCare Liquid Tooth and Mouth Balm to rinse your mouth vigorously (for about 30 seconds) 2 times a day. Spit out after rinsing. Suitable for adults and children from the age of 3 years or from the age of learning to gargle.<\/p>\n<p>Nominal volume: 200 ml. Best before date: see the back of the package.<\/p>\n<p>Aqua, Glycerin, Propylene Glycol, Arginine, Potassium Nitrate, Hydroxyapatite, Cellulose, Cellulose Gum, Aroma, Acacia Senegal Gum, Lactobacillus Ferment, Hyaluronic Acid, Sodium Fluoride, Cocamidopropyl Betaine, Mentha Spicata Herb Oil, Sodium Saccharin, Benzyl Alcohol, Benzoic Acid, Dehydroacetic Acid<\/p>\n<p>Manufacturer. 11, 72076 T\u00fcbingen, Germany<\/p>\n","protected":false},"excerpt":{"rendered":"<p>ApaCare Liquid tooth and mouth balm &#8220;ApaCare Liquid contains liquid enamel, which forms a pleasant, protective remineralising film on the teeth that can be felt on the tongue. It is recommended not only for good daily oral hygiene, but also in case of increased tooth sensitivity. Does not cause an acidic environment &#8211; ApaCare Liquid [&hellip;]<\/p>\n","protected":false},"featured_media":10475,"template":"","meta":{"inline_featured_image":false},"product_brand":[],"product_cat":[178,190],"product_tag":[],"class_list":{"0":"post-11140","1":"product","2":"type-product","3":"status-publish","4":"has-post-thumbnail","6":"product_cat-mouthwashes","7":"product_cat-no-category","9":"first","10":"outofstock","11":"shipping-taxable","12":"purchasable","13":"product-type-simple"},"yoast_head":"<!-- This site is optimized with the Yoast SEO plugin v27.4 - https:\/\/yoast.com\/product\/yoast-seo-wordpress\/ -->\n<title>Tooth and mouth balm - Dentiste<\/title>\n<meta name=\"robots\" content=\"index, follow, max-snippet:-1, max-image-preview:large, max-video-preview:-1\" \/>\n<link rel=\"canonical\" href=\"https:\/\/dentisteshop.lt\/en\/produktas\/tooth-and-mouth-balm\/\" \/>\n<meta property=\"og:locale\" content=\"en_US\" \/>\n<meta property=\"og:type\" content=\"article\" \/>\n<meta property=\"og:title\" content=\"Tooth and mouth balm - Dentiste\" \/>\n<meta property=\"og:description\" content=\"ApaCare Liquid tooth and mouth balm &#8220;ApaCare Liquid contains liquid enamel, which forms a pleasant, protective remineralising film on the teeth that can be felt on the tongue. It is recommended not only for good daily oral hygiene, but also in case of increased tooth sensitivity. Does not cause an acidic environment &#8211; ApaCare Liquid [&hellip;]\" \/>\n<meta property=\"og:url\" content=\"https:\/\/dentisteshop.lt\/en\/produktas\/tooth-and-mouth-balm\/\" \/>\n<meta property=\"og:site_name\" content=\"Dentiste\" \/>\n<meta property=\"article:publisher\" content=\"https:\/\/www.facebook.com\/DentisteLituanie\" \/>\n<meta property=\"og:image\" content=\"https:\/\/dentisteshop.lt\/wp-content\/uploads\/2024\/09\/ApaCare-liquid-dantu-ir-burnos-balzamas-pakuote.jpeg\" \/>\n\t<meta property=\"og:image:width\" content=\"1125\" \/>\n\t<meta property=\"og:image:height\" content=\"1125\" \/>\n\t<meta property=\"og:image:type\" content=\"image\/jpeg\" \/>\n<meta name=\"twitter:card\" content=\"summary_large_image\" \/>\n<meta name=\"twitter:label1\" content=\"Est. reading time\" \/>\n\t<meta name=\"twitter:data1\" content=\"1 minute\" \/>\n<script type=\"application\/ld+json\" class=\"yoast-schema-graph\">{\"@context\":\"https:\\\/\\\/schema.org\",\"@graph\":[{\"@type\":\"WebPage\",\"@id\":\"https:\\\/\\\/dentisteshop.lt\\\/en\\\/produktas\\\/tooth-and-mouth-balm\\\/\",\"url\":\"https:\\\/\\\/dentisteshop.lt\\\/en\\\/produktas\\\/tooth-and-mouth-balm\\\/\",\"name\":\"Tooth and mouth balm - Dentiste\",\"isPartOf\":{\"@id\":\"https:\\\/\\\/dentisteshop.lt\\\/#website\"},\"primaryImageOfPage\":{\"@id\":\"https:\\\/\\\/dentisteshop.lt\\\/en\\\/produktas\\\/tooth-and-mouth-balm\\\/#primaryimage\"},\"image\":{\"@id\":\"https:\\\/\\\/dentisteshop.lt\\\/en\\\/produktas\\\/tooth-and-mouth-balm\\\/#primaryimage\"},\"thumbnailUrl\":\"\\\/wp-content\\\/uploads\\\/2024\\\/09\\\/ApaCare-liquid-dantu-ir-burnos-balzamas-pakuote.jpeg\",\"datePublished\":\"2024-09-05T09:59:08+00:00\",\"breadcrumb\":{\"@id\":\"https:\\\/\\\/dentisteshop.lt\\\/en\\\/produktas\\\/tooth-and-mouth-balm\\\/#breadcrumb\"},\"inLanguage\":\"en-US\",\"potentialAction\":[{\"@type\":\"ReadAction\",\"target\":[\"https:\\\/\\\/dentisteshop.lt\\\/en\\\/produktas\\\/tooth-and-mouth-balm\\\/\"]}]},{\"@type\":\"ImageObject\",\"inLanguage\":\"en-US\",\"@id\":\"https:\\\/\\\/dentisteshop.lt\\\/en\\\/produktas\\\/tooth-and-mouth-balm\\\/#primaryimage\",\"url\":\"\\\/wp-content\\\/uploads\\\/2024\\\/09\\\/ApaCare-liquid-dantu-ir-burnos-balzamas-pakuote.jpeg\",\"contentUrl\":\"\\\/wp-content\\\/uploads\\\/2024\\\/09\\\/ApaCare-liquid-dantu-ir-burnos-balzamas-pakuote.jpeg\",\"width\":1125,\"height\":1125},{\"@type\":\"BreadcrumbList\",\"@id\":\"https:\\\/\\\/dentisteshop.lt\\\/en\\\/produktas\\\/tooth-and-mouth-balm\\\/#breadcrumb\",\"itemListElement\":[{\"@type\":\"ListItem\",\"position\":1,\"name\":\"Home\",\"item\":\"https:\\\/\\\/dentisteshop.lt\\\/\"},{\"@type\":\"ListItem\",\"position\":2,\"name\":\"Shop\",\"item\":\"https:\\\/\\\/dentisteshop.lt\\\/en\\\/shop\\\/\"},{\"@type\":\"ListItem\",\"position\":3,\"name\":\"Tooth and mouth balm\"}]},{\"@type\":\"WebSite\",\"@id\":\"https:\\\/\\\/dentisteshop.lt\\\/#website\",\"url\":\"https:\\\/\\\/dentisteshop.lt\\\/\",\"name\":\"Dentiste\",\"description\":\"Burnos prie\u017ei\u016bros priemon\u0117s internetu\",\"publisher\":{\"@id\":\"https:\\\/\\\/dentisteshop.lt\\\/#organization\"},\"potentialAction\":[{\"@type\":\"SearchAction\",\"target\":{\"@type\":\"EntryPoint\",\"urlTemplate\":\"https:\\\/\\\/dentisteshop.lt\\\/?s={search_term_string}\"},\"query-input\":{\"@type\":\"PropertyValueSpecification\",\"valueRequired\":true,\"valueName\":\"search_term_string\"}}],\"inLanguage\":\"en-US\"},{\"@type\":\"Organization\",\"@id\":\"https:\\\/\\\/dentisteshop.lt\\\/#organization\",\"name\":\"Dentiste\",\"url\":\"https:\\\/\\\/dentisteshop.lt\\\/\",\"logo\":{\"@type\":\"ImageObject\",\"inLanguage\":\"en-US\",\"@id\":\"https:\\\/\\\/dentisteshop.lt\\\/#\\\/schema\\\/logo\\\/image\\\/\",\"url\":\"https:\\\/\\\/dentisteshop.lt\\\/wp-content\\\/uploads\\\/2022\\\/09\\\/New-Project-2.png\",\"contentUrl\":\"https:\\\/\\\/dentisteshop.lt\\\/wp-content\\\/uploads\\\/2022\\\/09\\\/New-Project-2.png\",\"width\":703,\"height\":134,\"caption\":\"Dentiste\"},\"image\":{\"@id\":\"https:\\\/\\\/dentisteshop.lt\\\/#\\\/schema\\\/logo\\\/image\\\/\"},\"sameAs\":[\"https:\\\/\\\/www.facebook.com\\\/DentisteLituanie\",\"https:\\\/\\\/www.instagram.com\\\/klinika_dentiste\\\/\"]}]}<\/script>\n<!-- \/ Yoast SEO plugin. -->","yoast_head_json":{"title":"Tooth and mouth balm - Dentiste","robots":{"index":"index","follow":"follow","max-snippet":"max-snippet:-1","max-image-preview":"max-image-preview:large","max-video-preview":"max-video-preview:-1"},"canonical":"https:\/\/dentisteshop.lt\/en\/produktas\/tooth-and-mouth-balm\/","og_locale":"en_US","og_type":"article","og_title":"Tooth and mouth balm - Dentiste","og_description":"ApaCare Liquid tooth and mouth balm &#8220;ApaCare Liquid contains liquid enamel, which forms a pleasant, protective remineralising film on the teeth that can be felt on the tongue. It is recommended not only for good daily oral hygiene, but also in case of increased tooth sensitivity. Does not cause an acidic environment &#8211; ApaCare Liquid [&hellip;]","og_url":"https:\/\/dentisteshop.lt\/en\/produktas\/tooth-and-mouth-balm\/","og_site_name":"Dentiste","article_publisher":"https:\/\/www.facebook.com\/DentisteLituanie","og_image":[{"width":1125,"height":1125,"url":"https:\/\/dentisteshop.lt\/wp-content\/uploads\/2024\/09\/ApaCare-liquid-dantu-ir-burnos-balzamas-pakuote.jpeg","type":"image\/jpeg"}],"twitter_card":"summary_large_image","twitter_misc":{"Est. reading time":"1 minute"},"schema":{"@context":"https:\/\/schema.org","@graph":[{"@type":"WebPage","@id":"https:\/\/dentisteshop.lt\/en\/produktas\/tooth-and-mouth-balm\/","url":"https:\/\/dentisteshop.lt\/en\/produktas\/tooth-and-mouth-balm\/","name":"Tooth and mouth balm - Dentiste","isPartOf":{"@id":"https:\/\/dentisteshop.lt\/#website"},"primaryImageOfPage":{"@id":"https:\/\/dentisteshop.lt\/en\/produktas\/tooth-and-mouth-balm\/#primaryimage"},"image":{"@id":"https:\/\/dentisteshop.lt\/en\/produktas\/tooth-and-mouth-balm\/#primaryimage"},"thumbnailUrl":"\/wp-content\/uploads\/2024\/09\/ApaCare-liquid-dantu-ir-burnos-balzamas-pakuote.jpeg","datePublished":"2024-09-05T09:59:08+00:00","breadcrumb":{"@id":"https:\/\/dentisteshop.lt\/en\/produktas\/tooth-and-mouth-balm\/#breadcrumb"},"inLanguage":"en-US","potentialAction":[{"@type":"ReadAction","target":["https:\/\/dentisteshop.lt\/en\/produktas\/tooth-and-mouth-balm\/"]}]},{"@type":"ImageObject","inLanguage":"en-US","@id":"https:\/\/dentisteshop.lt\/en\/produktas\/tooth-and-mouth-balm\/#primaryimage","url":"\/wp-content\/uploads\/2024\/09\/ApaCare-liquid-dantu-ir-burnos-balzamas-pakuote.jpeg","contentUrl":"\/wp-content\/uploads\/2024\/09\/ApaCare-liquid-dantu-ir-burnos-balzamas-pakuote.jpeg","width":1125,"height":1125},{"@type":"BreadcrumbList","@id":"https:\/\/dentisteshop.lt\/en\/produktas\/tooth-and-mouth-balm\/#breadcrumb","itemListElement":[{"@type":"ListItem","position":1,"name":"Home","item":"https:\/\/dentisteshop.lt\/"},{"@type":"ListItem","position":2,"name":"Shop","item":"https:\/\/dentisteshop.lt\/en\/shop\/"},{"@type":"ListItem","position":3,"name":"Tooth and mouth balm"}]},{"@type":"WebSite","@id":"https:\/\/dentisteshop.lt\/#website","url":"https:\/\/dentisteshop.lt\/","name":"Dentiste","description":"Burnos prie\u017ei\u016bros priemon\u0117s internetu","publisher":{"@id":"https:\/\/dentisteshop.lt\/#organization"},"potentialAction":[{"@type":"SearchAction","target":{"@type":"EntryPoint","urlTemplate":"https:\/\/dentisteshop.lt\/?s={search_term_string}"},"query-input":{"@type":"PropertyValueSpecification","valueRequired":true,"valueName":"search_term_string"}}],"inLanguage":"en-US"},{"@type":"Organization","@id":"https:\/\/dentisteshop.lt\/#organization","name":"Dentiste","url":"https:\/\/dentisteshop.lt\/","logo":{"@type":"ImageObject","inLanguage":"en-US","@id":"https:\/\/dentisteshop.lt\/#\/schema\/logo\/image\/","url":"https:\/\/dentisteshop.lt\/wp-content\/uploads\/2022\/09\/New-Project-2.png","contentUrl":"https:\/\/dentisteshop.lt\/wp-content\/uploads\/2022\/09\/New-Project-2.png","width":703,"height":134,"caption":"Dentiste"},"image":{"@id":"https:\/\/dentisteshop.lt\/#\/schema\/logo\/image\/"},"sameAs":["https:\/\/www.facebook.com\/DentisteLituanie","https:\/\/www.instagram.com\/klinika_dentiste\/"]}]}},"_links":{"self":[{"href":"https:\/\/dentisteshop.lt\/en\/wp-json\/wp\/v2\/product\/11140","targetHints":{"allow":["GET"]}}],"collection":[{"href":"https:\/\/dentisteshop.lt\/en\/wp-json\/wp\/v2\/product"}],"about":[{"href":"https:\/\/dentisteshop.lt\/en\/wp-json\/wp\/v2\/types\/product"}],"wp:featuredmedia":[{"embeddable":true,"href":"https:\/\/dentisteshop.lt\/en\/wp-json\/wp\/v2\/media\/10475"}],"wp:attachment":[{"href":"https:\/\/dentisteshop.lt\/en\/wp-json\/wp\/v2\/media?parent=11140"}],"wp:term":[{"taxonomy":"product_brand","embeddable":true,"href":"https:\/\/dentisteshop.lt\/en\/wp-json\/wp\/v2\/product_brand?post=11140"},{"taxonomy":"product_cat","embeddable":true,"href":"https:\/\/dentisteshop.lt\/en\/wp-json\/wp\/v2\/product_cat?post=11140"},{"taxonomy":"product_tag","embeddable":true,"href":"https:\/\/dentisteshop.lt\/en\/wp-json\/wp\/v2\/product_tag?post=11140"}],"curies":[{"name":"wp","href":"https:\/\/api.w.org\/{rel}","templated":true}]}}