{"id":11138,"date":"2024-08-09T10:09:46","date_gmt":"2024-08-09T08:09:46","guid":{"rendered":"https:\/\/dentisteshop.lt\/produktas\/apacare-repair-dental-gel\/"},"modified":"2024-08-09T10:09:46","modified_gmt":"2024-08-09T08:09:46","slug":"apacare-repair-dental-gel","status":"publish","type":"product","link":"https:\/\/dentisteshop.lt\/en\/produktas\/apacare-repair-dental-gel\/","title":{"rendered":"&#8220;Apacare &amp; Repair dental gel"},"content":{"rendered":"<p><strong>ApaCare &amp; Repair<\/strong> Gel is a complementary treatment <strong>for sensitive or decayed teeth<\/strong>. The gel is intended for use by all age groups after brushing their teeth.<\/p>\n<p>&#8220;<strong>ApaCare &amp; Repair<\/strong> is rich <strong>in liquid tooth enamel<\/strong> (medical-grade hydroxylapatite) <strong>and xylitol <\/strong>(a natural sugar substitute), and <strong>is free of fluoride, SLS and parabens<\/strong>.<img fetchpriority=\"high\" decoding=\"async\" class=\"alignnone size-medium wp-image-10440\" src=\"https:\/\/dentisteshop.lt\/wp-content\/uploads\/2024\/08\/ApaCare-Repair-dantu-gelis-pakuot1-300x300.webp\" alt=\"\" width=\"300\" height=\"300\" srcset=\"\/wp-content\/uploads\/2024\/08\/ApaCare-Repair-dantu-gelis-pakuot1-300x300.webp 300w, \/wp-content\/uploads\/2024\/08\/ApaCare-Repair-dantu-gelis-pakuot1-1024x1024.webp 1024w, \/wp-content\/uploads\/2024\/08\/ApaCare-Repair-dantu-gelis-pakuot1-150x150.webp 150w, \/wp-content\/uploads\/2024\/08\/ApaCare-Repair-dantu-gelis-pakuot1-768x768.webp 768w, \/wp-content\/uploads\/2024\/08\/ApaCare-Repair-dantu-gelis-pakuot1-650x650.webp 650w, \/wp-content\/uploads\/2024\/08\/ApaCare-Repair-dantu-gelis-pakuot1-600x600.webp 600w, \/wp-content\/uploads\/2024\/08\/ApaCare-Repair-dantu-gelis-pakuot1-100x100.webp 100w, \/wp-content\/uploads\/2024\/08\/ApaCare-Repair-dantu-gelis-pakuot1-32x32.webp 32w, \/wp-content\/uploads\/2024\/08\/ApaCare-Repair-dantu-gelis-pakuot1.jpg 1125w\" sizes=\"(max-width: 300px) 100vw, 300px\" \/><\/p>\n","protected":false},"excerpt":{"rendered":"<p>ApaCare &amp; Repair Gel is a complementary treatment for sensitive or decayed teeth. The gel is intended for use by all age groups after brushing their teeth. &#8220;ApaCare &amp; Repair is rich in liquid tooth enamel (medical-grade hydroxylapatite) and xylitol (a natural sugar substitute), and is free of fluoride, SLS and parabens.<\/p>\n","protected":false},"featured_media":10441,"template":"","meta":{"inline_featured_image":false},"product_brand":[],"product_cat":[190,189],"product_tag":[],"class_list":{"0":"post-11138","1":"product","2":"type-product","3":"status-publish","4":"has-post-thumbnail","6":"product_cat-no-category","7":"product_cat-probiotics","9":"first","10":"instock","11":"shipping-taxable","12":"purchasable","13":"product-type-simple"},"yoast_head":"<!-- This site is optimized with the Yoast SEO plugin v27.4 - https:\/\/yoast.com\/product\/yoast-seo-wordpress\/ -->\n<title>&quot;Apacare &amp; Repair dental gel - Dentiste<\/title>\n<meta name=\"robots\" content=\"index, follow, max-snippet:-1, max-image-preview:large, max-video-preview:-1\" \/>\n<link rel=\"canonical\" href=\"https:\/\/dentisteshop.lt\/en\/produktas\/apacare-repair-dental-gel\/\" \/>\n<meta property=\"og:locale\" content=\"en_US\" \/>\n<meta property=\"og:type\" content=\"article\" \/>\n<meta property=\"og:title\" content=\"&quot;Apacare &amp; Repair dental gel - Dentiste\" \/>\n<meta property=\"og:description\" content=\"ApaCare &amp; Repair Gel is a complementary treatment for sensitive or decayed teeth. The gel is intended for use by all age groups after brushing their teeth. &#8220;ApaCare &amp; Repair is rich in liquid tooth enamel (medical-grade hydroxylapatite) and xylitol (a natural sugar substitute), and is free of fluoride, SLS and parabens.\" \/>\n<meta property=\"og:url\" content=\"https:\/\/dentisteshop.lt\/en\/produktas\/apacare-repair-dental-gel\/\" \/>\n<meta property=\"og:site_name\" content=\"Dentiste\" \/>\n<meta property=\"article:publisher\" content=\"https:\/\/www.facebook.com\/DentisteLituanie\" \/>\n<meta property=\"og:image\" content=\"https:\/\/dentisteshop.lt\/wp-content\/uploads\/2024\/08\/ApaCare-Repair-dantu-gelis-pakuot1.jpg\" \/>\n\t<meta property=\"og:image:width\" content=\"1125\" \/>\n\t<meta property=\"og:image:height\" content=\"1125\" \/>\n\t<meta property=\"og:image:type\" content=\"image\/jpeg\" \/>\n<meta name=\"twitter:card\" content=\"summary_large_image\" \/>\n<script type=\"application\/ld+json\" class=\"yoast-schema-graph\">{\"@context\":\"https:\\\/\\\/schema.org\",\"@graph\":[{\"@type\":\"WebPage\",\"@id\":\"https:\\\/\\\/dentisteshop.lt\\\/en\\\/produktas\\\/apacare-repair-dental-gel\\\/\",\"url\":\"https:\\\/\\\/dentisteshop.lt\\\/en\\\/produktas\\\/apacare-repair-dental-gel\\\/\",\"name\":\"\\\"Apacare &amp; Repair dental gel - Dentiste\",\"isPartOf\":{\"@id\":\"https:\\\/\\\/dentisteshop.lt\\\/#website\"},\"primaryImageOfPage\":{\"@id\":\"https:\\\/\\\/dentisteshop.lt\\\/en\\\/produktas\\\/apacare-repair-dental-gel\\\/#primaryimage\"},\"image\":{\"@id\":\"https:\\\/\\\/dentisteshop.lt\\\/en\\\/produktas\\\/apacare-repair-dental-gel\\\/#primaryimage\"},\"thumbnailUrl\":\"\\\/wp-content\\\/uploads\\\/2024\\\/08\\\/ApaCare-Repair-dantu-gelis-pakuot1.jpg\",\"datePublished\":\"2024-08-09T08:09:46+00:00\",\"breadcrumb\":{\"@id\":\"https:\\\/\\\/dentisteshop.lt\\\/en\\\/produktas\\\/apacare-repair-dental-gel\\\/#breadcrumb\"},\"inLanguage\":\"en-US\",\"potentialAction\":[{\"@type\":\"ReadAction\",\"target\":[\"https:\\\/\\\/dentisteshop.lt\\\/en\\\/produktas\\\/apacare-repair-dental-gel\\\/\"]}]},{\"@type\":\"ImageObject\",\"inLanguage\":\"en-US\",\"@id\":\"https:\\\/\\\/dentisteshop.lt\\\/en\\\/produktas\\\/apacare-repair-dental-gel\\\/#primaryimage\",\"url\":\"\\\/wp-content\\\/uploads\\\/2024\\\/08\\\/ApaCare-Repair-dantu-gelis-pakuot1.jpg\",\"contentUrl\":\"\\\/wp-content\\\/uploads\\\/2024\\\/08\\\/ApaCare-Repair-dantu-gelis-pakuot1.jpg\",\"width\":1125,\"height\":1125},{\"@type\":\"BreadcrumbList\",\"@id\":\"https:\\\/\\\/dentisteshop.lt\\\/en\\\/produktas\\\/apacare-repair-dental-gel\\\/#breadcrumb\",\"itemListElement\":[{\"@type\":\"ListItem\",\"position\":1,\"name\":\"Home\",\"item\":\"https:\\\/\\\/dentisteshop.lt\\\/\"},{\"@type\":\"ListItem\",\"position\":2,\"name\":\"Shop\",\"item\":\"https:\\\/\\\/dentisteshop.lt\\\/en\\\/shop\\\/\"},{\"@type\":\"ListItem\",\"position\":3,\"name\":\"&#8222;Apacare &amp; Repair dental gel\"}]},{\"@type\":\"WebSite\",\"@id\":\"https:\\\/\\\/dentisteshop.lt\\\/#website\",\"url\":\"https:\\\/\\\/dentisteshop.lt\\\/\",\"name\":\"Dentiste\",\"description\":\"Burnos prie\u017ei\u016bros priemon\u0117s internetu\",\"publisher\":{\"@id\":\"https:\\\/\\\/dentisteshop.lt\\\/#organization\"},\"potentialAction\":[{\"@type\":\"SearchAction\",\"target\":{\"@type\":\"EntryPoint\",\"urlTemplate\":\"https:\\\/\\\/dentisteshop.lt\\\/?s={search_term_string}\"},\"query-input\":{\"@type\":\"PropertyValueSpecification\",\"valueRequired\":true,\"valueName\":\"search_term_string\"}}],\"inLanguage\":\"en-US\"},{\"@type\":\"Organization\",\"@id\":\"https:\\\/\\\/dentisteshop.lt\\\/#organization\",\"name\":\"Dentiste\",\"url\":\"https:\\\/\\\/dentisteshop.lt\\\/\",\"logo\":{\"@type\":\"ImageObject\",\"inLanguage\":\"en-US\",\"@id\":\"https:\\\/\\\/dentisteshop.lt\\\/#\\\/schema\\\/logo\\\/image\\\/\",\"url\":\"https:\\\/\\\/dentisteshop.lt\\\/wp-content\\\/uploads\\\/2022\\\/09\\\/New-Project-2.png\",\"contentUrl\":\"https:\\\/\\\/dentisteshop.lt\\\/wp-content\\\/uploads\\\/2022\\\/09\\\/New-Project-2.png\",\"width\":703,\"height\":134,\"caption\":\"Dentiste\"},\"image\":{\"@id\":\"https:\\\/\\\/dentisteshop.lt\\\/#\\\/schema\\\/logo\\\/image\\\/\"},\"sameAs\":[\"https:\\\/\\\/www.facebook.com\\\/DentisteLituanie\",\"https:\\\/\\\/www.instagram.com\\\/klinika_dentiste\\\/\"]}]}<\/script>\n<!-- \/ Yoast SEO plugin. -->","yoast_head_json":{"title":"\"Apacare &amp; Repair dental gel - Dentiste","robots":{"index":"index","follow":"follow","max-snippet":"max-snippet:-1","max-image-preview":"max-image-preview:large","max-video-preview":"max-video-preview:-1"},"canonical":"https:\/\/dentisteshop.lt\/en\/produktas\/apacare-repair-dental-gel\/","og_locale":"en_US","og_type":"article","og_title":"\"Apacare &amp; Repair dental gel - Dentiste","og_description":"ApaCare &amp; Repair Gel is a complementary treatment for sensitive or decayed teeth. The gel is intended for use by all age groups after brushing their teeth. &#8220;ApaCare &amp; Repair is rich in liquid tooth enamel (medical-grade hydroxylapatite) and xylitol (a natural sugar substitute), and is free of fluoride, SLS and parabens.","og_url":"https:\/\/dentisteshop.lt\/en\/produktas\/apacare-repair-dental-gel\/","og_site_name":"Dentiste","article_publisher":"https:\/\/www.facebook.com\/DentisteLituanie","og_image":[{"width":1125,"height":1125,"url":"https:\/\/dentisteshop.lt\/wp-content\/uploads\/2024\/08\/ApaCare-Repair-dantu-gelis-pakuot1.jpg","type":"image\/jpeg"}],"twitter_card":"summary_large_image","schema":{"@context":"https:\/\/schema.org","@graph":[{"@type":"WebPage","@id":"https:\/\/dentisteshop.lt\/en\/produktas\/apacare-repair-dental-gel\/","url":"https:\/\/dentisteshop.lt\/en\/produktas\/apacare-repair-dental-gel\/","name":"\"Apacare &amp; Repair dental gel - Dentiste","isPartOf":{"@id":"https:\/\/dentisteshop.lt\/#website"},"primaryImageOfPage":{"@id":"https:\/\/dentisteshop.lt\/en\/produktas\/apacare-repair-dental-gel\/#primaryimage"},"image":{"@id":"https:\/\/dentisteshop.lt\/en\/produktas\/apacare-repair-dental-gel\/#primaryimage"},"thumbnailUrl":"\/wp-content\/uploads\/2024\/08\/ApaCare-Repair-dantu-gelis-pakuot1.jpg","datePublished":"2024-08-09T08:09:46+00:00","breadcrumb":{"@id":"https:\/\/dentisteshop.lt\/en\/produktas\/apacare-repair-dental-gel\/#breadcrumb"},"inLanguage":"en-US","potentialAction":[{"@type":"ReadAction","target":["https:\/\/dentisteshop.lt\/en\/produktas\/apacare-repair-dental-gel\/"]}]},{"@type":"ImageObject","inLanguage":"en-US","@id":"https:\/\/dentisteshop.lt\/en\/produktas\/apacare-repair-dental-gel\/#primaryimage","url":"\/wp-content\/uploads\/2024\/08\/ApaCare-Repair-dantu-gelis-pakuot1.jpg","contentUrl":"\/wp-content\/uploads\/2024\/08\/ApaCare-Repair-dantu-gelis-pakuot1.jpg","width":1125,"height":1125},{"@type":"BreadcrumbList","@id":"https:\/\/dentisteshop.lt\/en\/produktas\/apacare-repair-dental-gel\/#breadcrumb","itemListElement":[{"@type":"ListItem","position":1,"name":"Home","item":"https:\/\/dentisteshop.lt\/"},{"@type":"ListItem","position":2,"name":"Shop","item":"https:\/\/dentisteshop.lt\/en\/shop\/"},{"@type":"ListItem","position":3,"name":"&#8222;Apacare &amp; Repair dental gel"}]},{"@type":"WebSite","@id":"https:\/\/dentisteshop.lt\/#website","url":"https:\/\/dentisteshop.lt\/","name":"Dentiste","description":"Burnos prie\u017ei\u016bros priemon\u0117s internetu","publisher":{"@id":"https:\/\/dentisteshop.lt\/#organization"},"potentialAction":[{"@type":"SearchAction","target":{"@type":"EntryPoint","urlTemplate":"https:\/\/dentisteshop.lt\/?s={search_term_string}"},"query-input":{"@type":"PropertyValueSpecification","valueRequired":true,"valueName":"search_term_string"}}],"inLanguage":"en-US"},{"@type":"Organization","@id":"https:\/\/dentisteshop.lt\/#organization","name":"Dentiste","url":"https:\/\/dentisteshop.lt\/","logo":{"@type":"ImageObject","inLanguage":"en-US","@id":"https:\/\/dentisteshop.lt\/#\/schema\/logo\/image\/","url":"https:\/\/dentisteshop.lt\/wp-content\/uploads\/2022\/09\/New-Project-2.png","contentUrl":"https:\/\/dentisteshop.lt\/wp-content\/uploads\/2022\/09\/New-Project-2.png","width":703,"height":134,"caption":"Dentiste"},"image":{"@id":"https:\/\/dentisteshop.lt\/#\/schema\/logo\/image\/"},"sameAs":["https:\/\/www.facebook.com\/DentisteLituanie","https:\/\/www.instagram.com\/klinika_dentiste\/"]}]}},"_links":{"self":[{"href":"https:\/\/dentisteshop.lt\/en\/wp-json\/wp\/v2\/product\/11138","targetHints":{"allow":["GET"]}}],"collection":[{"href":"https:\/\/dentisteshop.lt\/en\/wp-json\/wp\/v2\/product"}],"about":[{"href":"https:\/\/dentisteshop.lt\/en\/wp-json\/wp\/v2\/types\/product"}],"wp:featuredmedia":[{"embeddable":true,"href":"https:\/\/dentisteshop.lt\/en\/wp-json\/wp\/v2\/media\/10441"}],"wp:attachment":[{"href":"https:\/\/dentisteshop.lt\/en\/wp-json\/wp\/v2\/media?parent=11138"}],"wp:term":[{"taxonomy":"product_brand","embeddable":true,"href":"https:\/\/dentisteshop.lt\/en\/wp-json\/wp\/v2\/product_brand?post=11138"},{"taxonomy":"product_cat","embeddable":true,"href":"https:\/\/dentisteshop.lt\/en\/wp-json\/wp\/v2\/product_cat?post=11138"},{"taxonomy":"product_tag","embeddable":true,"href":"https:\/\/dentisteshop.lt\/en\/wp-json\/wp\/v2\/product_tag?post=11138"}],"curies":[{"name":"wp","href":"https:\/\/api.w.org\/{rel}","templated":true}]}}