{"id":11135,"date":"2024-02-07T13:40:35","date_gmt":"2024-02-07T11:40:35","guid":{"rendered":"https:\/\/dentisteshop.lt\/produktas\/toothbrush-tello-for-braces-soft\/"},"modified":"2024-02-07T13:40:35","modified_gmt":"2024-02-07T11:40:35","slug":"toothbrush-tello-for-braces-soft","status":"publish","type":"product","link":"https:\/\/dentisteshop.lt\/en\/produktas\/toothbrush-tello-for-braces-soft\/","title":{"rendered":"Toothbrush TELLO for braces, soft"},"content":{"rendered":"<p><img fetchpriority=\"high\" decoding=\"async\" class=\"alignnone size-medium wp-image-10279\" src=\"https:\/\/dentisteshop.lt\/wp-content\/uploads\/2024\/02\/Ortho-Rozinis-600x600-1-300x300.webp\" alt=\"\" width=\"300\" height=\"300\" srcset=\"\/wp-content\/uploads\/2024\/02\/Ortho-Rozinis-600x600-1-300x300.webp 300w, \/wp-content\/uploads\/2024\/02\/Ortho-Rozinis-600x600-1-150x150.webp 150w, \/wp-content\/uploads\/2024\/02\/Ortho-Rozinis-600x600-1-100x100.webp 100w, \/wp-content\/uploads\/2024\/02\/Ortho-Rozinis-600x600-1-32x32.webp 32w, \/wp-content\/uploads\/2024\/02\/Ortho-Rozinis-600x600-1-jpg.webp 600w\" sizes=\"(max-width: 300px) 100vw, 300px\" \/>TELLO Ultra Soft &#8220;ORTHO&#8221; is a soft, orthodontic toothbrush.<br \/>\nDesigned for people wearing braces.<br \/>\nSoft toothbrushes with 4920 pieces. rounded bristles on one head. Daily use results in thoroughly cleaned teeth and gum line, which is especially important for proper care to prevent gum disease<\/p>\n<p><strong><img decoding=\"async\" class=\"alignnone size-medium wp-image-10277\" src=\"https:\/\/dentisteshop.lt\/wp-content\/uploads\/2024\/02\/breketu-sep-300x300.webp\" alt=\"\" width=\"300\" height=\"300\" srcset=\"\/wp-content\/uploads\/2024\/02\/breketu-sep-300x300.webp 300w, \/wp-content\/uploads\/2024\/02\/breketu-sep-150x150.webp 150w, \/wp-content\/uploads\/2024\/02\/breketu-sep-100x100.webp 100w, \/wp-content\/uploads\/2024\/02\/breketu-sep-32x32.webp 32w, \/wp-content\/uploads\/2024\/02\/breketu-sep-jpg.webp 600w\" sizes=\"(max-width: 300px) 100vw, 300px\" \/>&#8211;<\/strong><strong>Smart and durable<\/strong><br \/>\nThe innovative Nollex smart bristle technology, patented exclusively for Tello brushes, is a manufacturing technology that gives your toothbrush exceptional softness, quality and durability. These bristles do not need to be wetted with water before use, the saliva flow is sufficient to expand the bristles.<br \/>\nTraditional toothbrush bristles start to lose their structure after the first cleaning due to water absorption. Thanks to Nollex technology, the bristles maintain their number and structure from the first to the last cleaning &#8211; once the teeth are cleaned, the bristles return to their original position.<\/p>\n","protected":false},"excerpt":{"rendered":"<p>TELLO Ultra Soft &#8220;ORTHO&#8221; is a soft, orthodontic toothbrush. Designed for people wearing braces. Soft toothbrushes with 4920 pieces. rounded bristles on one head. Daily use results in thoroughly cleaned teeth and gum line, which is especially important for proper care to prevent gum disease &#8211;Smart and durable The innovative Nollex smart bristle technology, patented [&hellip;]<\/p>\n","protected":false},"featured_media":10278,"template":"","meta":{"inline_featured_image":false},"product_brand":[],"product_cat":[175],"product_tag":[],"class_list":{"0":"post-11135","1":"product","2":"type-product","3":"status-publish","4":"has-post-thumbnail","6":"product_cat-toothbrushes","8":"first","9":"outofstock","10":"shipping-taxable","11":"purchasable","12":"product-type-simple"},"yoast_head":"<!-- This site is optimized with the Yoast SEO plugin v27.3 - https:\/\/yoast.com\/product\/yoast-seo-wordpress\/ -->\n<title>Toothbrush TELLO for braces, soft - Dentiste<\/title>\n<meta name=\"robots\" content=\"index, follow, max-snippet:-1, max-image-preview:large, max-video-preview:-1\" \/>\n<link rel=\"canonical\" href=\"https:\/\/dentisteshop.lt\/en\/produktas\/toothbrush-tello-for-braces-soft\/\" \/>\n<meta property=\"og:locale\" content=\"en_US\" \/>\n<meta property=\"og:type\" content=\"article\" \/>\n<meta property=\"og:title\" content=\"Toothbrush TELLO for braces, soft - Dentiste\" \/>\n<meta property=\"og:description\" content=\"TELLO Ultra Soft &#8220;ORTHO&#8221; is a soft, orthodontic toothbrush. Designed for people wearing braces. Soft toothbrushes with 4920 pieces. rounded bristles on one head. Daily use results in thoroughly cleaned teeth and gum line, which is especially important for proper care to prevent gum disease &#8211;Smart and durable The innovative Nollex smart bristle technology, patented [&hellip;]\" \/>\n<meta property=\"og:url\" content=\"https:\/\/dentisteshop.lt\/en\/produktas\/toothbrush-tello-for-braces-soft\/\" \/>\n<meta property=\"og:site_name\" content=\"Dentiste\" \/>\n<meta property=\"article:publisher\" content=\"https:\/\/www.facebook.com\/DentisteLituanie\" \/>\n<meta property=\"og:image\" content=\"https:\/\/dentisteshop.lt\/wp-content\/uploads\/2024\/02\/breketu-sep-jpg.webp\" \/>\n\t<meta property=\"og:image:width\" content=\"600\" \/>\n\t<meta property=\"og:image:height\" content=\"600\" \/>\n\t<meta property=\"og:image:type\" content=\"image\/jpeg\" \/>\n<meta name=\"twitter:card\" content=\"summary_large_image\" \/>\n<meta name=\"twitter:label1\" content=\"Est. reading time\" \/>\n\t<meta name=\"twitter:data1\" content=\"1 minute\" \/>\n<script type=\"application\/ld+json\" class=\"yoast-schema-graph\">{\"@context\":\"https:\\\/\\\/schema.org\",\"@graph\":[{\"@type\":\"WebPage\",\"@id\":\"https:\\\/\\\/dentisteshop.lt\\\/en\\\/produktas\\\/toothbrush-tello-for-braces-soft\\\/\",\"url\":\"https:\\\/\\\/dentisteshop.lt\\\/en\\\/produktas\\\/toothbrush-tello-for-braces-soft\\\/\",\"name\":\"Toothbrush TELLO for braces, soft - Dentiste\",\"isPartOf\":{\"@id\":\"https:\\\/\\\/dentisteshop.lt\\\/#website\"},\"primaryImageOfPage\":{\"@id\":\"https:\\\/\\\/dentisteshop.lt\\\/en\\\/produktas\\\/toothbrush-tello-for-braces-soft\\\/#primaryimage\"},\"image\":{\"@id\":\"https:\\\/\\\/dentisteshop.lt\\\/en\\\/produktas\\\/toothbrush-tello-for-braces-soft\\\/#primaryimage\"},\"thumbnailUrl\":\"\\\/wp-content\\\/uploads\\\/2024\\\/02\\\/breketu-sep-jpg.webp\",\"datePublished\":\"2024-02-07T11:40:35+00:00\",\"breadcrumb\":{\"@id\":\"https:\\\/\\\/dentisteshop.lt\\\/en\\\/produktas\\\/toothbrush-tello-for-braces-soft\\\/#breadcrumb\"},\"inLanguage\":\"en-US\",\"potentialAction\":[{\"@type\":\"ReadAction\",\"target\":[\"https:\\\/\\\/dentisteshop.lt\\\/en\\\/produktas\\\/toothbrush-tello-for-braces-soft\\\/\"]}]},{\"@type\":\"ImageObject\",\"inLanguage\":\"en-US\",\"@id\":\"https:\\\/\\\/dentisteshop.lt\\\/en\\\/produktas\\\/toothbrush-tello-for-braces-soft\\\/#primaryimage\",\"url\":\"\\\/wp-content\\\/uploads\\\/2024\\\/02\\\/breketu-sep-jpg.webp\",\"contentUrl\":\"\\\/wp-content\\\/uploads\\\/2024\\\/02\\\/breketu-sep-jpg.webp\",\"width\":600,\"height\":600},{\"@type\":\"BreadcrumbList\",\"@id\":\"https:\\\/\\\/dentisteshop.lt\\\/en\\\/produktas\\\/toothbrush-tello-for-braces-soft\\\/#breadcrumb\",\"itemListElement\":[{\"@type\":\"ListItem\",\"position\":1,\"name\":\"Home\",\"item\":\"https:\\\/\\\/dentisteshop.lt\\\/\"},{\"@type\":\"ListItem\",\"position\":2,\"name\":\"Shop\",\"item\":\"https:\\\/\\\/dentisteshop.lt\\\/en\\\/shop\\\/\"},{\"@type\":\"ListItem\",\"position\":3,\"name\":\"Toothbrush TELLO for braces, soft\"}]},{\"@type\":\"WebSite\",\"@id\":\"https:\\\/\\\/dentisteshop.lt\\\/#website\",\"url\":\"https:\\\/\\\/dentisteshop.lt\\\/\",\"name\":\"Dentiste\",\"description\":\"Burnos prie\u017ei\u016bros priemon\u0117s internetu\",\"publisher\":{\"@id\":\"https:\\\/\\\/dentisteshop.lt\\\/#organization\"},\"potentialAction\":[{\"@type\":\"SearchAction\",\"target\":{\"@type\":\"EntryPoint\",\"urlTemplate\":\"https:\\\/\\\/dentisteshop.lt\\\/?s={search_term_string}\"},\"query-input\":{\"@type\":\"PropertyValueSpecification\",\"valueRequired\":true,\"valueName\":\"search_term_string\"}}],\"inLanguage\":\"en-US\"},{\"@type\":\"Organization\",\"@id\":\"https:\\\/\\\/dentisteshop.lt\\\/#organization\",\"name\":\"Dentiste\",\"url\":\"https:\\\/\\\/dentisteshop.lt\\\/\",\"logo\":{\"@type\":\"ImageObject\",\"inLanguage\":\"en-US\",\"@id\":\"https:\\\/\\\/dentisteshop.lt\\\/#\\\/schema\\\/logo\\\/image\\\/\",\"url\":\"https:\\\/\\\/dentisteshop.lt\\\/wp-content\\\/uploads\\\/2022\\\/09\\\/New-Project-2.png\",\"contentUrl\":\"https:\\\/\\\/dentisteshop.lt\\\/wp-content\\\/uploads\\\/2022\\\/09\\\/New-Project-2.png\",\"width\":703,\"height\":134,\"caption\":\"Dentiste\"},\"image\":{\"@id\":\"https:\\\/\\\/dentisteshop.lt\\\/#\\\/schema\\\/logo\\\/image\\\/\"},\"sameAs\":[\"https:\\\/\\\/www.facebook.com\\\/DentisteLituanie\",\"https:\\\/\\\/www.instagram.com\\\/klinika_dentiste\\\/\"]}]}<\/script>\n<!-- \/ Yoast SEO plugin. -->","yoast_head_json":{"title":"Toothbrush TELLO for braces, soft - Dentiste","robots":{"index":"index","follow":"follow","max-snippet":"max-snippet:-1","max-image-preview":"max-image-preview:large","max-video-preview":"max-video-preview:-1"},"canonical":"https:\/\/dentisteshop.lt\/en\/produktas\/toothbrush-tello-for-braces-soft\/","og_locale":"en_US","og_type":"article","og_title":"Toothbrush TELLO for braces, soft - Dentiste","og_description":"TELLO Ultra Soft &#8220;ORTHO&#8221; is a soft, orthodontic toothbrush. Designed for people wearing braces. Soft toothbrushes with 4920 pieces. rounded bristles on one head. Daily use results in thoroughly cleaned teeth and gum line, which is especially important for proper care to prevent gum disease &#8211;Smart and durable The innovative Nollex smart bristle technology, patented [&hellip;]","og_url":"https:\/\/dentisteshop.lt\/en\/produktas\/toothbrush-tello-for-braces-soft\/","og_site_name":"Dentiste","article_publisher":"https:\/\/www.facebook.com\/DentisteLituanie","og_image":[{"width":600,"height":600,"url":"https:\/\/dentisteshop.lt\/wp-content\/uploads\/2024\/02\/breketu-sep-jpg.webp","type":"image\/jpeg"}],"twitter_card":"summary_large_image","twitter_misc":{"Est. reading time":"1 minute"},"schema":{"@context":"https:\/\/schema.org","@graph":[{"@type":"WebPage","@id":"https:\/\/dentisteshop.lt\/en\/produktas\/toothbrush-tello-for-braces-soft\/","url":"https:\/\/dentisteshop.lt\/en\/produktas\/toothbrush-tello-for-braces-soft\/","name":"Toothbrush TELLO for braces, soft - Dentiste","isPartOf":{"@id":"https:\/\/dentisteshop.lt\/#website"},"primaryImageOfPage":{"@id":"https:\/\/dentisteshop.lt\/en\/produktas\/toothbrush-tello-for-braces-soft\/#primaryimage"},"image":{"@id":"https:\/\/dentisteshop.lt\/en\/produktas\/toothbrush-tello-for-braces-soft\/#primaryimage"},"thumbnailUrl":"\/wp-content\/uploads\/2024\/02\/breketu-sep-jpg.webp","datePublished":"2024-02-07T11:40:35+00:00","breadcrumb":{"@id":"https:\/\/dentisteshop.lt\/en\/produktas\/toothbrush-tello-for-braces-soft\/#breadcrumb"},"inLanguage":"en-US","potentialAction":[{"@type":"ReadAction","target":["https:\/\/dentisteshop.lt\/en\/produktas\/toothbrush-tello-for-braces-soft\/"]}]},{"@type":"ImageObject","inLanguage":"en-US","@id":"https:\/\/dentisteshop.lt\/en\/produktas\/toothbrush-tello-for-braces-soft\/#primaryimage","url":"\/wp-content\/uploads\/2024\/02\/breketu-sep-jpg.webp","contentUrl":"\/wp-content\/uploads\/2024\/02\/breketu-sep-jpg.webp","width":600,"height":600},{"@type":"BreadcrumbList","@id":"https:\/\/dentisteshop.lt\/en\/produktas\/toothbrush-tello-for-braces-soft\/#breadcrumb","itemListElement":[{"@type":"ListItem","position":1,"name":"Home","item":"https:\/\/dentisteshop.lt\/"},{"@type":"ListItem","position":2,"name":"Shop","item":"https:\/\/dentisteshop.lt\/en\/shop\/"},{"@type":"ListItem","position":3,"name":"Toothbrush TELLO for braces, soft"}]},{"@type":"WebSite","@id":"https:\/\/dentisteshop.lt\/#website","url":"https:\/\/dentisteshop.lt\/","name":"Dentiste","description":"Burnos prie\u017ei\u016bros priemon\u0117s internetu","publisher":{"@id":"https:\/\/dentisteshop.lt\/#organization"},"potentialAction":[{"@type":"SearchAction","target":{"@type":"EntryPoint","urlTemplate":"https:\/\/dentisteshop.lt\/?s={search_term_string}"},"query-input":{"@type":"PropertyValueSpecification","valueRequired":true,"valueName":"search_term_string"}}],"inLanguage":"en-US"},{"@type":"Organization","@id":"https:\/\/dentisteshop.lt\/#organization","name":"Dentiste","url":"https:\/\/dentisteshop.lt\/","logo":{"@type":"ImageObject","inLanguage":"en-US","@id":"https:\/\/dentisteshop.lt\/#\/schema\/logo\/image\/","url":"https:\/\/dentisteshop.lt\/wp-content\/uploads\/2022\/09\/New-Project-2.png","contentUrl":"https:\/\/dentisteshop.lt\/wp-content\/uploads\/2022\/09\/New-Project-2.png","width":703,"height":134,"caption":"Dentiste"},"image":{"@id":"https:\/\/dentisteshop.lt\/#\/schema\/logo\/image\/"},"sameAs":["https:\/\/www.facebook.com\/DentisteLituanie","https:\/\/www.instagram.com\/klinika_dentiste\/"]}]}},"_links":{"self":[{"href":"https:\/\/dentisteshop.lt\/en\/wp-json\/wp\/v2\/product\/11135","targetHints":{"allow":["GET"]}}],"collection":[{"href":"https:\/\/dentisteshop.lt\/en\/wp-json\/wp\/v2\/product"}],"about":[{"href":"https:\/\/dentisteshop.lt\/en\/wp-json\/wp\/v2\/types\/product"}],"wp:featuredmedia":[{"embeddable":true,"href":"https:\/\/dentisteshop.lt\/en\/wp-json\/wp\/v2\/media\/10278"}],"wp:attachment":[{"href":"https:\/\/dentisteshop.lt\/en\/wp-json\/wp\/v2\/media?parent=11135"}],"wp:term":[{"taxonomy":"product_brand","embeddable":true,"href":"https:\/\/dentisteshop.lt\/en\/wp-json\/wp\/v2\/product_brand?post=11135"},{"taxonomy":"product_cat","embeddable":true,"href":"https:\/\/dentisteshop.lt\/en\/wp-json\/wp\/v2\/product_cat?post=11135"},{"taxonomy":"product_tag","embeddable":true,"href":"https:\/\/dentisteshop.lt\/en\/wp-json\/wp\/v2\/product_tag?post=11135"}],"curies":[{"name":"wp","href":"https:\/\/api.w.org\/{rel}","templated":true}]}}