{"id":11128,"date":"2023-04-04T11:11:59","date_gmt":"2023-04-04T09:11:59","guid":{"rendered":"https:\/\/dentisteshop.lt\/produktas\/miradent-xylitol-chewing-gum-mint-flavour\/"},"modified":"2023-04-04T11:11:59","modified_gmt":"2023-04-04T09:11:59","slug":"miradent-xylitol-chewing-gum-mint-flavour","status":"publish","type":"product","link":"https:\/\/dentisteshop.lt\/en\/produktas\/miradent-xylitol-chewing-gum-mint-flavour\/","title":{"rendered":"Miradent Xylitol chewing gum, mint flavour"},"content":{"rendered":"<p>Sugar-free chewing gum with xylitol.<br \/>\nBenefits:<br \/>\n&#8211; 100% sweetened with xylitol<br \/>\n&#8211; free of aspartame and sorbitol<br \/>\n&#8211; reduces the risk of tooth decay in children *<br \/>\n&#8211; contributes to tooth mineralisation **<br \/>\n&#8211; reduces plaque *<br \/>\n* 100% xylitol-sweetened gum has been shown to reduce plaque. Plaque build-up is a risk factor for the development of tooth decay in children. A positive effect is achieved if 2 to 3 g of chewing gum 100% sweetened with xylitol are consumed at least 3 times a day after meals.<br \/>\n** The beneficial effects occur when chewing xylitol chewing gum for at least 20 minutes after eating or drinking. (Eating foods containing xylitol rather than sugar supports tooth mineralisation.)<br \/>\nNote: Chewing gum with sweetener. Excessive consumption can have a laxative effect!<br \/>\nRecommended daily intake: 7-10 pieces for adults<\/p>\n<p><strong>FEATURES:<\/strong><br \/>\nFlavour: mint<br \/>\nQuantity per pack: 30 pcs<br \/>\nManufacturer: Hager&amp;Werken<\/p>\n","protected":false},"excerpt":{"rendered":"<p>Sugar-free chewing gum with xylitol. Benefits: &#8211; 100% sweetened with xylitol &#8211; free of aspartame and sorbitol &#8211; reduces the risk of tooth decay in children * &#8211; contributes to tooth mineralisation ** &#8211; reduces plaque * * 100% xylitol-sweetened gum has been shown to reduce plaque. Plaque build-up is a risk factor for the [&hellip;]<\/p>\n","protected":false},"featured_media":9552,"template":"","meta":{"inline_featured_image":false},"product_brand":[],"product_cat":[189],"product_tag":[],"class_list":{"0":"post-11128","1":"product","2":"type-product","3":"status-publish","4":"has-post-thumbnail","6":"product_cat-probiotics","8":"first","9":"outofstock","10":"shipping-taxable","11":"purchasable","12":"product-type-simple"},"yoast_head":"<!-- This site is optimized with the Yoast SEO plugin v27.4 - https:\/\/yoast.com\/product\/yoast-seo-wordpress\/ -->\n<title>Miradent Xylitol chewing gum, mint flavour - Dentiste<\/title>\n<meta name=\"robots\" content=\"index, follow, max-snippet:-1, max-image-preview:large, max-video-preview:-1\" \/>\n<link rel=\"canonical\" href=\"https:\/\/dentisteshop.lt\/en\/produktas\/miradent-xylitol-chewing-gum-mint-flavour\/\" \/>\n<meta property=\"og:locale\" content=\"en_US\" \/>\n<meta property=\"og:type\" content=\"article\" \/>\n<meta property=\"og:title\" content=\"Miradent Xylitol chewing gum, mint flavour - Dentiste\" \/>\n<meta property=\"og:description\" content=\"Sugar-free chewing gum with xylitol. Benefits: &#8211; 100% sweetened with xylitol &#8211; free of aspartame and sorbitol &#8211; reduces the risk of tooth decay in children * &#8211; contributes to tooth mineralisation ** &#8211; reduces plaque * * 100% xylitol-sweetened gum has been shown to reduce plaque. Plaque build-up is a risk factor for the [&hellip;]\" \/>\n<meta property=\"og:url\" content=\"https:\/\/dentisteshop.lt\/en\/produktas\/miradent-xylitol-chewing-gum-mint-flavour\/\" \/>\n<meta property=\"og:site_name\" content=\"Dentiste\" \/>\n<meta property=\"article:publisher\" content=\"https:\/\/www.facebook.com\/DentisteLituanie\" \/>\n<meta property=\"og:image\" content=\"https:\/\/dentisteshop.lt\/wp-content\/uploads\/2023\/04\/Miradent-Xylitol-kramtomoji-guma-HAGERWERKEN-metu-skonio-1-vnt-600x600-1-jpg.webp\" \/>\n\t<meta property=\"og:image:width\" content=\"600\" \/>\n\t<meta property=\"og:image:height\" content=\"600\" \/>\n\t<meta property=\"og:image:type\" content=\"image\/jpeg\" \/>\n<meta name=\"twitter:card\" content=\"summary_large_image\" \/>\n<meta name=\"twitter:label1\" content=\"Est. reading time\" \/>\n\t<meta name=\"twitter:data1\" content=\"1 minute\" \/>\n<script type=\"application\/ld+json\" class=\"yoast-schema-graph\">{\"@context\":\"https:\\\/\\\/schema.org\",\"@graph\":[{\"@type\":\"WebPage\",\"@id\":\"https:\\\/\\\/dentisteshop.lt\\\/en\\\/produktas\\\/miradent-xylitol-chewing-gum-mint-flavour\\\/\",\"url\":\"https:\\\/\\\/dentisteshop.lt\\\/en\\\/produktas\\\/miradent-xylitol-chewing-gum-mint-flavour\\\/\",\"name\":\"Miradent Xylitol chewing gum, mint flavour - Dentiste\",\"isPartOf\":{\"@id\":\"https:\\\/\\\/dentisteshop.lt\\\/#website\"},\"primaryImageOfPage\":{\"@id\":\"https:\\\/\\\/dentisteshop.lt\\\/en\\\/produktas\\\/miradent-xylitol-chewing-gum-mint-flavour\\\/#primaryimage\"},\"image\":{\"@id\":\"https:\\\/\\\/dentisteshop.lt\\\/en\\\/produktas\\\/miradent-xylitol-chewing-gum-mint-flavour\\\/#primaryimage\"},\"thumbnailUrl\":\"\\\/wp-content\\\/uploads\\\/2023\\\/04\\\/Miradent-Xylitol-kramtomoji-guma-HAGERWERKEN-metu-skonio-1-vnt-600x600-1-jpg.webp\",\"datePublished\":\"2023-04-04T09:11:59+00:00\",\"breadcrumb\":{\"@id\":\"https:\\\/\\\/dentisteshop.lt\\\/en\\\/produktas\\\/miradent-xylitol-chewing-gum-mint-flavour\\\/#breadcrumb\"},\"inLanguage\":\"en-US\",\"potentialAction\":[{\"@type\":\"ReadAction\",\"target\":[\"https:\\\/\\\/dentisteshop.lt\\\/en\\\/produktas\\\/miradent-xylitol-chewing-gum-mint-flavour\\\/\"]}]},{\"@type\":\"ImageObject\",\"inLanguage\":\"en-US\",\"@id\":\"https:\\\/\\\/dentisteshop.lt\\\/en\\\/produktas\\\/miradent-xylitol-chewing-gum-mint-flavour\\\/#primaryimage\",\"url\":\"\\\/wp-content\\\/uploads\\\/2023\\\/04\\\/Miradent-Xylitol-kramtomoji-guma-HAGERWERKEN-metu-skonio-1-vnt-600x600-1-jpg.webp\",\"contentUrl\":\"\\\/wp-content\\\/uploads\\\/2023\\\/04\\\/Miradent-Xylitol-kramtomoji-guma-HAGERWERKEN-metu-skonio-1-vnt-600x600-1-jpg.webp\",\"width\":600,\"height\":600},{\"@type\":\"BreadcrumbList\",\"@id\":\"https:\\\/\\\/dentisteshop.lt\\\/en\\\/produktas\\\/miradent-xylitol-chewing-gum-mint-flavour\\\/#breadcrumb\",\"itemListElement\":[{\"@type\":\"ListItem\",\"position\":1,\"name\":\"Home\",\"item\":\"https:\\\/\\\/dentisteshop.lt\\\/\"},{\"@type\":\"ListItem\",\"position\":2,\"name\":\"Shop\",\"item\":\"https:\\\/\\\/dentisteshop.lt\\\/en\\\/shop\\\/\"},{\"@type\":\"ListItem\",\"position\":3,\"name\":\"Miradent Xylitol chewing gum, mint flavour\"}]},{\"@type\":\"WebSite\",\"@id\":\"https:\\\/\\\/dentisteshop.lt\\\/#website\",\"url\":\"https:\\\/\\\/dentisteshop.lt\\\/\",\"name\":\"Dentiste\",\"description\":\"Burnos prie\u017ei\u016bros priemon\u0117s internetu\",\"publisher\":{\"@id\":\"https:\\\/\\\/dentisteshop.lt\\\/#organization\"},\"potentialAction\":[{\"@type\":\"SearchAction\",\"target\":{\"@type\":\"EntryPoint\",\"urlTemplate\":\"https:\\\/\\\/dentisteshop.lt\\\/?s={search_term_string}\"},\"query-input\":{\"@type\":\"PropertyValueSpecification\",\"valueRequired\":true,\"valueName\":\"search_term_string\"}}],\"inLanguage\":\"en-US\"},{\"@type\":\"Organization\",\"@id\":\"https:\\\/\\\/dentisteshop.lt\\\/#organization\",\"name\":\"Dentiste\",\"url\":\"https:\\\/\\\/dentisteshop.lt\\\/\",\"logo\":{\"@type\":\"ImageObject\",\"inLanguage\":\"en-US\",\"@id\":\"https:\\\/\\\/dentisteshop.lt\\\/#\\\/schema\\\/logo\\\/image\\\/\",\"url\":\"https:\\\/\\\/dentisteshop.lt\\\/wp-content\\\/uploads\\\/2022\\\/09\\\/New-Project-2.png\",\"contentUrl\":\"https:\\\/\\\/dentisteshop.lt\\\/wp-content\\\/uploads\\\/2022\\\/09\\\/New-Project-2.png\",\"width\":703,\"height\":134,\"caption\":\"Dentiste\"},\"image\":{\"@id\":\"https:\\\/\\\/dentisteshop.lt\\\/#\\\/schema\\\/logo\\\/image\\\/\"},\"sameAs\":[\"https:\\\/\\\/www.facebook.com\\\/DentisteLituanie\",\"https:\\\/\\\/www.instagram.com\\\/klinika_dentiste\\\/\"]}]}<\/script>\n<!-- \/ Yoast SEO plugin. -->","yoast_head_json":{"title":"Miradent Xylitol chewing gum, mint flavour - Dentiste","robots":{"index":"index","follow":"follow","max-snippet":"max-snippet:-1","max-image-preview":"max-image-preview:large","max-video-preview":"max-video-preview:-1"},"canonical":"https:\/\/dentisteshop.lt\/en\/produktas\/miradent-xylitol-chewing-gum-mint-flavour\/","og_locale":"en_US","og_type":"article","og_title":"Miradent Xylitol chewing gum, mint flavour - Dentiste","og_description":"Sugar-free chewing gum with xylitol. Benefits: &#8211; 100% sweetened with xylitol &#8211; free of aspartame and sorbitol &#8211; reduces the risk of tooth decay in children * &#8211; contributes to tooth mineralisation ** &#8211; reduces plaque * * 100% xylitol-sweetened gum has been shown to reduce plaque. Plaque build-up is a risk factor for the [&hellip;]","og_url":"https:\/\/dentisteshop.lt\/en\/produktas\/miradent-xylitol-chewing-gum-mint-flavour\/","og_site_name":"Dentiste","article_publisher":"https:\/\/www.facebook.com\/DentisteLituanie","og_image":[{"width":600,"height":600,"url":"https:\/\/dentisteshop.lt\/wp-content\/uploads\/2023\/04\/Miradent-Xylitol-kramtomoji-guma-HAGERWERKEN-metu-skonio-1-vnt-600x600-1-jpg.webp","type":"image\/jpeg"}],"twitter_card":"summary_large_image","twitter_misc":{"Est. reading time":"1 minute"},"schema":{"@context":"https:\/\/schema.org","@graph":[{"@type":"WebPage","@id":"https:\/\/dentisteshop.lt\/en\/produktas\/miradent-xylitol-chewing-gum-mint-flavour\/","url":"https:\/\/dentisteshop.lt\/en\/produktas\/miradent-xylitol-chewing-gum-mint-flavour\/","name":"Miradent Xylitol chewing gum, mint flavour - Dentiste","isPartOf":{"@id":"https:\/\/dentisteshop.lt\/#website"},"primaryImageOfPage":{"@id":"https:\/\/dentisteshop.lt\/en\/produktas\/miradent-xylitol-chewing-gum-mint-flavour\/#primaryimage"},"image":{"@id":"https:\/\/dentisteshop.lt\/en\/produktas\/miradent-xylitol-chewing-gum-mint-flavour\/#primaryimage"},"thumbnailUrl":"\/wp-content\/uploads\/2023\/04\/Miradent-Xylitol-kramtomoji-guma-HAGERWERKEN-metu-skonio-1-vnt-600x600-1-jpg.webp","datePublished":"2023-04-04T09:11:59+00:00","breadcrumb":{"@id":"https:\/\/dentisteshop.lt\/en\/produktas\/miradent-xylitol-chewing-gum-mint-flavour\/#breadcrumb"},"inLanguage":"en-US","potentialAction":[{"@type":"ReadAction","target":["https:\/\/dentisteshop.lt\/en\/produktas\/miradent-xylitol-chewing-gum-mint-flavour\/"]}]},{"@type":"ImageObject","inLanguage":"en-US","@id":"https:\/\/dentisteshop.lt\/en\/produktas\/miradent-xylitol-chewing-gum-mint-flavour\/#primaryimage","url":"\/wp-content\/uploads\/2023\/04\/Miradent-Xylitol-kramtomoji-guma-HAGERWERKEN-metu-skonio-1-vnt-600x600-1-jpg.webp","contentUrl":"\/wp-content\/uploads\/2023\/04\/Miradent-Xylitol-kramtomoji-guma-HAGERWERKEN-metu-skonio-1-vnt-600x600-1-jpg.webp","width":600,"height":600},{"@type":"BreadcrumbList","@id":"https:\/\/dentisteshop.lt\/en\/produktas\/miradent-xylitol-chewing-gum-mint-flavour\/#breadcrumb","itemListElement":[{"@type":"ListItem","position":1,"name":"Home","item":"https:\/\/dentisteshop.lt\/"},{"@type":"ListItem","position":2,"name":"Shop","item":"https:\/\/dentisteshop.lt\/en\/shop\/"},{"@type":"ListItem","position":3,"name":"Miradent Xylitol chewing gum, mint flavour"}]},{"@type":"WebSite","@id":"https:\/\/dentisteshop.lt\/#website","url":"https:\/\/dentisteshop.lt\/","name":"Dentiste","description":"Burnos prie\u017ei\u016bros priemon\u0117s internetu","publisher":{"@id":"https:\/\/dentisteshop.lt\/#organization"},"potentialAction":[{"@type":"SearchAction","target":{"@type":"EntryPoint","urlTemplate":"https:\/\/dentisteshop.lt\/?s={search_term_string}"},"query-input":{"@type":"PropertyValueSpecification","valueRequired":true,"valueName":"search_term_string"}}],"inLanguage":"en-US"},{"@type":"Organization","@id":"https:\/\/dentisteshop.lt\/#organization","name":"Dentiste","url":"https:\/\/dentisteshop.lt\/","logo":{"@type":"ImageObject","inLanguage":"en-US","@id":"https:\/\/dentisteshop.lt\/#\/schema\/logo\/image\/","url":"https:\/\/dentisteshop.lt\/wp-content\/uploads\/2022\/09\/New-Project-2.png","contentUrl":"https:\/\/dentisteshop.lt\/wp-content\/uploads\/2022\/09\/New-Project-2.png","width":703,"height":134,"caption":"Dentiste"},"image":{"@id":"https:\/\/dentisteshop.lt\/#\/schema\/logo\/image\/"},"sameAs":["https:\/\/www.facebook.com\/DentisteLituanie","https:\/\/www.instagram.com\/klinika_dentiste\/"]}]}},"_links":{"self":[{"href":"https:\/\/dentisteshop.lt\/en\/wp-json\/wp\/v2\/product\/11128","targetHints":{"allow":["GET"]}}],"collection":[{"href":"https:\/\/dentisteshop.lt\/en\/wp-json\/wp\/v2\/product"}],"about":[{"href":"https:\/\/dentisteshop.lt\/en\/wp-json\/wp\/v2\/types\/product"}],"wp:featuredmedia":[{"embeddable":true,"href":"https:\/\/dentisteshop.lt\/en\/wp-json\/wp\/v2\/media\/9552"}],"wp:attachment":[{"href":"https:\/\/dentisteshop.lt\/en\/wp-json\/wp\/v2\/media?parent=11128"}],"wp:term":[{"taxonomy":"product_brand","embeddable":true,"href":"https:\/\/dentisteshop.lt\/en\/wp-json\/wp\/v2\/product_brand?post=11128"},{"taxonomy":"product_cat","embeddable":true,"href":"https:\/\/dentisteshop.lt\/en\/wp-json\/wp\/v2\/product_cat?post=11128"},{"taxonomy":"product_tag","embeddable":true,"href":"https:\/\/dentisteshop.lt\/en\/wp-json\/wp\/v2\/product_tag?post=11128"}],"curies":[{"name":"wp","href":"https:\/\/api.w.org\/{rel}","templated":true}]}}