{"id":11125,"date":"2023-04-04T08:59:59","date_gmt":"2023-04-04T06:59:59","guid":{"rendered":"https:\/\/dentisteshop.lt\/produktas\/miradent-xylitol-lozenges-with-xylitol-cherry-flavour\/"},"modified":"2023-04-04T08:59:59","modified_gmt":"2023-04-04T06:59:59","slug":"miradent-xylitol-lozenges-with-xylitol-cherry-flavour","status":"publish","type":"product","link":"https:\/\/dentisteshop.lt\/en\/produktas\/miradent-xylitol-lozenges-with-xylitol-cherry-flavour\/","title":{"rendered":"Miradent Xylitol lozenges with xylitol, cherry flavour"},"content":{"rendered":"<p>Tooth-friendly lozenges with 100% natural xylitol &#8211; sugar-free<\/p>\n<p>&#8211; Fights cavities and plaque, remineralises teeth<br \/>\n&#8211; Stimulates saliva production (suitable for xerostomia)<br \/>\n&#8211; Aspartame, sorbitol, lactose and gluten-free<br \/>\n&#8211; Suitable for diabetics<br \/>\n&#8211; Cooling and refreshing taste<\/p>\n<p>Manufacturer: Hager &amp; Werken GmbH &amp; Co. KG, Germany<\/p>\n<p>&nbsp;<\/p>\n","protected":false},"excerpt":{"rendered":"<p>Tooth-friendly lozenges with 100% natural xylitol &#8211; sugar-free &#8211; Fights cavities and plaque, remineralises teeth &#8211; Stimulates saliva production (suitable for xerostomia) &#8211; Aspartame, sorbitol, lactose and gluten-free &#8211; Suitable for diabetics &#8211; Cooling and refreshing taste Manufacturer: Hager &amp; Werken GmbH &amp; Co. KG, Germany &nbsp;<\/p>\n","protected":false},"featured_media":9546,"template":"","meta":{"inline_featured_image":false},"product_brand":[],"product_cat":[189],"product_tag":[],"class_list":{"0":"post-11125","1":"product","2":"type-product","3":"status-publish","4":"has-post-thumbnail","6":"product_cat-probiotics","8":"first","9":"instock","10":"shipping-taxable","11":"purchasable","12":"product-type-simple"},"yoast_head":"<!-- This site is optimized with the Yoast SEO plugin v27.4 - https:\/\/yoast.com\/product\/yoast-seo-wordpress\/ -->\n<title>Miradent Xylitol lozenges with xylitol, cherry flavour - Dentiste<\/title>\n<meta name=\"robots\" content=\"index, follow, max-snippet:-1, max-image-preview:large, max-video-preview:-1\" \/>\n<link rel=\"canonical\" href=\"https:\/\/dentisteshop.lt\/en\/produktas\/miradent-xylitol-lozenges-with-xylitol-cherry-flavour\/\" \/>\n<meta property=\"og:locale\" content=\"en_US\" \/>\n<meta property=\"og:type\" content=\"article\" \/>\n<meta property=\"og:title\" content=\"Miradent Xylitol lozenges with xylitol, cherry flavour - Dentiste\" \/>\n<meta property=\"og:description\" content=\"Tooth-friendly lozenges with 100% natural xylitol &#8211; sugar-free &#8211; Fights cavities and plaque, remineralises teeth &#8211; Stimulates saliva production (suitable for xerostomia) &#8211; Aspartame, sorbitol, lactose and gluten-free &#8211; Suitable for diabetics &#8211; Cooling and refreshing taste Manufacturer: Hager &amp; Werken GmbH &amp; Co. KG, Germany &nbsp;\" \/>\n<meta property=\"og:url\" content=\"https:\/\/dentisteshop.lt\/en\/produktas\/miradent-xylitol-lozenges-with-xylitol-cherry-flavour\/\" \/>\n<meta property=\"og:site_name\" content=\"Dentiste\" \/>\n<meta property=\"article:publisher\" content=\"https:\/\/www.facebook.com\/DentisteLituanie\" \/>\n<meta property=\"og:image\" content=\"https:\/\/dentisteshop.lt\/wp-content\/uploads\/2023\/04\/Pastiles-su-ksilitoliu-HAGERWERKEN-vysniu-skonio-26-vnt-jpg.webp\" \/>\n\t<meta property=\"og:image:width\" content=\"1020\" \/>\n\t<meta property=\"og:image:height\" content=\"1020\" \/>\n\t<meta property=\"og:image:type\" content=\"image\/jpeg\" \/>\n<meta name=\"twitter:card\" content=\"summary_large_image\" \/>\n<script type=\"application\/ld+json\" class=\"yoast-schema-graph\">{\"@context\":\"https:\\\/\\\/schema.org\",\"@graph\":[{\"@type\":\"WebPage\",\"@id\":\"https:\\\/\\\/dentisteshop.lt\\\/en\\\/produktas\\\/miradent-xylitol-lozenges-with-xylitol-cherry-flavour\\\/\",\"url\":\"https:\\\/\\\/dentisteshop.lt\\\/en\\\/produktas\\\/miradent-xylitol-lozenges-with-xylitol-cherry-flavour\\\/\",\"name\":\"Miradent Xylitol lozenges with xylitol, cherry flavour - Dentiste\",\"isPartOf\":{\"@id\":\"https:\\\/\\\/dentisteshop.lt\\\/#website\"},\"primaryImageOfPage\":{\"@id\":\"https:\\\/\\\/dentisteshop.lt\\\/en\\\/produktas\\\/miradent-xylitol-lozenges-with-xylitol-cherry-flavour\\\/#primaryimage\"},\"image\":{\"@id\":\"https:\\\/\\\/dentisteshop.lt\\\/en\\\/produktas\\\/miradent-xylitol-lozenges-with-xylitol-cherry-flavour\\\/#primaryimage\"},\"thumbnailUrl\":\"\\\/wp-content\\\/uploads\\\/2023\\\/04\\\/Pastiles-su-ksilitoliu-HAGERWERKEN-vysniu-skonio-26-vnt-jpg.webp\",\"datePublished\":\"2023-04-04T06:59:59+00:00\",\"breadcrumb\":{\"@id\":\"https:\\\/\\\/dentisteshop.lt\\\/en\\\/produktas\\\/miradent-xylitol-lozenges-with-xylitol-cherry-flavour\\\/#breadcrumb\"},\"inLanguage\":\"en-US\",\"potentialAction\":[{\"@type\":\"ReadAction\",\"target\":[\"https:\\\/\\\/dentisteshop.lt\\\/en\\\/produktas\\\/miradent-xylitol-lozenges-with-xylitol-cherry-flavour\\\/\"]}]},{\"@type\":\"ImageObject\",\"inLanguage\":\"en-US\",\"@id\":\"https:\\\/\\\/dentisteshop.lt\\\/en\\\/produktas\\\/miradent-xylitol-lozenges-with-xylitol-cherry-flavour\\\/#primaryimage\",\"url\":\"\\\/wp-content\\\/uploads\\\/2023\\\/04\\\/Pastiles-su-ksilitoliu-HAGERWERKEN-vysniu-skonio-26-vnt-jpg.webp\",\"contentUrl\":\"\\\/wp-content\\\/uploads\\\/2023\\\/04\\\/Pastiles-su-ksilitoliu-HAGERWERKEN-vysniu-skonio-26-vnt-jpg.webp\",\"width\":1020,\"height\":1020},{\"@type\":\"BreadcrumbList\",\"@id\":\"https:\\\/\\\/dentisteshop.lt\\\/en\\\/produktas\\\/miradent-xylitol-lozenges-with-xylitol-cherry-flavour\\\/#breadcrumb\",\"itemListElement\":[{\"@type\":\"ListItem\",\"position\":1,\"name\":\"Home\",\"item\":\"https:\\\/\\\/dentisteshop.lt\\\/\"},{\"@type\":\"ListItem\",\"position\":2,\"name\":\"Shop\",\"item\":\"https:\\\/\\\/dentisteshop.lt\\\/en\\\/shop\\\/\"},{\"@type\":\"ListItem\",\"position\":3,\"name\":\"Miradent Xylitol lozenges with xylitol, cherry flavour\"}]},{\"@type\":\"WebSite\",\"@id\":\"https:\\\/\\\/dentisteshop.lt\\\/#website\",\"url\":\"https:\\\/\\\/dentisteshop.lt\\\/\",\"name\":\"Dentiste\",\"description\":\"Burnos prie\u017ei\u016bros priemon\u0117s internetu\",\"publisher\":{\"@id\":\"https:\\\/\\\/dentisteshop.lt\\\/#organization\"},\"potentialAction\":[{\"@type\":\"SearchAction\",\"target\":{\"@type\":\"EntryPoint\",\"urlTemplate\":\"https:\\\/\\\/dentisteshop.lt\\\/?s={search_term_string}\"},\"query-input\":{\"@type\":\"PropertyValueSpecification\",\"valueRequired\":true,\"valueName\":\"search_term_string\"}}],\"inLanguage\":\"en-US\"},{\"@type\":\"Organization\",\"@id\":\"https:\\\/\\\/dentisteshop.lt\\\/#organization\",\"name\":\"Dentiste\",\"url\":\"https:\\\/\\\/dentisteshop.lt\\\/\",\"logo\":{\"@type\":\"ImageObject\",\"inLanguage\":\"en-US\",\"@id\":\"https:\\\/\\\/dentisteshop.lt\\\/#\\\/schema\\\/logo\\\/image\\\/\",\"url\":\"https:\\\/\\\/dentisteshop.lt\\\/wp-content\\\/uploads\\\/2022\\\/09\\\/New-Project-2.png\",\"contentUrl\":\"https:\\\/\\\/dentisteshop.lt\\\/wp-content\\\/uploads\\\/2022\\\/09\\\/New-Project-2.png\",\"width\":703,\"height\":134,\"caption\":\"Dentiste\"},\"image\":{\"@id\":\"https:\\\/\\\/dentisteshop.lt\\\/#\\\/schema\\\/logo\\\/image\\\/\"},\"sameAs\":[\"https:\\\/\\\/www.facebook.com\\\/DentisteLituanie\",\"https:\\\/\\\/www.instagram.com\\\/klinika_dentiste\\\/\"]}]}<\/script>\n<!-- \/ Yoast SEO plugin. -->","yoast_head_json":{"title":"Miradent Xylitol lozenges with xylitol, cherry flavour - Dentiste","robots":{"index":"index","follow":"follow","max-snippet":"max-snippet:-1","max-image-preview":"max-image-preview:large","max-video-preview":"max-video-preview:-1"},"canonical":"https:\/\/dentisteshop.lt\/en\/produktas\/miradent-xylitol-lozenges-with-xylitol-cherry-flavour\/","og_locale":"en_US","og_type":"article","og_title":"Miradent Xylitol lozenges with xylitol, cherry flavour - Dentiste","og_description":"Tooth-friendly lozenges with 100% natural xylitol &#8211; sugar-free &#8211; Fights cavities and plaque, remineralises teeth &#8211; Stimulates saliva production (suitable for xerostomia) &#8211; Aspartame, sorbitol, lactose and gluten-free &#8211; Suitable for diabetics &#8211; Cooling and refreshing taste Manufacturer: Hager &amp; Werken GmbH &amp; Co. KG, Germany &nbsp;","og_url":"https:\/\/dentisteshop.lt\/en\/produktas\/miradent-xylitol-lozenges-with-xylitol-cherry-flavour\/","og_site_name":"Dentiste","article_publisher":"https:\/\/www.facebook.com\/DentisteLituanie","og_image":[{"width":1020,"height":1020,"url":"https:\/\/dentisteshop.lt\/wp-content\/uploads\/2023\/04\/Pastiles-su-ksilitoliu-HAGERWERKEN-vysniu-skonio-26-vnt-jpg.webp","type":"image\/jpeg"}],"twitter_card":"summary_large_image","schema":{"@context":"https:\/\/schema.org","@graph":[{"@type":"WebPage","@id":"https:\/\/dentisteshop.lt\/en\/produktas\/miradent-xylitol-lozenges-with-xylitol-cherry-flavour\/","url":"https:\/\/dentisteshop.lt\/en\/produktas\/miradent-xylitol-lozenges-with-xylitol-cherry-flavour\/","name":"Miradent Xylitol lozenges with xylitol, cherry flavour - Dentiste","isPartOf":{"@id":"https:\/\/dentisteshop.lt\/#website"},"primaryImageOfPage":{"@id":"https:\/\/dentisteshop.lt\/en\/produktas\/miradent-xylitol-lozenges-with-xylitol-cherry-flavour\/#primaryimage"},"image":{"@id":"https:\/\/dentisteshop.lt\/en\/produktas\/miradent-xylitol-lozenges-with-xylitol-cherry-flavour\/#primaryimage"},"thumbnailUrl":"\/wp-content\/uploads\/2023\/04\/Pastiles-su-ksilitoliu-HAGERWERKEN-vysniu-skonio-26-vnt-jpg.webp","datePublished":"2023-04-04T06:59:59+00:00","breadcrumb":{"@id":"https:\/\/dentisteshop.lt\/en\/produktas\/miradent-xylitol-lozenges-with-xylitol-cherry-flavour\/#breadcrumb"},"inLanguage":"en-US","potentialAction":[{"@type":"ReadAction","target":["https:\/\/dentisteshop.lt\/en\/produktas\/miradent-xylitol-lozenges-with-xylitol-cherry-flavour\/"]}]},{"@type":"ImageObject","inLanguage":"en-US","@id":"https:\/\/dentisteshop.lt\/en\/produktas\/miradent-xylitol-lozenges-with-xylitol-cherry-flavour\/#primaryimage","url":"\/wp-content\/uploads\/2023\/04\/Pastiles-su-ksilitoliu-HAGERWERKEN-vysniu-skonio-26-vnt-jpg.webp","contentUrl":"\/wp-content\/uploads\/2023\/04\/Pastiles-su-ksilitoliu-HAGERWERKEN-vysniu-skonio-26-vnt-jpg.webp","width":1020,"height":1020},{"@type":"BreadcrumbList","@id":"https:\/\/dentisteshop.lt\/en\/produktas\/miradent-xylitol-lozenges-with-xylitol-cherry-flavour\/#breadcrumb","itemListElement":[{"@type":"ListItem","position":1,"name":"Home","item":"https:\/\/dentisteshop.lt\/"},{"@type":"ListItem","position":2,"name":"Shop","item":"https:\/\/dentisteshop.lt\/en\/shop\/"},{"@type":"ListItem","position":3,"name":"Miradent Xylitol lozenges with xylitol, cherry flavour"}]},{"@type":"WebSite","@id":"https:\/\/dentisteshop.lt\/#website","url":"https:\/\/dentisteshop.lt\/","name":"Dentiste","description":"Burnos prie\u017ei\u016bros priemon\u0117s internetu","publisher":{"@id":"https:\/\/dentisteshop.lt\/#organization"},"potentialAction":[{"@type":"SearchAction","target":{"@type":"EntryPoint","urlTemplate":"https:\/\/dentisteshop.lt\/?s={search_term_string}"},"query-input":{"@type":"PropertyValueSpecification","valueRequired":true,"valueName":"search_term_string"}}],"inLanguage":"en-US"},{"@type":"Organization","@id":"https:\/\/dentisteshop.lt\/#organization","name":"Dentiste","url":"https:\/\/dentisteshop.lt\/","logo":{"@type":"ImageObject","inLanguage":"en-US","@id":"https:\/\/dentisteshop.lt\/#\/schema\/logo\/image\/","url":"https:\/\/dentisteshop.lt\/wp-content\/uploads\/2022\/09\/New-Project-2.png","contentUrl":"https:\/\/dentisteshop.lt\/wp-content\/uploads\/2022\/09\/New-Project-2.png","width":703,"height":134,"caption":"Dentiste"},"image":{"@id":"https:\/\/dentisteshop.lt\/#\/schema\/logo\/image\/"},"sameAs":["https:\/\/www.facebook.com\/DentisteLituanie","https:\/\/www.instagram.com\/klinika_dentiste\/"]}]}},"_links":{"self":[{"href":"https:\/\/dentisteshop.lt\/en\/wp-json\/wp\/v2\/product\/11125","targetHints":{"allow":["GET"]}}],"collection":[{"href":"https:\/\/dentisteshop.lt\/en\/wp-json\/wp\/v2\/product"}],"about":[{"href":"https:\/\/dentisteshop.lt\/en\/wp-json\/wp\/v2\/types\/product"}],"wp:featuredmedia":[{"embeddable":true,"href":"https:\/\/dentisteshop.lt\/en\/wp-json\/wp\/v2\/media\/9546"}],"wp:attachment":[{"href":"https:\/\/dentisteshop.lt\/en\/wp-json\/wp\/v2\/media?parent=11125"}],"wp:term":[{"taxonomy":"product_brand","embeddable":true,"href":"https:\/\/dentisteshop.lt\/en\/wp-json\/wp\/v2\/product_brand?post=11125"},{"taxonomy":"product_cat","embeddable":true,"href":"https:\/\/dentisteshop.lt\/en\/wp-json\/wp\/v2\/product_cat?post=11125"},{"taxonomy":"product_tag","embeddable":true,"href":"https:\/\/dentisteshop.lt\/en\/wp-json\/wp\/v2\/product_tag?post=11125"}],"curies":[{"name":"wp","href":"https:\/\/api.w.org\/{rel}","templated":true}]}}